{"id":16,"date":"2022-08-22T15:03:11","date_gmt":"2022-08-22T15:03:11","guid":{"rendered":"http:\/\/202.182.115.122:8999\/?page_id=16"},"modified":"2026-04-16T10:29:33","modified_gmt":"2026-04-16T03:29:33","slug":"introduction","status":"publish","type":"page","link":"https:\/\/vintec.com.vn\/vi\/introduction\/","title":{"rendered":"Gi\u1edbi thi\u1ec7u c\u00f4ng ty"},"content":{"rendered":"<h4><div class=\"row\"  id=\"row-1814005158\"><\/h4>\n<h4>\n\t<div id=\"col-1106827929\" class=\"col small-12 large-12\"  >\n\t\t\t\t<div class=\"col-inner\"  >\n\t\t\t\n\t\t\t<\/h4>\n<h4><span style=\"color: #ee2c23;\"><strong>Gi\u1edbi thi\u1ec7u c\u00f4ng ty<\/strong><\/span><\/h4>\n\t\t<\/div>\n\t\t\t\t\t<\/div>\n\n\t\n<\/div>\n<div class=\"row\"  id=\"row-328163873\">\n\n\t<div id=\"col-1586139545\" class=\"col medium-6 small-12 large-6\"  >\n\t\t\t\t<div class=\"col-inner\"  >\n\t\t\t\n\t\t\t\n\t<div class=\"img has-hover x md-x lg-x y md-y lg-y\" id=\"image_2041018695\">\n\t\t\t\t\t\t\t\t<div class=\"img-inner image-cover dark\" style=\"padding-top:120%;\">\n\t\t\t<img loading=\"lazy\" decoding=\"async\" width=\"696\" height=\"464\" src=\"https:\/\/vintec.com.vn\/wp-content\/uploads\/2022\/10\/introduction.jpg\" class=\"attachment-original size-original\" alt=\"\" srcset=\"https:\/\/vintec.com.vn\/wp-content\/uploads\/2022\/10\/introduction.jpg 696w, https:\/\/vintec.com.vn\/wp-content\/uploads\/2022\/10\/introduction-18x12.jpg 18w\" sizes=\"auto, (max-width: 696px) 100vw, 696px\" \/>\t\t\t\t\t\t\n\t\t\t\t\t<\/div>\n\t\t\t\t\t\t\t\t\n<style>\n#image_2041018695 {\n  width: 100%;\n}\n<\/style>\n\t<\/div>\n\t\n\t\t<\/div>\n\t\t\t\t\t<\/div>\n\n\t\n\n\t<div id=\"col-675614038\" class=\"col medium-6 small-12 large-6\"  >\n\t\t\t\t<div class=\"col-inner\"  >\n\t\t\t\n\t\t\t\n<p><span style=\"font-family: Arial, Helvetica, sans-serif;\">Ch\u00e0o m\u1eebng Qu\u00fd kh\u00e1ch \u0111\u00e3 gh\u00e9 th\u0103m trang web c\u1ee7a C\u00f4ng ty ch\u00fang t\u00f4i !<\/span><\/p>\n<p><span style=\"font-family: Arial, Helvetica, sans-serif;\">Ch\u00fang t\u00f4i xin g\u1eedi l\u1eddi c\u1ea3m \u01a1n ch\u00e2n th\u00e0nh t\u1edbi Qu\u00fd kh\u00e1ch h\u00e0ng v\u00e0 \u0111\u1ed1i t\u00e1c \u0111\u00e3 \u1ee7ng h\u1ed9 v\u00e0 tin t\u01b0\u1edfng v\u00e0o c\u00e1c s\u1ea3n ph\u1ea9m v\u00e0 d\u1ecbch v\u1ee5 do Vintec cung c\u1ea5p trong su\u1ed1t th\u1eddi gian qua.<\/span><\/p>\n<p><span style=\"font-family: Arial, Helvetica, sans-serif;\">C\u00f4ng ty C\u1ed5 ph\u1ea7n Th\u01b0\u01a1ng M\u1ea1i v\u00e0 K\u1ef9 Thu\u1eadt VINTEC l\u00e0 n\u01a1i h\u1ed9i t\u1ee5 s\u1ee9c m\u1ea1nh, kinh nghi\u1ec7m v\u00e0 uy t\u00edn c\u1ee7a c\u00e1c chuy\u00ean gia k\u1ef9 thu\u1eadt \u0111\u00e3 c\u00f3 nhi\u1ec1u n\u0103m kinh nghi\u1ec7m trong c\u00e1c l\u0129nh v\u1ef1c qu\u1ea3n l\u00fd gi\u00e1m s\u00e1t d\u1ef1 \u00e1n, t\u01b0 v\u1ea5n k\u1ef9 thu\u1eadt, thi\u1ebft k\u1ebf c\u01a1-\u0111i\u1ec7n, t\u00edch h\u1ee3p h\u1ec7 th\u1ed1ng \u0111o l\u01b0\u1eddng t\u1ef1 \u0111\u1ed9ng h\u00f3a trong c\u00e1c ngh\u00e0nh c\u00f4ng nghi\u1ec7p Nhi\u1ec7t \u0111i\u1ec7n, c\u00f4ng nghi\u1ec7p D\u1ea7u kh\u00ed, Ho\u00e1 ch\u1ea5t, Khai m\u1ecf &amp; tuy\u1ec3n qu\u1eb7ng...<\/span><\/p>\n<p><span style=\"font-family: Arial, Helvetica, sans-serif;\">Ch\u00fang t\u00f4i hi\u1ec7n \u0111ang l\u00e0 \u0111\u1ea1i di\u1ec7n ch\u00ednh th\u1ee9c v\u00e0 \u0111\u1ed1i t\u00e1c \u1ee7y quy\u1ec1n t\u1ea1i Vi\u1ec7t Nam t\u1eeb c\u00e1c th\u01b0\u01a1ng hi\u1ec7u h\u00e0ng \u0111\u1ea7u th\u1ebf gi\u1edbi nh\u01b0 FCI (M\u1ef9), SmartMeasurement (M\u1ef9), Setnag (Ph\u00e1p), FLS\/ Krebs (\u00dac),  ICEM (H\u00e0n Qu\u1ed1c), Krohne (\u0110\u1ee9c),...<\/span><\/p>\n<p><strong>C\u00e1c s\u1ea3n ph\u1ea9m ch\u00ednh:<\/strong><\/p>\n<ul>\n<li>Gi\u1ea3i ph\u00e1p cho nh\u00e0 m\u00e1y nhi\u1ec7t \u0111i\u1ec7n \u0111\u1ed1t than, bao g\u1ed3m:\n<ul>\n<li>Gi\u1ea3i ph\u00e1p \u0111o l\u01b0u l\u01b0\u1ee3ng kh\u00f3i gi\u00f3 l\u00f2 h\u01a1i<\/li>\n<li>Thi\u1ebft b\u1ecb \u0111o oxy d\u01b0 trong kh\u00f3i<\/li>\n<li>H\u1ec7 th\u1ed1ng gi\u00e1m s\u00e1t nhi\u1ec7t \u0111\u1ed9 sil\u00f4 than, van c\u00e2n b\u1eb1ng l\u01b0u l\u01b0\u1ee3ng than, gi\u00e1m s\u00e1t b\u00e1o ch\u00e1y m\u00e1y nghi\u1ec1n than,...<\/li>\n<\/ul>\n<\/li>\n<li>Thi\u1ebft b\u1ecb \u0111o l\u01b0\u1eddng (L\u01b0u l\u01b0\u1ee3ng, m\u1ee9c, \u00e1p su\u1ea5t,\u2026)<\/li>\n<li>Thi\u1ebft b\u1ecb \u0111o l\u01b0u l\u01b0\u1ee3ng (kh\u00ed, gas, h\u01a1i v\u00e0 n\u01b0\u1edbc)<\/li>\n<li>Van \u0111i\u1ec1u ch\u1ec9nh phun gi\u1ea3m \u00f4n\/ n\u01b0\u1edbc c\u1ea5p, van an to\u00e0n cho nhi\u1ec7t \u0111i\u1ec7n<\/li>\n<li>B\u01a1m b\u00f9n qu\u1eb7ng, b\u01a1m b\u00f9n x\u1ec9\/ van b\u00f9n qu\u1eb7ng cho ng\u00e0nh khai m\u1ecf, nhi\u1ec7t \u0111i\u1ec7n.<\/li>\n<\/ul>\n\t\t<\/div>\n\t\t\t\t\t<\/div>\n\n\t\n<\/div><\/h4>","protected":false},"excerpt":{"rendered":"","protected":false},"author":1,"featured_media":0,"parent":0,"menu_order":0,"comment_status":"closed","ping_status":"closed","template":"","meta":{"_monsterinsights_skip_tracking":false,"_monsterinsights_sitenote_active":false,"_monsterinsights_sitenote_note":"","_monsterinsights_sitenote_category":0,"footnotes":""},"class_list":["post-16","page","type-page","status-publish","hentry"],"aioseo_notices":[],"_links":{"self":[{"href":"https:\/\/vintec.com.vn\/vi\/wp-json\/wp\/v2\/pages\/16","targetHints":{"allow":["GET"]}}],"collection":[{"href":"https:\/\/vintec.com.vn\/vi\/wp-json\/wp\/v2\/pages"}],"about":[{"href":"https:\/\/vintec.com.vn\/vi\/wp-json\/wp\/v2\/types\/page"}],"author":[{"embeddable":true,"href":"https:\/\/vintec.com.vn\/vi\/wp-json\/wp\/v2\/users\/1"}],"replies":[{"embeddable":true,"href":"https:\/\/vintec.com.vn\/vi\/wp-json\/wp\/v2\/comments?post=16"}],"version-history":[{"count":14,"href":"https:\/\/vintec.com.vn\/vi\/wp-json\/wp\/v2\/pages\/16\/revisions"}],"predecessor-version":[{"id":7349,"href":"https:\/\/vintec.com.vn\/vi\/wp-json\/wp\/v2\/pages\/16\/revisions\/7349"}],"wp:attachment":[{"href":"https:\/\/vintec.com.vn\/vi\/wp-json\/wp\/v2\/media?parent=16"}],"curies":[{"name":"wp","href":"https:\/\/api.w.org\/{rel}","templated":true}]}}