{"id":32,"date":"2022-08-23T14:24:47","date_gmt":"2022-08-23T14:24:47","guid":{"rendered":"http:\/\/202.182.115.122:8999\/?page_id=32"},"modified":"2025-08-01T16:06:30","modified_gmt":"2025-08-01T16:06:30","slug":"our-customers","status":"publish","type":"page","link":"https:\/\/vintec.com.vn\/vi\/our-customers\/","title":{"rendered":"Our Customers"},"content":{"rendered":"<section class=\"section\" id=\"section_1933468908\">\n\t\t<div class=\"section-bg fill\" >\n\t\t\t<img decoding=\"async\" src=\"http:\/\/rgb(255,%20255,%20255)\" class=\"bg\" alt=\"\" \/>\t\t\t\t\t\t\n\t\t\t\n\n\t\t<\/div>\n\n\t\t\n\n\t\t<div class=\"section-content relative\">\n\t\t\t\n<div class=\"row\"  id=\"row-202393377\">\n\n\t<div id=\"col-614385622\" class=\"col large-12\"  >\n\t\t\t\t<div class=\"col-inner\"  >\n\t\t\t\n\t\t\t\n<h4 style=\"text-align: center;\"><span style=\"color: #ff0000;\"><strong>Kh\u00e1ch h\u00e0ng<\/strong><\/span><\/h4>\n\t\t<\/div>\n\t\t\t\t\t<\/div>\n\n\t\n<\/div>\n<div class=\"row\"  id=\"row-377493192\">\n\n\t<div id=\"col-1270000081\" class=\"col medium-6 small-12 large-6\"  >\n\t\t\t\t<div class=\"col-inner\"  >\n\t\t\t\n\t\t\t\n<p><img decoding=\"async\" src=\"https:\/\/vintec.com.vn\/wp-content\/uploads\/2022\/08\/1-997x470.png\" alt=\"\" \/><\/p>\n<h5><strong>N\u0103ng l\u01b0\u1ee3ng v\u00e0 Nh\u00e0 m\u00e1y \u0111i\u1ec7n<\/strong><\/h5>\n\t\t<\/div>\n\t\t\t\t\t<\/div>\n\n\t\n\n\t<div id=\"col-508606815\" class=\"col medium-6 small-12 large-6\"  >\n\t\t\t\t<div class=\"col-inner\"  >\n\t\t\t\n\t\t\t\n<p><img decoding=\"async\" src=\"https:\/\/vintec.com.vn\/wp-content\/uploads\/2022\/08\/2-675x470.png\" alt=\"\u0111o luu luong\" \/><\/p>\n<h5><strong>Nh\u00e0 m\u00e1y \u0111i\u1ec7n r\u00e1c (WTE)<\/strong><\/h5>\n\t\t<\/div>\n\t\t\t\t\t<\/div>\n\n\t\n<\/div>\n<div class=\"row\"  id=\"row-458508216\">\n\n\t<div id=\"col-1390489344\" class=\"col medium-6 small-12 large-6\"  >\n\t\t\t\t<div class=\"col-inner\"  >\n\t\t\t\n\t\t\t\n<p><img decoding=\"async\" src=\"https:\/\/vintec.com.vn\/wp-content\/uploads\/2022\/08\/3-1.png\" alt=\"\" \/><\/p>\n<h5><strong>D\u1ea7u kh\u00ed v\u00e0 nh\u00e0 m\u00e1y l\u1ecdc d\u1ea7u<\/strong><\/h5>\n\t\t<\/div>\n\t\t\t\t\t<\/div>\n\n\t\n\n\t<div id=\"col-1784981852\" class=\"col medium-6 small-12 large-6\"  >\n\t\t\t\t<div class=\"col-inner\"  >\n\t\t\t\n\t\t\t\n<p><img decoding=\"async\" src=\"https:\/\/vintec.com.vn\/wp-content\/uploads\/2022\/08\/4-1.png\" alt=\"\" \/><\/p>\n<h5><strong>C\u00f4ng nghi\u1ec7p b\u00e1n d\u1eabn v\u00e0 ch\u1ebf t\u1ea1o<\/strong><\/h5>\n\t\t<\/div>\n\t\t\t\t\t<\/div>\n\n\t\n<\/div>\n<div class=\"row\"  id=\"row-1125390958\">\n\n\t<div id=\"col-1542913243\" class=\"col medium-6 small-12 large-6\"  >\n\t\t\t\t<div class=\"col-inner\"  >\n\t\t\t\n\t\t\t\n<p><img decoding=\"async\" src=\"https:\/\/vintec.com.vn\/wp-content\/uploads\/2022\/09\/5.png\" alt=\"\" \/><\/p>\n<h5><strong>Khai m\u1ecf v\u00e0 tuy\u1ec3n qu\u1eb7ng<\/strong><\/h5>\n\t\t<\/div>\n\t\t\t\t\t<\/div>\n\n\t\n\n\t<div id=\"col-1055226018\" class=\"col medium-6 small-12 large-6\"  >\n\t\t\t\t<div class=\"col-inner\"  >\n\t\t\t\n\t\t\t\n<p><img decoding=\"async\" src=\"https:\/\/vintec.com.vn\/wp-content\/uploads\/2022\/09\/6.png\" alt=\"\" \/><\/p>\n<h5><strong>Th\u1ef1c ph\u1ea9m v\u00e0 \u0111\u1ed3 u\u1ed1ng<\/strong><\/h5>\n\t\t<\/div>\n\t\t\t\t\t<\/div>\n\n\t\n<\/div>\n<div class=\"row\"  id=\"row-242653235\">\n\n\t<div id=\"col-261083575\" class=\"col medium-6 small-12 large-6\"  >\n\t\t\t\t<div class=\"col-inner\"  >\n\t\t\t\n\t\t\t\n<p><img decoding=\"async\" src=\"https:\/\/vintec.com.vn\/wp-content\/uploads\/2022\/09\/7.png\" alt=\"\" \/><\/p>\n<h5><strong>X\u1eed l\u00fd n\u01b0\u1edbc th\u1ea3i<\/strong><\/h5>\n\t\t<\/div>\n\t\t\t\t\t<\/div>\n\n\t\n\n\t<div id=\"col-1219978104\" class=\"col medium-6 small-12 large-6\"  >\n\t\t\t\t<div class=\"col-inner\"  >\n\t\t\t\n\t\t\t\n<p><img decoding=\"async\" src=\"https:\/\/vintec.com.vn\/wp-content\/uploads\/2022\/10\/quytrinhsxthep-580x380.jpg\" alt=\"\" \/><\/p>\n<h5><strong>Nh\u00e0 m\u00e1y s\u1ea3n xu\u1ea5t th\u00e9p<\/strong><\/h5>\n\t\t<\/div>\n\t\t\t\t\t<\/div>\n\n\t\n<\/div>\n<div class=\"row\"  id=\"row-806445075\">\n\n\t<div id=\"col-1697706986\" class=\"col medium-6 small-12 large-6\"  >\n\t\t\t\t<div class=\"col-inner\"  >\n\t\t\t\n\t\t\t\n<p><img decoding=\"async\" src=\"https:\/\/vintec.com.vn\/wp-content\/uploads\/2022\/09\/8-1.png\" alt=\"\" \/><\/p>\n<h5><strong>Nh\u00e0 m\u00e1y gi\u1ea5y v\u00e0 b\u1ed9t gi\u1ea5y<\/strong><\/h5>\n\t\t<\/div>\n\t\t\t\t\t<\/div>\n\n\t\n\n\t<div id=\"col-1375914001\" class=\"col medium-6 small-12 large-6\"  >\n\t\t\t\t<div class=\"col-inner\"  >\n\t\t\t\n\t\t\t\n<p><img decoding=\"async\" src=\"https:\/\/vintec.com.vn\/wp-content\/uploads\/2022\/09\/11-1.jpg\" alt=\"\" \/><\/p>\n<h5><strong>Nh\u00e0 m\u00e1y h\u00f3a ch\u1ea5t<\/strong><\/h5>\n\t\t<\/div>\n\t\t\t\t\t<\/div>\n\n\t\n<\/div>\n\t\t<\/div>\n\n\t\t\n<style>\n#section_1933468908 {\n  padding-top: 60px 0px 40px 0px;\n  padding-bottom: 60px 0px 40px 0px;\n}\n<\/style>\n\t<\/section>","protected":false},"excerpt":{"rendered":"","protected":false},"author":1,"featured_media":0,"parent":0,"menu_order":0,"comment_status":"closed","ping_status":"closed","template":"","meta":{"_monsterinsights_skip_tracking":false,"_monsterinsights_sitenote_active":false,"_monsterinsights_sitenote_note":"","_monsterinsights_sitenote_category":0,"footnotes":""},"class_list":["post-32","page","type-page","status-publish","hentry"],"aioseo_notices":[],"_links":{"self":[{"href":"https:\/\/vintec.com.vn\/vi\/wp-json\/wp\/v2\/pages\/32","targetHints":{"allow":["GET"]}}],"collection":[{"href":"https:\/\/vintec.com.vn\/vi\/wp-json\/wp\/v2\/pages"}],"about":[{"href":"https:\/\/vintec.com.vn\/vi\/wp-json\/wp\/v2\/types\/page"}],"author":[{"embeddable":true,"href":"https:\/\/vintec.com.vn\/vi\/wp-json\/wp\/v2\/users\/1"}],"replies":[{"embeddable":true,"href":"https:\/\/vintec.com.vn\/vi\/wp-json\/wp\/v2\/comments?post=32"}],"version-history":[{"count":4,"href":"https:\/\/vintec.com.vn\/vi\/wp-json\/wp\/v2\/pages\/32\/revisions"}],"predecessor-version":[{"id":7053,"href":"https:\/\/vintec.com.vn\/vi\/wp-json\/wp\/v2\/pages\/32\/revisions\/7053"}],"wp:attachment":[{"href":"https:\/\/vintec.com.vn\/vi\/wp-json\/wp\/v2\/media?parent=32"}],"curies":[{"name":"wp","href":"https:\/\/api.w.org\/{rel}","templated":true}]}}