{"id":35,"date":"2022-08-23T14:24:47","date_gmt":"2022-08-23T14:24:47","guid":{"rendered":"http:\/\/202.182.115.122:8999\/?page_id=35"},"modified":"2026-04-16T11:26:55","modified_gmt":"2026-04-16T04:26:55","slug":"contact-us","status":"publish","type":"page","link":"https:\/\/vintec.com.vn\/vi\/contact-us\/","title":{"rendered":"Contact Us"},"content":{"rendered":"<div class=\"row\"  id=\"row-1712088828\">\n\n\t<div id=\"col-2100253532\" class=\"col small-12 large-12\"  >\n\t\t\t\t<div class=\"col-inner\"  >\n\t\t\t\n\t\t\t\n<p><iframe loading=\"lazy\" style=\"border: 0;\" src=\"https:\/\/www.google.com\/maps\/embed?pb=!1m14!1m8!1m3!1d1862.5821251438406!2d105.7773455!3d20.9860521!3m2!1i1024!2i768!4f13.1!3m3!1m2!1s0x313453346a29be15%3A0x717e79deffe5568b!2sRoman%20Plaza!5e0!3m2!1sen!2s!4v1664814513882!5m2!1sen!2s|gq2|\" width=\"100%\" height=\"450\" allowfullscreen=\"allowfullscreen\"><\/iframe><\/p>\n<div class=\"container section-title-container\" ><h2 class=\"section-title section-title-normal\"><b aria-hidden=\"true\"><\/b><span class=\"section-title-main\" >V\u0103n ph\u00f2ng giao d\u1ecbch<\/span><b aria-hidden=\"true\"><\/b><\/h2><\/div>\n<h5><span style=\"color: #000000;\"><strong><span style=\"font-family: Arial; font-size: 1.5rem;\">VINTEC ENGINEERING JSC<\/span><\/strong><\/span><\/h5>\n<p><span style=\"font-size: 100%; color: #000000;\"><span style=\"font-family: Arial, Helvetica, sans-serif;\">Address: LK01-L12A, Roman Plaza, To Huu Street, Ha Dong Wards, Ha Noi City, Vietnam.<\/span><br \/>\n<\/span><\/p>\n<p style=\"text-align: left;\"><span style=\"font-family: Arial, Helvetica, sans-serif; font-size: 100%; color: #000000;\">Tel: +84 24 2284 4488<\/span><br \/>\n<span style=\"font-family: Arial, Helvetica, sans-serif; font-size: 100%; color: #000000;\">Fax: +84 24 2284 4489<\/span><\/p>\n<p style=\"text-align: left;\">Email contact:<br \/>\n<b>Sales &amp; Marketing: <\/b>sales@vintec.com.vn<\/p>\n<p style=\"text-align: left;\"><b>General Requests: <\/b>info@vintec.com.vn<\/p>\n<p><strong><br \/>\nGhi ch\u00fa:<\/strong> C\u1ea3m \u01a1n Qu\u00fd kh\u00e1ch \u0111\u00e3 li\u00ean h\u1ec7. M\u1ecdi ph\u1ea3n h\u1ed3i\/ y\u00eau c\u1ea7u c\u1ee7a Qu\u00fd kh\u00e1ch h\u00e0ng s\u1ebd \u0111\u01b0\u1ee3c ch\u00fang t\u00f4i tr\u1ea3 l\u1eddi trong th\u1eddi gian s\u1edbm nh\u1ea5t c\u00f3 th\u1ec3.<\/p>\n\t\t<\/div>\n\t\t\t\t\t<\/div>\n\n\t\n<\/div>","protected":false},"excerpt":{"rendered":"","protected":false},"author":1,"featured_media":0,"parent":0,"menu_order":0,"comment_status":"closed","ping_status":"closed","template":"","meta":{"_monsterinsights_skip_tracking":false,"_monsterinsights_sitenote_active":false,"_monsterinsights_sitenote_note":"","_monsterinsights_sitenote_category":0,"footnotes":""},"class_list":["post-35","page","type-page","status-publish","hentry"],"aioseo_notices":[],"_links":{"self":[{"href":"https:\/\/vintec.com.vn\/vi\/wp-json\/wp\/v2\/pages\/35","targetHints":{"allow":["GET"]}}],"collection":[{"href":"https:\/\/vintec.com.vn\/vi\/wp-json\/wp\/v2\/pages"}],"about":[{"href":"https:\/\/vintec.com.vn\/vi\/wp-json\/wp\/v2\/types\/page"}],"author":[{"embeddable":true,"href":"https:\/\/vintec.com.vn\/vi\/wp-json\/wp\/v2\/users\/1"}],"replies":[{"embeddable":true,"href":"https:\/\/vintec.com.vn\/vi\/wp-json\/wp\/v2\/comments?post=35"}],"version-history":[{"count":13,"href":"https:\/\/vintec.com.vn\/vi\/wp-json\/wp\/v2\/pages\/35\/revisions"}],"predecessor-version":[{"id":7356,"href":"https:\/\/vintec.com.vn\/vi\/wp-json\/wp\/v2\/pages\/35\/revisions\/7356"}],"wp:attachment":[{"href":"https:\/\/vintec.com.vn\/vi\/wp-json\/wp\/v2\/media?parent=35"}],"curies":[{"name":"wp","href":"https:\/\/api.w.org\/{rel}","templated":true}]}}