{"id":3864,"date":"2022-08-23T15:51:26","date_gmt":"2022-08-23T15:51:26","guid":{"rendered":"http:\/\/202.182.115.122:8999\/?page_id=3864"},"modified":"2025-07-31T16:02:12","modified_gmt":"2025-07-31T16:02:12","slug":"towa-seiden","status":"publish","type":"page","link":"https:\/\/vintec.com.vn\/vi\/towa-seiden\/","title":{"rendered":"Towa Seiden"},"content":{"rendered":"<div class=\"row\"  id=\"row-1508659510\">\n\n\t<div id=\"col-902696547\" class=\"col small-12 large-12\"  >\n\t\t\t\t<div class=\"col-inner\"  >\n\t\t\t\n\t\t\t\n<p><img loading=\"lazy\" decoding=\"async\" class=\"aligncenter wp-image-4267 size-full\" src=\"https:\/\/vintec.com.vn\/wp-content\/uploads\/2022\/09\/1.jpg\" alt=\"\u0111o l\u01b0u l\u01b0\u1ee3ng, gas flowmeter, l\u01b0u l\u01b0\u1ee3ng k\u1ebf, \u0111o l\u01b0u l\u01b0\u1ee3ng ch\u1ea5t l\u1ecfng, \u0111o l\u01b0u l\u01b0\u1ee3ng kh\u00ed, kh\u00ed n\u00e9n, kh\u00ed gas, \u0111o l\u01b0u l\u01b0\u1ee3ng LPG, \u0111\u1ed3ng h\u1ed3 \u0111o n\u01b0\u1edbc th\u1ea3i\" width=\"437\" height=\"453\" srcset=\"https:\/\/vintec.com.vn\/wp-content\/uploads\/2022\/09\/1.jpg 437w, https:\/\/vintec.com.vn\/wp-content\/uploads\/2022\/09\/1-289x300.jpg 289w, https:\/\/vintec.com.vn\/wp-content\/uploads\/2022\/09\/1-24x24.jpg 24w, https:\/\/vintec.com.vn\/wp-content\/uploads\/2022\/09\/1-36x36.jpg 36w, https:\/\/vintec.com.vn\/wp-content\/uploads\/2022\/09\/1-46x48.jpg 46w\" sizes=\"auto, (max-width: 437px) 100vw, 437px\" \/><\/p>\n\t\t<\/div>\n\t\t\t\t\t<\/div>\n\n\t\n<\/div>\n<div class=\"row\"  id=\"row-1990033045\">\n\n\t<div id=\"col-173162342\" class=\"col small-12 large-12\"  >\n\t\t\t\t<div class=\"col-inner\"  >\n\t\t\t\n\t\t\t\n<p><img loading=\"lazy\" decoding=\"async\" class=\"aligncenter wp-image-4267 size-full\" src=\"https:\/\/vintec.com.vn\/\/wp-content\/uploads\/2022\/09\/topshot_en3.jpg\" alt=\"\u0111o l\u01b0u l\u01b0\u1ee3ng, gas flowmeter, l\u01b0u l\u01b0\u1ee3ng k\u1ebf, \u0111o l\u01b0u l\u01b0\u1ee3ng ch\u1ea5t l\u1ecfng, \u0111o l\u01b0u l\u01b0\u1ee3ng kh\u00ed, kh\u00ed n\u00e9n, kh\u00ed gas, \u0111o l\u01b0u l\u01b0\u1ee3ng LPG, \u0111\u1ed3ng h\u1ed3 \u0111o n\u01b0\u1edbc th\u1ea3i\" width=\"437\" height=\"453\" \/><\/p>\n\t\t<\/div>\n\t\t\t\t\t<\/div>\n\n\t\n<\/div>\n<div class=\"row\"  id=\"row-1589958261\">\n\n\t<div id=\"col-1282982311\" class=\"col small-12 large-12\"  >\n\t\t\t\t<div class=\"col-inner\"  >\n\t\t\t\n\t\t\t\n<p><span style=\"color: #000000;\"><strong><a style=\"color: #000000;\" href=\"http:\/\/www.towa-seiden.co.jp\/en\/products\/RotaryPaddleTypeLevelSwitch.html\"><span style=\"font-size: medium;\">C\u1ea3m bi\u1ebfn \u0111o m\u1ee9c ki\u1ec3u c\u00e1nh quay<\/span><\/a><\/strong><\/span><\/p>\n<div class=\"row\"  id=\"row-1685241378\"><\/div>\n\n\t<div id=\"col-1865605817\" class=\"col medium-4 small-12 large-4\"  >\n\t\t\t\t<div class=\"col-inner\"  >\n\t\t\t\n\t\t\t\t\t<\/div>\n\t\t\t\t\t<\/div>\n\n\t<img loading=\"lazy\" decoding=\"async\" class=\"alignnone wp-image-4580 size-full\" src=\"https:\/\/vintec.com.vn\/wp-content\/uploads\/2022\/09\/product_pic1.jpg\" alt=\"\u0111o l\u01b0u l\u01b0\u1ee3ng, gas flowmeter, l\u01b0u l\u01b0\u1ee3ng k\u1ebf, \u0111o l\u01b0u l\u01b0\u1ee3ng ch\u1ea5t l\u1ecfng, \u0111o l\u01b0u l\u01b0\u1ee3ng kh\u00ed, kh\u00ed n\u00e9n, kh\u00ed gas, \u0111o l\u01b0u l\u01b0\u1ee3ng LPG, \u0111\u1ed3ng h\u1ed3 \u0111o n\u01b0\u1edbc th\u1ea3i\" width=\"175\" height=\"135\" srcset=\"https:\/\/vintec.com.vn\/wp-content\/uploads\/2022\/09\/product_pic1.jpg 175w, https:\/\/vintec.com.vn\/wp-content\/uploads\/2022\/09\/product_pic1-24x19.jpg 24w, https:\/\/vintec.com.vn\/wp-content\/uploads\/2022\/09\/product_pic1-36x28.jpg 36w, https:\/\/vintec.com.vn\/wp-content\/uploads\/2022\/09\/product_pic1-48x37.jpg 48w\" sizes=\"auto, (max-width: 175px) 100vw, 175px\" \/>\t\t<\/div>\n\t\t\t\t\t<\/div>\n\n\t\n\n\t<div id=\"col-697984965\" class=\"col medium-8 small-12 large-8\"  >\n\t\t\t\t<div class=\"col-inner\"  >\n\t\t\t\n\t\t\tThi\u1ebft k\u1ebf c\u00e1nh quay d\u00e0i, nhi\u1ec1u k\u00edch th\u01b0\u1edbc kh\u00e1c nhau<br \/>Ph\u1ea7n c\u01a1 kh\u00ed \u0111\u01a1n gi\u1ea3n, d\u1ec5 d\u00e0ng l\u1eafp \u0111\u1eb7t v\u00e0 c\u00e0i \u0111\u1eb7t<br \/>Ho\u1ea1t \u0111\u1ed9ng \u1ed5n \u0111\u1ecbnh v\u00e0 r\u1ea5t tin c\u1eady\t\t<\/div>\n\t\t\t\t\t<\/div>\n\n\t\n<\/div>\n[\/col]\n[\/row]\n<div class=\"row\"  id=\"row-326269087\">\n\n\t<div id=\"col-497575144\" class=\"col medium-6 small-12 large-6\"  >\n\t\t\t\t<div class=\"col-inner\"  >\n\t\t\t\n\t\t\t\n<p><span style=\"color: #000000;\"><strong><a style=\"color: #000000;\" href=\"http:\/\/www.towa-seiden.co.jp\/en\/products\/CapacitanceTypeLevelSensors.html\"><span style=\"font-size: medium;\">C\u1ea3m bi\u1ebfn \u0111o m\u1ee9c ki\u1ec3u \u0111i\u1ec7n dung<\/span><\/a><\/strong><\/span><\/p>\n<div class=\"row\"  id=\"row-2012619116\"><\/div>\n\n\t<div id=\"col-697763480\" class=\"col medium-4 small-12 large-4\"  >\n\t\t\t\t<div class=\"col-inner\"  >\n\t\t\t\n\t\t\t\t\t<\/div>\n\t\t\t\t\t<\/div>\n\n\t<img loading=\"lazy\" decoding=\"async\" class=\"alignnone wp-image-4587 size-full\" src=\"https:\/\/vintec.com.vn\/wp-content\/uploads\/2022\/09\/product_cap3.jpg\" alt=\"\u0111o l\u01b0u l\u01b0\u1ee3ng, gas flowmeter, l\u01b0u l\u01b0\u1ee3ng k\u1ebf, \u0111o l\u01b0u l\u01b0\u1ee3ng ch\u1ea5t l\u1ecfng, \u0111o l\u01b0u l\u01b0\u1ee3ng kh\u00ed, kh\u00ed n\u00e9n, kh\u00ed gas, \u0111o l\u01b0u l\u01b0\u1ee3ng LPG, \u0111\u1ed3ng h\u1ed3 \u0111o n\u01b0\u1edbc th\u1ea3i\" width=\"175\" height=\"135\" srcset=\"https:\/\/vintec.com.vn\/wp-content\/uploads\/2022\/09\/product_cap3.jpg 175w, https:\/\/vintec.com.vn\/wp-content\/uploads\/2022\/09\/product_cap3-24x19.jpg 24w, https:\/\/vintec.com.vn\/wp-content\/uploads\/2022\/09\/product_cap3-36x28.jpg 36w, https:\/\/vintec.com.vn\/wp-content\/uploads\/2022\/09\/product_cap3-48x37.jpg 48w\" sizes=\"auto, (max-width: 175px) 100vw, 175px\" \/>\t\t<\/div>\n\t\t\t\t\t<\/div>\n\n\t\n\n\t<div id=\"col-118330305\" class=\"col medium-8 small-12 large-8\"  >\n\t\t\t\t<div class=\"col-inner\"  >\n\t\t\t\n\t\t\t\u0110i\u1ec1u ch\u1ec9nh \u0111\u1ed9 nh\u1ea1y v\u1edbi n\u00fam chuy\u1ec3n \u0111\u1ed5i, d\u1ec5 d\u00e0ng hi\u1ec7u chu\u1ea9n<br \/>Kh\u00f4ng c\u00f3 thi\u1ebft b\u1ecb quay, \u0111\u1ed9 \u1ed5n \u0111\u1ecbnh cao<br \/>D\u1ec5 d\u00e0ng thao th\u00e1c l\u1eafp \u0111\u1eb7t v\u1edbi thi\u1ebft k\u1ebf bo m\u1ea1ch \u0111\u01a1n gi\u1ea3n\t\t<\/div>\n\t\t\t\t\t<\/div>\n\n\t\n<\/div>\n[\/col]\n\n\t<div id=\"col-918186477\" class=\"col medium-6 small-12 large-6\"  >\n\t\t\t\t<div class=\"col-inner\"  >\n\t\t\t\n\t\t\t\n<p><span style=\"color: #000000;\"><strong><a style=\"color: #000000;\" href=\"http:\/\/www.towa-seiden.co.jp\/en\/products\/VibrationLevelSwitch.html\"><span style=\"font-size: medium;\">C\u1ea3m bi\u1ebfn \u0111o m\u1ee9c ki\u1ec3u rung<\/span><\/a><\/strong><\/span><\/p>\n<div class=\"row\"  id=\"row-653508400\"><\/div>\n\n\t<div id=\"col-999440330\" class=\"col medium-4 small-12 large-4\"  >\n\t\t\t\t<div class=\"col-inner\"  >\n\t\t\t\n\t\t\t\t\t<\/div>\n\t\t\t\t\t<\/div>\n\n\t<img loading=\"lazy\" decoding=\"async\" class=\"alignnone wp-image-4597 size-full\" src=\"https:\/\/vintec.com.vn\/wp-content\/uploads\/2022\/09\/product_pic3.jpg\" alt=\"\u0111o l\u01b0u l\u01b0\u1ee3ng, gas flowmeter, l\u01b0u l\u01b0\u1ee3ng k\u1ebf, \u0111o l\u01b0u l\u01b0\u1ee3ng ch\u1ea5t l\u1ecfng, \u0111o l\u01b0u l\u01b0\u1ee3ng kh\u00ed, kh\u00ed n\u00e9n, kh\u00ed gas, \u0111o l\u01b0u l\u01b0\u1ee3ng LPG, \u0111\u1ed3ng h\u1ed3 \u0111o n\u01b0\u1edbc th\u1ea3i\" width=\"175\" height=\"135\" srcset=\"https:\/\/vintec.com.vn\/wp-content\/uploads\/2022\/09\/product_pic3.jpg 175w, https:\/\/vintec.com.vn\/wp-content\/uploads\/2022\/09\/product_pic3-24x19.jpg 24w, https:\/\/vintec.com.vn\/wp-content\/uploads\/2022\/09\/product_pic3-36x28.jpg 36w, https:\/\/vintec.com.vn\/wp-content\/uploads\/2022\/09\/product_pic3-48x37.jpg 48w\" sizes=\"auto, (max-width: 175px) 100vw, 175px\" \/>\t\t<\/div>\n\t\t\t\t\t<\/div>\n\n\t\n\n\t<div id=\"col-428209860\" class=\"col medium-8 small-12 large-8\"  >\n\t\t\t\t<div class=\"col-inner\"  >\n\t\t\t\n\t\t\tPh\u00e1t hi\u1ec7n m\u1ee9c v\u1edbi m\u00f4i ch\u1ea5t c\u00f3 kh\u1ed1i l\u01b0\u1ee3ng ri\u00eang (SG) th\u1ea5p<br \/>D\u1ec5 d\u00e0ng \u0111i\u1ec1u ch\u1ec9nh \u0111\u1ed9 nh\u1ea1y<br \/>Ch\u1ecbu \u00e1p l\u1ef1c v\u00e0 b\u00e0o m\u00f2n r\u1ea5t t\u1ed1t\t\t<\/div>\n\t\t\t\t\t<\/div>\n\n\t\n[\/row]\n[\/col]\n[\/row]\n<div class=\"row\"  id=\"row-1500254138\">\n\n\t<div id=\"col-1693785767\" class=\"col medium-6 small-12 large-6\"  >\n\t\t\t\t<div class=\"col-inner\"  >\n\t\t\t\n\t\t\t\n<p><span style=\"color: #000000;\"><strong><a style=\"color: #000000;\" href=\"http:\/\/www.towa-seiden.co.jp\/en\/products\/SoundingLevelMeter.html\"><span style=\"font-size: medium;\">Thi\u1ebft b\u1ecb \u0111o m\u1ee9c ki\u1ec3u d\u00f2 b\u1ec1 m\u1eb7t<\/span><\/a><\/strong><\/span><\/p>\n<div class=\"row\"  id=\"row-1410002132\"><\/div>\n\n\t<div id=\"col-853682235\" class=\"col medium-4 small-12 large-4\"  >\n\t\t\t\t<div class=\"col-inner\"  >\n\t\t\t\n\t\t\t\t\t<\/div>\n\t\t\t\t\t<\/div>\n\n\t<img loading=\"lazy\" decoding=\"async\" class=\"alignnone wp-image-4598 size-full\" src=\"https:\/\/vintec.com.vn\/wp-content\/uploads\/2022\/09\/product_pic4.jpg\" alt=\"\u0111o l\u01b0u l\u01b0\u1ee3ng, gas flowmeter, l\u01b0u l\u01b0\u1ee3ng k\u1ebf, \u0111o l\u01b0u l\u01b0\u1ee3ng ch\u1ea5t l\u1ecfng, \u0111o l\u01b0u l\u01b0\u1ee3ng kh\u00ed, kh\u00ed n\u00e9n, kh\u00ed gas, \u0111o l\u01b0u l\u01b0\u1ee3ng LPG, \u0111\u1ed3ng h\u1ed3 \u0111o n\u01b0\u1edbc th\u1ea3i\" width=\"175\" height=\"135\" srcset=\"https:\/\/vintec.com.vn\/wp-content\/uploads\/2022\/09\/product_pic4.jpg 175w, https:\/\/vintec.com.vn\/wp-content\/uploads\/2022\/09\/product_pic4-24x19.jpg 24w, https:\/\/vintec.com.vn\/wp-content\/uploads\/2022\/09\/product_pic4-36x28.jpg 36w, https:\/\/vintec.com.vn\/wp-content\/uploads\/2022\/09\/product_pic4-48x37.jpg 48w\" sizes=\"auto, (max-width: 175px) 100vw, 175px\" \/>\t\t<\/div>\n\t\t\t\t\t<\/div>\n\n\t\n\n\t<div id=\"col-2042623206\" class=\"col medium-8 small-12 large-8\"  >\n\t\t\t\t<div class=\"col-inner\"  >\n\t\t\t\n\t\t\t\u0110o l\u01b0\u1eddng ch\u00ednh x\u00e1c c\u00e1c b\u1ed3n ch\u1ee9a v\u1eadt li\u1ec7u, \u0111\u1eb7c bi\u1ec7t m\u00f4i tr\u01b0\u1eddng c\u00f3 b\u1ee5i cao (tank tro bay, than, \u0111\u00e1 v\u00f4i)<br \/>T\u00edch h\u1ee3p b\u1ed9 \u0111i\u1ec1u khi\u1ec3n<br \/>Thi\u1ebft k\u1ebf \u0111\u01a1n gi\u1ea3n, ch\u1ecbu \u0111\u01b0\u1ee3c m\u00f4i tr\u01b0\u1eddng c\u00f4ng nghi\u1ec7p<br \/>\u0110\u1ea7u ra: 4...20 mA DC, xung\t\t<\/div>\n\t\t\t\t\t<\/div>\n\n\t\n<\/div>\n[\/col]\n\n\t<div id=\"col-1081382913\" class=\"col medium-6 small-12 large-6\"  >\n\t\t\t\t<div class=\"col-inner\"  >\n\t\t\t\n\t\t\t\n<p><span style=\"color: #000000;\"><strong><a style=\"color: #000000;\" href=\"http:\/\/www.towa-seiden.co.jp\/en\/products\/FlowLineDisplacer.html\"><span style=\"font-size: medium;\">C\u1ea3m bi\u1ebfn \u0111o m\u1ee9c ki\u1ec3u phao t\u1eeb<\/span><\/a><\/strong><\/span><\/p>\n<div class=\"row\"  id=\"row-1161219351\"><\/div>\n\n\t<div id=\"col-1845329075\" class=\"col medium-4 small-12 large-4\"  >\n\t\t\t\t<div class=\"col-inner\"  >\n\t\t\t\n\t\t\t\t\t<\/div>\n\t\t\t\t\t<\/div>\n\n\t<img loading=\"lazy\" decoding=\"async\" class=\"alignnone wp-image-4614 size-full\" src=\"https:\/\/vintec.com.vn\/wp-content\/uploads\/2022\/09\/product_pic7.jpg\" alt=\"\u0111o l\u01b0u l\u01b0\u1ee3ng, gas flowmeter, l\u01b0u l\u01b0\u1ee3ng k\u1ebf, \u0111o l\u01b0u l\u01b0\u1ee3ng ch\u1ea5t l\u1ecfng, \u0111o l\u01b0u l\u01b0\u1ee3ng kh\u00ed, kh\u00ed n\u00e9n, kh\u00ed gas, \u0111o l\u01b0u l\u01b0\u1ee3ng LPG, \u0111\u1ed3ng h\u1ed3 \u0111o n\u01b0\u1edbc th\u1ea3i\" width=\"175\" height=\"138\" srcset=\"https:\/\/vintec.com.vn\/wp-content\/uploads\/2022\/09\/product_pic7.jpg 175w, https:\/\/vintec.com.vn\/wp-content\/uploads\/2022\/09\/product_pic7-24x19.jpg 24w, https:\/\/vintec.com.vn\/wp-content\/uploads\/2022\/09\/product_pic7-36x28.jpg 36w, https:\/\/vintec.com.vn\/wp-content\/uploads\/2022\/09\/product_pic7-48x38.jpg 48w\" sizes=\"auto, (max-width: 175px) 100vw, 175px\" \/>\t\t<\/div>\n\t\t\t\t\t<\/div>\n\n\t\n\n\t<div id=\"col-1213946275\" class=\"col medium-8 small-12 large-8\"  >\n\t\t\t\t<div class=\"col-inner\"  >\n\t\t\t\n\t\t\tD\u1ea3i s\u1ea3n ph\u1ea9m \u0111a d\u1ea1ng cho m\u00f4i ch\u1ea5t l\u1ecfng<br \/>K\u00edch th\u01b0\u1edbc phao t\u1eeb ph\u00f9 h\u1ee3p v\u1edbi tr\u1ecdng l\u01b0\u1ee3ng ri\u00eang ch\u1ea5t l\u1ecfng<br \/>Cung c\u1ea5p s\u1ea3n ph\u1ea9m chuy\u00ean bi\u1ec7t cho ng\u00e0nh h\u00e0ng h\u1ea3i\t\t<\/div>\n\t\t\t\t\t<\/div>\n\n\t\n[\/row]\n[\/col]\n[\/row]\n<div class=\"row\"  id=\"row-1192599429\">\n\n\t<div id=\"col-1445726662\" class=\"col medium-6 small-12 large-6\"  >\n\t\t\t\t<div class=\"col-inner\"  >\n\t\t\t\n\t\t\t\n<p><span style=\"color: #000000;\"><strong><a style=\"color: #000000;\" href=\"http:\/\/www.towa-seiden.co.jp\/en\/products\/DIALGAUGELEVELMETER.html\"><span style=\"font-size: medium;\">Thi\u1ebft b\u1ecb ch\u1ec9 th\u1ecb m\u1ee9c<\/span><\/a><\/strong><\/span><\/p>\n<div class=\"row\"  id=\"row-258270889\"><\/div>\n\n\t<div id=\"col-1283268557\" class=\"col medium-4 small-12 large-4\"  >\n\t\t\t\t<div class=\"col-inner\"  >\n\t\t\t\n\t\t\t\t\t<\/div>\n\t\t\t\t\t<\/div>\n\n\t<img loading=\"lazy\" decoding=\"async\" class=\"alignnone wp-image-4616 size-full\" src=\"https:\/\/vintec.com.vn\/wp-content\/uploads\/2022\/09\/product_pic8.jpg\" alt=\"\u0111o l\u01b0u l\u01b0\u1ee3ng, gas flowmeter, l\u01b0u l\u01b0\u1ee3ng k\u1ebf, \u0111o l\u01b0u l\u01b0\u1ee3ng ch\u1ea5t l\u1ecfng, \u0111o l\u01b0u l\u01b0\u1ee3ng kh\u00ed, kh\u00ed n\u00e9n, kh\u00ed gas, \u0111o l\u01b0u l\u01b0\u1ee3ng LPG, \u0111\u1ed3ng h\u1ed3 \u0111o n\u01b0\u1edbc th\u1ea3i\" width=\"175\" height=\"135\" srcset=\"https:\/\/vintec.com.vn\/wp-content\/uploads\/2022\/09\/product_pic8.jpg 175w, https:\/\/vintec.com.vn\/wp-content\/uploads\/2022\/09\/product_pic8-24x19.jpg 24w, https:\/\/vintec.com.vn\/wp-content\/uploads\/2022\/09\/product_pic8-36x28.jpg 36w, https:\/\/vintec.com.vn\/wp-content\/uploads\/2022\/09\/product_pic8-48x37.jpg 48w\" sizes=\"auto, (max-width: 175px) 100vw, 175px\" \/>\t\t<\/div>\n\t\t\t\t\t<\/div>\n\n\t\n\n\t<div id=\"col-418943036\" class=\"col medium-8 small-12 large-8\"  >\n\t\t\t\t<div class=\"col-inner\"  >\n\t\t\t\n\t\t\tHi\u1ec3n th\u1ecb \u1ed5n \u0111\u1ecbnh, li\u00ean t\u1ee5c m\u1ee9c ch\u1ea5t l\u1ecfng<br \/>T\u00f9y ch\u1ecdn \u0111\u1ea7u ra 4...20 mA DC<br \/>Lo\u1ea1i ph\u00f2ng ch\u1ed1ng ch\u00e1y n\u1ed5\t\t<\/div>\n\t\t\t\t\t<\/div>\n\n\t\n<\/div>\n[\/col]\n\n\t<div id=\"col-1604602886\" class=\"col medium-6 small-12 large-6\"  >\n\t\t\t\t<div class=\"col-inner\"  >\n\t\t\t\n\t\t\t\n<p><span style=\"color: #000000;\"><strong><a style=\"color: #000000;\" href=\"http:\/\/www.towa-seiden.co.jp\/en\/products\/UltrasonicType.html\"><span style=\"font-size: medium;\">Thi\u1ebft b\u1ecb \u0111o m\u1ee9c li\u00ean t\u1ee5c ki\u1ec3u si\u00eau \u00e2m<\/span><\/a><\/strong><\/span><\/p>\n<div class=\"row\"  id=\"row-322228614\"><\/div>\n\n\t<div id=\"col-260871218\" class=\"col medium-4 small-12 large-4\"  >\n\t\t\t\t<div class=\"col-inner\"  >\n\t\t\t\n\t\t\t\t\t<\/div>\n\t\t\t\t\t<\/div>\n\n\t<img loading=\"lazy\" decoding=\"async\" class=\"alignnone wp-image-4608 size-full\" src=\"https:\/\/vintec.com.vn\/wp-content\/uploads\/2022\/09\/product_pic5.jpg\" alt=\"\u0111o l\u01b0u l\u01b0\u1ee3ng, gas flowmeter, l\u01b0u l\u01b0\u1ee3ng k\u1ebf, \u0111o l\u01b0u l\u01b0\u1ee3ng ch\u1ea5t l\u1ecfng, \u0111o l\u01b0u l\u01b0\u1ee3ng kh\u00ed, kh\u00ed n\u00e9n, kh\u00ed gas, \u0111o l\u01b0u l\u01b0\u1ee3ng LPG, \u0111\u1ed3ng h\u1ed3 \u0111o n\u01b0\u1edbc th\u1ea3i\" width=\"175\" height=\"135\" srcset=\"https:\/\/vintec.com.vn\/wp-content\/uploads\/2022\/09\/product_pic5.jpg 175w, https:\/\/vintec.com.vn\/wp-content\/uploads\/2022\/09\/product_pic5-24x19.jpg 24w, https:\/\/vintec.com.vn\/wp-content\/uploads\/2022\/09\/product_pic5-36x28.jpg 36w, https:\/\/vintec.com.vn\/wp-content\/uploads\/2022\/09\/product_pic5-48x37.jpg 48w\" sizes=\"auto, (max-width: 175px) 100vw, 175px\" \/>\t\t<\/div>\n\t\t\t\t\t<\/div>\n\n\t\n\n\t<div id=\"col-398449442\" class=\"col medium-8 small-12 large-8\"  >\n\t\t\t\t<div class=\"col-inner\"  >\n\t\t\t\n\t\t\tS\u1eed d\u1ee5ng nguy\u00ean l\u00fd si\u00eau \u00e2m v\u1edbi g\u00f3c ph\u00e1t s\u00f3ng t\u1ed1t<br \/>G\u1ed1c ph\u00e1t s\u00f3ng nh\u1ecf nh\u1ea5t 2.5\u00b0.<br \/>T\u00edch h\u1ee3p b\u1ed9 \u0111i\u1ec1u khi\u1ec3n<br \/>T\u00f9y ch\u1ecdn b\u1ed9 \u0111o k\u1ebft n\u1ed1i \u0111a k\u00eanh\t\t<\/div>\n\t\t\t\t\t<\/div>\n\n\t\n[\/row]\n[\/col]\n[\/row]\n<div class=\"row\"  id=\"row-1698817643\">\n\n\t<div id=\"col-340946839\" class=\"col medium-6 small-12 large-6\"  >\n\t\t\t\t<div class=\"col-inner\"  >\n\t\t\t\n\t\t\t\n<p><span style=\"color: #000000;\"><strong><a style=\"color: #000000;\" href=\"http:\/\/www.towa-seiden.co.jp\/en\/products\/GuidedMicrowave.html\"><span style=\"font-size: medium;\">Thi\u1ebft b\u1ecb \u0111o m\u1ee9c li\u00ean t\u1ee5c d\u00f9ng s\u00f3ng radar<\/span><\/a><\/strong><\/span><\/p>\n<div class=\"row\"  id=\"row-1035774801\"><\/div>\n\n\t<div id=\"col-1819992123\" class=\"col medium-4 small-12 large-4\"  >\n\t\t\t\t<div class=\"col-inner\"  >\n\t\t\t\n\t\t\t\t\t<\/div>\n\t\t\t\t\t<\/div>\n\n\t<img loading=\"lazy\" decoding=\"async\" class=\"alignnone wp-image-4612 size-full\" src=\"https:\/\/vintec.com.vn\/wp-content\/uploads\/2022\/09\/product_pic6.jpg\" alt=\"\u0111o l\u01b0u l\u01b0\u1ee3ng, gas flowmeter, l\u01b0u l\u01b0\u1ee3ng k\u1ebf, \u0111o l\u01b0u l\u01b0\u1ee3ng ch\u1ea5t l\u1ecfng, \u0111o l\u01b0u l\u01b0\u1ee3ng kh\u00ed, kh\u00ed n\u00e9n, kh\u00ed gas, \u0111o l\u01b0u l\u01b0\u1ee3ng LPG, \u0111\u1ed3ng h\u1ed3 \u0111o n\u01b0\u1edbc th\u1ea3i\" width=\"175\" height=\"135\" srcset=\"https:\/\/vintec.com.vn\/wp-content\/uploads\/2022\/09\/product_pic6.jpg 175w, https:\/\/vintec.com.vn\/wp-content\/uploads\/2022\/09\/product_pic6-24x19.jpg 24w, https:\/\/vintec.com.vn\/wp-content\/uploads\/2022\/09\/product_pic6-36x28.jpg 36w, https:\/\/vintec.com.vn\/wp-content\/uploads\/2022\/09\/product_pic6-48x37.jpg 48w\" sizes=\"auto, (max-width: 175px) 100vw, 175px\" \/>\t\t<\/div>\n\t\t\t\t\t<\/div>\n\n\t\n\n\t<div id=\"col-378788004\" class=\"col medium-8 small-12 large-8\"  >\n\t\t\t\t<div class=\"col-inner\"  >\n\t\t\t\n\t\t\tKh\u00f4ng b\u1ecb \u1ea3nh h\u01b0\u1edfng b\u1edfi b\u1ee5i, h\u01a1i n\u01b0\u1edbc, nhi\u1ec7t \u0111\u1ed9, \u00e1p su\u1ea5t v\u00e0 l\u1edbp b\u1ecdt.<br \/>Lo\u1ea1i 2 d\u00e2y<br \/>\u0110\u1ed9 ch\u00ednh x\u00e1c v\u00e0 tin c\u1eady cao\t\t<\/div>\n\t\t\t\t\t<\/div>\n\n\t\n<\/div>\n[\/col]\n\n\t<div id=\"col-2246088\" class=\"col medium-6 small-12 large-6\"  >\n\t\t\t\t<div class=\"col-inner\"  >\n\t\t\t\n\t\t\t\n\t\t<\/div>\n\t\t\t\t\t<\/div>\n\n\t\n[\/row]","protected":false},"excerpt":{"rendered":"[\/col] [\/row] [\/col] [\/row] [\/col] [\/row] [\/col] [\/row] [\/col] [\/row] [\/col] [\/row] [\/col] [\/row] [\/col] [\/row]","protected":false},"author":1,"featured_media":0,"parent":0,"menu_order":0,"comment_status":"closed","ping_status":"closed","template":"","meta":{"_monsterinsights_skip_tracking":false,"_monsterinsights_sitenote_active":false,"_monsterinsights_sitenote_note":"","_monsterinsights_sitenote_category":0,"footnotes":""},"class_list":["post-3864","page","type-page","status-publish","hentry"],"aioseo_notices":[],"_links":{"self":[{"href":"https:\/\/vintec.com.vn\/vi\/wp-json\/wp\/v2\/pages\/3864","targetHints":{"allow":["GET"]}}],"collection":[{"href":"https:\/\/vintec.com.vn\/vi\/wp-json\/wp\/v2\/pages"}],"about":[{"href":"https:\/\/vintec.com.vn\/vi\/wp-json\/wp\/v2\/types\/page"}],"author":[{"embeddable":true,"href":"https:\/\/vintec.com.vn\/vi\/wp-json\/wp\/v2\/users\/1"}],"replies":[{"embeddable":true,"href":"https:\/\/vintec.com.vn\/vi\/wp-json\/wp\/v2\/comments?post=3864"}],"version-history":[{"count":1,"href":"https:\/\/vintec.com.vn\/vi\/wp-json\/wp\/v2\/pages\/3864\/revisions"}],"predecessor-version":[{"id":6920,"href":"https:\/\/vintec.com.vn\/vi\/wp-json\/wp\/v2\/pages\/3864\/revisions\/6920"}],"wp:attachment":[{"href":"https:\/\/vintec.com.vn\/vi\/wp-json\/wp\/v2\/media?parent=3864"}],"curies":[{"name":"wp","href":"https:\/\/api.w.org\/{rel}","templated":true}]}}