{"id":4837,"date":"2022-09-29T16:05:15","date_gmt":"2022-09-29T16:05:15","guid":{"rendered":"http:\/\/139.180.194.18:8999\/?page_id=4837"},"modified":"2025-11-12T10:08:04","modified_gmt":"2025-11-12T03:08:04","slug":"vintec-recruitment","status":"publish","type":"page","link":"https:\/\/vintec.com.vn\/vi\/vintec-recruitment\/","title":{"rendered":"Tuy\u1ec3n d\u1ee5ng"},"content":{"rendered":"<section class=\"section\" id=\"section_687810191\">\n\t\t<div class=\"section-bg fill\" >\n\t\t\t<img decoding=\"async\" src=\"http:\/\/rgb(255,%20255,%20255)\" class=\"bg\" alt=\"\" \/>\t\t\t\t\t\t\n\t\t\t\n\n\t\t<\/div>\n\n\t\t\n\n\t\t<div class=\"section-content relative\">\n\t\t\t\t\t<\/div>\n\n\t\t\n<style>\n#section_687810191 {\n  padding-top: 60px 0px 40px 0px;\n  padding-bottom: 60px 0px 40px 0px;\n}\n<\/style>\n\t<\/section>\n\t\n<img loading=\"lazy\" decoding=\"async\" class=\"wp-image-7254 aligncenter\" src=\"https:\/\/vintec.com.vn\/wp-content\/uploads\/2025\/11\/Explore-your-future.png\" alt=\"\" width=\"297\" height=\"297\" srcset=\"https:\/\/vintec.com.vn\/wp-content\/uploads\/2025\/11\/Explore-your-future.png 1024w, https:\/\/vintec.com.vn\/wp-content\/uploads\/2025\/11\/Explore-your-future-768x768.png 768w, https:\/\/vintec.com.vn\/wp-content\/uploads\/2025\/11\/Explore-your-future-12x12.png 12w\" sizes=\"auto, (max-width: 297px) 100vw, 297px\" \/><\/p>\n<div>\n<p data-start=\"209\" data-end=\"429\"><strong data-start=\"209\" data-end=\"263\">VINTEC Engineering JSC<\/strong> C\u00f4ng ty C\u1ed5 ph\u1ea7n Th\u01b0\u01a1ng M\u1ea1i v\u00e0 K\u1ef9 Thu\u1eadt VINTEC l\u00e0 n\u01a1i h\u1ed9i t\u1ee5 s\u1ee9c m\u1ea1nh, kinh nghi\u1ec7m v\u00e0 uy t\u00edn c\u1ee7a \u0111\u1ed9i ng\u0169 chuy\u00ean gia k\u1ef9 thu\u1eadt h\u00e0ng \u0111\u1ea7u Vi\u1ec7t Nam, v\u1edbi nhi\u1ec1u n\u0103m ho\u1ea1t \u0111\u1ed9ng trong c\u00e1c l\u0129nh v\u1ef1c:\n\n+ Qu\u1ea3n l\u00fd v\u00e0 gi\u00e1m s\u00e1t d\u1ef1 \u00e1n k\u1ef9 thu\u1eadt\n+ T\u01b0 v\u1ea5n, thi\u1ebft k\u1ebf h\u1ec7 th\u1ed1ng c\u01a1 \u2013 \u0111i\u1ec7n (M&amp;E).\n+ T\u00edch h\u1ee3p h\u1ec7 th\u1ed1ng \u0111o l\u01b0\u1eddng, \u0111i\u1ec1u khi\u1ec3n v\u00e0 t\u1ef1 \u0111\u1ed9ng ho\u00e1 c\u00f4ng nghi\u1ec7p.<\/p>\n<p data-start=\"592\" data-end=\"904\">Ch\u00fang t\u00f4i \u0111\u00e3 tham gia nhi\u1ec1u d\u1ef1 \u00e1n tr\u1ecdng \u0111i\u1ec3m trong c\u00e1c ng\u00e0nh <strong data-start=\"692\" data-end=\"769\">Nhi\u1ec7t \u0111i\u1ec7n \u0111\u1ed1t than, D\u1ea7u kh\u00ed, Ho\u00e1 ch\u1ea5t, Khai m\u1ecf v\u00e0 Tuy\u1ec3n qu\u1eb7ng<\/strong>g\u00f3p ph\u1ea7n n\u00e2ng cao hi\u1ec7u qu\u1ea3 v\u1eadn h\u00e0nh v\u00e0 t\u1ed1i \u01b0u gi\u1ea3i ph\u00e1p k\u1ef9 thu\u1eadt cho kh\u00e1ch h\u00e0ng.<\/p>\n<p data-start=\"906\" data-end=\"1277\"><strong>VINTEC hi\u1ec7n l\u00e0 \u0111\u1ea1i di\u1ec7n ch\u00ednh th\u1ee9c t\u1ea1i Vi\u1ec7t Nam c\u1ee7a nhi\u1ec1u th\u01b0\u01a1ng hi\u1ec7u c\u00f4ng nghi\u1ec7p h\u00e0ng \u0111\u1ea7u th\u1ebf gi\u1edbi nh\u01b0 FCI (M\u1ef9), Setnag (Ph\u00e1p), FLS\/Krebs (\u00dac), ICEM (H\u00e0n Qu\u1ed1c)\u2026<\/strong><\/p>\n<p data-start=\"906\" data-end=\"1277\">Ch\u00fang t\u00f4i hi\u1ec7n c\u1ea7n tuy\u1ec3n g\u1ea5p c\u00e1c v\u1ecb tr\u00ed sau:<\/p>\n<\/div>\n<p><span style=\"color: #ff0000;\"><strong>1. K\u1ef9 s\u01b0 D\u1ecbch v\u1ee5<\/strong><\/span><\/p>\n<p>- H\u1ed7 tr\u1ee3 ho\u1ea1t \u0111\u1ed9ng kinh doanh d\u1ecbch v\u1ee5 k\u1ef9 thu\u1eadt, cung c\u1ea5p gi\u1ea3i ph\u00e1p k\u1ef9 thu\u1eadt v\u00e0 d\u1ecbch v\u1ee5 h\u1eadu m\u00e3i cho kh\u00e1ch h\u00e0ng trong c\u00e1c l\u0129nh v\u1ef1c:<\/p>\n<ul>\n<li>Nh\u00e0 m\u00e1y nhi\u1ec7t \u0111i\u1ec7n, \u0111i\u1ec7n kh\u00ed<\/li>\n<li>D\u1ea7u kh\u00ed v\u00e0 h\u00f3a ch\u1ea5t<\/li>\n<li>Khai m\u1ecf &amp; tuy\u1ec3n qu\u1eb7ng<\/li>\n<li>Kh\u00e1ch h\u00e0ng khu c\u00f4ng nghi\u1ec7p FDI<\/li>\n<\/ul>\n<p><strong>* M\u00d4 T\u1ea2 C\u00d4NG VI\u1ec6C:<\/strong><\/p>\n<ul>\n<li>Tham gia kh\u1ea3o s\u00e1t hi\u1ec7n tr\u01b0\u1eddng, \u0111\u00e1nh gi\u00e1 thi\u1ebft b\u1ecb, \u0111\u1ec1 xu\u1ea5t gi\u1ea3i ph\u00e1p s\u1eeda ch\u1eefa, b\u1ea3o tr\u00ec, thay th\u1ebf thi\u1ebft b\u1ecb.<\/li>\n<li>Ph\u1ed1i h\u1ee3p v\u1edbi b\u1ed9 ph\u1eadn kinh doanh v\u00e0 k\u1ef9 thu\u1eadt \u0111\u1ec3 l\u1eadp b\u00e1o gi\u00e1, h\u1ed3 s\u01a1 k\u1ef9 thu\u1eadt, h\u1ed3 s\u01a1 ch\u00e0o th\u1ea7u v\u00e0 tr\u00ecnh b\u00e0y gi\u1ea3i ph\u00e1p v\u1edbi kh\u00e1ch h\u00e0ng.<\/li>\n<li>Theo d\u00f5i \u2013 ch\u0103m s\u00f3c kh\u00e1ch h\u00e0ng sau b\u00e1n h\u00e0ng, duy tr\u00ec m\u1ed1i quan h\u1ec7 v\u00e0 t\u00ecm ki\u1ebfm c\u01a1 h\u1ed9i m\u1edf r\u1ed9ng d\u1ecbch v\u1ee5.<\/li>\n<li>Ph\u1ed1i h\u1ee3p v\u1edbi \u0111\u1ed9i ng\u0169 k\u1ef9 thu\u1eadt trong vi\u1ec7c tri\u1ec3n khai, gi\u00e1m s\u00e1t v\u00e0 nghi\u1ec7m thu c\u00e1c g\u00f3i d\u1ecbch v\u1ee5 k\u1ef9 thu\u1eadt.<\/li>\n<\/ul>\n<p><strong>* Y\u00caU C\u1ea6U \u1ee8NG VI\u00caN<\/strong><\/p>\n<ul>\n<li>T\u1ed1t nghi\u1ec7p \u0110\u1ea1i h\u1ecdc chuy\u00ean ng\u00e0nh: K\u1ef9 thu\u1eadt \u0110i\u1ec7n, C\u01a1-\u0111i\u1ec7n t\u1eed, Thi\u1ebft b\u1ecb \u0111i\u1ec7n, T\u1ef1 \u0111\u1ed9ng h\u00f3a, \u0110o l\u01b0\u1eddng \u2013 \u0110i\u1ec1u khi\u1ec3n ho\u1eb7c ng\u00e0nh k\u1ef9 thu\u1eadt li\u00ean quan.<\/li>\n<li>C\u00f3 ki\u1ebfn th\u1ee9c v\u1ec1 thi\u1ebft b\u1ecb c\u00f4ng nghi\u1ec7p, h\u1ec7 th\u1ed1ng \u0111i\u1ec7n \u2013 \u0111i\u1ec1u khi\u1ec3n, thi\u1ebft b\u1ecb c\u1ea3m bi\u1ebfn v\u00e0 \u0111o l\u01b0\u1eddng.<\/li>\n<li>\u01afu ti\u00ean \u1ee9ng vi\u00ean c\u00f3 kinh nghi\u1ec7m l\u00e0m vi\u1ec7c t\u1ea1i nh\u00e0 m\u00e1y \u0111i\u1ec7n, khu c\u00f4ng nghi\u1ec7p ho\u1eb7c doanh nghi\u1ec7p FDI.<\/li>\n<li>Ch\u1ecbu kh\u00f3 h\u1ecdc h\u1ecfi, \u0111\u00e0o s\u00e2u nghi\u00ean c\u1ee9u gi\u1ea3i quy\u1ebft t\u1ed1t c\u00e1c ph\u00e1t sinh trong qu\u00e1 tr\u00ecnh tri\u1ec3n khai l\u1eafp \u0111\u1eb7t, \u0111\u00e0o t\u1ea1o v\u00e0 chuy\u1ec3n giao c\u00f4ng ngh\u1ec7 cho kh\u00e1ch h\u00e0ng.<\/li>\n<li>K\u1ef9 n\u0103ng giao ti\u1ebfp, qu\u1ea3ng giao, thuy\u1ebft tr\u00ecnh t\u1ed1t; c\u00f3 kh\u1ea3 n\u0103ng l\u00e0m vi\u1ec7c \u0111\u1ed9c l\u1eadp v\u00e0 ph\u1ed1i h\u1ee3p nh\u00f3m.<\/li>\n<li>Ti\u1ebfng Anh k\u1ef9 thu\u1eadt: \u0111\u1ecdc hi\u1ec3u t\u00e0i li\u1ec7u;<\/li>\n<li>S\u1eed d\u1ee5ng th\u00e0nh th\u1ea1o AutoCAD, MS Office.<\/li>\n<li>S\u1eb5n s\u00e0ng \u0111i c\u00f4ng t\u00e1c ng\u1eafn ng\u00e0y t\u1ea1i c\u00e1c t\u1ec9nh trong c\u1ea3 n\u01b0\u1edbc; tham gia c\u00e1c kh\u00f3a \u0111\u00e0o t\u1ea1o v\u1ec1 s\u1ea3n ph\u1ea9m v\u00e0 d\u1ecbch v\u1ee5 c\u1ee7a c\u00e1c H\u00e3ng s\u1ea3n xu\u1ea5t thi\u1ebft b\u1ecb.<\/li>\n<\/ul>\n<p>&nbsp;<\/p>\n<p><span style=\"color: #ff0000;\"><strong>2. K\u1ef9 s\u01b0 B\u00e1n h\u00e0ng k\u1ef9 thu\u1eadt cao c\u1ea5p<\/strong><\/span><\/p>\n<p>Ph\u1ee5 tr\u00e1ch b\u00e1n h\u00e0ng k\u1ef9 thu\u1eadt, t\u00ecm ki\u1ebfm d\u1ef1 \u00e1n, t\u01b0 v\u1ea5n c\u00e1c gi\u1ea3i ph\u00e1p k\u1ef9 thu\u1eadt t\u1ed1i \u01b0u cho c\u00e1c kh\u00e1ch h\u00e0ng trong c\u00e1c l\u0129nh v\u1ef1c:<\/p>\n<ul>\n<li>Nh\u00e0 m\u00e1y nhi\u1ec7t \u0111i\u1ec7n, \u0111i\u1ec7n kh\u00ed<\/li>\n<li>D\u1ea7u kh\u00ed v\u00e0 h\u00f3a ch\u1ea5t<\/li>\n<li>Khai m\u1ecf &amp; tuy\u1ec3n qu\u1eb7ng<\/li>\n<li>Kh\u00e1ch h\u00e0ng khu c\u00f4ng nghi\u1ec7p FDI<\/li>\n<\/ul>\n<p><strong>* M\u00d4 T\u1ea2 C\u00d4NG VI\u1ec6C:<\/strong><\/p>\n<ul>\n<li>T\u1ed1t nghi\u1ec7p \u0110\u1ea1i h\u1ecdc ho\u1eb7c Cao \u0110\u1eb3ng K\u1ef9 thu\u1eadt chuy\u00ean ngh\u00e0nh \u0110i\u1ec7n C\u00f4ng nghi\u1ec7p, Thi\u1ebft b\u1ecb \u0111i\u1ec7n ho\u1eb7c T\u1ef1 \u0111\u1ed9ng ho\u00e1<\/li>\n<li>C\u00f3 2-3 n\u0103m kinh nghi\u1ec7m l\u00e0m Sales trong ng\u00e0nh \u0111i\u1ec7n\/t\u1ef1 \u0111\u1ed9ng ho\u00e1.<\/li>\n<li>Hi\u1ec3u bi\u1ebft v\u1ec1 h\u1ec7 th\u1ed1ng \u0111i\u1ec7n, t\u1ee7 b\u1ea3ng, c\u00e1c h\u1ec7 th\u1ed1ng \u0111i\u1ec1u khi\u1ec3n c\u00f4ng nghi\u1ec7p, c\u00e1c thi\u1ebft b\u1ecb \u0111o l\u01b0\u1eddng v\u00e0 c\u1ea3m bi\u1ebfn.<\/li>\n<li>C\u00f3 kh\u1ea3 n\u0103ng \u0111\u1ecdc hi\u1ec3u c\u00e1c t\u00e0i li\u1ec7u chuy\u00ean m\u00f4n b\u1eb1ng Ti\u1ebfng Anh.<\/li>\n<li>S\u1eed d\u1ee5ng th\u00e0nh th\u1ea1o Vi t\u00ednh: Words, Excel, AutoCAD...<\/li>\n<li>Nhanh nh\u1eb9n, ch\u1ecbu kh\u00f3, c\u00f3 kh\u1ea3 n\u0103ng l\u00e0m vi\u1ec7c \u0111\u1ed9c l\u1eadp, c\u00f3 kh\u1ea3 n\u0103ng giao ti\u1ebfp v\u00e0 thuy\u1ebft ph\u1ee5c kh\u00e1ch h\u00e0ng.<\/li>\n<li>S\u1eb5n s\u00e0ng \u0111i c\u00f4ng t\u00e1c c\u00e1c t\u1ec9nh khi c\u00f3 y\u00eau c\u1ea7u.<\/li>\n<li>Quy\u1ec1n L\u1ee3i:<\/li>\n<li>M\u00f4i tr\u01b0\u1eddng l\u00e0m vi\u1ec7c n\u0103ng \u0111\u1ed9ng, chuy\u00ean nghi\u1ec7p.<\/li>\n<li>Thu nh\u1eadp x\u1ee9ng \u0111\u00e1ng v\u1edbi n\u0103ng l\u1ef1c, \u0111\u1eb7c bi\u1ec7t c\u00f3 th\u01b0\u1edfng theo doanh thu b\u00e1n h\u00e0ng.<\/li>\n<li>C\u00f3 c\u01a1 h\u1ed9i n\u00e2ng cao kh\u1ea3 n\u0103ng thuy\u1ebft tr\u00ecnh v\u00e0 qu\u1ea3ng giao.<\/li>\n<\/ul>\n<p>&#8212;&#8212;&#8212;&#8212;&#8212;&#8212;&#8212;&#8212;&#8212;&#8212;&#8212;&#8212;&#8212;&#8212;&#8212;&#8212;&#8212;&#8212;&#8212;&#8212;&#8212;&#8212;&#8212;&#8212;&#8212;&#8212;&#8212;&#8212;&#8212;&#8212;&#8212;&#8212;&#8212;&#8212;&#8212;&#8212;&#8212;&#8212;&#8212;-<\/p>\n<p><strong>*** QUY\u1ec0N L\u1ee2I<\/strong><\/p>\n<ul>\n<li>M\u1ee9c l\u01b0\u01a1ng c\u1ea1nh tranh theo n\u0103ng l\u1ef1c + th\u01b0\u1edfng theo doanh s\u1ed1 v\u00e0 k\u1ebft qu\u1ea3 chung c\u1ee7a C\u00f4ng ty<\/li>\n<li>\u0110\u01b0\u1ee3c \u0111\u00e0o t\u1ea1o chuy\u00ean s\u00e2u v\u1ec1 s\u1ea3n ph\u1ea9m, k\u1ef9 thu\u1eadt v\u00e0 k\u1ef9 n\u0103ng b\u00e1n h\u00e0ng.<\/li>\n<li>C\u00f3 c\u01a1 h\u1ed9i \u0111\u01b0\u1ee3c l\u00e0m vi\u1ec7c v\u00e0 \u0111\u00e0o t\u1ea1o trong v\u00e0 ngo\u00e0i n\u01b0\u1edbc v\u1edbi c\u00e1c H\u00e3ng s\u1ea3n xu\u1ea5t thi\u1ebft b\u1ecb n\u1ed5i ti\u1ebfng tr\u00ean Th\u1ebf gi\u1edbi.<\/li>\n<li>M\u00f4i tr\u01b0\u1eddng l\u00e0m vi\u1ec7c chuy\u00ean nghi\u1ec7p, n\u0103ng \u0111\u1ed9ng, c\u1edfi m\u1edf, c\u01a1 h\u1ed9i th\u0103ng ti\u1ebfn l\u00ean v\u1ecb tr\u00ed qu\u1ea3n l\u00fd c\u1ea5p cao, l\u00e3nh \u0111\u1ea1o ph\u00f2ng ban.<\/li>\n<li>\u0110\u01b0\u1ee3c h\u01b0\u1edfng \u0111\u1ea7y \u0111\u1ee7 ch\u1ebf \u0111\u1ed9 BHXH, BHYT, du l\u1ecbch, th\u01b0\u1edfng l\u1ec5\/ T\u1ebft theo quy \u0111\u1ecbnh c\u00f4ng ty.<\/li>\n<li><strong>Th\u1eddi gian l\u00e0m vi\u1ec7c: T\u1eeb 9h-17h c\u00e1c ng\u00e0y trong tu\u1ea7n t\u1eeb T2-T6 (ngh\u1ec9 T7 v\u00e0 CN)<\/strong><\/li>\n<li><strong>C\u00f4ng ty ph\u1ee5 c\u1ea5p \u0111\u1ea7y \u0111\u1ee7 b\u1eefa \u0103n tr\u01b0a, c\u1ea5p laptop, ti\u1ec7c sinh nh\u1eadt cho c\u00e1c th\u00e0nh vi\u00ean,\u2026<\/strong><\/li>\n<\/ul>\n<h2 data-start=\"1132\" data-end=\"1154\"><span style=\"color: #ff0000;\"><strong data-start=\"1138\" data-end=\"1154\">Apply Now&#8230;<\/strong><\/span><\/h2>\n<p data-start=\"1156\" data-end=\"1309\">\u1ee8ng vi\u00ean quan t\u00e2m vui l\u00f2ng g\u1eedi CV (ti\u1ebfng Vi\u1ec7t ho\u1eb7c ti\u1ebfng Anh) v\u1ec1:<br data-start=\"1241\" data-end=\"1244\" \/>\ud83d\udce7 <strong data-start=\"1247\" data-end=\"1270\"><a class=\"decorated-link cursor-pointer\" rel=\"noopener\" data-start=\"1249\" data-end=\"1268\">sales@vintec.com.vn<\/a><\/strong><br data-start=\"1270\" data-end=\"1273\" \/>\ud83d\udcde <strong data-start=\"1276\" data-end=\"1289\">Tel\/Zalo:<\/strong> (+84) 988 865 287<\/p>\n<p data-start=\"1156\" data-end=\"1309\">Or scan our QR code below to submit your Job Application and CV:<\/p>\n<p data-start=\"1156\" data-end=\"1309\"><img loading=\"lazy\" decoding=\"async\" class=\"wp-image-7251 aligncenter\" src=\"https:\/\/vintec.com.vn\/wp-content\/uploads\/2025\/11\/qr-code-1.png\" alt=\"\" width=\"103\" height=\"103\" srcset=\"https:\/\/vintec.com.vn\/wp-content\/uploads\/2025\/11\/qr-code-1.png 1147w, https:\/\/vintec.com.vn\/wp-content\/uploads\/2025\/11\/qr-code-1-768x768.png 768w, https:\/\/vintec.com.vn\/wp-content\/uploads\/2025\/11\/qr-code-1-12x12.png 12w\" sizes=\"auto, (max-width: 103px) 100vw, 103px\" \/><\/p>\n<p><img loading=\"lazy\" decoding=\"async\" class=\"wp-image-7257 aligncenter\" src=\"https:\/\/vintec.com.vn\/wp-content\/uploads\/2025\/11\/TUYEN-DUNG.jpg\" alt=\"\" width=\"833\" height=\"76\" srcset=\"https:\/\/vintec.com.vn\/wp-content\/uploads\/2025\/11\/TUYEN-DUNG.jpg 723w, https:\/\/vintec.com.vn\/wp-content\/uploads\/2025\/11\/TUYEN-DUNG-18x2.jpg 18w\" sizes=\"auto, (max-width: 833px) 100vw, 833px\" \/><\/p>","protected":false},"excerpt":{"rendered":"<p>VINTEC Engineering JSC represents the convergence of expertise, experience, and reputation from Vietnam\u2019s leading technical professionals, who have dedicated many years to the fields of project management and supervision as well as Integration of measurement &amp; control, and industrial automation systems We have been deeply involved in numerous large-scale industrial projects across key sectors such&#8230;<\/p>","protected":false},"author":1,"featured_media":0,"parent":0,"menu_order":0,"comment_status":"closed","ping_status":"closed","template":"","meta":{"_monsterinsights_skip_tracking":false,"_monsterinsights_sitenote_active":false,"_monsterinsights_sitenote_note":"","_monsterinsights_sitenote_category":0,"footnotes":""},"class_list":["post-4837","page","type-page","status-publish","hentry"],"aioseo_notices":[],"_links":{"self":[{"href":"https:\/\/vintec.com.vn\/vi\/wp-json\/wp\/v2\/pages\/4837","targetHints":{"allow":["GET"]}}],"collection":[{"href":"https:\/\/vintec.com.vn\/vi\/wp-json\/wp\/v2\/pages"}],"about":[{"href":"https:\/\/vintec.com.vn\/vi\/wp-json\/wp\/v2\/types\/page"}],"author":[{"embeddable":true,"href":"https:\/\/vintec.com.vn\/vi\/wp-json\/wp\/v2\/users\/1"}],"replies":[{"embeddable":true,"href":"https:\/\/vintec.com.vn\/vi\/wp-json\/wp\/v2\/comments?post=4837"}],"version-history":[{"count":22,"href":"https:\/\/vintec.com.vn\/vi\/wp-json\/wp\/v2\/pages\/4837\/revisions"}],"predecessor-version":[{"id":7261,"href":"https:\/\/vintec.com.vn\/vi\/wp-json\/wp\/v2\/pages\/4837\/revisions\/7261"}],"wp:attachment":[{"href":"https:\/\/vintec.com.vn\/vi\/wp-json\/wp\/v2\/media?parent=4837"}],"curies":[{"name":"wp","href":"https:\/\/api.w.org\/{rel}","templated":true}]}}