{"id":4950,"date":"2022-09-30T04:11:04","date_gmt":"2022-09-30T04:11:04","guid":{"rendered":"http:\/\/139.180.194.18:8999\/?page_id=4950"},"modified":"2025-08-02T02:54:04","modified_gmt":"2025-08-02T02:54:04","slug":"vintec-flow-measurement","status":"publish","type":"page","link":"https:\/\/vintec.com.vn\/vi\/vintec-flow-measurement\/","title":{"rendered":"Thi\u1ebft b\u1ecb \u0111o l\u01b0u l\u01b0\u1ee3ng"},"content":{"rendered":"<div class=\"row\"  id=\"row-585550300\">\n\n\t<div id=\"col-1374596014\" class=\"col medium-6 large-6\"  >\n\t\t\t\t<div class=\"col-inner\"  >\n\t\t\t\n\t\t\t\n<h3 class=\"h3\"><span style=\"color: #ff0000;\">Thi\u00ea\u0301t bi\u0323 \u0111o l\u01b0u l\u01b0\u01a1\u0323ng<\/span><\/h3>\n<p><a href=\"https:\/\/krohne.com\/en\/products\/flow-measurement\"><img loading=\"lazy\" decoding=\"async\" class=\"alignnone size-full wp-image-6134\" src=\"https:\/\/vintec.com.vn\/wp-content\/uploads\/2022\/12\/Krohne-Flowmter.png\" alt=\"\" width=\"548\" height=\"411\" srcset=\"https:\/\/vintec.com.vn\/wp-content\/uploads\/2022\/12\/Krohne-Flowmter.png 548w, https:\/\/vintec.com.vn\/wp-content\/uploads\/2022\/12\/Krohne-Flowmter-16x12.png 16w\" sizes=\"auto, (max-width: 548px) 100vw, 548px\" \/><\/a><\/p>\n\t\t<\/div>\n\t\t\t\t\t<\/div>\n\n\t\n\n\t<div id=\"col-989528885\" class=\"col medium-6 large-6\"  >\n\t\t\t\t<div class=\"col-inner\"  >\n\t\t\t\n\t\t\t\n<p><a href=\"https:\/\/www.fluidcomponents.com\/products\/mass-flow-meters\"><img loading=\"lazy\" decoding=\"async\" class=\"alignnone wp-image-6372 size-full\" src=\"https:\/\/vintec.com.vn\/wp-content\/uploads\/2024\/01\/FCI-family-1.jpg\" alt=\"\" width=\"437\" height=\"453\" srcset=\"https:\/\/vintec.com.vn\/wp-content\/uploads\/2024\/01\/FCI-family-1.jpg 437w, https:\/\/vintec.com.vn\/wp-content\/uploads\/2024\/01\/FCI-family-1-12x12.jpg 12w\" sizes=\"auto, (max-width: 437px) 100vw, 437px\" \/><\/a><\/p>\n\t\t<\/div>\n\t\t\t\t\t<\/div>\n\n\t\n<\/div>\n<div class=\"row\"  id=\"row-1397542215\">\n\n\t<div id=\"col-1533433977\" class=\"col medium-12 large-12\"  >\n\t\t\t\t<div class=\"col-inner\"  >\n\t\t\t\n\t\t\t\n<h4 class=\"h5\"><span style=\"color: #ff0000;\">\u0110\u00f4\u0300ng h\u00f4\u0300 \u0111o l\u01b0u l\u01b0\u01a1\u0323ng va\u0300 tool h\u00f4\u0303 tr\u01a1\u0323<\/span><\/h4>\n<div class=\"excerpt styled-list-wrapper\">\n<ul>\n<li>\u01af\u0301ng du\u0323ng trong toa\u0300n b\u00f4\u0323 ca\u0301c quy tri\u0300nh c\u00f4ng nghi\u00ea\u0323p<\/li>\n<li>Da\u0309i sa\u0309n ph\u00e2\u0309m \u0111a da\u0323ng t\u01b0\u0300 \u0111\u00f4\u0300ng h\u00f4\u0300 c\u01a1 \u0111\u00ea\u0301n ki\u00ea\u0309u \u0111i\u00ea\u0323n t\u01b0\u0309 v\u01a1\u0301i ca\u0301c ti\u0301nh n\u0103ng cao c\u00e2\u0301p<\/li>\n<li>Cung c\u00e2\u0301p \u0111\u00e2\u0300y \u0111u\u0309 c\u00f4ng cu\u0323, ph\u00e2\u0300n m\u00ea\u0300m h\u00f4\u0303 tr\u01a1\u0323 k\u00ea\u0301t n\u00f4\u0301i chuy\u00ean du\u0323ng<\/li>\n<\/ul>\n<\/div>\n\t\t<\/div>\n\t\t\t\t\t<\/div>\n\n\t\n<\/div>\n<div class=\"row\"  id=\"row-799138422\">\n\n\t<div id=\"col-945926465\" class=\"col medium-6 large-6\"  >\n\t\t\t\t<div class=\"col-inner\"  >\n\t\t\t\n\t\t\t\n<h4 class=\"h3\"><span style=\"color: #ff0000;\">\u0110\u1ed3ng h\u1ed3 \u0111o l\u01b0u l\u01b0\u1ee3ng ki\u1ec3u \u0111i\u1ec7n t\u1eeb<\/span><\/h4>\n<p><a href=\"https:\/\/krohne.com\/en\/products\/flow-measurement\/flowmeters\/electromagnetic-flowmeters\"><img loading=\"lazy\" decoding=\"async\" class=\"alignnone size-full wp-image-6203\" src=\"https:\/\/vintec.com.vn\/wp-content\/uploads\/2023\/11\/electromagnetic-flowmeters.webp\" alt=\"\" width=\"1200\" height=\"675\" srcset=\"https:\/\/vintec.com.vn\/wp-content\/uploads\/2023\/11\/electromagnetic-flowmeters.webp 1200w, https:\/\/vintec.com.vn\/wp-content\/uploads\/2023\/11\/electromagnetic-flowmeters-768x432.webp 768w, https:\/\/vintec.com.vn\/wp-content\/uploads\/2023\/11\/electromagnetic-flowmeters-18x10.webp 18w\" sizes=\"auto, (max-width: 1200px) 100vw, 1200px\" \/><\/a><\/p>\n<h5 class=\"h5\">Cho t\u1ea5t c\u1ea3 c\u00e1c \u1ee9ng d\u1ee5ng m\u00f4i ch\u1ea5t d\u1eabn \u0111i\u1ec7n<\/h5>\n<div class=\"excerpt styled-list-wrapper\">\n<ul>\n<li>T\u1eeb \u1ee9ng d\u1ee5ng c\u01a1 b\u1ea3n \u0111\u1ebfn c\u00e1c y\u00eau c\u1ea7u chuy\u00ean bi\u1ec7t, bao g\u1ed3m c\u00e1c m\u1ee5c \u0111\u00edch th\u01b0\u01a1ng m\u1ea1i (custody transfer) v\u00e0 c\u00e1c \u1ee9ng d\u1ee5ng li\u00ean quan \u0111\u1ebfn an to\u00e0n cao (l\u00ean t\u1edbi SIL 2\/3)<\/li>\n<li>Thi\u1ebft k\u1ebf v\u00e0 v\u1eadt li\u1ec7u th\u00e2n l\u00f3t, \u0111i\u1ec7n c\u1ef1c ph\u00f9 h\u1ee3p cho m\u1ecdi \u1ee9ng d\u1ee5ng- t\u1eeb n\u01b0\u1edbc s\u1ea1ch \u0111\u1ebfn m\u00f4i ch\u1ea5t c\u1ef1c k\u1ef3 b\u00e1m d\u00ednh, \u0103n m\u00f2n v\u00e0 b\u00e0o m\u00f2n<\/li>\n<li>D\u1ea3i \u0111\u01b0\u1eddng \u1ed1ng \u0111a d\u1ea1ng \u0111\u1ebfn DN3000 \/ 120\"<\/li>\n<\/ul>\n<\/div>\n\t\t<\/div>\n\t\t\t\t\t<\/div>\n\n\t\n\n\t<div id=\"col-634977267\" class=\"col medium-6 large-6\"  >\n\t\t\t\t<div class=\"col-inner\"  >\n\t\t\t\n\t\t\t\n<h4 class=\"h3\"><span style=\"color: #ff0000;\">\u0110\u1ed3ng h\u1ed3 \u0111o l\u01b0u l\u01b0\u1ee3ng ki\u1ec3u Coriolis<\/span><\/h4>\n<p><a href=\"https:\/\/krohne.com\/en\/products\/flow-measurement\/flowmeters\/coriolis-mass-flowmeters\"><img loading=\"lazy\" decoding=\"async\" class=\"alignnone size-full wp-image-6205\" src=\"https:\/\/vintec.com.vn\/wp-content\/uploads\/2023\/11\/coriolis-mass-flowmeters.webp\" alt=\"\" width=\"1200\" height=\"675\" srcset=\"https:\/\/vintec.com.vn\/wp-content\/uploads\/2023\/11\/coriolis-mass-flowmeters.webp 1200w, https:\/\/vintec.com.vn\/wp-content\/uploads\/2023\/11\/coriolis-mass-flowmeters-768x432.webp 768w, https:\/\/vintec.com.vn\/wp-content\/uploads\/2023\/11\/coriolis-mass-flowmeters-18x10.webp 18w\" sizes=\"auto, (max-width: 1200px) 100vw, 1200px\" \/><\/a><\/p>\n<h5 class=\"h5\">Cho t\u1ea5t c\u1ea3 c\u00e1c \u1ee9ng d\u1ee5ng qu\u00e1 tr\u00ecnh v\u00e0 \u0111o \u0111\u1ebfm th\u01b0\u01a1ng m\u1ea1i<\/h5>\n<div class=\"excerpt styled-list-wrapper\">\n<ul>\n<li>\u0110o l\u01b0\u1eddng l\u01b0u l\u01b0\u1ee3ng th\u1ec3 t\u00edch, kh\u1ed1i l\u01b0\u1ee3ng v\u00e0 nhi\u1ec7t \u0111\u1ed9 c\u1ee7a ch\u1ea5t l\u1ecfng v\u00e0 kh\u00ed, t\u1ef7 tr\u1ecdng v\u00e0 n\u1ed3ng \u0111\u1ed9 m\u00f4i ch\u1ea5t.<\/li>\n<li>Secure wireless access via Bluetooth<sup>\u00ae<\/sup>, even in safety-related applications<\/li>\n<li>\u1ee8ng d\u1ee5ng Entrained Gas Management (EGM\u2122): Duy tr\u00ec ho\u1ea1t \u0111\u1ed9ng tr\u00ean d\u1ea3i r\u1ed9ng c\u1ee7a th\u1ec3 t\u00edch kh\u00ed, l\u00ean t\u1edbi 100% v\u00e0 t\u1ea1i nh\u1eefng \u0111i\u1ec1u ki\u1ec7n l\u01b0u l\u01b0\u1ee3ng ph\u1ee9c t\u1ea1p.<\/li>\n<\/ul>\n<\/div>\n\t\t<\/div>\n\t\t\t\t\t<\/div>\n\n\t\n<\/div>\n<div class=\"row\"  id=\"row-1150963466\">\n\n\t<div id=\"col-110595346\" class=\"col medium-6 large-6\"  >\n\t\t\t\t<div class=\"col-inner\"  >\n\t\t\t\n\t\t\t\n<h4 class=\"h3\"><span style=\"color: #ff0000;\">\u0110\u1ed3ng h\u1ed3 \u0111o l\u01b0u l\u01b0\u1ee3ng n\u01b0\u1edbc ki\u1ec3u si\u00eau \u00e2m<\/span><\/h4>\n<p><a href=\"https:\/\/krohne.com\/en\/products\/flow-measurement\/flowmeters\/ultrasonic-flowmeters\"><img loading=\"lazy\" decoding=\"async\" class=\"alignnone size-full wp-image-6208\" src=\"https:\/\/vintec.com.vn\/wp-content\/uploads\/2023\/11\/ultrasonic-flowmeters.webp\" alt=\"\" width=\"1200\" height=\"675\" srcset=\"https:\/\/vintec.com.vn\/wp-content\/uploads\/2023\/11\/ultrasonic-flowmeters.webp 1200w, https:\/\/vintec.com.vn\/wp-content\/uploads\/2023\/11\/ultrasonic-flowmeters-768x432.webp 768w, https:\/\/vintec.com.vn\/wp-content\/uploads\/2023\/11\/ultrasonic-flowmeters-18x10.webp 18w\" sizes=\"auto, (max-width: 1200px) 100vw, 1200px\" \/><\/a><\/p>\n<h5 class=\"h5\">Cho t\u1ea5t c\u1ea3 c\u00e1c \u1ee9ng d\u1ee5ng qu\u00e1 tr\u00ecnh v\u00e0 c\u00f4ng nghi\u1ec7p, \u0111\u1ed3ng h\u1ed3 t\u00ednh n\u0103ng l\u01b0\u1ee3ng v\u00e0 c\u00e1c \u1ee9ng d\u1ee5ng \u0111o \u0111\u1ebfm th\u01b0\u01a1ng m\u1ea1i (custody transfer)<\/h5>\n<div class=\"excerpt styled-list-wrapper\">\n<ul>\n<li>D\u1ea3i s\u1ea3n ph\u1ea9m to\u00e0n di\u1ec7n cho h\u01a1i, ch\u1ea5t l\u1ecfng v\u00e0 kh\u00ed gas<\/li>\n<li>C\u00e1c \u1ee9ng d\u1ee5ng nhi\u1ec7t \u0111\u1ed9 cao ho\u1eb7c \u1ee9ng d\u1ee5ng kho l\u1ea1nh, nhi\u1ec1u s\u1ea3n ph\u1ea9m kh\u00e1c nhau cho y\u00eau c\u1ea7u \u00e1p su\u1ea5t cao v\u00e0 \u0111\u1ed9 nh\u1edbt cao.<\/li>\n<li>Thi\u1ebft k\u1ebf \u0111a d\u1ea1ng: t\u1eeb thi\u1ebft b\u1ecb k\u1eb9p ngo\u00e0i \u0111\u01b0\u1eddng \u1ed1ng, \u0111\u1ebfn lo\u1ea1i t\u00edch h\u1ee3p \u0111a- c\u1eb7p c\u1ea3m bi\u1ebfn si\u00eau \u00e2m b\u00ean trong th\u00e2n \u0111\u1ed3ng h\u1ed3.<\/li>\n<\/ul>\n<\/div>\n\t\t<\/div>\n\t\t\t\t\t<\/div>\n\n\t\n\n\t<div id=\"col-581309355\" class=\"col medium-6 large-6\"  >\n\t\t\t\t<div class=\"col-inner\"  >\n\t\t\t\n\t\t\t\n<h4 class=\"h3\"><span style=\"color: #ff0000;\">\u0110\u1ed3ng h\u1ed3 \u0111o l\u01b0u l\u01b0\u1ee3ng VA<\/span><\/h4>\n<p><a href=\"https:\/\/krohne.com\/en\/products\/flow-measurement\/flowmeters\/variable-area-flowmeters\"><img loading=\"lazy\" decoding=\"async\" class=\"alignnone size-full wp-image-6209\" src=\"https:\/\/vintec.com.vn\/wp-content\/uploads\/2023\/11\/variable-area-flowmeters.webp\" alt=\"\" width=\"1200\" height=\"675\" srcset=\"https:\/\/vintec.com.vn\/wp-content\/uploads\/2023\/11\/variable-area-flowmeters.webp 1200w, https:\/\/vintec.com.vn\/wp-content\/uploads\/2023\/11\/variable-area-flowmeters-768x432.webp 768w, https:\/\/vintec.com.vn\/wp-content\/uploads\/2023\/11\/variable-area-flowmeters-18x10.webp 18w\" sizes=\"auto, (max-width: 1200px) 100vw, 1200px\" \/><\/a><\/p>\n<h5 class=\"h5\">Cho c\u00e1c \u1ee9ng d\u1ee5ng \u0111\u01a1n gi\u1ea3n, \u0111o l\u01b0\u1eddng l\u01b0u l\u01b0\u1ee3ng kh\u00ed v\u00e0 m\u00f4i ch\u1ea5t l\u1ecfng m\u00e0 kh\u00f4ng c\u1ea7n ngu\u1ed3n c\u1ea5p<\/h5>\n<div class=\"excerpt styled-list-wrapper\">\n<ul>\n<li>\u0110\u1ed3ng h\u1ed3 d\u1ea1ng \u1ed1ng kim lo\u1ea1i ho\u1eb7c m\u1eb7t k\u00ednh cho c\u00e1c \u1ee9ng d\u1ee5ng l\u01b0u l\u01b0\u1ee3ng th\u1ea5p &lt;DN15 \/ \u00bd\u2033<\/li>\n<li>\u0110\u00e2\u0300u ra switches, 4\u202620mA, HART\u00ae, FOUNDATION\u2122 Fieldbus, Profibus-PA<sup>\u00ae<\/sup>, FOUNDATION\u2122 Fieldbus, Profibus-PA<\/li>\n<li>Thi\u1ebft k\u1ebf theo ti\u00eau chu\u00e2\u0309n qu\u00f4\u0301c t\u00ea\u0301 cho ca\u0301c vi\u0323 tri\u0301 kh\u0103\u0301c nghi\u00ea\u0323t, \u0111a\u0301p \u01b0\u0301ng chu\u00e2\u0309n an toa\u0300n  ph\u00f9 h\u1ee3p SIL 2<\/li>\n<\/ul>\n<\/div>\n\t\t<\/div>\n\t\t\t\t\t<\/div>\n\n\t\n<\/div>\n<div class=\"row\"  id=\"row-481301057\">\n\n\t<div id=\"col-452623783\" class=\"col medium-6 large-6\"  >\n\t\t\t\t<div class=\"col-inner\"  >\n\t\t\t\n\t\t\t\n<h4 class=\"h3\"><span style=\"color: #ff0000;\">\u0110\u1ed3ng h\u1ed3 \u0111o l\u01b0u l\u01b0\u1ee3ng ki\u1ec3u ch\u00eanh \u00e1p<\/span><\/h4>\n<p><a href=\"https:\/\/krohne.com\/en\/products\/flow-measurement\/flowmeters\/differential-pressure-flowmeters\"><img loading=\"lazy\" decoding=\"async\" class=\"alignnone size-full wp-image-6210\" src=\"https:\/\/vintec.com.vn\/wp-content\/uploads\/2023\/11\/differential-pressure-flowmeters.webp\" alt=\"\" width=\"1200\" height=\"675\" srcset=\"https:\/\/vintec.com.vn\/wp-content\/uploads\/2023\/11\/differential-pressure-flowmeters.webp 1200w, https:\/\/vintec.com.vn\/wp-content\/uploads\/2023\/11\/differential-pressure-flowmeters-768x432.webp 768w, https:\/\/vintec.com.vn\/wp-content\/uploads\/2023\/11\/differential-pressure-flowmeters-18x10.webp 18w\" sizes=\"auto, (max-width: 1200px) 100vw, 1200px\" \/><\/a><\/p>\n<h5 class=\"h5\">\u01af\u0301ng du\u0323ng r\u00f4\u0323ng ra\u0303i trong c\u00f4ng nghi\u00ea\u0323p<\/h5>\n<div class=\"excerpt styled-list-wrapper\">\n<ul>\n<li>Cho c\u00e1c \u1ee9ng d\u1ee5ng \u0111o l\u01b0\u1eddng l\u01b0u l\u01b0\u1ee3ng th\u1ec3 t\u00edch, kh\u1ed1i l\u01b0\u1ee3ng v\u00e0 t\u1ef7 tr\u1ecdng c\u1ee7a ch\u1ea5t l\u1ecfng, kh\u00ed gas v\u00e0 h\u01a1i<\/li>\n<li>C\u1ea5u h\u00ecnh \u0111\u1ed3ng h\u1ed3 ho\u00e0n ch\u1ec9nh v\u1edbi b\u1ed9 chuy\u1ec3n \u0111\u1ed5i t\u00edn hi\u1ec7u ch\u00eanh \u00e1p, hi\u1ec7u chu\u1ea9n v\u00e0 c\u00e1c ch\u1ee9ng ch\u1ec9 \u0111i k\u00e8m.<\/li>\n<li>Tu\u00e2n th\u1ee7 theo c\u00e1c ti\u00eau chu\u1ea9n qu\u1ed1c t\u1ebf nh\u01b0: ISO 5167, ASME MFC-3M, PED 2014\/68\/EU v\u00e0 CE marking.<\/li>\n<\/ul>\n<\/div>\n\t\t<\/div>\n\t\t\t\t\t<\/div>\n\n\t\n\n\t<div id=\"col-1002994729\" class=\"col medium-6 large-6\"  >\n\t\t\t\t<div class=\"col-inner\"  >\n\t\t\t\n\t\t\t\n<h4 class=\"h3\"><span style=\"color: #ff0000;\">\u0110\u1ed3ng h\u1ed3 \u0111o l\u01b0u l\u01b0\u1ee3ng ki\u1ec3u d\u00f2ng xo\u00e1y Vortex<\/span><\/h4>\n<p><a href=\"https:\/\/krohne.com\/en\/products\/flow-measurement\/flowmeters\/vortex-flowmeters\"><img loading=\"lazy\" decoding=\"async\" class=\"alignnone size-full wp-image-6211\" src=\"https:\/\/vintec.com.vn\/wp-content\/uploads\/2023\/11\/vortex-flowmeters.webp\" alt=\"\" width=\"1200\" height=\"675\" srcset=\"https:\/\/vintec.com.vn\/wp-content\/uploads\/2023\/11\/vortex-flowmeters.webp 1200w, https:\/\/vintec.com.vn\/wp-content\/uploads\/2023\/11\/vortex-flowmeters-768x432.webp 768w, https:\/\/vintec.com.vn\/wp-content\/uploads\/2023\/11\/vortex-flowmeters-18x10.webp 18w\" sizes=\"auto, (max-width: 1200px) 100vw, 1200px\" \/><\/a><\/p>\n<h5 class=\"h5\">Cho t\u1ea5t c\u1ea3 c\u00e1c \u1ee9ng d\u1ee5ng qu\u00e1 tr\u00ecnh, qu\u1ea3n l\u00fd n\u0103ng l\u01b0\u1ee3ng cao c\u1ea5p v\u00e0 c\u00e1c h\u1ec7 th\u1ed1ng \u0111o l\u01b0\u1eddng an to\u00e0n (SIS)<\/h5>\n<div class=\"excerpt styled-list-wrapper\">\n<ul>\n<li>Thi\u1ebft k\u1ebf \u0111\u1ed3ng h\u1ed3 tinh x\u1ea3o \u0111\u01b0\u1ee3c t\u00edch h\u1ee3p \u00e1p su\u1ea5t v\u00e0 b\u00f9 nhi\u1ec7t \u0111\u1ed9 c\u0169ng nh\u01b0 t\u00edch h\u1ee3p t\u00ednh to\u00e1n n\u0103ng l\u01b0\u1ee3ng ti\u00eau th\u1ee5.<\/li>\n<li>\u0110\u01b0\u1ee3c ch\u1ee9ng nh\u1eadn cho c\u00e1c h\u1ec7 th\u1ed1ng \u0111o l\u01b0\u1eddng an to\u00e0n (SIS)<\/li>\n<li>Thi\u1ebft k\u1ebf b\u1ec1n ch\u1eafc v\u00e0 chi ph\u00ed h\u1ee3p l\u00fd cho c\u00e1c \u0111i\u1ec1u ki\u1ec7n m\u00f4i ch\u1ea5t ph\u1ee9c t\u1ea1p c\u0169ng nh\u01b0 c\u00e1c \u1ee9ng d\u1ee5ng c\u01a1 b\u1ea3n.<\/li>\n<\/ul>\n<\/div>\n\t\t<\/div>\n\t\t\t\t\t<\/div>\n\n\t\n<\/div>\n<div class=\"row\"  id=\"row-1085002316\">\n\n\t<div id=\"col-238319848\" class=\"col medium-6 large-6\"  >\n\t\t\t\t<div class=\"col-inner\"  >\n\t\t\t\n\t\t\t\n<h4 class=\"bdr-deco\"><span style=\"color: #ff0000;\">\u0110\u00f4\u0300ng h\u00f4\u0300 \u0111o l\u01b0u l\u01b0\u01a1\u0323ng khi\u0301 ki\u00ea\u0309u ph\u00e2n ta\u0301n nhi\u00ea\u0323t<\/span><\/h4>\n<p style=\"margin-bottom: 5.45px;\"><a href=\"https:\/\/www.fluidcomponents.com\/products\/mass-flow-meters\"><img loading=\"lazy\" decoding=\"async\" class=\"alignnone wp-image-6275\" src=\"https:\/\/vintec.com.vn\/wp-content\/uploads\/2022\/12\/FCI-ST-Series-hi.jpeg\" alt=\"\u0111o l\u01b0u l\u01b0\u1ee3ng, gas flowmeter, l\u01b0u l\u01b0\u1ee3ng k\u1ebf, \u0111o l\u01b0u l\u01b0\u1ee3ng ch\u1ea5t l\u1ecfng, \u0111o l\u01b0u l\u01b0\u1ee3ng kh\u00ed, kh\u00ed n\u00e9n, kh\u00ed gas, \u0111o l\u01b0u l\u01b0\u1ee3ng LPG, \u0111\u1ed3ng h\u1ed3 \u0111o n\u01b0\u1edbc th\u1ea3i\" width=\"358\" height=\"347\" \/><\/a><\/p>\n<h5>Da\u0309i sa\u0309n ph\u00e2\u0309m \u0111a da\u0323ng cho ca\u0301c \u01b0\u0301ng du\u0323ng \u0111o l\u01b0u l\u01b0\u01a1\u0323ng kho\u0301i gio\u0301 lo\u0300 h\u01a1i nhi\u00ea\u0323t \u0111i\u00ea\u0323n, khi\u0301, khi\u0301 ne\u0301n, khi\u0301 gas c\u00f4ng nghi\u00ea\u0323p<\/h5>\n<ul>\n<li>FCI Thermal mass flow meter using &#8220;thermal dispersion technology&#8221; with FCI innovations Adaptive Sensing Technology\u2122 (AST\u2122)<\/li>\n<li>Thi\u00ea\u0301t k\u00ea\u0301 kh\u00f4ng c\u00f3 b\u1ed9 ph\u1eadn chuy\u1ec3n \u0111\u1ed9ng, thi\u00ea\u0301t bi\u0323 \u0111o s\u01b0\u0309 du\u0323ng c\u00f4ng ngh\u00ea\u0323 ph\u00e2n ta\u0301n nhi\u00ea\u0323t cung c\u1ea5p gi\u1ea3i ph\u00e1p \u0111o c\u00f3 \u0111\u1ed9 l\u1eb7p l\u1ea1i cao, ch\u00ednh x\u00e1c cao, chi ph\u00ed th\u1ea5p, d\u1ec5 da\u0300ng l\u1eafp \u0111\u1eb7t \u0111\u1ec3 \u0111o l\u01b0u l\u01b0\u1ee3ng cho mo\u0323i loa\u0323i kh\u00ed v\u00e0 kh\u00ed gas.<\/li>\n<li>Thi\u00ea\u0301t bi\u0323 \u0111o FCI phu\u0300 h\u01a1\u0323p cho mo\u0323i \u01b0\u0301ng du\u0323ng co\u0301 nhi\u00ea\u0323t \u0111\u00f4\u0323 cao l\u00ean t\u01a1\u0301i 454\u00b0C, mo\u0323i ki\u0301ch c\u01a1\u0303 \u00f4\u0301ng nho\u0309 t\u01b0\u0300 1\/4 inch [6mm] cho \u0111\u00ea\u0301n ca\u0301c \u00f4\u0301ng kho\u0301i co\u0301 \u0111\u01b0\u01a1\u0300ng ki\u0301nh l\u01a1\u0301n &gt; 8m...<\/li>\n<\/ul>\n\t\t<\/div>\n\t\t\t\t\t<\/div>\n\n\t\n\n\t<div id=\"col-111834945\" class=\"col medium-6 large-6\"  >\n\t\t\t\t<div class=\"col-inner\"  >\n\t\t\t\n\t\t\t\n<h4 class=\"bdr-deco\"><span style=\"color: #ff0000;\">C\u00f4ng t\u0103\u0301c l\u01b0u l\u01b0\u01a1\u0323ng<\/span><\/h4>\n<p><a href=\"https:\/\/www.fluidcomponents.com\/products\/flow-switches\"><img loading=\"lazy\" decoding=\"async\" class=\"alignnone wp-image-6275\" src=\"https:\/\/vintec.com.vn\/wp-content\/uploads\/2023\/11\/FLT93S-FS10i-png.png\" alt=\"\" width=\"358\" height=\"347\" srcset=\"https:\/\/vintec.com.vn\/wp-content\/uploads\/2023\/11\/FLT93S-FS10i-png.png 441w, https:\/\/vintec.com.vn\/wp-content\/uploads\/2023\/11\/FLT93S-FS10i-png-12x12.png 12w\" sizes=\"auto, (max-width: 358px) 100vw, 358px\" \/><\/a><\/p>\n<h5>\u0110\u00f4\u0323 chi\u0301nh xa\u0301c va\u0300 l\u0103\u0323p \u0111o\u0323c cao cho ca\u0301c \u01b0\u0301ng du\u0323ng ch\u00e2\u0301t lo\u0309ng (n\u01b0\u01a1\u0301c, x\u0103ng d\u00e2\u0300u, d\u00e2\u0300u) va\u0300 khi\u0301\/ gas.<\/h5>\n<ul>\n<li>S\u01b0\u0309 du\u0323ng c\u00f4ng ngh\u00ea\u0323 ph\u00e2n ta\u0301n nhi\u00ea\u0323t.<\/li>\n<li>C\u00f4ng t\u0103\u0301c l\u01b0u l\u01b0\u01a1\u0323ng FCI phu\u0300 h\u01a1\u0323p cho mo\u0323i \u01b0\u0301ng du\u0323ng co\u0301 nhi\u00ea\u0323t \u0111\u00f4\u0323 cao l\u00ean t\u01a1\u0301i 454\u00b0C, mo\u0323i ki\u0301ch c\u01a1\u0303 \u00f4\u0301ng nho\u0309 t\u01b0\u0300 1\/8 inch (3mm) t\u01a1\u0301i  60 inches (1500 mm) ho\u0103\u0323c l\u01a1\u0301n h\u01a1n; \u0110a\u0301p \u01b0\u0301ng ca\u0301c ti\u00eau chu\u00e2\u0309n ch\u00f4\u0301ng cha\u0301y n\u00f4\u0309 cao nh\u01b0  Div.1\/Zone 1, and Div.2\/Zone 2 ho\u0103\u0323c chu\u00e2\u0309n an toa\u0300n SIL 1, SIL 2,\u2026<\/li>\n<li>C\u1ea3nh b\u00e1o\/\u0111i\u1ec3m \u0111\u0103\u0323t trip-points c\u00f3 th\u1ec3 \u0111\u01b0\u1ee3c c\u1ea5u h\u00ecnh t\u1ea1i hi\u1ec7n tr\u01b0\u1eddng cho l\u01b0u l\u01b0\u1ee3ng, nhi\u1ec7t \u0111\u1ed9 cao hay th\u1ea5p, \u0111\u1ed9 tr\u1ec5, \u0111\u1ed9 tr\u1ec5 th\u1eddi gian, v.v.<\/li>\n<\/ul>\n\t\t<\/div>\n\t\t\t\t\t<\/div>\n\n\t\n<\/div>\n<div class=\"row\"  id=\"row-1293819729\">\n\n\t<div id=\"col-29607254\" class=\"col medium-6 large-6\"  >\n\t\t\t\t<div class=\"col-inner\"  >\n\t\t\t\n\t\t\t\n<h4 class=\"bdr-deco\"><a href=\"https:\/\/smartmeasurement.com\/ultrasonic-flow-meters\/\"><span style=\"color: #ff0000;\">\u0110\u1ed3ng h\u1ed3 \u0111o l\u01b0u l\u01b0\u1ee3ng n\u01b0\u1edbc ki\u1ec3u si\u00eau \u00e2m<\/span><\/a><\/h4>\n<\/p>\n<p><a href=\"https:\/\/smartmeasurement.com\/ultrasonic-flow-meters\/\"><img loading=\"lazy\" decoding=\"async\" class=\"alignnone size-full wp-image-6695\" src=\"https:\/\/vintec.com.vn\/wp-content\/uploads\/2024\/10\/ultrasonic-flowmeters-1.jpg\" alt=\"\" width=\"406\" height=\"226\" srcset=\"https:\/\/vintec.com.vn\/wp-content\/uploads\/2024\/10\/ultrasonic-flowmeters-1.jpg 406w, https:\/\/vintec.com.vn\/wp-content\/uploads\/2024\/10\/ultrasonic-flowmeters-1-18x10.jpg 18w\" sizes=\"auto, (max-width: 406px) 100vw, 406px\" \/><\/a><\/p>\n<h5>ALSONIC Series<\/h5>\n<ul>\n<li>D\u1ea3i s\u1ea3n ph\u1ea9m ALSONIC s\u1eed d\u1ee5ng nguy\u00ean l\u00fd \u0111o l\u01b0u l\u01b0\u1ee3ng si\u00eau \u00e2m Doppler v\u00e0  transit-time cho ph\u00e9p l\u1eafp \u0111\u1eb7t k\u1eb9p ngo\u00e0i kh\u00f4ng ti\u1ebfp x\u00fac (clamp-on) v\u00e0 l\u1eafp \u0111\u1eb7t tr\u1ef1c ti\u1ebfp trong c\u00e1c \u1ee9ng d\u1ee5ng \u0111o l\u01b0u l\u01b0\u1ee3ng ch\u1ea5t l\u1ecfng. Gi\u00fap t\u1ed1i \u01b0u chi ph\u00ed l\u1eafp \u0111\u1eb7t v\u00e0 n\u00e2ng cao \u0111\u1ed9 tin c\u1eady trong v\u1eadn h\u00e0nh.<\/li>\n<\/ul>\n\t\t<\/div>\n\t\t\t\t\t<\/div>\n\n\t\n\n\t<div id=\"col-1317010503\" class=\"col medium-6 large-6\"  >\n\t\t\t\t<div class=\"col-inner\"  >\n\t\t\t\n\t\t\t\n<h4 class=\"bdr-deco\"><a href=\"https:\/\/smartmeasurement.com\/open-channel-flow-meters\/\"><span style=\"color: #ff0000;\">\u0110\u1ed3ng h\u1ed3 \u0111o l\u01b0u l\u01b0\u1ee3ng k\u00eanh h\u1edf<\/span><\/a><\/h4>\n<p><a href=\"https:\/\/smartmeasurement.com\/open-channel-flow-meters\/\"><img loading=\"lazy\" decoding=\"async\" class=\"alignnone size-full wp-image-6692\" src=\"https:\/\/vintec.com.vn\/wp-content\/uploads\/2024\/10\/open-channel.jpg\" alt=\"\" width=\"659\" height=\"361\" srcset=\"https:\/\/vintec.com.vn\/wp-content\/uploads\/2024\/10\/open-channel.jpg 659w, https:\/\/vintec.com.vn\/wp-content\/uploads\/2024\/10\/open-channel-18x10.jpg 18w\" sizes=\"auto, (max-width: 659px) 100vw, 659px\" \/><\/a><\/p>\n<h5>ALSONIC Series<\/h5>\n<ul>\n<li>\u0110o l\u01b0u l\u01b0\u1ee3ng ch\u00ednh x\u00e1c trong c\u00e1c k\u00eanh h\u1edf, \u0111\u00f3ng vai tr\u00f2 quan tr\u1ecdng \u0111\u1ed1i v\u1edbi vi\u1ec7c qu\u1ea3n l\u00fd gi\u00e1m s\u00e1t trong h\u1ec7 th\u1ed1ng x\u1eed l\u00fd n\u01b0\u1edbc th\u1ea3i (k\u00eanh, \u1ed1ng d\u1eabn,...), gi\u00e1m s\u00e1t n\u01b0\u1edbc m\u01b0a v\u00e0 h\u1ec7 th\u1ed1ng k\u00eanh m\u01b0\u01a1ng t\u01b0\u1edbi ti\u00eau.<\/li>\n<\/ul>\n\t\t<\/div>\n\t\t\t\t\t<\/div>\n\n\t\n<\/div>","protected":false},"excerpt":{"rendered":"","protected":false},"author":1,"featured_media":0,"parent":0,"menu_order":0,"comment_status":"closed","ping_status":"closed","template":"","meta":{"_monsterinsights_skip_tracking":false,"_monsterinsights_sitenote_active":false,"_monsterinsights_sitenote_note":"","_monsterinsights_sitenote_category":0,"footnotes":""},"class_list":["post-4950","page","type-page","status-publish","hentry"],"aioseo_notices":[],"_links":{"self":[{"href":"https:\/\/vintec.com.vn\/vi\/wp-json\/wp\/v2\/pages\/4950","targetHints":{"allow":["GET"]}}],"collection":[{"href":"https:\/\/vintec.com.vn\/vi\/wp-json\/wp\/v2\/pages"}],"about":[{"href":"https:\/\/vintec.com.vn\/vi\/wp-json\/wp\/v2\/types\/page"}],"author":[{"embeddable":true,"href":"https:\/\/vintec.com.vn\/vi\/wp-json\/wp\/v2\/users\/1"}],"replies":[{"embeddable":true,"href":"https:\/\/vintec.com.vn\/vi\/wp-json\/wp\/v2\/comments?post=4950"}],"version-history":[{"count":4,"href":"https:\/\/vintec.com.vn\/vi\/wp-json\/wp\/v2\/pages\/4950\/revisions"}],"predecessor-version":[{"id":7055,"href":"https:\/\/vintec.com.vn\/vi\/wp-json\/wp\/v2\/pages\/4950\/revisions\/7055"}],"wp:attachment":[{"href":"https:\/\/vintec.com.vn\/vi\/wp-json\/wp\/v2\/media?parent=4950"}],"curies":[{"name":"wp","href":"https:\/\/api.w.org\/{rel}","templated":true}]}}