{"id":4953,"date":"2022-09-30T04:11:21","date_gmt":"2022-09-30T04:11:21","guid":{"rendered":"http:\/\/139.180.194.18:8999\/?page_id=4953"},"modified":"2025-08-04T06:39:58","modified_gmt":"2025-08-04T06:39:58","slug":"vintec-level-measurement","status":"publish","type":"page","link":"https:\/\/vintec.com.vn\/vi\/vintec-level-measurement\/","title":{"rendered":"Thi\u1ebft b\u1ecb \u0111o m\u1ee9c"},"content":{"rendered":"<section class=\"section\" id=\"section_1357062800\">\n\t\t<div class=\"section-bg fill\" >\n\t\t\t\t\t\t\t\t\t\n\t\t\t\n\n\t\t<\/div>\n\n\t\t\n\n\t\t<div class=\"section-content relative\">\n\t\t\t\n<div class=\"row\"  id=\"row-14231990\">\n\n\t<div id=\"col-140310002\" class=\"col small-12 large-12\"  >\n\t\t\t\t<div class=\"col-inner\"  >\n\t\t\t\n\t\t\t\n<h4><span style=\"color: #ff0000;\">Thi\u1ebft b\u1ecb \u0111o m\u1ee9c<\/span><\/h4>\n<p><a href=\"https:\/\/krohne.com\/en\/products\/level-measurement\"><img loading=\"lazy\" decoding=\"async\" class=\"alignnone wp-image-4898 size-full\" src=\"https:\/\/vintec.com.vn\/wp-content\/uploads\/2022\/09\/level-transmitters.webp\" alt=\"\u0111o l\u01b0u l\u01b0\u1ee3ng, gas flowmeter, l\u01b0u l\u01b0\u1ee3ng k\u1ebf, \u0111o l\u01b0u l\u01b0\u1ee3ng ch\u1ea5t l\u1ecfng, \u0111o l\u01b0u l\u01b0\u1ee3ng kh\u00ed, kh\u00ed n\u00e9n, kh\u00ed gas, \u0111o l\u01b0u l\u01b0\u1ee3ng LPG, \u0111\u1ed3ng h\u1ed3 \u0111o n\u01b0\u1edbc th\u1ea3i\" width=\"1200\" height=\"675\" srcset=\"https:\/\/vintec.com.vn\/wp-content\/uploads\/2022\/09\/level-transmitters.webp 1200w, https:\/\/vintec.com.vn\/wp-content\/uploads\/2022\/09\/level-transmitters-300x169.webp 300w, https:\/\/vintec.com.vn\/wp-content\/uploads\/2022\/09\/level-transmitters-1024x576.webp 1024w, https:\/\/vintec.com.vn\/wp-content\/uploads\/2022\/09\/level-transmitters-768x432.webp 768w, https:\/\/vintec.com.vn\/wp-content\/uploads\/2022\/09\/level-transmitters-24x14.webp 24w, https:\/\/vintec.com.vn\/wp-content\/uploads\/2022\/09\/level-transmitters-36x20.webp 36w, https:\/\/vintec.com.vn\/wp-content\/uploads\/2022\/09\/level-transmitters-48x27.webp 48w\" sizes=\"auto, (max-width: 1200px) 100vw, 1200px\" \/><\/a><\/p>\n<h5>D\u1ea3i s\u1ea3n ph\u1ea9m ho\u00e0n ch\u1ec9nh cho \u0111o m\u1ee9c<\/h5>\n<ul>\n<li>Bao g\u1ed3m \u0111o m\u1ee9c li\u00ean t\u1ee5c, c\u00f4ng t\u1eafc m\u1ee9c, c\u00e1c b\u1ed9 hi\u1ec3n th\u1ecb v\u00e0 ph\u1ee5 ki\u1ec7n<\/li>\n<li>\u0110o m\u1ee9c li\u00ean t\u1ee5c v\u00e0 giao di\u1ec7n m\u1ee9c ho\u1eb7c ph\u00e1t hi\u1ec7n m\u1ee9c \u0111\u1eb7t<\/li>\n<li>\u0110o l\u01b0\u1eddng ti\u1ebfp x\u00fac tr\u1ef1c ti\u1ebfp ho\u1eb7c kh\u00f4ng ti\u1ebfp x\u00fac m\u1ee9c ch\u1ea5t l\u1ecfng, ch\u1ea5t d\u00ednh, h\u1ea1t r\u1eafn, b\u1ed9t, ch\u1ea5t r\u1eafn, silo h\u1ea1t r\u1eddi,\u2026.<\/li>\n<li>Cho c\u00e1c \u1ee9ng d\u1ee5ng \u0111\u01a1n gi\u1ea3n \u0111\u1ebfn y\u00eau c\u1ea7u cao, v\u00f9ng l\u1eafp \u0111\u1eb7t kh\u00f3 kh\u0103n cho \u0111\u1ebfn c\u00e1c h\u1ec7 th\u1ed1ng an to\u00e0n cao (SIL)<\/li>\n<\/ul>\n\t\t<\/div>\n\t\t\t\t\t<\/div>\n\n\t\n<\/div>\n\t\t<\/div>\n\n\t\t\n<style>\n#section_1357062800 {\n  padding-top: 60px;\n  padding-bottom: 60px;\n  background-color: #ffffff;\n}\n<\/style>\n\t<\/section>\n\t\n\n\t<section class=\"section\" id=\"section_1270545979\">\n\t\t<div class=\"section-bg fill\" >\n\t\t\t\t\t\t\t\t\t\n\t\t\t\n\n\t\t<\/div>\n\n\t\t\n\n\t\t<div class=\"section-content relative\">\n\t\t\t\n<div class=\"row\"  id=\"row-1348369809\">\n\n\t<div id=\"col-1852124095\" class=\"col medium-6 small-12 large-6\"  >\n\t\t\t\t<div class=\"col-inner\"  >\n\t\t\t\n\t\t\t\n<h4><span style=\"color: #ff0000;\">Thi\u1ebft b\u1ecb \u0111o m\u1ee9c li\u00ean t\u1ee5c<\/span><\/h4>\n<p><a href=\"https:\/\/krohne.com\/en\/products\/level-measurement\/level-transmitters\"><img loading=\"lazy\" decoding=\"async\" class=\"alignnone wp-image-4898 size-full\" src=\"https:\/\/vintec.com.vn\/wp-content\/uploads\/2022\/09\/level-transmitters.webp\" alt=\"\u0111o l\u01b0u l\u01b0\u1ee3ng, gas flowmeter, l\u01b0u l\u01b0\u1ee3ng k\u1ebf, \u0111o l\u01b0u l\u01b0\u1ee3ng ch\u1ea5t l\u1ecfng, \u0111o l\u01b0u l\u01b0\u1ee3ng kh\u00ed, kh\u00ed n\u00e9n, kh\u00ed gas, \u0111o l\u01b0u l\u01b0\u1ee3ng LPG, \u0111\u1ed3ng h\u1ed3 \u0111o n\u01b0\u1edbc th\u1ea3i\" width=\"1200\" height=\"675\" srcset=\"https:\/\/vintec.com.vn\/wp-content\/uploads\/2022\/09\/level-transmitters.webp 1200w, https:\/\/vintec.com.vn\/wp-content\/uploads\/2022\/09\/level-transmitters-300x169.webp 300w, https:\/\/vintec.com.vn\/wp-content\/uploads\/2022\/09\/level-transmitters-1024x576.webp 1024w, https:\/\/vintec.com.vn\/wp-content\/uploads\/2022\/09\/level-transmitters-768x432.webp 768w, https:\/\/vintec.com.vn\/wp-content\/uploads\/2022\/09\/level-transmitters-24x14.webp 24w, https:\/\/vintec.com.vn\/wp-content\/uploads\/2022\/09\/level-transmitters-36x20.webp 36w, https:\/\/vintec.com.vn\/wp-content\/uploads\/2022\/09\/level-transmitters-48x27.webp 48w\" sizes=\"auto, (max-width: 1200px) 100vw, 1200px\" \/><\/a><\/p>\n<h5>\u0110o m\u1ee9c li\u00ean t\u1ee5c v\u00e0 giao di\u1ec7n m\u1ee9c- Lo\u1ea1i ti\u1ebfp x\u00fac ho\u1eb7c kh\u00f4ng ti\u1ebfp x\u00fac<\/h5>\n<ul>\n<li>C\u00e1c c\u00f4ng ngh\u1ec7 kh\u00e1c nhau bao g\u1ed3m: FMCW radar, TDR d\u1eabn s\u00f3ng radar, si\u00eau \u00e2m, \u0111\u0129a d\u1ecbch chuy\u1ec3n, chi\u1ebft \u00e1p, \u00e1p su\u1ea5t th\u1ee7y t\u0129nh<\/li>\n<li>Cho c\u00e1c \u1ee9ng d\u1ee5ng \u0111o m\u1ee9c b\u1ed3n ch\u1ee9a v\u00e0 qu\u00e1 tr\u00ecnh, g\u1ed3m ch\u1ea5t l\u1ecfng v\u00e0 r\u1eafn<\/li>\n<li>\u0110\u00e1p \u1ee9ng c\u00e1c y\u00eau c\u1ea7u v\u00e0 ti\u00eau chu\u1ea9n kh\u00e1c nhau cho c\u00e1c ng\u00e0nh c\u00f4ng nghi\u1ec7p.<\/li>\n<\/ul>\n\t\t<\/div>\n\t\t\t\t\t<\/div>\n\n\t\n\n\t<div id=\"col-1177954177\" class=\"col medium-6 small-12 large-6\"  >\n\t\t\t\t<div class=\"col-inner\"  >\n\t\t\t\n\t\t\t\n<h4><span style=\"color: #ff0000;\">C\u00f4ng t\u1eafc b\u00e1o m\u1ee9c<\/span><\/h4>\n<p><a href=\"https:\/\/krohne.com\/en\/products\/level-measurement\/level-switches\"><img loading=\"lazy\" decoding=\"async\" class=\"alignnone wp-image-4897 size-full\" src=\"https:\/\/vintec.com.vn\/wp-content\/uploads\/2022\/09\/level-switches.webp\" alt=\"\u0111o l\u01b0u l\u01b0\u1ee3ng, gas flowmeter, l\u01b0u l\u01b0\u1ee3ng k\u1ebf, \u0111o l\u01b0u l\u01b0\u1ee3ng ch\u1ea5t l\u1ecfng, \u0111o l\u01b0u l\u01b0\u1ee3ng kh\u00ed, kh\u00ed n\u00e9n, kh\u00ed gas, \u0111o l\u01b0u l\u01b0\u1ee3ng LPG, \u0111\u1ed3ng h\u1ed3 \u0111o n\u01b0\u1edbc th\u1ea3i\" width=\"1200\" height=\"675\" srcset=\"https:\/\/vintec.com.vn\/wp-content\/uploads\/2022\/09\/level-switches.webp 1200w, https:\/\/vintec.com.vn\/wp-content\/uploads\/2022\/09\/level-switches-300x169.webp 300w, https:\/\/vintec.com.vn\/wp-content\/uploads\/2022\/09\/level-switches-1024x576.webp 1024w, https:\/\/vintec.com.vn\/wp-content\/uploads\/2022\/09\/level-switches-768x432.webp 768w, https:\/\/vintec.com.vn\/wp-content\/uploads\/2022\/09\/level-switches-24x14.webp 24w, https:\/\/vintec.com.vn\/wp-content\/uploads\/2022\/09\/level-switches-36x20.webp 36w, https:\/\/vintec.com.vn\/wp-content\/uploads\/2022\/09\/level-switches-48x27.webp 48w\" sizes=\"auto, (max-width: 1200px) 100vw, 1200px\" \/><\/a><\/p>\n<h5>\u0110o m\u1ee9c v\u00e0 giao di\u1ec7n m\u1ee9c<\/h5>\n<ul>\n<li>C\u00f4ng t\u1eafc m\u1ee9c ki\u1ec3u \u0111i\u1ec7n dung ho\u1eb7c c\u1ea3m bi\u1ebfn rung<\/li>\n<li>\u0110o m\u1ee9c ch\u1ea5t l\u1ecfng v\u00e0 r\u1eafn<\/li>\n<li>Ph\u00f9 h\u1ee3p v\u1edbi h\u1ea7u h\u1ebft c\u00e1c \u0111i\u1ec1u ki\u1ec7n l\u1eafp \u0111\u1eb7t, khu v\u1ef1c ph\u00f2ng n\u1ed5 ho\u0103c \u1ee9ng d\u1ee5ng ph\u00f9 h\u1ee3p an to\u00e0n v\u1ec7 sinh ho\u1eb7c h\u1ec7 th\u1ed1ng t\u00edch h\u1ee3p b\u1ea3o v\u1ec7 an to\u00e0n (SIS)<\/li>\n<\/ul>\n\t\t<\/div>\n\t\t\t\t\t<\/div>\n\n\t\n<\/div>\n\t\t<\/div>\n\n\t\t\n<style>\n#section_1270545979 {\n  padding-top: 60px;\n  padding-bottom: 60px;\n  background-color: #ffffff;\n}\n<\/style>\n\t<\/section>\n\t\n\n\t<section class=\"section\" id=\"section_1487996200\">\n\t\t<div class=\"section-bg fill\" >\n\t\t\t\t\t\t\t\t\t\n\t\t\t\n\n\t\t<\/div>\n\n\t\t\n\n\t\t<div class=\"section-content relative\">\n\t\t\t\n<div class=\"row\"  id=\"row-255355233\">\n\n\t<div id=\"col-1998008376\" class=\"col medium-6 small-12 large-6\"  >\n\t\t\t\t<div class=\"col-inner\"  >\n\t\t\t\n\t\t\t\n<h4 style=\"text-align: left;\"><span style=\"color: #ff0000;\">Th\u01b0\u01a1\u0301c \u0111o hi\u00ea\u0309n thi\u0323 m\u01b0\u0301c ki\u00ea\u0309u phao t\u01b0\u0300 ti\u0301nh<\/span><\/h4>\n<p><a href=\"https:\/\/krohne.com\/en\/products\/level-measurement\/level-indicators-bypass-chambers\/magnetic-bypass-level-indicators\"><img loading=\"lazy\" decoding=\"async\" class=\"alignnone wp-image-6285 size-full\" src=\"https:\/\/vintec.com.vn\/wp-content\/uploads\/2023\/11\/magnetic-level-indicators.webp\" alt=\"\" width=\"1200\" height=\"675\" srcset=\"https:\/\/vintec.com.vn\/wp-content\/uploads\/2023\/11\/magnetic-level-indicators.webp 1200w, https:\/\/vintec.com.vn\/wp-content\/uploads\/2023\/11\/magnetic-level-indicators-768x432.webp 768w, https:\/\/vintec.com.vn\/wp-content\/uploads\/2023\/11\/magnetic-level-indicators-18x10.webp 18w\" sizes=\"auto, (max-width: 1200px) 100vw, 1200px\" \/><\/a><\/p>\n<h5><span style=\"color: #000000;\">\u0110o m\u1ee9c li\u00ean t\u1ee5c v\u00e0 giao di\u1ec7n m\u1ee9c ch\u1ea5t l\u1ecfng<\/span><\/h5>\n<ul>\n<li>Th\u01b0\u1edbc hi\u1ec3n th\u1ecb m\u1ee9c ki\u1ec3u t\u1eeb t\u00ednh (MLI) cho c\u00e1c \u1ee9ng d\u1ee5ng \u0111o m\u01b0\u0301c n\u01b0\u01a1\u0301c bao h\u01a1i, bi\u0300nh ng\u01b0ng, b\u00ea\u0309 l\u0103\u0301ng, b\u00f4\u0300n ho\u0301a ch\u00e2\u0301t,...<\/li>\n<li>Bu\u1ed3ng \u1ed1ng th\u1ee7y (kh\u00f4ng g\u1ed3m phao) \u0111\u1ec3 ph\u00f9 h\u1ee3p v\u1edbi c\u00e1c \u0111i\u1ec1u ki\u1ec7n \u0111o l\u01b0\u1eddng b\u1ed3n ch\u1ee9a kh\u00e1c nhau<\/li>\n<li>C\u00f3 th\u1ec3 t\u00edch h\u1ee3p  th\u00eam v\u1edbi b\u1ed9 chuy\u00ea\u0309n \u0111\u00f4\u0309i ti\u0301n hi\u00ea\u0323u \u0111o m\u1ee9c li\u00ean t\u1ee5c (ki\u1ec3u s\u00f3ng radar ho\u1eb7c thanh d\u1eabn s\u00f3ng radar)<\/li>\n<\/ul>\n\t\t<\/div>\n\t\t\t\t\t<\/div>\n\n\t\n\n\t<div id=\"col-812717338\" class=\"col medium-6 small-12 large-6\"  >\n\t\t\t\t<div class=\"col-inner\"  >\n\t\t\t\n\t\t\t\n<h4 class=\"h3\"><span style=\"color: #ff0000;\">Thi\u00ea\u0301t bi\u0323 \u0111o m\u01b0\u0301c ki\u00ea\u0309u rung<\/span><\/h4>\n<p><a href=\"https:\/\/krohne.com\/en\/products\/level-measurement\/level-switches\/vibration-level-switches\"><img loading=\"lazy\" decoding=\"async\" class=\"alignnone size-full wp-image-6292\" src=\"https:\/\/vintec.com.vn\/wp-content\/uploads\/2023\/11\/vibration-level-switches.webp\" alt=\"\" width=\"1200\" height=\"675\" srcset=\"https:\/\/vintec.com.vn\/wp-content\/uploads\/2023\/11\/vibration-level-switches.webp 1200w, https:\/\/vintec.com.vn\/wp-content\/uploads\/2023\/11\/vibration-level-switches-768x432.webp 768w, https:\/\/vintec.com.vn\/wp-content\/uploads\/2023\/11\/vibration-level-switches-18x10.webp 18w\" sizes=\"auto, (max-width: 1200px) 100vw, 1200px\" \/><\/a><\/p>\n<h5 class=\"h5\">\u0110o m\u1ee9c ch\u1ea5t l\u1ecfng va\u0300 ch\u00e2\u0301t r\u0103\u0301n<\/h5>\n<ul>\n<li>Chi\u00ea\u0300u da\u0300i \u0111\u00e2\u0300u \u0111o: l\u00ean t\u01a1\u0301i 6 m (ch\u00e2\u0301t lo\u0309ng), 80 m (ch\u00e2\u0301t r\u0103\u0301n)<\/li>\n<li>\u0110\u00f4\u0323 nha\u0323y cao v\u01a1\u0301i ca\u0301c thay \u0111\u00f4\u0309i m\u00f4i ch\u00e2\u0301t nh\u01b0: ty\u0309 tro\u0323ng, \u0111\u00f4\u0323 d\u00e2\u0303n \u0111i\u00ea\u0323n ho\u0103\u0323c h\u0103\u0300ng s\u00f4\u0301 d\u00e2\u0303n \u0111i\u00ea\u0323n...<sub>r<\/sub>.<\/li>\n<li>Pha\u0301t hi\u00ea\u0323n ca\u0309nh ba\u0301o m\u01b0\u0301c cao\/ th\u00e2\u0301p, cha\u0323y ca\u0323n ho\u0103\u0323c ca\u0309nh ba\u0301o tra\u0300n b\u00ea\u0309 ho\u0103\u0323c trong ca\u0301c \u01b0\u0301ng du\u0323ng ba\u0301o m\u01b0\u0301c th\u01b0\u0323c ph\u00e2\u0309m sa\u0323ch<\/li>\n<\/ul>\n\t\t<\/div>\n\t\t\t\t\t<\/div>\n\n\t\n<\/div>\n<div class=\"row\"  id=\"row-1220304303\">\n\n\t<div id=\"col-1095188486\" class=\"col medium-6 small-12 large-6\"  >\n\t\t\t\t<div class=\"col-inner\"  >\n\t\t\t\n\t\t\t\n<h4 class=\"h3\"><span style=\"color: #ff0000;\">Thi\u00ea\u0301t bi\u0323 \u0111o m\u01b0\u0301c ki\u00ea\u0309u Radar (FMCW)<\/span><\/h4>\n<p><a href=\"https:\/\/krohne.com\/en\/products\/level-measurement\/level-transmitters\/radar-fmcw-level-transmitters\"><img loading=\"lazy\" decoding=\"async\" class=\"alignnone size-full wp-image-6296\" src=\"https:\/\/vintec.com.vn\/wp-content\/uploads\/2023\/11\/radar-fmcw-level-transmitters.webp\" alt=\"\" width=\"1200\" height=\"675\" srcset=\"https:\/\/vintec.com.vn\/wp-content\/uploads\/2023\/11\/radar-fmcw-level-transmitters.webp 1200w, https:\/\/vintec.com.vn\/wp-content\/uploads\/2023\/11\/radar-fmcw-level-transmitters-768x432.webp 768w, https:\/\/vintec.com.vn\/wp-content\/uploads\/2023\/11\/radar-fmcw-level-transmitters-18x10.webp 18w\" sizes=\"auto, (max-width: 1200px) 100vw, 1200px\" \/><\/a><\/p>\n<h5 class=\"h5\">Thi\u00ea\u0301t bi\u0323 \u0111o m\u01b0\u0301c kh\u00f4ng ti\u00ea\u0301p xu\u0301c cho ch\u00e2\u0301t lo\u0309ng, ch\u00e2\u0301t di\u0301nh, da\u0323ng ha\u0323t, b\u00f4\u0323t va\u0300 ca\u0301c ha\u0323t r\u0103\u0301n kha\u0301c<\/h5>\n<div class=\"excerpt styled-list-wrapper\">\n<ul>\n<li>Da\u0309i \u0111o l\u00ean t\u01a1\u0301i 100 m<\/li>\n<li>C\u00e2\u0301u hi\u0300nh l\u01b0\u0323a cho\u0323n nhi\u00ea\u0300u ki\u00ea\u0309u antenna kha\u0301c nhau, cho ca\u0301c \u01b0\u0301ng du\u0323ng m\u00f4i ch\u00e2\u0301t \u0103n mo\u0300n va\u0300 ba\u0300o mo\u0300n, a\u0301p l\u01b0\u0323c va\u0300 nhi\u00ea\u0323t \u0111\u00f4\u0323 cao, ca\u0301c \u01b0\u0301ng du\u0323ng b\u00f4\u0300n ch\u01b0\u0301a co\u0301 ca\u0301nh khu\u00e2\u0301y<\/li>\n<li>Phu\u0300 h\u01a1\u0323p v\u01a1\u0301i m\u00f4i tr\u01b0\u01a1\u0300ng la\u0300m vi\u00ea\u0323c kh\u0103\u0301c nghi\u00ea\u0323t, y\u00eau c\u00e2\u0300u chu\u00e2\u0309n an toa\u0300n cao (SIL) ho\u0103\u0323c \u01b0\u0301ng du\u0323ng th\u01b0\u0323c ph\u00e2\u0309m sa\u0323ch<\/li>\n<\/ul>\n<\/div>\n\t\t<\/div>\n\t\t\t\t\t<\/div>\n\n\t\n\n\t<div id=\"col-187814590\" class=\"col medium-6 small-12 large-6\"  >\n\t\t\t\t<div class=\"col-inner\"  >\n\t\t\t\n\t\t\t\n<h4 class=\"h3\"><span style=\"color: #ff0000;\">Thi\u00ea\u0301t bi\u0323 \u0111o m\u01b0\u0301c ki\u00ea\u0309u si\u00eau \u00e2m<\/span><\/h4>\n<p><a href=\"https:\/\/krohne.com\/en\/products\/level-measurement\/level-transmitters\/ultrasonic-level-transmitters\"><img loading=\"lazy\" decoding=\"async\" class=\"alignnone size-full wp-image-6301\" src=\"https:\/\/vintec.com.vn\/wp-content\/uploads\/2023\/11\/ultrasonic-level-transmitters.webp\" alt=\"\" width=\"1200\" height=\"675\" srcset=\"https:\/\/vintec.com.vn\/wp-content\/uploads\/2023\/11\/ultrasonic-level-transmitters.webp 1200w, https:\/\/vintec.com.vn\/wp-content\/uploads\/2023\/11\/ultrasonic-level-transmitters-768x432.webp 768w, https:\/\/vintec.com.vn\/wp-content\/uploads\/2023\/11\/ultrasonic-level-transmitters-18x10.webp 18w\" sizes=\"auto, (max-width: 1200px) 100vw, 1200px\" \/><\/a><\/p>\n<h5 class=\"h5\">Thi\u00ea\u0301t bi\u0323 \u0111o m\u01b0\u0301c kh\u00f4ng ti\u00ea\u0301p xu\u0301c cho ch\u00e2\u0301t lo\u0309ng, b\u00f4\u0300n b\u00ea\u0309 va\u0300 ch\u00e2\u0301t r\u0103\u0301n<\/h5>\n<div class=\"excerpt styled-list-wrapper\">\n<ul>\n<li>Da\u0309i \u0111o: 0.25\u20268 m (ch\u00e2\u0301t lo\u0309ng), 0.25\u20263.5 m (ch\u00e2\u0301t r\u0103\u0301n)<\/li>\n<li>Thi\u00ea\u0301t k\u00ea\u0301 v\u00e2\u0323t li\u00ea\u0323u va\u0300 k\u00ea\u0301t n\u00f4\u0301i qua\u0301 tri\u0300nh b\u0103\u0300ng v\u00e2\u0323t li\u00ea\u0323u chi\u0323u \u0103n mo\u0300n, chi\u0323u ho\u0301a ch\u00e2\u0301t t\u00f4\u0301t<\/li>\n<li>Phu\u0300 h\u01a1\u0323p v\u01a1\u0301i m\u00f4i tr\u01b0\u01a1\u0300ng la\u0300m vi\u00ea\u0323c kh\u0103\u0301c nghi\u00ea\u0323t<\/li>\n<\/ul>\n<\/div>\n\t\t<\/div>\n\t\t\t\t\t<\/div>\n\n\t\n<\/div>\n<div class=\"row\"  id=\"row-1306564104\">\n\n\t<div id=\"col-1211517676\" class=\"col medium-6 small-12 large-6\"  >\n\t\t\t\t<div class=\"col-inner\"  >\n\t\t\t\n\t\t\t\n<h4><span style=\"color: #ff0000;\">Thi\u00ea\u0301t bi\u0323 \u0111o m\u01b0\u0301c\/ giao di\u00ea\u0323n ch\u00e2\u0301t lo\u0309ng FLT93<\/span><\/h4>\n<p><a href=\"https:\/\/www.fluidcomponents.com\/products\/level-switches\"><img loading=\"lazy\" decoding=\"async\" class=\"alignnone wp-image-6273\" src=\"https:\/\/vintec.com.vn\/wp-content\/uploads\/2023\/11\/1-1.jpg\" alt=\"\" width=\"422\" height=\"281\" srcset=\"https:\/\/vintec.com.vn\/wp-content\/uploads\/2023\/11\/1-1.jpg 432w, https:\/\/vintec.com.vn\/wp-content\/uploads\/2023\/11\/1-1-18x12.jpg 18w\" sizes=\"auto, (max-width: 422px) 100vw, 422px\" \/><\/a><\/p>\n<h5>Thi\u00ea\u0301t bi\u0323 \u0111o m\u01b0\u0301c\/ giao di\u00ea\u0323n FLT93 pha\u0301t hi\u00ea\u0323n va\u0300 theo do\u0303i\/ ca\u0309nh ba\u0301o m\u01b0\u0301c cho h\u00e2\u0300u h\u00ea\u0301t ca\u0301c \u01b0\u0301ng du\u0323ng m\u00f4i ch\u00e2\u0301t lo\u0309ng<\/h5>\n<ul>\n<li>C\u00f4ng ngh\u1ec7 ph\u00e2n t\u00e1n nhi\u1ec7t cung c\u1ea5p \u0111\u1ed9 ch\u00ednh x\u00e1c v\u00e0 \u0111\u1ed9 nh\u1ea1y \u0111i\u1ec3m \u0111\u1eb7t cao cho c\u00e1c \u1ee9ng d\u1ee5ng b\u00e1o m\u1ee9c n\u01b0\u1edbc, d\u1ea7u, h\u00f3a ch\u1ea5t v\u00e0 c\u00e1c ng\u00e0nh c\u00f4ng nghi\u1ec7p v\u00e0 \u0111i\u1ec1u khi\u1ec3n qu\u00e1 tr\u00ecnh n\u00f3i chung.<\/li>\n<li>Gi\u00e1m s\u00e1t nhi\u1ec7t \u0111\u1ed9 v\u00e0 m\u1ee9c ch\u1ea5t l\u1ecfng cho ca\u0301c ng\u00e0nh ho\u0301a ch\u00e2\u0301t, th\u1ef1c ph\u1ea9m\/ \u0111\u00f4\u0300 u\u00f4\u0301ng,...<\/li>\n<li>Gi\u00e1m s\u00e1t m\u1ee9c \u0111a \u0111i\u1ec3m<\/li>\n<\/ul>\n\t\t<\/div>\n\t\t\t\t\t<\/div>\n\n\t\n\n\t<div id=\"col-1632728923\" class=\"col medium-6 small-12 large-6\"  >\n\t\t\t\t<div class=\"col-inner\"  >\n\t\t\t\n\t\t\t\n<h4 class=\"bdr-deco\"><span style=\"color: #ff0000;\">Thi\u00ea\u0301t bi\u0323 \u0111o m\u01b0\u0301c \u0111a \u0111i\u00ea\u0309m FLT93M<\/span><\/h4>\n<p><a href=\"https:\/\/www.fluidcomponents.com\/products\/level-switches\/flt93-series-level-switches\/flt93m-level-switch\"><img loading=\"lazy\" decoding=\"async\" class=\"alignnone wp-image-6304\" src=\"https:\/\/vintec.com.vn\/wp-content\/uploads\/2023\/11\/FLT93M-200x300.jpg\" alt=\"\" width=\"189\" height=\"284\" \/><\/a><\/p>\n<h5>Thi\u00ea\u0301t bi\u0323 \u0111o m\u01b0\u0301c cho \u01b0\u0301ng du\u0323ng nhi\u00ea\u0323t \u0111\u00f4\u0323 va\u0300 a\u0301p su\u00e2\u0301t cao\nCho ca\u0301c \u01b0\u0301ng du\u0323ng m\u00f4i tr\u01b0\u01a1\u0300ng la\u0300m vi\u00ea\u0323c kh\u0103\u0301c nghi\u00ea\u0323t<\/h5>\n<ul class=\"sq1\">\n<li>Thi\u00ea\u0301t bi\u0323 \u0111o m\u01b0\u0301c FLT93M \u0111\u01b0\u01a1\u0323c thi\u00ea\u0301t k\u00ea\u0301 chuy\u00ean bi\u00ea\u0323t cho ca\u0301c \u01b0\u0301ng du\u0323ng kh\u0103\u0301c nghi\u00ea\u0323t co\u0301 nhi\u00ea\u0323t \u0111\u00f4\u0323 va\u0300 a\u0301p su\u00e2\u0301t cao <\/li>\n<li>Cung c\u00e2\u0301p gia\u0309i pha\u0301p \u0111o linh hoa\u0323t, chi\u0301nh xa\u0301c co\u0301 \u0111\u00f4\u0323 tin c\u00e2\u0323y va\u0300 \u00f4\u0309n \u0111i\u0323nh cao<\/li>\n<li>Mixing level\/interface monitoring; Tank\/ Sump level monitoring<\/li>\n<\/ul>\n\t\t<\/div>\n\t\t\t\t\t<\/div>\n\n\t\n<\/div>\n\t\t<\/div>\n\n\t\t\n<style>\n#section_1487996200 {\n  padding-top: 60px;\n  padding-bottom: 60px;\n  background-color: #ffffff;\n}\n<\/style>\n\t<\/section>\n\t\n<div class=\"row\"  id=\"row-933264727\">\n\n\t<div id=\"col-195566651\" class=\"col medium-6 small-12 large-6\"  >\n\t\t\t\t<div class=\"col-inner\"  >\n\t\t\t\n\t\t\t\n<h4><span style=\"color: #ff0000;\">C\u1ea3m bi\u1ebfn \u0111o m\u1ee9c silo than, tro bay, \u0111\u00e1 v\u00f4i<\/span><\/h4>\n<p><img loading=\"lazy\" decoding=\"async\" class=\"alignnone wp-image-4882 size-full\" src=\"https:\/\/vintec.com.vn\/wp-content\/uploads\/2022\/09\/cap_tsa-b1sa-Fly-ash-level-switch.jpg\" alt=\"\u0111o l\u01b0u l\u01b0\u1ee3ng, gas flowmeter, l\u01b0u l\u01b0\u1ee3ng k\u1ebf, \u0111o l\u01b0u l\u01b0\u1ee3ng ch\u1ea5t l\u1ecfng, \u0111o l\u01b0u l\u01b0\u1ee3ng kh\u00ed, kh\u00ed n\u00e9n, kh\u00ed gas, \u0111o l\u01b0u l\u01b0\u1ee3ng LPG, \u0111\u1ed3ng h\u1ed3 \u0111o n\u01b0\u1edbc th\u1ea3i\" width=\"335\" height=\"150\" srcset=\"https:\/\/vintec.com.vn\/wp-content\/uploads\/2022\/09\/cap_tsa-b1sa-Fly-ash-level-switch.jpg 335w, https:\/\/vintec.com.vn\/wp-content\/uploads\/2022\/09\/cap_tsa-b1sa-Fly-ash-level-switch-300x134.jpg 300w, https:\/\/vintec.com.vn\/wp-content\/uploads\/2022\/09\/cap_tsa-b1sa-Fly-ash-level-switch-24x11.jpg 24w, https:\/\/vintec.com.vn\/wp-content\/uploads\/2022\/09\/cap_tsa-b1sa-Fly-ash-level-switch-36x16.jpg 36w, https:\/\/vintec.com.vn\/wp-content\/uploads\/2022\/09\/cap_tsa-b1sa-Fly-ash-level-switch-48x21.jpg 48w\" sizes=\"auto, (max-width: 335px) 100vw, 335px\" \/><\/p>\n<h5>C\u1ea3m bi\u1ebfn \u0111o m\u1ee9c silo tro bay, \u0111\u00e1 v\u00f4i<\/h5>\n<ul>\n<li>Nguy\u00ean l\u00fd \u0111o: ki\u1ec3u \u0111i\u1ec7n dung<\/li>\n<li>C\u00f3 th\u1ec3 \u0111i\u1ec1u ch\u1ec9nh thay \u0111\u1ed5i \u0111\u1ed9 nh\u1ea1y ph\u00f9 h\u1ee3p v\u1edbi m\u00f4i ch\u1ea5t (lo\u1ea1i t\u00edch h\u1ee3p)<\/li>\n<li>Thi\u1ebft k\u1ebf ph\u00f9 h\u1ee3p cho c\u00e1c v\u1ecb tr\u00ed l\u1eafp \u0111\u1eb7t kh\u00e1c nhau, bao g\u1ed3m lo\u1ea1i ch\u1ed1ng ch\u00e1y n\u1ed5.<\/li>\n<\/ul>\n\t\t<\/div>\n\t\t\t\t\t<\/div>\n\n\t\n\n\t<div id=\"col-824701929\" class=\"col medium-6 small-12 large-6\"  >\n\t\t\t\t<div class=\"col-inner\"  >\n\t\t\t\n\t\t\t\n<h4><span style=\"color: #ff0000;\">\u0110o m\u1ee9c li\u00ean t\u1ee5c silo than, tro bay, \u0111\u00e1 v\u00f4i<\/span><\/h4>\n<p><img loading=\"lazy\" decoding=\"async\" class=\"alignnone wp-image-4905\" src=\"https:\/\/vintec.com.vn\/wp-content\/uploads\/2022\/09\/Sounding-Level-Meter_Fly-ash-level-transmitter.jpg\" alt=\"\u0111o l\u01b0u l\u01b0\u1ee3ng, gas flowmeter, l\u01b0u l\u01b0\u1ee3ng k\u1ebf, \u0111o l\u01b0u l\u01b0\u1ee3ng ch\u1ea5t l\u1ecfng, \u0111o l\u01b0u l\u01b0\u1ee3ng kh\u00ed, kh\u00ed n\u00e9n, kh\u00ed gas, \u0111o l\u01b0u l\u01b0\u1ee3ng LPG, \u0111\u1ed3ng h\u1ed3 \u0111o n\u01b0\u1edbc th\u1ea3i\" width=\"232\" height=\"240\" srcset=\"https:\/\/vintec.com.vn\/wp-content\/uploads\/2022\/09\/Sounding-Level-Meter_Fly-ash-level-transmitter.jpg 232w, https:\/\/vintec.com.vn\/wp-content\/uploads\/2022\/09\/Sounding-Level-Meter_Fly-ash-level-transmitter-24x24.jpg 24w, https:\/\/vintec.com.vn\/wp-content\/uploads\/2022\/09\/Sounding-Level-Meter_Fly-ash-level-transmitter-36x36.jpg 36w, https:\/\/vintec.com.vn\/wp-content\/uploads\/2022\/09\/Sounding-Level-Meter_Fly-ash-level-transmitter-46x48.jpg 46w\" sizes=\"auto, (max-width: 232px) 100vw, 232px\" \/><\/p>\n<h5>C\u1ef1c k\u1ef3 hi\u1ec7u qu\u1ea3 trong vi\u1ec7c qu\u1ea3n l\u00fd b\u1ed3n ch\u1ee9a silo than, tro bay, \u0111\u00e1 v\u00f4i, \u0111o l\u01b0\u1eddng ch\u00ednh x\u00e1c m\u00e0 kh\u00f4ng b\u1ecb \u1ea3nh h\u01b0\u1edfng b\u1edfi m\u00f4i tr\u01b0\u1eddng b\u1ee5i cao.<\/h5>\n<ul>\n<li>C\u00e0i \u0111\u1eb7t c\u1ef1c k\u1ef3 \u0111\u01a1n gi\u1ea3n, ch\u1ec9 c\u1ea7n nh\u1eadp v\u00e0o chi\u1ec1u cao b\u1ed3n ch\u1ee9a<\/li>\n<li>Thi\u1ebft k\u1ebf b\u1ec1n ch\u1eafc, \u1ed5n \u0111\u1ecbnh v\u1edbi m\u00f4i tr\u01b0\u1eddng c\u00f4ng nghi\u1ec7p.<\/li>\n<li>\u0110\u1ea7u ra: DC4~20mA v\u00e0 xung.<\/li>\n<li>D\u1ea3i \u0111o: TLX-120AP1: 12m \/ TLX-200AP: 20m<\/li>\n<\/ul>\n\t\t<\/div>\n\t\t\t\t\t<\/div>\n\n\t\n<\/div>","protected":false},"excerpt":{"rendered":"","protected":false},"author":1,"featured_media":0,"parent":0,"menu_order":0,"comment_status":"closed","ping_status":"closed","template":"","meta":{"_monsterinsights_skip_tracking":false,"_monsterinsights_sitenote_active":false,"_monsterinsights_sitenote_note":"","_monsterinsights_sitenote_category":0,"footnotes":""},"class_list":["post-4953","page","type-page","status-publish","hentry"],"aioseo_notices":[],"_links":{"self":[{"href":"https:\/\/vintec.com.vn\/vi\/wp-json\/wp\/v2\/pages\/4953","targetHints":{"allow":["GET"]}}],"collection":[{"href":"https:\/\/vintec.com.vn\/vi\/wp-json\/wp\/v2\/pages"}],"about":[{"href":"https:\/\/vintec.com.vn\/vi\/wp-json\/wp\/v2\/types\/page"}],"author":[{"embeddable":true,"href":"https:\/\/vintec.com.vn\/vi\/wp-json\/wp\/v2\/users\/1"}],"replies":[{"embeddable":true,"href":"https:\/\/vintec.com.vn\/vi\/wp-json\/wp\/v2\/comments?post=4953"}],"version-history":[{"count":2,"href":"https:\/\/vintec.com.vn\/vi\/wp-json\/wp\/v2\/pages\/4953\/revisions"}],"predecessor-version":[{"id":7091,"href":"https:\/\/vintec.com.vn\/vi\/wp-json\/wp\/v2\/pages\/4953\/revisions\/7091"}],"wp:attachment":[{"href":"https:\/\/vintec.com.vn\/vi\/wp-json\/wp\/v2\/media?parent=4953"}],"curies":[{"name":"wp","href":"https:\/\/api.w.org\/{rel}","templated":true}]}}