{"id":4956,"date":"2022-09-30T04:11:38","date_gmt":"2022-09-30T04:11:38","guid":{"rendered":"http:\/\/139.180.194.18:8999\/?page_id=4956"},"modified":"2025-07-31T15:58:45","modified_gmt":"2025-07-31T15:58:45","slug":"vintec-pressure-measurement","status":"publish","type":"page","link":"https:\/\/vintec.com.vn\/vi\/vintec-pressure-measurement\/","title":{"rendered":"Thi\u1ebft b\u1ecb \u0111o \u00e1p su\u1ea5t"},"content":{"rendered":"<section class=\"section\" id=\"section_58401471\">\n\t\t<div class=\"section-bg fill\" >\n\t\t\t\t\t\t\t\t\t\n\t\t\t\n\n\t\t<\/div>\n\n\t\t\n\n\t\t<div class=\"section-content relative\">\n\t\t\t\n<div class=\"row\"  id=\"row-643444527\">\n\n\t<div id=\"col-1652039904\" class=\"col small-12 large-12\"  >\n\t\t\t\t<div class=\"col-inner\"  >\n\t\t\t\n\t\t\t\n<h4><span style=\"color: #ff0000;\">Thi\u1ebft b\u1ecb \u0111o \u00e1p su\u1ea5t<\/span><\/h4>\n<p><img loading=\"lazy\" decoding=\"async\" class=\"alignnone wp-image-4901 size-full\" src=\"https:\/\/vintec.com.vn\/wp-content\/uploads\/2022\/09\/pressure-transmitters.webp\" alt=\"\u0111o l\u01b0u l\u01b0\u1ee3ng, gas flowmeter, l\u01b0u l\u01b0\u1ee3ng k\u1ebf, \u0111o l\u01b0u l\u01b0\u1ee3ng ch\u1ea5t l\u1ecfng, \u0111o l\u01b0u l\u01b0\u1ee3ng kh\u00ed, kh\u00ed n\u00e9n, kh\u00ed gas, \u0111o l\u01b0u l\u01b0\u1ee3ng LPG, \u0111\u1ed3ng h\u1ed3 \u0111o n\u01b0\u1edbc th\u1ea3i\" width=\"1200\" height=\"675\" srcset=\"https:\/\/vintec.com.vn\/wp-content\/uploads\/2022\/09\/pressure-transmitters.webp 1200w, https:\/\/vintec.com.vn\/wp-content\/uploads\/2022\/09\/pressure-transmitters-300x169.webp 300w, https:\/\/vintec.com.vn\/wp-content\/uploads\/2022\/09\/pressure-transmitters-1024x576.webp 1024w, https:\/\/vintec.com.vn\/wp-content\/uploads\/2022\/09\/pressure-transmitters-768x432.webp 768w, https:\/\/vintec.com.vn\/wp-content\/uploads\/2022\/09\/pressure-transmitters-24x14.webp 24w, https:\/\/vintec.com.vn\/wp-content\/uploads\/2022\/09\/pressure-transmitters-36x20.webp 36w, https:\/\/vintec.com.vn\/wp-content\/uploads\/2022\/09\/pressure-transmitters-48x27.webp 48w\" sizes=\"auto, (max-width: 1200px) 100vw, 1200px\" \/><\/p>\n<h5>Thi\u1ebft b\u1ecb \u0111o \u00e1p su\u1ea5t<\/h5>\n<ul>\n<li>Nguy\u00ean l\u00fd \u0111o: tuy\u1ec7t \u0111\u1ed1i, gauge, v\u00e0 ch\u00eanh \u00e1p<\/li>\n<li>Thi\u1ebft k\u1ebf t\u1eeb lo\u1ea1i c\u01a1 b\u1ea3n, g\u1ecdn nh\u1eb9, t\u1edbi d\u1ea1ng m\u00f4 \u0111un c\u00f3 th\u1ec3 th\u00e1o l\u1eafp d\u1ec5 d\u00e0ng.<\/li>\n<li>M\u00e0ng \u0111o b\u1eb1ng ceramic v\u00e0 kim lo\u1ea1i<\/li>\n<li>S\u1eed d\u1ee5ng trong c\u00e1c m\u00f4i tr\u01b0\u1eddng kh\u1eafc nghi\u1ec7t, s\u1ea3n xu\u1ea5t th\u1ef1c ph\u1ea9m s\u1ea1ch ho\u1eb7c \u1ee9ng d\u1ee5ng li\u00ean quan \u0111\u1ebfn an to\u00e0n (SIL)<\/li>\n<\/ul>\n\t\t<\/div>\n\t\t\t\t\t<\/div>\n\n\t\n<\/div>\n\t\t<\/div>\n\n\t\t\n<style>\n#section_58401471 {\n  padding-top: 60px;\n  padding-bottom: 60px;\n  background-color: #ffffff;\n}\n<\/style>\n\t<\/section>\n\t\n\n\t<section class=\"section\" id=\"section_1810859874\">\n\t\t<div class=\"section-bg fill\" >\n\t\t\t\t\t\t\t\t\t\n\t\t\t\n\n\t\t<\/div>\n\n\t\t\n\n\t\t<div class=\"section-content relative\">\n\t\t\t\n<div class=\"row\"  id=\"row-1770110702\">\n\n\t<div id=\"col-468163669\" class=\"col medium-6 small-12 large-6\"  >\n\t\t\t\t<div class=\"col-inner\"  >\n\t\t\t\n\t\t\t\n<h4><span style=\"color: #ff0000;\">Thi\u1ebft b\u1ecb \u0111o \u00e1p su\u1ea5t li\u00ean t\u1ee5c, lo\u1ea1i \u0111\u01a1n gi\u1ea3n<\/span><\/h4>\n<p><img loading=\"lazy\" decoding=\"async\" class=\"alignnone wp-image-4883 size-full\" src=\"https:\/\/vintec.com.vn\/wp-content\/uploads\/2022\/09\/compact-pressure-transmitters.webp\" alt=\"\u0111o l\u01b0u l\u01b0\u1ee3ng, gas flowmeter, l\u01b0u l\u01b0\u1ee3ng k\u1ebf, \u0111o l\u01b0u l\u01b0\u1ee3ng ch\u1ea5t l\u1ecfng, \u0111o l\u01b0u l\u01b0\u1ee3ng kh\u00ed, kh\u00ed n\u00e9n, kh\u00ed gas, \u0111o l\u01b0u l\u01b0\u1ee3ng LPG, \u0111\u1ed3ng h\u1ed3 \u0111o n\u01b0\u1edbc th\u1ea3i\" width=\"1200\" height=\"675\" srcset=\"https:\/\/vintec.com.vn\/wp-content\/uploads\/2022\/09\/compact-pressure-transmitters.webp 1200w, https:\/\/vintec.com.vn\/wp-content\/uploads\/2022\/09\/compact-pressure-transmitters-300x169.webp 300w, https:\/\/vintec.com.vn\/wp-content\/uploads\/2022\/09\/compact-pressure-transmitters-1024x576.webp 1024w, https:\/\/vintec.com.vn\/wp-content\/uploads\/2022\/09\/compact-pressure-transmitters-768x432.webp 768w, https:\/\/vintec.com.vn\/wp-content\/uploads\/2022\/09\/compact-pressure-transmitters-24x14.webp 24w, https:\/\/vintec.com.vn\/wp-content\/uploads\/2022\/09\/compact-pressure-transmitters-36x20.webp 36w, https:\/\/vintec.com.vn\/wp-content\/uploads\/2022\/09\/compact-pressure-transmitters-48x27.webp 48w\" sizes=\"auto, (max-width: 1200px) 100vw, 1200px\" \/><\/p>\n<h5>Cho c\u00e1c \u1ee9ng d\u1ee5ng \u0111o \u00e1p su\u1ea5t n\u00f3i chung, \u0111o ch\u00eanh \u00e1p v\u00e0 \u0111o m\u1ee9c ki\u1ec3u ch\u00eanh \u00e1p<\/h5>\n<ul>\n<li>Thi\u1ebft k\u1ebf b\u1ec1n ch\u1eafc, housing h\u00e0n k\u00edn b\u1eb1ng th\u00e9p kh\u00f4ng r\u1ec9 v\u1edbi t\u00f9y ch\u1ecdn hi\u1ec3n th\u1ecb LCD v\u00e0 th\u00e1o l\u1eafp d\u1ea1ng m\u00f4 \u0111un.<\/li>\n<li>Thi\u1ebft k\u1ebf m\u00e0ng l\u00f5m xu\u1ed1ng ho\u1eb7c g\u1eafn \u00e2m trong m\u1eb7t b\u00edch, c\u00f3 s\u1eb5n nhi\u1ec1u v\u1eadt li\u1ec7u kh\u00e1c nhau.<\/li>\n<li>\u0110\u00e1p \u1ee9ng t\u1ea5t c\u1ea3 c\u00e1c y\u00eau c\u1ea7u t\u1eeb m\u00f4i tr\u01b0\u1eddng kh\u1eafc nghi\u1ec7t t\u1edbi s\u1ea3n xu\u1ea5t th\u1ef1c ph\u1ea9m s\u1ea1ch v\u1edbi c\u00e1c \u0111\u1ea7u ra chu\u1ea9n HART 2 d\u00e2y.<\/li>\n<\/ul>\n\t\t<\/div>\n\t\t\t\t\t<\/div>\n\n\t\n\n\t<div id=\"col-1901969878\" class=\"col medium-6 small-12 large-6\"  >\n\t\t\t\t<div class=\"col-inner\"  >\n\t\t\t\n\t\t\t\n<h4><span style=\"color: #ff0000;\">Thi\u1ebft b\u1ecb \u0111o \u00e1p su\u1ea5t li\u00ean t\u1ee5c qu\u00e1 tr\u00ecnh<\/span><\/h4>\n<p><img loading=\"lazy\" decoding=\"async\" class=\"alignnone wp-image-4902 size-full\" src=\"https:\/\/vintec.com.vn\/wp-content\/uploads\/2022\/09\/proocess-pressure-transmitters.webp\" alt=\"\u0111o l\u01b0u l\u01b0\u1ee3ng, gas flowmeter, l\u01b0u l\u01b0\u1ee3ng k\u1ebf, \u0111o l\u01b0u l\u01b0\u1ee3ng ch\u1ea5t l\u1ecfng, \u0111o l\u01b0u l\u01b0\u1ee3ng kh\u00ed, kh\u00ed n\u00e9n, kh\u00ed gas, \u0111o l\u01b0u l\u01b0\u1ee3ng LPG, \u0111\u1ed3ng h\u1ed3 \u0111o n\u01b0\u1edbc th\u1ea3i\" width=\"1200\" height=\"675\" srcset=\"https:\/\/vintec.com.vn\/wp-content\/uploads\/2022\/09\/proocess-pressure-transmitters.webp 1200w, https:\/\/vintec.com.vn\/wp-content\/uploads\/2022\/09\/proocess-pressure-transmitters-300x169.webp 300w, https:\/\/vintec.com.vn\/wp-content\/uploads\/2022\/09\/proocess-pressure-transmitters-1024x576.webp 1024w, https:\/\/vintec.com.vn\/wp-content\/uploads\/2022\/09\/proocess-pressure-transmitters-768x432.webp 768w, https:\/\/vintec.com.vn\/wp-content\/uploads\/2022\/09\/proocess-pressure-transmitters-24x14.webp 24w, https:\/\/vintec.com.vn\/wp-content\/uploads\/2022\/09\/proocess-pressure-transmitters-36x20.webp 36w, https:\/\/vintec.com.vn\/wp-content\/uploads\/2022\/09\/proocess-pressure-transmitters-48x27.webp 48w\" sizes=\"auto, (max-width: 1200px) 100vw, 1200px\" \/><\/p>\n<h5>Cho c\u00e1c \u1ee9ng d\u1ee5ng \u0111o \u00e1p su\u1ea5t qu\u00e1 tr\u00ecnh n\u00e2ng cao, \u0111o ch\u00eanh \u00e1p v\u00e0 \u0111o m\u1ee9c v\u00e0 giao di\u1ec7n ki\u1ec3u ch\u00eanh \u00e1p<\/h5>\n<ul>\n<li>Ch\u1ebf t\u1ea1o \u0111\u00e1p \u1ee9ng cho h\u1ea7u h\u1ebft c\u00e1c qu\u00e1 tr\u00ecnh c\u00f4ng nghi\u1ec7p v\u1edbi ph\u1ea7n m\u1ec1m n\u00e2ng cao, truy\u1ec1n th\u00f4ng v\u00e0 \u0111\u00e1nh gi\u00e1 hi\u1ec7u su\u1ea5t.<\/li>\n<li>M\u00e0ng \u0111o b\u1eb1ng ceramic ho\u1eb7c kim lo\u1ea1i v\u1edbi nhi\u1ec1u t\u00f9y ch\u1ecdn v\u1eadt li\u1ec7u housing kh\u00e1c nhau.<\/li>\n<li>\u0110\u00e1p \u1ee9ng c\u00e1c ti\u00eau chu\u1ea9n v\u00e0 ch\u1ee9ng nh\u1eadn n\u00e2ng cao. S\u1eed d\u1ee5ng trong c\u00e1c m\u00f4i tr\u01b0\u1eddng kh\u1eafc nghi\u1ec7t, s\u1ea3n xu\u1ea5t th\u1ef1c ph\u1ea9m s\u1ea1ch ho\u1eb7c \u1ee9ng d\u1ee5ng li\u00ean quan \u0111\u1ebfn an to\u00e0n (SIL)<\/li>\n<\/ul>\n\t\t<\/div>\n\t\t\t\t\t<\/div>\n\n\t\n<\/div>\n\t\t<\/div>\n\n\t\t\n<style>\n#section_1810859874 {\n  padding-top: 60px;\n  padding-bottom: 60px;\n  background-color: #ffffff;\n}\n<\/style>\n\t<\/section>","protected":false},"excerpt":{"rendered":"","protected":false},"author":1,"featured_media":0,"parent":0,"menu_order":0,"comment_status":"closed","ping_status":"closed","template":"","meta":{"_monsterinsights_skip_tracking":false,"_monsterinsights_sitenote_active":false,"_monsterinsights_sitenote_note":"","_monsterinsights_sitenote_category":0,"footnotes":""},"class_list":["post-4956","page","type-page","status-publish","hentry"],"aioseo_notices":[],"_links":{"self":[{"href":"https:\/\/vintec.com.vn\/vi\/wp-json\/wp\/v2\/pages\/4956","targetHints":{"allow":["GET"]}}],"collection":[{"href":"https:\/\/vintec.com.vn\/vi\/wp-json\/wp\/v2\/pages"}],"about":[{"href":"https:\/\/vintec.com.vn\/vi\/wp-json\/wp\/v2\/types\/page"}],"author":[{"embeddable":true,"href":"https:\/\/vintec.com.vn\/vi\/wp-json\/wp\/v2\/users\/1"}],"replies":[{"embeddable":true,"href":"https:\/\/vintec.com.vn\/vi\/wp-json\/wp\/v2\/comments?post=4956"}],"version-history":[{"count":1,"href":"https:\/\/vintec.com.vn\/vi\/wp-json\/wp\/v2\/pages\/4956\/revisions"}],"predecessor-version":[{"id":6912,"href":"https:\/\/vintec.com.vn\/vi\/wp-json\/wp\/v2\/pages\/4956\/revisions\/6912"}],"wp:attachment":[{"href":"https:\/\/vintec.com.vn\/vi\/wp-json\/wp\/v2\/media?parent=4956"}],"curies":[{"name":"wp","href":"https:\/\/api.w.org\/{rel}","templated":true}]}}