{"id":4959,"date":"2022-09-30T04:11:56","date_gmt":"2022-09-30T04:11:56","guid":{"rendered":"http:\/\/139.180.194.18:8999\/?page_id=4959"},"modified":"2025-07-31T15:59:04","modified_gmt":"2025-07-31T15:59:04","slug":"vintec-process-analytics","status":"publish","type":"page","link":"https:\/\/vintec.com.vn\/vi\/vintec-process-analytics\/","title":{"rendered":"Thi\u1ebft b\u1ecb ph\u00e2n t\u00edch l\u1ecfng"},"content":{"rendered":"<section class=\"section\" id=\"section_1020842674\">\n\t\t<div class=\"section-bg fill\" >\n\t\t\t\t\t\t\t\t\t\n\t\t\t\n\n\t\t<\/div>\n\n\t\t\n\n\t\t<div class=\"section-content relative\">\n\t\t\t\n<div class=\"row\"  id=\"row-1271587933\">\n\n\t<div id=\"col-202091051\" class=\"col small-12 large-12\"  >\n\t\t\t\t<div class=\"col-inner\"  >\n\t\t\t\n\t\t\t\n<h4><span style=\"color: #ff0000;\">Thi\u1ebft b\u1ecb ph\u00e2n t\u00edch l\u1ecfng<\/span><\/h4>\n<p><img loading=\"lazy\" decoding=\"async\" class=\"alignnone wp-image-4881 size-full\" src=\"https:\/\/vintec.com.vn\/wp-content\/uploads\/2022\/09\/analytical-sensors-systems.webp\" alt=\"\u0111o l\u01b0u l\u01b0\u1ee3ng, gas flowmeter, l\u01b0u l\u01b0\u1ee3ng k\u1ebf, \u0111o l\u01b0u l\u01b0\u1ee3ng ch\u1ea5t l\u1ecfng, \u0111o l\u01b0u l\u01b0\u1ee3ng kh\u00ed, kh\u00ed n\u00e9n, kh\u00ed gas, \u0111o l\u01b0u l\u01b0\u1ee3ng LPG, \u0111\u1ed3ng h\u1ed3 \u0111o n\u01b0\u1edbc th\u1ea3i\" width=\"1200\" height=\"675\" srcset=\"https:\/\/vintec.com.vn\/wp-content\/uploads\/2022\/09\/analytical-sensors-systems.webp 1200w, https:\/\/vintec.com.vn\/wp-content\/uploads\/2022\/09\/analytical-sensors-systems-300x169.webp 300w, https:\/\/vintec.com.vn\/wp-content\/uploads\/2022\/09\/analytical-sensors-systems-1024x576.webp 1024w, https:\/\/vintec.com.vn\/wp-content\/uploads\/2022\/09\/analytical-sensors-systems-768x432.webp 768w, https:\/\/vintec.com.vn\/wp-content\/uploads\/2022\/09\/analytical-sensors-systems-24x14.webp 24w, https:\/\/vintec.com.vn\/wp-content\/uploads\/2022\/09\/analytical-sensors-systems-36x20.webp 36w, https:\/\/vintec.com.vn\/wp-content\/uploads\/2022\/09\/analytical-sensors-systems-48x27.webp 48w\" sizes=\"auto, (max-width: 1200px) 100vw, 1200px\" \/><\/p>\n<h5>D\u1ea3i s\u1ea3n ph\u1ea9m \u0111a d\u1ea1ng cho c\u00e1c ch\u1ec9 ti\u00eau ph\u00e2n t\u00edch<\/h5>\n<ul>\n<li>C\u00e1c ch\u1ec9 ti\u00eau: pH, ORP, TSS, DO, clo d\u01b0, ClO2, O3, m\u1ee9c b\u00f9n, \u0111\u1ed9 \u0111\u1ee5c v\u00e0 b\u1ed9 ph\u00e2n t\u00edch \u0111a ch\u1ec9 ti\u00eau<\/li>\n<li>Cung c\u1ea5p c\u00e1c gi\u1ea3i ph\u00e1p c\u1ea3m bi\u1ebfn \u0111o t\u00edch h\u1ee3p v\u1edbi b\u1ed9 hi\u1ec3n th\u1ecb cho t\u1edbi c\u00e1c panel t\u00edch h\u1ee3p \u0111o l\u01b0\u1eddng \u0111a ch\u1ec9 ti\u00eau<\/li>\n<li>\u1ee8ng d\u1ee5ng cho t\u1ea5t c\u1ea3 c\u00e1c y\u00eau c\u1ea7u- t\u1eeb m\u00f4i tr\u01b0\u1eddng kh\u1eafc nghi\u1ec7t t\u1edbi c\u00e1c \u1ee9ng d\u1ee5ng y\u00eau c\u1ea7u v\u1ec7 sinh trong ng\u00e0nh th\u1ef1c ph\u1ea9m<\/li>\n<\/ul>\n\t\t<\/div>\n\t\t\t\t\t<\/div>\n\n\t\n<\/div>\n\t\t<\/div>\n\n\t\t\n<style>\n#section_1020842674 {\n  padding-top: 60px;\n  padding-bottom: 60px;\n  background-color: #ffffff;\n}\n<\/style>\n\t<\/section>\n\t\n\n\t<section class=\"section\" id=\"section_1797911088\">\n\t\t<div class=\"section-bg fill\" >\n\t\t\t\t\t\t\t\t\t\n\t\t\t\n\n\t\t<\/div>\n\n\t\t\n\n\t\t<div class=\"section-content relative\">\n\t\t\t\n<div class=\"row\"  id=\"row-1022978058\">\n\n\t<div id=\"col-961416439\" class=\"col medium-6 small-12 large-6\"  >\n\t\t\t\t<div class=\"col-inner\"  >\n\t\t\t\n\t\t\t\n<h4><span style=\"color: #ff0000;\">Thi\u1ebft b\u1ecb \u0111o pH\/ ORP<\/span><\/h4>\n<p><img loading=\"lazy\" decoding=\"async\" class=\"alignnone wp-image-4900 size-full\" src=\"https:\/\/vintec.com.vn\/wp-content\/uploads\/2022\/09\/pH-sensors-measuring-systems.webp\" alt=\"\u0111o l\u01b0u l\u01b0\u1ee3ng, gas flowmeter, l\u01b0u l\u01b0\u1ee3ng k\u1ebf, \u0111o l\u01b0u l\u01b0\u1ee3ng ch\u1ea5t l\u1ecfng, \u0111o l\u01b0u l\u01b0\u1ee3ng kh\u00ed, kh\u00ed n\u00e9n, kh\u00ed gas, \u0111o l\u01b0u l\u01b0\u1ee3ng LPG, \u0111\u1ed3ng h\u1ed3 \u0111o n\u01b0\u1edbc th\u1ea3i\" width=\"1200\" height=\"675\" srcset=\"https:\/\/vintec.com.vn\/wp-content\/uploads\/2022\/09\/pH-sensors-measuring-systems.webp 1200w, https:\/\/vintec.com.vn\/wp-content\/uploads\/2022\/09\/pH-sensors-measuring-systems-300x169.webp 300w, https:\/\/vintec.com.vn\/wp-content\/uploads\/2022\/09\/pH-sensors-measuring-systems-1024x576.webp 1024w, https:\/\/vintec.com.vn\/wp-content\/uploads\/2022\/09\/pH-sensors-measuring-systems-768x432.webp 768w, https:\/\/vintec.com.vn\/wp-content\/uploads\/2022\/09\/pH-sensors-measuring-systems-24x14.webp 24w, https:\/\/vintec.com.vn\/wp-content\/uploads\/2022\/09\/pH-sensors-measuring-systems-36x20.webp 36w, https:\/\/vintec.com.vn\/wp-content\/uploads\/2022\/09\/pH-sensors-measuring-systems-48x27.webp 48w\" sizes=\"auto, (max-width: 1200px) 100vw, 1200px\" \/><\/p>\n<h5>For potentiometric analysis of liquids<\/h5>\n<ul>\n<li>Thi\u1ebft k\u1ebf c\u1ea3m bi\u1ebfn \u0111\u01b0\u1ee3c t\u00edch h\u1ee3p\/ ho\u1eb7c kh\u00f4ng y\u00eau c\u1ea7u b\u1ed9 hi\u1ec3n th\u1ecb (\u0111\u1ea7u ra 4\u202620 mA \/ HART)<\/li>\n<li>Thi\u1ebft k\u1ebf th\u00e2n c\u1ea3m bi\u1ebfn b\u1eb1ng nh\u1ef1a b\u1ec1n ch\u1eafc ho\u1eb7c k\u00ednh, v\u1edbi nhi\u1ec1u lo\u1ea1i m\u00e0ng k\u00ednh cho c\u00e1c \u1ee9ng d\u1ee5ng kh\u00e1c nhau.<\/li>\n<li>T\u00f9y ch\u1ecdn t\u00edch h\u1ee3p c\u00e1c m\u00f4 \u0111un ph\u00e2n t\u00edch tr\u00ean c\u00f9ng m\u1ed9t panel cho vi\u1ec7c \u0111o pH v\u00e0 c\u00e1c th\u00f4ng s\u1ed1 quan tr\u1ecdng kh\u00e1c.<\/li>\n<\/ul>\n\t\t<\/div>\n\t\t\t\t\t<\/div>\n\n\t\n\n\t<div id=\"col-1841546040\" class=\"col medium-6 small-12 large-6\"  >\n\t\t\t\t<div class=\"col-inner\"  >\n\t\t\t\n\t\t\t\n<h4><span style=\"color: #ff0000;\">Thi\u1ebft b\u1ecb \u0111o \u0111\u1ed9 d\u1eabn \u0111i\u1ec7n<\/span><\/h4>\n<p><img loading=\"lazy\" decoding=\"async\" class=\"alignnone wp-image-4884 size-full\" src=\"https:\/\/vintec.com.vn\/wp-content\/uploads\/2022\/09\/conductivity-sensors-measuring-systems.webp\" alt=\"\u0111o l\u01b0u l\u01b0\u1ee3ng, gas flowmeter, l\u01b0u l\u01b0\u1ee3ng k\u1ebf, \u0111o l\u01b0u l\u01b0\u1ee3ng ch\u1ea5t l\u1ecfng, \u0111o l\u01b0u l\u01b0\u1ee3ng kh\u00ed, kh\u00ed n\u00e9n, kh\u00ed gas, \u0111o l\u01b0u l\u01b0\u1ee3ng LPG, \u0111\u1ed3ng h\u1ed3 \u0111o n\u01b0\u1edbc th\u1ea3i\" width=\"1200\" height=\"675\" srcset=\"https:\/\/vintec.com.vn\/wp-content\/uploads\/2022\/09\/conductivity-sensors-measuring-systems.webp 1200w, https:\/\/vintec.com.vn\/wp-content\/uploads\/2022\/09\/conductivity-sensors-measuring-systems-300x169.webp 300w, https:\/\/vintec.com.vn\/wp-content\/uploads\/2022\/09\/conductivity-sensors-measuring-systems-1024x576.webp 1024w, https:\/\/vintec.com.vn\/wp-content\/uploads\/2022\/09\/conductivity-sensors-measuring-systems-768x432.webp 768w, https:\/\/vintec.com.vn\/wp-content\/uploads\/2022\/09\/conductivity-sensors-measuring-systems-24x14.webp 24w, https:\/\/vintec.com.vn\/wp-content\/uploads\/2022\/09\/conductivity-sensors-measuring-systems-36x20.webp 36w, https:\/\/vintec.com.vn\/wp-content\/uploads\/2022\/09\/conductivity-sensors-measuring-systems-48x27.webp 48w\" sizes=\"auto, (max-width: 1200px) 100vw, 1200px\" \/><\/p>\n<h5>\u0110o \u0111\u1ed9 d\u1eabn c\u1ee7a c\u00e1c m\u00f4i ch\u1ea5t d\u1eabn \u0111i\u1ec7n<\/h5>\n<ul>\n<li>Thi\u1ebft k\u1ebf c\u1ea3m bi\u1ebfn \u0111\u01b0\u1ee3c t\u00edch h\u1ee3p\/ ho\u1eb7c kh\u00f4ng y\u00eau c\u1ea7u b\u1ed9 hi\u1ec3n th\u1ecb (\u0111\u1ea7u ra 4\u202620 mA \/ HART)<\/li>\n<li>T\u00f9y ch\u1ecdn t\u00edch h\u1ee3p c\u00e1c m\u00f4 \u0111un ph\u00e2n t\u00edch tr\u00ean c\u00f9ng m\u1ed9t panel cho vi\u1ec7c \u0111o \u0111\u1ed9 d\u1eabn \u0111i\u1ec7n v\u00e0 c\u00e1c ch\u1ec9 ti\u00eau kh\u00e1c.<\/li>\n<li>D\u1ea3i \u1ee9ng d\u1ee5ng r\u1ed9ng - t\u1eeb n\u01b0\u1edbc tinh khi\u1ebft \u0111\u1ebfn n\u01b0\u1edbc u\u1ed1ng t\u1ea1i v\u00f2i, v\u00e0 c\u00e1c h\u1ec7 th\u1ed1ng CIP<\/li>\n<\/ul>\n\t\t<\/div>\n\t\t\t\t\t<\/div>\n\n\t\n<\/div>\n\t\t<\/div>\n\n\t\t\n<style>\n#section_1797911088 {\n  padding-top: 60px;\n  padding-bottom: 60px;\n  background-color: #ffffff;\n}\n<\/style>\n\t<\/section>\n\t\n\n\t<section class=\"section\" id=\"section_1770800675\">\n\t\t<div class=\"section-bg fill\" >\n\t\t\t\t\t\t\t\t\t\n\t\t\t\n\n\t\t<\/div>\n\n\t\t\n\n\t\t<div class=\"section-content relative\">\n\t\t\t\n<div class=\"row\"  id=\"row-206956\">\n\n\t<div id=\"col-959920399\" class=\"col medium-6 small-12 large-6\"  >\n\t\t\t\t<div class=\"col-inner\"  >\n\t\t\t\n\t\t\t\n<h4><span style=\"color: #ff0000;\">Panel ph\u00e2n t\u00edch \u0111a ch\u1ec9 ti\u00eau<\/span><\/h4>\n<p><img loading=\"lazy\" decoding=\"async\" class=\"alignnone wp-image-4913 size-full\" src=\"https:\/\/vintec.com.vn\/wp-content\/uploads\/2022\/09\/water-analysis-panel.webp\" alt=\"\u0111o l\u01b0u l\u01b0\u1ee3ng, gas flowmeter, l\u01b0u l\u01b0\u1ee3ng k\u1ebf, \u0111o l\u01b0u l\u01b0\u1ee3ng ch\u1ea5t l\u1ecfng, \u0111o l\u01b0u l\u01b0\u1ee3ng kh\u00ed, kh\u00ed n\u00e9n, kh\u00ed gas, \u0111o l\u01b0u l\u01b0\u1ee3ng LPG, \u0111\u1ed3ng h\u1ed3 \u0111o n\u01b0\u1edbc th\u1ea3i\" width=\"1200\" height=\"900\" srcset=\"https:\/\/vintec.com.vn\/wp-content\/uploads\/2022\/09\/water-analysis-panel.webp 1200w, https:\/\/vintec.com.vn\/wp-content\/uploads\/2022\/09\/water-analysis-panel-300x225.webp 300w, https:\/\/vintec.com.vn\/wp-content\/uploads\/2022\/09\/water-analysis-panel-1024x768.webp 1024w, https:\/\/vintec.com.vn\/wp-content\/uploads\/2022\/09\/water-analysis-panel-768x576.webp 768w, https:\/\/vintec.com.vn\/wp-content\/uploads\/2022\/09\/water-analysis-panel-400x300.webp 400w, https:\/\/vintec.com.vn\/wp-content\/uploads\/2022\/09\/water-analysis-panel-24x18.webp 24w, https:\/\/vintec.com.vn\/wp-content\/uploads\/2022\/09\/water-analysis-panel-36x27.webp 36w, https:\/\/vintec.com.vn\/wp-content\/uploads\/2022\/09\/water-analysis-panel-48x36.webp 48w\" sizes=\"auto, (max-width: 1200px) 100vw, 1200px\" \/><\/p>\n<h5>Panel ph\u00e2n t\u00edch \u0111a ch\u1ec9 ti\u00eau cho vi\u1ec7c gi\u00e1m s\u00e1t ch\u1ea5t l\u01b0\u1ee3ng n\u01b0\u1edbc<\/h5>\n<ul>\n<li>Linh ho\u1ea1t trong vi\u1ec7c c\u1ea5u h\u00ecnh ch\u1ecdn l\u1ef1a c\u00e1c th\u00f4ng s\u1ed1 nh\u01b0: oxy h\u00f2a tan, \u0111\u1ed9 \u0111\u1ee5c, \u0111\u1ed9 d\u1eabn \u0111i\u1ec7n, pH\/ ORP.<\/li>\n<li>T\u00edch h\u1ee3p g\u1ecdn nh\u1eb9 t\u1ea5t c\u1ea3 c\u00e1c c\u1ea3m bi\u1ebfn \u0111o tr\u00ean c\u00f9ng m\u1ed9t panel ph\u00e2n t\u00edch<\/li>\n<li>Gh\u00e1 l\u1eafp v\u00e0 \u0111\u1ea5u d\u00e2y ho\u00e0n ch\u1ec9nh, d\u1ec5 d\u00e0ng thay th\u1ebf v\u00e0 \u0111i\u1ec1u ch\u1ec9nh t\u1ea1i site.<\/li>\n<\/ul>\n\t\t<\/div>\n\t\t\t\t\t<\/div>\n\n\t\n\n\t<div id=\"col-910340348\" class=\"col medium-6 small-12 large-6\"  >\n\t\t\t\t<div class=\"col-inner\"  >\n\t\t\t\n\t\t\t\n<h4><span style=\"color: #ff0000;\">Thi\u1ebft b\u1ecb \u0111o t\u1ed5ng ch\u1ea5t r\u1eafn l\u01a1 l\u1eedng (TSS)<\/span><\/h4>\n<p><img loading=\"lazy\" decoding=\"async\" class=\"alignnone wp-image-4913 size-full\" src=\"https:\/\/vintec.com.vn\/wp-content\/uploads\/2022\/10\/total-suspended-solids-sensors-measuring-systems.png\" alt=\"\u0111o l\u01b0u l\u01b0\u1ee3ng, gas flowmeter, l\u01b0u l\u01b0\u1ee3ng k\u1ebf, \u0111o l\u01b0u l\u01b0\u1ee3ng ch\u1ea5t l\u1ecfng, \u0111o l\u01b0u l\u01b0\u1ee3ng kh\u00ed, kh\u00ed n\u00e9n, kh\u00ed gas, \u0111o l\u01b0u l\u01b0\u1ee3ng LPG, \u0111\u1ed3ng h\u1ed3 \u0111o n\u01b0\u1edbc th\u1ea3i\" width=\"1200\" height=\"900\" \/><\/p>\n<h5>\u0110o l\u01b0\u1eddng quang h\u1ecdc ch\u1ea5t r\u1eafn l\u01a1 l\u1eedng<\/h5>\n<ul>\n<li>C\u1ea5u h\u00ecnh c\u1ea3m bi\u1ebfn \u0111o li\u1ec1n v\u1edbi b\u1ed9 hi\u1ec3n th\u1ecb ho\u1eb7c hi\u1ec3n th\u1ecb t\u1eeb xa<\/li>\n<li>C\u00f4ng ngh\u1ec7 \u0111o s\u1eed d\u1ee5ng 1 ho\u1eb7c 4 ch\u00f9m tia v\u1edbi \u0111\u00e8n LED NIR cho c\u00e1c d\u1ea3i \u0111o kh\u00e1c nhau<\/li>\n<li>Cho c\u00e1c \u1ee9ng d\u1ee5ng x\u1eed l\u00fd n\u01b0\u1edbc th\u1ea3i ho\u1eb7c s\u1ea3n xu\u1ea5t th\u1ef1c ph\u1ea9m s\u1ea1ch<\/li>\n<\/ul>\n\t\t<\/div>\n\t\t\t\t\t<\/div>\n\n\t\n<\/div>\n\t\t<\/div>\n\n\t\t\n<style>\n#section_1770800675 {\n  padding-top: 60px;\n  padding-bottom: 60px;\n  background-color: #ffffff;\n}\n<\/style>\n\t<\/section>\n\t\n\n\t<section class=\"section\" id=\"section_618220575\">\n\t\t<div class=\"section-bg fill\" >\n\t\t\t\t\t\t\t\t\t\n\t\t\t\n\n\t\t<\/div>\n\n\t\t\n\n\t\t<div class=\"section-content relative\">\n\t\t\t\n<div class=\"row\"  id=\"row-1713608534\">\n\n\t<div id=\"col-79653306\" class=\"col medium-6 small-12 large-6\"  >\n\t\t\t\t<div class=\"col-inner\"  >\n\t\t\t\n\t\t\t\n<h4><span style=\"color: #ff0000;\">Thi\u1ebft b\u1ecb \u0111o oxy h\u00f2a tan (DO)<\/span><\/h4>\n<p><img loading=\"lazy\" decoding=\"async\" class=\"alignnone wp-image-4889 size-full\" src=\"https:\/\/vintec.com.vn\/wp-content\/uploads\/2022\/09\/dissolved-oxygen-sensors-measuring-system.webp\" alt=\"\u0111o l\u01b0u l\u01b0\u1ee3ng, gas flowmeter, l\u01b0u l\u01b0\u1ee3ng k\u1ebf, \u0111o l\u01b0u l\u01b0\u1ee3ng ch\u1ea5t l\u1ecfng, \u0111o l\u01b0u l\u01b0\u1ee3ng kh\u00ed, kh\u00ed n\u00e9n, kh\u00ed gas, \u0111o l\u01b0u l\u01b0\u1ee3ng LPG, \u0111\u1ed3ng h\u1ed3 \u0111o n\u01b0\u1edbc th\u1ea3i\" width=\"1200\" height=\"675\" srcset=\"https:\/\/vintec.com.vn\/wp-content\/uploads\/2022\/09\/dissolved-oxygen-sensors-measuring-system.webp 1200w, https:\/\/vintec.com.vn\/wp-content\/uploads\/2022\/09\/dissolved-oxygen-sensors-measuring-system-300x169.webp 300w, https:\/\/vintec.com.vn\/wp-content\/uploads\/2022\/09\/dissolved-oxygen-sensors-measuring-system-1024x576.webp 1024w, https:\/\/vintec.com.vn\/wp-content\/uploads\/2022\/09\/dissolved-oxygen-sensors-measuring-system-768x432.webp 768w, https:\/\/vintec.com.vn\/wp-content\/uploads\/2022\/09\/dissolved-oxygen-sensors-measuring-system-24x14.webp 24w, https:\/\/vintec.com.vn\/wp-content\/uploads\/2022\/09\/dissolved-oxygen-sensors-measuring-system-36x20.webp 36w, https:\/\/vintec.com.vn\/wp-content\/uploads\/2022\/09\/dissolved-oxygen-sensors-measuring-system-48x27.webp 48w\" sizes=\"auto, (max-width: 1200px) 100vw, 1200px\" \/><\/p>\n<h5>\u0110o \u0111\u1ed9 oxy h\u00f2a tan s\u1eed d\u1ee5ng c\u00f4ng ngh\u1ec7 amperometric ho\u1eb7c quang h\u1ecdc<\/h5>\n<ul>\n<li>S\u1eed d\u1ee5ng nhi\u1ec1u d\u00f2ng c\u1ea3m bi\u1ebfn kh\u00e1c nhau v\u1edbi c\u00e1c lo\u1ea1i v\u1eadt li\u1ec7u kh\u00e1c nhau<\/li>\n<li>T\u00f9y ch\u1ecdn t\u00edch h\u1ee3p c\u00e1c m\u00f4 \u0111un ph\u00e2n t\u00edch tr\u00ean c\u00f9ng m\u1ed9t panel cho vi\u1ec7c \u0111o oxy h\u00f2a tan v\u00e0 c\u00e1c th\u00f4ng s\u1ed1 quan tr\u1ecdng kh\u00e1c.<\/li>\n<li>Cho c\u00e1c \u1ee9ng d\u1ee5ng n\u01b0\u1edbc v\u00e0 x\u1eed l\u00fd n\u01b0\u1edbc th\u1ea3i trong c\u00e1c nh\u00e0 m\u00e1y c\u00f4ng nghi\u1ec7p<\/li>\n<\/ul>\n\t\t<\/div>\n\t\t\t\t\t<\/div>\n\n\t\n\n\t<div id=\"col-2135320079\" class=\"col medium-6 small-12 large-6\"  >\n\t\t\t\t<div class=\"col-inner\"  >\n\t\t\t\n\t\t\t\n<h4><span style=\"color: #ff0000;\">Thi\u1ebft b\u1ecb \u0111o \u0111\u1ed9 \u0111\u1ee5c<\/span><\/h4>\n<p><img loading=\"lazy\" decoding=\"async\" class=\"alignnone wp-image-4908 size-full\" src=\"https:\/\/vintec.com.vn\/wp-content\/uploads\/2022\/09\/turbidity-sensors-measuring-system.webp\" alt=\"\u0111o l\u01b0u l\u01b0\u1ee3ng, gas flowmeter, l\u01b0u l\u01b0\u1ee3ng k\u1ebf, \u0111o l\u01b0u l\u01b0\u1ee3ng ch\u1ea5t l\u1ecfng, \u0111o l\u01b0u l\u01b0\u1ee3ng kh\u00ed, kh\u00ed n\u00e9n, kh\u00ed gas, \u0111o l\u01b0u l\u01b0\u1ee3ng LPG, \u0111\u1ed3ng h\u1ed3 \u0111o n\u01b0\u1edbc th\u1ea3i\" width=\"1200\" height=\"675\" srcset=\"https:\/\/vintec.com.vn\/wp-content\/uploads\/2022\/09\/turbidity-sensors-measuring-system.webp 1200w, https:\/\/vintec.com.vn\/wp-content\/uploads\/2022\/09\/turbidity-sensors-measuring-system-300x169.webp 300w, https:\/\/vintec.com.vn\/wp-content\/uploads\/2022\/09\/turbidity-sensors-measuring-system-1024x576.webp 1024w, https:\/\/vintec.com.vn\/wp-content\/uploads\/2022\/09\/turbidity-sensors-measuring-system-768x432.webp 768w, https:\/\/vintec.com.vn\/wp-content\/uploads\/2022\/09\/turbidity-sensors-measuring-system-24x14.webp 24w, https:\/\/vintec.com.vn\/wp-content\/uploads\/2022\/09\/turbidity-sensors-measuring-system-36x20.webp 36w, https:\/\/vintec.com.vn\/wp-content\/uploads\/2022\/09\/turbidity-sensors-measuring-system-48x27.webp 48w\" sizes=\"auto, (max-width: 1200px) 100vw, 1200px\" \/><\/p>\n<h5>\u0110o l\u01b0\u1eddng quang h\u1ecdc \u0111\u1ed9 \u0111\u1ee5c<\/h5>\n<ul>\n<li>Thi\u1ebft k\u1ebf c\u1ea3m bi\u1ebfn kh\u00e1c nhau cho vi\u1ec7c nh\u00fang v\u00e0 ng\u1eadp ch\u00ecm h\u1eb3n trong n\u01b0\u1edbc, v\u00e0 t\u00edch h\u1ee3p b\u1ed9 hi\u1ec3n th\u1ecb \u0111i\u1ec7n t\u1eed k\u00e8m bu\u1ed3ng \u0111o.<\/li>\n<li>C\u00f4ng ngh\u1ec7 t\u00e1n x\u1ea1 \u00e1nh s\u00e1ng theo ti\u00eau chu\u1ea9n  EPA 180.1 ho\u1eb7c ISO 7027 (NIR-LED)<\/li>\n<li>Cho c\u00e1c \u1ee9ng d\u1ee5ng n\u01b0\u1edbc v\u00e0 x\u1eed l\u00fd n\u01b0\u1edbc th\u1ea3i trong c\u00e1c nh\u00e0 m\u00e1y c\u00f4ng nghi\u1ec7p<\/li>\n<\/ul>\n\t\t<\/div>\n\t\t\t\t\t<\/div>\n\n\t\n<\/div>\n\t\t<\/div>\n\n\t\t\n<style>\n#section_618220575 {\n  padding-top: 60px;\n  padding-bottom: 60px;\n  background-color: #ffffff;\n}\n<\/style>\n\t<\/section>\n\t\n\n\t<section class=\"section\" id=\"section_1185542465\">\n\t\t<div class=\"section-bg fill\" >\n\t\t\t\t\t\t\t\t\t\n\t\t\t\n\n\t\t<\/div>\n\n\t\t\n\n\t\t<div class=\"section-content relative\">\n\t\t\t\n<div class=\"row\"  id=\"row-346936647\">\n\n\t<div id=\"col-438141024\" class=\"col medium-6 small-12 large-6\"  >\n\t\t\t\t<div class=\"col-inner\"  >\n\t\t\t\n\t\t\t\n<h4><span style=\"color: #ff0000;\">Thi\u1ebft b\u1ecb \u0111o m\u1ee9c b\u00f9n<\/span><\/h4>\n<p><img loading=\"lazy\" decoding=\"async\" class=\"alignnone wp-image-4904 size-full\" src=\"https:\/\/vintec.com.vn\/wp-content\/uploads\/2022\/09\/sludge-level-measuring-systems.webp\" alt=\"\u0111o l\u01b0u l\u01b0\u1ee3ng, gas flowmeter, l\u01b0u l\u01b0\u1ee3ng k\u1ebf, \u0111o l\u01b0u l\u01b0\u1ee3ng ch\u1ea5t l\u1ecfng, \u0111o l\u01b0u l\u01b0\u1ee3ng kh\u00ed, kh\u00ed n\u00e9n, kh\u00ed gas, \u0111o l\u01b0u l\u01b0\u1ee3ng LPG, \u0111\u1ed3ng h\u1ed3 \u0111o n\u01b0\u1edbc th\u1ea3i\" width=\"1200\" height=\"675\" srcset=\"https:\/\/vintec.com.vn\/wp-content\/uploads\/2022\/09\/sludge-level-measuring-systems.webp 1200w, https:\/\/vintec.com.vn\/wp-content\/uploads\/2022\/09\/sludge-level-measuring-systems-300x169.webp 300w, https:\/\/vintec.com.vn\/wp-content\/uploads\/2022\/09\/sludge-level-measuring-systems-1024x576.webp 1024w, https:\/\/vintec.com.vn\/wp-content\/uploads\/2022\/09\/sludge-level-measuring-systems-768x432.webp 768w, https:\/\/vintec.com.vn\/wp-content\/uploads\/2022\/09\/sludge-level-measuring-systems-24x14.webp 24w, https:\/\/vintec.com.vn\/wp-content\/uploads\/2022\/09\/sludge-level-measuring-systems-36x20.webp 36w, https:\/\/vintec.com.vn\/wp-content\/uploads\/2022\/09\/sludge-level-measuring-systems-48x27.webp 48w\" sizes=\"auto, (max-width: 1200px) 100vw, 1200px\" \/><\/p>\n<h5>\u0110o quang h\u1ecdc m\u1ee9c v\u00e0 n\u1ed3ng \u0111\u1ed9 b\u00f9n l\u1eafng<\/h5>\n<ul>\n<li>T\u00edch h\u1ee3p h\u1ec7 th\u1ed1ng g\u1ecdn nh\u1eb9 v\u1edbi b\u1ed9 hi\u1ec3n th\u1ecb<\/li>\n<li>\u0110o l\u01b0\u1eddng tr\u1ef1c ti\u1ebfp b\u1edfi g\u00f3c truy\u1ec1n s\u00e1ng 180\u00b0 (NIR-LED)<\/li>\n<li>Cho c\u00e1c \u1ee9ng d\u1ee5ng n\u01b0\u1edbc v\u00e0 x\u1eed l\u00fd n\u01b0\u1edbc th\u1ea3i, khai m\u1ecf v\u00e0 nh\u00e0 m\u00e1y \u0111i\u1ec7n.<\/li>\n<\/ul>\n\t\t<\/div>\n\t\t\t\t\t<\/div>\n\n\t\n\n\t<div id=\"col-637554647\" class=\"col medium-6 small-12 large-6\"  >\n\t\t\t\t<div class=\"col-inner\"  >\n\t\t\t\n\t\t\t\n<h4><span style=\"color: #ff0000;\">C\u1ea3m bi\u1ebfn \u0111o ch\u1ea5t kh\u1eed tr\u00f9ng (Cl2, ClO2, O3)<\/span><\/h4>\n<p><img loading=\"lazy\" decoding=\"async\" class=\"alignnone wp-image-4888 size-full\" src=\"https:\/\/vintec.com.vn\/wp-content\/uploads\/2022\/09\/disinfectant-sensors-measuring-systems.webp\" alt=\"\u0111o l\u01b0u l\u01b0\u1ee3ng, gas flowmeter, l\u01b0u l\u01b0\u1ee3ng k\u1ebf, \u0111o l\u01b0u l\u01b0\u1ee3ng ch\u1ea5t l\u1ecfng, \u0111o l\u01b0u l\u01b0\u1ee3ng kh\u00ed, kh\u00ed n\u00e9n, kh\u00ed gas, \u0111o l\u01b0u l\u01b0\u1ee3ng LPG, \u0111\u1ed3ng h\u1ed3 \u0111o n\u01b0\u1edbc th\u1ea3i\" width=\"1200\" height=\"675\" srcset=\"https:\/\/vintec.com.vn\/wp-content\/uploads\/2022\/09\/disinfectant-sensors-measuring-systems.webp 1200w, https:\/\/vintec.com.vn\/wp-content\/uploads\/2022\/09\/disinfectant-sensors-measuring-systems-300x169.webp 300w, https:\/\/vintec.com.vn\/wp-content\/uploads\/2022\/09\/disinfectant-sensors-measuring-systems-1024x576.webp 1024w, https:\/\/vintec.com.vn\/wp-content\/uploads\/2022\/09\/disinfectant-sensors-measuring-systems-768x432.webp 768w, https:\/\/vintec.com.vn\/wp-content\/uploads\/2022\/09\/disinfectant-sensors-measuring-systems-24x14.webp 24w, https:\/\/vintec.com.vn\/wp-content\/uploads\/2022\/09\/disinfectant-sensors-measuring-systems-36x20.webp 36w, https:\/\/vintec.com.vn\/wp-content\/uploads\/2022\/09\/disinfectant-sensors-measuring-systems-48x27.webp 48w\" sizes=\"auto, (max-width: 1200px) 100vw, 1200px\" \/><\/p>\n<h5>\u0110o clo d\u01b0, ozone, ClO2 s\u1eed d\u1ee5ng c\u00f4ng ngh\u1ec7 amperometric<\/h5>\n<ul>\n<li>Thi\u1ebft k\u1ebf c\u1ea3m bi\u1ebfn kh\u00f4ng s\u1eed d\u1ee5ng m\u00e0ng \u0111o v\u1edbi ch\u1ee9c n\u0103ng t\u1ef1 \u0111\u1ed9ng l\u00e0m s\u1ea1ch.<\/li>\n<li>T\u00f9y ch\u1ecdn t\u00edch h\u1ee3p c\u00e1c m\u00f4 \u0111un ph\u00e2n t\u00edch tr\u00ean c\u00f9ng m\u1ed9t panel cho Cl2, ClO2 ho\u1eb7c O3 v\u00e0 c\u00e1c th\u00f4ng s\u1ed1 quan tr\u1ecdng kh\u00e1c (pH, nhi\u1ec7t \u0111\u1ed9).<\/li>\n<li>Cho c\u00e1c \u1ee9ng d\u1ee5ng n\u01b0\u1edbc v\u00e0 x\u1eed l\u00fd n\u01b0\u1edbc th\u1ea3i trong c\u00e1c nh\u00e0 m\u00e1y c\u00f4ng nghi\u1ec7p<\/li>\n<\/ul>\n\t\t<\/div>\n\t\t\t\t\t<\/div>\n\n\t\n<\/div>\n\t\t<\/div>\n\n\t\t\n<style>\n#section_1185542465 {\n  padding-top: 60px;\n  padding-bottom: 60px;\n  background-color: #ffffff;\n}\n<\/style>\n\t<\/section>","protected":false},"excerpt":{"rendered":"","protected":false},"author":1,"featured_media":0,"parent":0,"menu_order":0,"comment_status":"closed","ping_status":"closed","template":"","meta":{"_monsterinsights_skip_tracking":false,"_monsterinsights_sitenote_active":false,"_monsterinsights_sitenote_note":"","_monsterinsights_sitenote_category":0,"footnotes":""},"class_list":["post-4959","page","type-page","status-publish","hentry"],"aioseo_notices":[],"_links":{"self":[{"href":"https:\/\/vintec.com.vn\/vi\/wp-json\/wp\/v2\/pages\/4959","targetHints":{"allow":["GET"]}}],"collection":[{"href":"https:\/\/vintec.com.vn\/vi\/wp-json\/wp\/v2\/pages"}],"about":[{"href":"https:\/\/vintec.com.vn\/vi\/wp-json\/wp\/v2\/types\/page"}],"author":[{"embeddable":true,"href":"https:\/\/vintec.com.vn\/vi\/wp-json\/wp\/v2\/users\/1"}],"replies":[{"embeddable":true,"href":"https:\/\/vintec.com.vn\/vi\/wp-json\/wp\/v2\/comments?post=4959"}],"version-history":[{"count":1,"href":"https:\/\/vintec.com.vn\/vi\/wp-json\/wp\/v2\/pages\/4959\/revisions"}],"predecessor-version":[{"id":6913,"href":"https:\/\/vintec.com.vn\/vi\/wp-json\/wp\/v2\/pages\/4959\/revisions\/6913"}],"wp:attachment":[{"href":"https:\/\/vintec.com.vn\/vi\/wp-json\/wp\/v2\/media?parent=4959"}],"curies":[{"name":"wp","href":"https:\/\/api.w.org\/{rel}","templated":true}]}}