{"id":6024,"date":"2022-10-09T12:54:56","date_gmt":"2022-10-09T12:54:56","guid":{"rendered":"https:\/\/vintec.troypham.com\/?page_id=6024"},"modified":"2025-07-31T15:52:22","modified_gmt":"2025-07-31T15:52:22","slug":"cems-solutions","status":"publish","type":"page","link":"https:\/\/vintec.com.vn\/vi\/cems-solutions\/","title":{"rendered":"Quan tr\u1eafc kh\u00ed th\u1ea3i li\u00ean t\u1ee5c (CEMS)"},"content":{"rendered":"<div class=\"row\"  id=\"row-1889811948\">\n\n\t<div id=\"col-1408658167\" class=\"col small-12 large-12\"  >\n\t\t\t\t<div class=\"col-inner\"  >\n\t\t\t\n\t\t\t\n<div class=\"fusion-title title fusion-title-3 fusion-sep-none fusion-title-text fusion-title-size-three fusion-border-below-title\">\n<h5 class=\"title-heading-left fusion-responsive-typography-calculated\" data-fontsize=\"24\" data-lineheight=\"31.92px\"><span style=\"color: #ff0000;\">H\u1ec7 th\u1ed1ng quan tr\u1eafc kh\u00ed th\u1ea3i li\u00ean t\u1ee5c (CEMS)<\/span><\/h5>\n<\/div>\n<h6 class=\"fusion-sep-clear\">Ch\u00fang t\u00f4i th\u1ef1c hi\u1ec7n tr\u1ecdn g\u00f3i t\u1eeb kh\u00e2u t\u01b0 v\u1ea5n thi\u1ebft k\u1ebf l\u00ean c\u1ea5u h\u00ecnh k\u1ef9 thu\u1eadt, sizing h\u1ec7 th\u1ed1ng, mua s\u1eafm thi\u1ebft b\u1ecb, l\u1eafp \u0111\u1eb7t, v\u1eadn h\u00e0nh ch\u1ea1y th\u1eed v\u00e0 cung c\u1ea5p c\u00e1c d\u1ecbch v\u1ee5 sau b\u00e1n h\u00e0ng cho to\u00e0n b\u1ed9 h\u1ec7 th\u1ed1ng quan tr\u1eafc kh\u00ed th\u1ea3i li\u00ean t\u1ee5c.<\/h6>\n<div class=\"fusion-separator fusion-clearfix\">\n<div><img loading=\"lazy\" decoding=\"async\" class=\"alignnone wp-image-6375 size-full\" src=\"https:\/\/vintec.com.vn\/wp-content\/uploads\/2024\/01\/ABB-family-OK.jpg\" alt=\"\" width=\"940\" height=\"604\" srcset=\"https:\/\/vintec.com.vn\/wp-content\/uploads\/2024\/01\/ABB-family-OK.jpg 940w, https:\/\/vintec.com.vn\/wp-content\/uploads\/2024\/01\/ABB-family-OK-768x493.jpg 768w, https:\/\/vintec.com.vn\/wp-content\/uploads\/2024\/01\/ABB-family-OK-18x12.jpg 18w\" sizes=\"auto, (max-width: 940px) 100vw, 940px\" \/><\/div>\n<\/div>\n<div> <\/div>\n<h6><span class=\"fontstyle0\">V\u1edbi nhi\u1ec1u n\u0103m kinh nghi\u1ec7m g\u1eafn b\u00f3 v\u1edbi l\u0129nh v\u1ef1c t\u1ef1 \u0111\u1ed9ng h\u00f3a c\u00f4ng nghi\u1ec7p, h\u1ec7 th\u1ed1ng c\u1ee7a ch\u00fang t\u00f4i \u0111\u01b0\u1ee3c thi\u1ebft k\u1ebf v\u00e0 ph\u00e1t tri\u1ec3n nh\u01b0 m\u1ed9t gi\u1ea3i ph\u00e1p ch\u00eca kh\u00f3a trao tay ho\u00e0n ch\u1ec9nh. T\u1eeb vi\u1ec7c tr\u00edch xu\u1ea5t l\u1ea5y m\u1eabu, th\u00f4ng qua c\u00e1c b\u1ed9 ph\u00e2n t\u00edch, thu th\u1eadp d\u1eef li\u1ec7u v\u00e0 qu\u1ea3n l\u00fd b\u00e1o c\u00e1o, m\u1ed7i h\u1ec7 th\u1ed1ng \u0111\u01b0\u1ee3c \u0111\u1ecbnh c\u1ea5u h\u00ecnh \u0111\u1ec3 tu\u00e2n th\u1ee7 c\u00e1c y\u00eau c\u1ea7u quy chu\u1ea9n v\u00e0 k\u1ef9 thu\u1eadt t\u1eeb kh\u00e1ch h\u00e0ng, bao g\u1ed3m c\u00e1c nh\u00e0 m\u00e1y c\u00f4ng nghi\u1ec7p: <\/span><span class=\"fontstyle2\">.<\/span><span class=\"fontstyle0\">.<\/span><\/h6>\n<h6><span class=\"fontstyle0\">\u2022 Nh\u00e0 m\u00e1y \u0111i\u1ec7n r\u00e1c<br \/>\u2022 Nh\u00e0 m\u00e1y \u0111i\u1ec7n tuabin kh\u00ed<br \/>\u2022 Nh\u00e0 m\u00e1y \u0111i\u1ec7n \u0111\u1ed1t than<br \/>\u2022 Nh\u00e0 m\u00e1y s\u1ea3n xu\u1ea5t xi m\u0103ng<br \/>\u2022 DeNOx (SNCR, SCR)<br \/>\u2022 C\u00e1c nh\u00e0 m\u00e1y s\u1ea3n xu\u1ea5t th\u00e9p, l\u1ecdc h\u00f3a d\u1ea7u, h\u00f3a ch\u1ea5t,..<\/span><\/h6>\n<p><img loading=\"lazy\" decoding=\"async\" class=\"size-full wp-image-6390 aligncenter\" src=\"https:\/\/vintec.com.vn\/wp-content\/uploads\/2024\/01\/ACX-control.jpg\" alt=\"\" width=\"821\" height=\"528\" srcset=\"https:\/\/vintec.com.vn\/wp-content\/uploads\/2024\/01\/ACX-control.jpg 821w, https:\/\/vintec.com.vn\/wp-content\/uploads\/2024\/01\/ACX-control-768x494.jpg 768w, https:\/\/vintec.com.vn\/wp-content\/uploads\/2024\/01\/ACX-control-18x12.jpg 18w\" sizes=\"auto, (max-width: 821px) 100vw, 821px\" \/><\/p>\n<h6> <\/h6>\n<h6>CEMS monitors and measurement systems are also in accordance with all CEMS standards, as well as being approved and certified by various laboratories and organizations around the world such as:<\/h6>\n<p><img loading=\"lazy\" decoding=\"async\" class=\"alignnone wp-image-6377\" src=\"https:\/\/vintec.com.vn\/wp-content\/uploads\/2024\/01\/EPA-M-cert.jpg\" alt=\"\" width=\"451\" height=\"362\" srcset=\"https:\/\/vintec.com.vn\/wp-content\/uploads\/2024\/01\/EPA-M-cert.jpg 627w, https:\/\/vintec.com.vn\/wp-content\/uploads\/2024\/01\/EPA-M-cert-15x12.jpg 15w\" sizes=\"auto, (max-width: 451px) 100vw, 451px\" \/><\/p>\n<div> <\/div>\n<h5 style=\"text-align: center;\">ACX Exterior and interior views<\/h5>\n<div>\n<h6><img loading=\"lazy\" decoding=\"async\" class=\"wp-image-6388 aligncenter\" src=\"https:\/\/vintec.com.vn\/wp-content\/uploads\/2024\/01\/ACX-cabinet.jpg\" alt=\"\" width=\"389\" height=\"363\" srcset=\"https:\/\/vintec.com.vn\/wp-content\/uploads\/2024\/01\/ACX-cabinet.jpg 704w, https:\/\/vintec.com.vn\/wp-content\/uploads\/2024\/01\/ACX-cabinet-13x12.jpg 13w\" sizes=\"auto, (max-width: 389px) 100vw, 389px\" \/><\/h6>\n<\/div>\n<div> <\/div>\n<div> <\/div>\n<h6><span class=\"fontstyle0\"><span style=\"color: #ff0000;\"><strong>Thermal power plant<\/strong><\/span><br \/><\/span><span class=\"fontstyle2\">Measuring points and solutions<\/span><\/h6>\n<div> <\/div>\n<div><img loading=\"lazy\" decoding=\"async\" class=\"alignnone wp-image-6385 size-full\" src=\"https:\/\/vintec.com.vn\/wp-content\/uploads\/2024\/01\/Measuring-points-1-1.jpg\" alt=\"\" width=\"1123\" height=\"635\" srcset=\"https:\/\/vintec.com.vn\/wp-content\/uploads\/2024\/01\/Measuring-points-1-1.jpg 1123w, https:\/\/vintec.com.vn\/wp-content\/uploads\/2024\/01\/Measuring-points-1-1-768x434.jpg 768w, https:\/\/vintec.com.vn\/wp-content\/uploads\/2024\/01\/Measuring-points-1-1-18x10.jpg 18w\" sizes=\"auto, (max-width: 1123px) 100vw, 1123px\" \/><\/div>\n<div> <\/div>\n<div><img loading=\"lazy\" decoding=\"async\" class=\"alignnone wp-image-6386 size-full\" src=\"https:\/\/vintec.com.vn\/wp-content\/uploads\/2024\/01\/Measuring-points-2.jpg\" alt=\"\" width=\"1132\" height=\"583\" srcset=\"https:\/\/vintec.com.vn\/wp-content\/uploads\/2024\/01\/Measuring-points-2.jpg 1132w, https:\/\/vintec.com.vn\/wp-content\/uploads\/2024\/01\/Measuring-points-2-768x396.jpg 768w, https:\/\/vintec.com.vn\/wp-content\/uploads\/2024\/01\/Measuring-points-2-18x9.jpg 18w\" sizes=\"auto, (max-width: 1132px) 100vw, 1132px\" \/><\/div>\n\t\t<\/div>\n\t\t\t\t\t<\/div>\n\n\t\n<\/div>","protected":false},"excerpt":{"rendered":"","protected":false},"author":1,"featured_media":0,"parent":0,"menu_order":0,"comment_status":"closed","ping_status":"closed","template":"","meta":{"_monsterinsights_skip_tracking":false,"_monsterinsights_sitenote_active":false,"_monsterinsights_sitenote_note":"","_monsterinsights_sitenote_category":0,"footnotes":""},"class_list":["post-6024","page","type-page","status-publish","hentry"],"aioseo_notices":[],"_links":{"self":[{"href":"https:\/\/vintec.com.vn\/vi\/wp-json\/wp\/v2\/pages\/6024","targetHints":{"allow":["GET"]}}],"collection":[{"href":"https:\/\/vintec.com.vn\/vi\/wp-json\/wp\/v2\/pages"}],"about":[{"href":"https:\/\/vintec.com.vn\/vi\/wp-json\/wp\/v2\/types\/page"}],"author":[{"embeddable":true,"href":"https:\/\/vintec.com.vn\/vi\/wp-json\/wp\/v2\/users\/1"}],"replies":[{"embeddable":true,"href":"https:\/\/vintec.com.vn\/vi\/wp-json\/wp\/v2\/comments?post=6024"}],"version-history":[{"count":1,"href":"https:\/\/vintec.com.vn\/vi\/wp-json\/wp\/v2\/pages\/6024\/revisions"}],"predecessor-version":[{"id":6898,"href":"https:\/\/vintec.com.vn\/vi\/wp-json\/wp\/v2\/pages\/6024\/revisions\/6898"}],"wp:attachment":[{"href":"https:\/\/vintec.com.vn\/vi\/wp-json\/wp\/v2\/media?parent=6024"}],"curies":[{"name":"wp","href":"https:\/\/api.w.org\/{rel}","templated":true}]}}