{"id":6392,"date":"2024-01-23T15:51:07","date_gmt":"2024-01-23T15:51:07","guid":{"rendered":"https:\/\/vintec.troypham.com\/?page_id=6392"},"modified":"2025-07-31T15:53:05","modified_gmt":"2025-07-31T15:53:05","slug":"cwa-swas-solutions","status":"publish","type":"page","link":"https:\/\/vintec.com.vn\/vi\/cwa-swas-solutions\/","title":{"rendered":"Quan tr\u1eafc n\u01b0\u1edbc th\u1ea3i v\u00e0 h\u01a1i\/n\u01b0\u1edbc l\u00f2 li\u00ean t\u1ee5c"},"content":{"rendered":"<div class=\"row\"  id=\"row-28902666\">\n\n\t<div id=\"col-962885569\" class=\"col small-12 large-12\"  >\n\t\t\t\t<div class=\"col-inner\"  >\n\t\t\t\n\t\t\t\n<h4 class=\"tile-headline\"><span style=\"color: #ff0000;\">Thi\u1ebft b\u1ecb ph\u00e2n t\u00edch n\u01b0\u1edbc, quan tr\u1eafc n\u01b0\u1edbc th\u1ea3i li\u00ean t\u1ee5c<\/span><\/h4>\n<h6>Kh\u1ea3 n\u0103ng \u0111o l\u01b0\u1eddng ch\u1ea5t l\u01b0\u1ee3ng n\u01b0\u1edbc li\u00ean t\u1ee5c v\u00e0 ch\u00ednh x\u00e1c l\u00e0 y\u00eau c\u1ea7u then ch\u1ed1t trong nhi\u1ec1u quy tr\u00ecnh. C\u00e1c gi\u1ea3i ph\u00e1p ph\u00e2n t\u00edch ch\u1ea5t l\u01b0\u1ee3ng n\u01b0\u1edbc v\u00e0 n\u01b0\u1edbc th\u1ea3i \u0111\u00e1ng tin c\u1eady c\u1ee7a ch\u00fang t\u00f4i cung c\u1ea5p d\u1eef li\u1ec7u th\u1eddi gian th\u1ef1c v\u1ec1 c\u00e1c \u0111i\u1ec1u ki\u1ec7n quy tr\u00ecnh, gi\u00fap c\u1ea3i thi\u1ec7n hi\u1ec7u qu\u1ea3, n\u00e2ng cao hi\u1ec7u su\u1ea5t v\u00e0 \u0111\u1ea3m b\u1ea3o ch\u1ea5t l\u01b0\u1ee3ng.<\/h6>\n<p><img loading=\"lazy\" decoding=\"async\" class=\"size-full wp-image-6396 aligncenter\" src=\"https:\/\/vintec.com.vn\/wp-content\/uploads\/2024\/01\/CWA.jpg\" alt=\"\" width=\"1146\" height=\"446\" srcset=\"https:\/\/vintec.com.vn\/wp-content\/uploads\/2024\/01\/CWA.jpg 1146w, https:\/\/vintec.com.vn\/wp-content\/uploads\/2024\/01\/CWA-768x299.jpg 768w, https:\/\/vintec.com.vn\/wp-content\/uploads\/2024\/01\/CWA-18x7.jpg 18w\" sizes=\"auto, (max-width: 1146px) 100vw, 1146px\" \/><\/p>\n<h5> <\/h5>\n<h5><strong><span class=\"fontstyle0\">D\u1ea3i thi\u1ebft b\u1ecb \u0111o ph\u00e2n t\u00edch ch\u1ea5t l\u01b0\u1ee3ng n\u01b0\u1edbc<\/span><\/strong><\/h5>\n<h6><span class=\"fontstyle0\">\u2022 Thi\u1ebft b\u1ecb \u0111o NH3+<br \/>\u2022  Thi\u1ebft b\u1ecb \u0111o pH v\u00e0 ORP<br \/>\u2022 Thi\u1ebft b\u1ecb \u0111o \u0111\u1ed9 d\u1eabn<br \/>\u2022 Thi\u1ebft b\u1ecb ph\u00e2n t\u00edch ki\u1ec3u so m\u00e0u (S\u1eaft, Ammoni, Mg, Ph\u1ed1t ph\u00e1t,...)<br \/>\u2022  Thi\u1ebft b\u1ecb \u0111o Clo v\u00e0 ozon<br \/>\u2022 Thi\u1ebft b\u1ecb \u0111o \u0111\u1ed9 \u0111\u1ee5c\/ ch\u1ea5t r\u1eafn l\u01a1 l\u1eedng TSS\/ CO\/ BOD<br \/>\u2022 Thi\u1ebft b\u1ecb \u0111o oxy h\u00f2a tan (DO)<\/span><\/h6>\n<h4><span style=\"color: #ff0000;\">H\u1ec7 th\u1ed1ng ph\u00e2n t\u00edch h\u01a1i v\u00e0 n\u01b0\u1edbc l\u00f2 (SWAS) <\/span><\/h4>\n<h6>Trong h\u1ea7u h\u1ebft c\u00e1c nh\u00e0 m\u00e1y nhi\u1ec7t \u0111i\u1ec7n sinh h\u01a1i, vi\u1ec7c ki\u1ec3m so\u00e1t \u0111\u1ed9 tinh khi\u1ebft c\u1ee7a n\u01b0\u1edbc c\u1ea5p cho bao h\u01a1i v\u00e0 h\u01a1i n\u01b0\u1edbc l\u00e0 v\u00f4 c\u00f9ng quan tr\u1ecdng; \u0111\u1eb7c bi\u1ec7t l\u00e0 \u0111\u1ed1i v\u1edbi tua bin h\u01a1i, bao h\u01a1i, h\u01a1i qu\u00e1 nhi\u1ec7t, n\u01b0\u1edbc c\u1ea5p, n\u01b0\u1edbc ng\u01b0ng v\u00e0 c\u00e1c chu tr\u00ecnh h\u01a1i kh\u00e1c...<\/h6>\n<h6>\u0110\u1ec3 ng\u0103n ng\u1eeba h\u01b0 h\u1ecfng tua bin h\u01a1i, bao h\u01a1i v\u00e0 c\u00e1c thi\u1ebft b\u1ecb kh\u00e1c do \u0111\u00f3ng c\u1eb7n v\u00e0 \u0103n m\u00f2n, vi\u1ec7c ph\u00e2n t\u00edch h\u01a1i v\u00e0 n\u01b0\u1edbc l\u00f2 li\u00ean t\u1ee5c theo th\u1eddi gian th\u1ef1c c\u00e1c th\u00f4ng s\u1ed1 quan tr\u1ecdng nh\u01b0 \u0111\u1ed9 pH, \u0111\u1ed9 d\u1eabn \u0111i\u1ec7n, oxy h\u00f2a tan, silica, natri, photphat, v.v. l\u00e0 \u0111i\u1ec1u b\u1eaft bu\u1ed9c.<\/h6>\n\t\t<\/div>\n\t\t\t\t\t<\/div>\n\n\t\n<\/div>\n<div class=\"row\"  id=\"row-707127291\">\n\n\t<div id=\"col-393797667\" class=\"col medium-6 small-12 large-6\"  >\n\t\t\t\t<div class=\"col-inner\"  >\n\t\t\t\n\t\t\t\n<p><img loading=\"lazy\" decoding=\"async\" class=\"alignnone size-full wp-image-6398\" src=\"https:\/\/vintec.com.vn\/wp-content\/uploads\/2024\/01\/SWAS.jpg\" alt=\"\" width=\"699\" height=\"435\" srcset=\"https:\/\/vintec.com.vn\/wp-content\/uploads\/2024\/01\/SWAS.jpg 699w, https:\/\/vintec.com.vn\/wp-content\/uploads\/2024\/01\/SWAS-18x12.jpg 18w\" sizes=\"auto, (max-width: 699px) 100vw, 699px\" \/><\/p>\n\t\t<\/div>\n\t\t\t\t\t<\/div>\n\n\t\n\n\t<div id=\"col-790680857\" class=\"col medium-6 small-12 large-6\"  >\n\t\t\t\t<div class=\"col-inner\"  >\n\t\t\t\n\t\t\t\n<p><img loading=\"lazy\" decoding=\"async\" class=\"alignnone wp-image-6411 size-full\" src=\"https:\/\/vintec.com.vn\/wp-content\/uploads\/2024\/01\/Sampling-1.jpg\" alt=\"\" width=\"771\" height=\"480\" srcset=\"https:\/\/vintec.com.vn\/wp-content\/uploads\/2024\/01\/Sampling-1.jpg 771w, https:\/\/vintec.com.vn\/wp-content\/uploads\/2024\/01\/Sampling-1-768x478.jpg 768w, https:\/\/vintec.com.vn\/wp-content\/uploads\/2024\/01\/Sampling-1-18x12.jpg 18w\" sizes=\"auto, (max-width: 771px) 100vw, 771px\" \/><\/p>\n\t\t<\/div>\n\t\t\t\t\t<\/div>\n\n\t\n<\/div>\n<div class=\"row\"  id=\"row-1635340406\">\n\n\t<div id=\"col-1580587350\" class=\"col small-12 large-12\"  >\n\t\t\t\t<div class=\"col-inner\"  >\n\t\t\t\n\t\t\t\n<h5><span class=\"fontstyle0\"><strong>C\u00e1c th\u00f4ng s\u1ed1 \u0111o l\u01b0\u1eddng bao g\u1ed3m:<\/strong><\/span><\/h5>\n<h6><span class=\"fontstyle0\">\u2022 pH <br \/>\u2022 Silica<br \/>\u2022 \u0110\u1ed9 d\u1eabn Cation, \u0111\u1ed9 d\u1eabn Degasess<br \/>\u2022 Hydrazine, Phosphate, Sodium (Na+)<br \/>\u2022 Thi\u1ebft b\u1ecb \u0111o oxy h\u00f2a tan (DO)<\/span><\/h6>\n\t\t<\/div>\n\t\t\t\t\t<\/div>\n\n\t\n<\/div>","protected":false},"excerpt":{"rendered":"","protected":false},"author":1,"featured_media":0,"parent":0,"menu_order":0,"comment_status":"closed","ping_status":"closed","template":"","meta":{"_monsterinsights_skip_tracking":false,"_monsterinsights_sitenote_active":false,"_monsterinsights_sitenote_note":"","_monsterinsights_sitenote_category":0,"footnotes":""},"class_list":["post-6392","page","type-page","status-publish","hentry"],"aioseo_notices":[],"_links":{"self":[{"href":"https:\/\/vintec.com.vn\/vi\/wp-json\/wp\/v2\/pages\/6392","targetHints":{"allow":["GET"]}}],"collection":[{"href":"https:\/\/vintec.com.vn\/vi\/wp-json\/wp\/v2\/pages"}],"about":[{"href":"https:\/\/vintec.com.vn\/vi\/wp-json\/wp\/v2\/types\/page"}],"author":[{"embeddable":true,"href":"https:\/\/vintec.com.vn\/vi\/wp-json\/wp\/v2\/users\/1"}],"replies":[{"embeddable":true,"href":"https:\/\/vintec.com.vn\/vi\/wp-json\/wp\/v2\/comments?post=6392"}],"version-history":[{"count":1,"href":"https:\/\/vintec.com.vn\/vi\/wp-json\/wp\/v2\/pages\/6392\/revisions"}],"predecessor-version":[{"id":6901,"href":"https:\/\/vintec.com.vn\/vi\/wp-json\/wp\/v2\/pages\/6392\/revisions\/6901"}],"wp:attachment":[{"href":"https:\/\/vintec.com.vn\/vi\/wp-json\/wp\/v2\/media?parent=6392"}],"curies":[{"name":"wp","href":"https:\/\/api.w.org\/{rel}","templated":true}]}}