{"id":6416,"date":"2024-07-03T07:02:30","date_gmt":"2024-07-03T07:02:30","guid":{"rendered":"https:\/\/vintec.troypham.com\/?page_id=6416"},"modified":"2025-07-31T15:47:14","modified_gmt":"2025-07-31T15:47:14","slug":"power-plant-monitoring-system","status":"publish","type":"page","link":"https:\/\/vintec.com.vn\/vi\/power-plant-monitoring-system\/","title":{"rendered":"Gi\u1ea3i ph\u00e1p gi\u00e1m s\u00e1t nh\u00e0 m\u00e1y nhi\u1ec7t \u0111i\u1ec7n"},"content":{"rendered":"<div class=\"row\"  id=\"row-239804587\">\n\n\t<div id=\"col-642639291\" class=\"col small-12 large-12\"  >\n\t\t\t\t<div class=\"col-inner\"  >\n\t\t\t\n\t\t\t\n<h4><strong>H\u1ec7 th\u1ed1ng thi\u1ebft b\u1ecb \u0111o l\u01b0\u1eddng t\u1ef1 \u0111\u1ed9ng h\u00f3a<\/strong><\/h4>\n<h6>Cung c\u1ea5p th\u00f4ng tin v\u00e0 d\u1eef li\u1ec7u \u0111\u1ec3 c\u00f3 th\u1ec3 d\u1ef1 \u0111o\u00e1n v\u00e0 \u0111\u01b0a ra k\u1ebf ho\u1ea1ch b\u1ea3o tr\u00ec s\u1edbm b\u1eb1ng c\u00e1ch s\u1eed d\u1ee5ng c\u00e1c h\u1ec7 th\u1ed1ng \u0111o l\u01b0\u1eddng t\u1ef1 \u0111\u1ed9ng h\u00f3a c\u00f3 \u0111\u1ed9 ch\u00ednh x\u00e1c cao nh\u1eb1m cung c\u1ea5p cho ng\u01b0\u1eddi d\u00f9ng th\u00f4ng tin ch\u00ednh x\u00e1c v\u00e0 k\u1ecbp th\u1eddi v\u1ec1 t\u00ecnh tr\u1ea1ng ho\u1ea1t \u0111\u1ed9ng c\u1ee7a c\u00e1c v\u1ecb tr\u00ed quan tr\u1ecdng trong nh\u00e0 m\u00e1y nhi\u1ec7t \u0111i\u1ec7n.<\/h6>\n<ul>\n<li>\n<h6>H\u1ec7 th\u1ed1ng b\u00e1o ch\u00e1y m\u00e1y nghi\u1ec1n than (PFMS)<\/h6>\n<\/li>\n<li>\n<h6>H\u1ec7 th\u1ed1ng gi\u00e1m s\u00e1t nhi\u1ec7t \u0111\u1ed9 ph\u00e2n t\u00e1n\/ s\u1eed d\u1ee5ng \u0111\u1ea7u c\u1ea3m bi\u1ebfn quang h\u1ecdc<\/h6>\n<\/li>\n<li>\n<h6>H\u1ec7 th\u1ed1ng gi\u00e1m s\u00e1t nhi\u1ec7t \u0111\u1ed9 s\u1eed d\u1ee5ng scanner h\u1ed3ng ngo\u1ea1i<\/h6>\n<\/li>\n<li>\n<h6>H\u1ec7 th\u1ed1ng gi\u00e1m s\u00e1t ch\u00e1y silo<\/h6>\n<\/li>\n<li>\n<h6>H\u1ec7 th\u1ed1ng gi\u00e1m s\u00e1t nhi\u1ec7t \u0111\u1ed9 \u1ed1ng l\u00f2 h\u01a1i<\/h6>\n<\/li>\n<li>\n<h6>H\u1ec7 th\u1ed1ng gi\u00e1m s\u00e1t ng\u1ecdn l\u1eeda bu\u1ed3ng \u0111\u1ed1t<\/h6>\n<\/li>\n<\/ul>\n<h4><strong>H\u1ec7 th\u1ed1ng \u0111i\u1ec1u khi\u1ec3n t\u1ef1 \u0111\u1ed9ng<\/strong><\/h4>\n<h6>Thi\u1ebft k\u1ebf v\u00e0 s\u1ea3n xu\u1ea5t van \u0111i\u1ec1u ch\u1ec9nh c\u00e2n b\u1eb1ng l\u01b0u l\u01b0\u1ee3ng than cung c\u1ea5p cho c\u00e1c \u0111\u1ea7u \u0111\u1ed1t<\/h6>\n<ul>\n<li>\n<h6>Van c\u00e2n b\u1eb1ng l\u01b0u l\u01b0\u1ee3ng than (AOV)<\/h6>\n<\/li>\n<li>\n<h6>C\u01a1 c\u1ea5u ch\u1ea5p h\u00e0nh \u0111i\u1ec7n<\/h6>\n<\/li>\n<\/ul>\n<p><img loading=\"lazy\" decoding=\"async\" class=\"alignnone size-full wp-image-6450\" src=\"https:\/\/vintec.com.vn\/wp-content\/uploads\/2024\/07\/ICEM-Products-1-1.jpg\" alt=\"\" width=\"1040\" height=\"720\" srcset=\"https:\/\/vintec.com.vn\/wp-content\/uploads\/2024\/07\/ICEM-Products-1-1.jpg 1040w, https:\/\/vintec.com.vn\/wp-content\/uploads\/2024\/07\/ICEM-Products-1-1-768x532.jpg 768w, https:\/\/vintec.com.vn\/wp-content\/uploads\/2024\/07\/ICEM-Products-1-1-18x12.jpg 18w\" sizes=\"auto, (max-width: 1040px) 100vw, 1040px\" \/><\/p>\n<p><img loading=\"lazy\" decoding=\"async\" class=\"alignnone size-full wp-image-6451\" src=\"https:\/\/vintec.com.vn\/wp-content\/uploads\/2024\/07\/ICEM-Products-2-1.jpg\" alt=\"\" width=\"1040\" height=\"720\" srcset=\"https:\/\/vintec.com.vn\/wp-content\/uploads\/2024\/07\/ICEM-Products-2-1.jpg 1040w, https:\/\/vintec.com.vn\/wp-content\/uploads\/2024\/07\/ICEM-Products-2-1-768x532.jpg 768w, https:\/\/vintec.com.vn\/wp-content\/uploads\/2024\/07\/ICEM-Products-2-1-18x12.jpg 18w\" sizes=\"auto, (max-width: 1040px) 100vw, 1040px\" \/><\/p>\n<h6>\u0110\u1ec3 t\u00ecm hi\u1ec3u th\u00eam v\u1ec1 H\u00e3ng ICEM v\u00e0 c\u00e1c s\u1ea3n ph\u1ea9m c\u1ee7a ch\u00fang t\u00f4i, vui l\u00f2ng truy c\u1eadp v\u00e0o k\u00eanh Youtube b\u00ean d\u01b0\u1edbi \u0111\u1ec3 bi\u1ebft th\u00eam chi ti\u1ebft:<\/h6>\n<p><a href=\"https:\/\/www.youtube.com\/@icemecatech2563|gq2|\"><img loading=\"lazy\" decoding=\"async\" class=\"size-full wp-image-6463 aligncenter\" src=\"https:\/\/vintec.com.vn\/wp-content\/uploads\/2024\/07\/ICEM.jpg\" alt=\"\" width=\"243\" height=\"37\" srcset=\"https:\/\/vintec.com.vn\/wp-content\/uploads\/2024\/07\/ICEM.jpg 243w, https:\/\/vintec.com.vn\/wp-content\/uploads\/2024\/07\/ICEM-18x3.jpg 18w\" sizes=\"auto, (max-width: 243px) 100vw, 243px\" \/><\/a><\/p>\n\t\t<\/div>\n\t\t\t\t\t<\/div>\n\n\t\n<\/div>","protected":false},"excerpt":{"rendered":"","protected":false},"author":1,"featured_media":0,"parent":0,"menu_order":0,"comment_status":"closed","ping_status":"closed","template":"","meta":{"_monsterinsights_skip_tracking":false,"_monsterinsights_sitenote_active":false,"_monsterinsights_sitenote_note":"","_monsterinsights_sitenote_category":0,"footnotes":""},"class_list":["post-6416","page","type-page","status-publish","hentry"],"aioseo_notices":[],"_links":{"self":[{"href":"https:\/\/vintec.com.vn\/vi\/wp-json\/wp\/v2\/pages\/6416","targetHints":{"allow":["GET"]}}],"collection":[{"href":"https:\/\/vintec.com.vn\/vi\/wp-json\/wp\/v2\/pages"}],"about":[{"href":"https:\/\/vintec.com.vn\/vi\/wp-json\/wp\/v2\/types\/page"}],"author":[{"embeddable":true,"href":"https:\/\/vintec.com.vn\/vi\/wp-json\/wp\/v2\/users\/1"}],"replies":[{"embeddable":true,"href":"https:\/\/vintec.com.vn\/vi\/wp-json\/wp\/v2\/comments?post=6416"}],"version-history":[{"count":1,"href":"https:\/\/vintec.com.vn\/vi\/wp-json\/wp\/v2\/pages\/6416\/revisions"}],"predecessor-version":[{"id":6889,"href":"https:\/\/vintec.com.vn\/vi\/wp-json\/wp\/v2\/pages\/6416\/revisions\/6889"}],"wp:attachment":[{"href":"https:\/\/vintec.com.vn\/vi\/wp-json\/wp\/v2\/media?parent=6416"}],"curies":[{"name":"wp","href":"https:\/\/api.w.org\/{rel}","templated":true}]}}