{"id":6422,"date":"2024-07-03T07:11:46","date_gmt":"2024-07-03T07:11:46","guid":{"rendered":"https:\/\/vintec.troypham.com\/?page_id=6422"},"modified":"2025-07-31T15:50:06","modified_gmt":"2025-07-31T15:50:06","slug":"pulverizer-fire-monitoring-system-pfms","status":"publish","type":"page","link":"https:\/\/vintec.com.vn\/vi\/pulverizer-fire-monitoring-system-pfms\/","title":{"rendered":"Gi\u00e1m s\u00e1t b\u00e1o ch\u00e1y m\u00e1y nghi\u1ec1n than (PFMS)"},"content":{"rendered":"<div class=\"row\"  id=\"row-144267536\">\n\n\t<div id=\"col-1344463911\" class=\"col small-12 large-12\"  >\n\t\t\t\t<div class=\"col-inner\"  >\n\t\t\t\n\t\t\t\n<p><img loading=\"lazy\" decoding=\"async\" class=\"alignnone size-full wp-image-6425\" src=\"https:\/\/vintec.com.vn\/wp-content\/uploads\/2024\/07\/Pulverizer-Monitoring-1.jpg\" alt=\"\" width=\"695\" height=\"718\" srcset=\"https:\/\/vintec.com.vn\/wp-content\/uploads\/2024\/07\/Pulverizer-Monitoring-1.jpg 695w, https:\/\/vintec.com.vn\/wp-content\/uploads\/2024\/07\/Pulverizer-Monitoring-1-12x12.jpg 12w\" sizes=\"auto, (max-width: 695px) 100vw, 695px\" \/><\/p>\n<p><img loading=\"lazy\" decoding=\"async\" class=\"alignnone size-full wp-image-6426\" src=\"https:\/\/vintec.com.vn\/wp-content\/uploads\/2024\/07\/Pulverizer-Monitoring-2.jpg\" alt=\"\" width=\"728\" height=\"617\" srcset=\"https:\/\/vintec.com.vn\/wp-content\/uploads\/2024\/07\/Pulverizer-Monitoring-2.jpg 728w, https:\/\/vintec.com.vn\/wp-content\/uploads\/2024\/07\/Pulverizer-Monitoring-2-14x12.jpg 14w\" sizes=\"auto, (max-width: 728px) 100vw, 728px\" \/><\/p>\n<h6>To explore more about our Pulverizer Fire Monitoring System (PFMS), please click on the Youtube below for further videos in details:<\/h6>\n<p><a href=\"https:\/\/www.youtube.com\/watch?v=ZEg6GwBJxc4|gq2|\"><img loading=\"lazy\" decoding=\"async\" class=\"size-full wp-image-6463 aligncenter\" src=\"https:\/\/vintec.com.vn\/wp-content\/uploads\/2024\/07\/ICEM.jpg\" alt=\"\" width=\"243\" height=\"37\" srcset=\"https:\/\/vintec.com.vn\/wp-content\/uploads\/2024\/07\/ICEM.jpg 243w, https:\/\/vintec.com.vn\/wp-content\/uploads\/2024\/07\/ICEM-18x3.jpg 18w\" sizes=\"auto, (max-width: 243px) 100vw, 243px\" \/><\/a><\/p>\n<\/p>\n\t\t<\/div>\n\t\t\t\t\t<\/div>\n\n\t\n<\/div>","protected":false},"excerpt":{"rendered":"","protected":false},"author":1,"featured_media":0,"parent":0,"menu_order":0,"comment_status":"closed","ping_status":"closed","template":"","meta":{"_monsterinsights_skip_tracking":false,"_monsterinsights_sitenote_active":false,"_monsterinsights_sitenote_note":"","_monsterinsights_sitenote_category":0,"footnotes":""},"class_list":["post-6422","page","type-page","status-publish","hentry"],"aioseo_notices":[],"_links":{"self":[{"href":"https:\/\/vintec.com.vn\/vi\/wp-json\/wp\/v2\/pages\/6422","targetHints":{"allow":["GET"]}}],"collection":[{"href":"https:\/\/vintec.com.vn\/vi\/wp-json\/wp\/v2\/pages"}],"about":[{"href":"https:\/\/vintec.com.vn\/vi\/wp-json\/wp\/v2\/types\/page"}],"author":[{"embeddable":true,"href":"https:\/\/vintec.com.vn\/vi\/wp-json\/wp\/v2\/users\/1"}],"replies":[{"embeddable":true,"href":"https:\/\/vintec.com.vn\/vi\/wp-json\/wp\/v2\/comments?post=6422"}],"version-history":[{"count":1,"href":"https:\/\/vintec.com.vn\/vi\/wp-json\/wp\/v2\/pages\/6422\/revisions"}],"predecessor-version":[{"id":6893,"href":"https:\/\/vintec.com.vn\/vi\/wp-json\/wp\/v2\/pages\/6422\/revisions\/6893"}],"wp:attachment":[{"href":"https:\/\/vintec.com.vn\/vi\/wp-json\/wp\/v2\/media?parent=6422"}],"curies":[{"name":"wp","href":"https:\/\/api.w.org\/{rel}","templated":true}]}}