{"id":6481,"date":"2024-07-31T14:30:29","date_gmt":"2024-07-31T14:30:29","guid":{"rendered":"https:\/\/vintec.troypham.com\/?page_id=6481"},"modified":"2025-08-04T06:44:03","modified_gmt":"2025-08-04T06:44:03","slug":"oxygen-analysers-in-flue-gases","status":"publish","type":"page","link":"https:\/\/vintec.com.vn\/vi\/oxygen-analysers-in-flue-gases\/","title":{"rendered":"Gi\u1ea3i ph\u00e1p \u0111o oxy d\u01b0 trong kh\u00f3i"},"content":{"rendered":"<div class=\"row\"  id=\"row-2082998320\">\n\n\t<div id=\"col-514276190\" class=\"col small-12 large-12\"  >\n\t\t\t\t<div class=\"col-inner\"  >\n\t\t\t\n\t\t\t\n<h5><span style=\"color: #ff0000;\"><strong>THI\u1ebeT B\u1eca \u0110O OXY D\u01af TRONG KH\u00d3I<\/strong><\/span><\/h5>\n<p style=\"text-align: center;\"><img loading=\"lazy\" decoding=\"async\" class=\"alignnone size-full wp-image-6483\" src=\"https:\/\/vintec.com.vn\/wp-content\/uploads\/2024\/07\/Setnag.jpg\" alt=\"\" width=\"444\" height=\"77\" srcset=\"https:\/\/vintec.com.vn\/wp-content\/uploads\/2024\/07\/Setnag.jpg 444w, https:\/\/vintec.com.vn\/wp-content\/uploads\/2024\/07\/Setnag-18x3.jpg 18w\" sizes=\"auto, (max-width: 444px) 100vw, 444px\" \/><\/p>\n<p><strong>V\u1edbi hi\u1ec7u qu\u1ea3 v\u00e0 \u0111\u1ed9 tin c\u1eady \u0111\u00e3 \u0111\u01b0\u1ee3c ch\u1ee9ng minh t\u1ea1i kh\u1eafp c\u00e1c nh\u00e0 m\u00e1y nhi\u1ec7t \u0111i\u1ec7n tr\u00ean to\u00e0n Th\u1ebf gi\u1edbi trong nhi\u1ec1u n\u0103m qua, <span class=\"fontstyle2\">ATK\/F<\/span> l\u00e0 \u0111\u1ed1i t\u00e1c \u0111\u00e1ng tin c\u1eady nh\u1ea5t c\u1ee7a b\u1ea1n \u0111\u1ec3 ki\u1ec3m so\u00e1t qu\u00e1 tr\u00ecnh ch\u00e1y. Trong c\u00e1c qu\u00e1 tr\u00ecnh l\u00f2 \u0111\u1ed1t truy\u1ec1n th\u1ed1ng ho\u1eb7c \u0111\u1ed1t r\u00e1c th\u1ea3i, <span class=\"fontstyle2\">ATK\/F<\/span> th\u1eadm ch\u00ed c\u00f3 th\u1ec3 l\u00e0m vi\u1ec7c hi\u1ec7u qu\u1ea3 trong c\u00e1c \u0111i\u1ec1u ki\u1ec7n kh\u1eafc nghi\u1ec7t nh\u1ea5t.<\/strong><\/p>\n<p><img loading=\"lazy\" decoding=\"async\" class=\"alignnone size-full wp-image-7095\" src=\"https:\/\/vintec.com.vn\/wp-content\/uploads\/2025\/08\/vintec-banner.jpg\" alt=\"\" width=\"2560\" height=\"2048\" srcset=\"https:\/\/vintec.com.vn\/wp-content\/uploads\/2025\/08\/vintec-banner.jpg 2560w, https:\/\/vintec.com.vn\/wp-content\/uploads\/2025\/08\/vintec-banner-768x614.jpg 768w, https:\/\/vintec.com.vn\/wp-content\/uploads\/2025\/08\/vintec-banner-1536x1229.jpg 1536w, https:\/\/vintec.com.vn\/wp-content\/uploads\/2025\/08\/vintec-banner-2048x1638.jpg 2048w, https:\/\/vintec.com.vn\/wp-content\/uploads\/2025\/08\/vintec-banner-15x12.jpg 15w\" sizes=\"auto, (max-width: 2560px) 100vw, 2560px\" \/><\/p>\n<p>D\u1ea3i s\u1ea3n ph\u1ea9m thi\u1ebft b\u1ecb ph\u00e2n t\u00edch \u0111o oxy d\u01b0 ATK n\u1ed5i b\u1eadt h\u01a1n c\u00e1c thi\u1ebft b\u1ecb truy\u1ec1n th\u1ed1ng nh\u1edd c\u00f4ng ngh\u1ec7 \u0111o \u01b0u vi\u1ec7t c\u00f9ng thi\u1ebft k\u1ebf \u0111\u01a1n gi\u1ea3n:<br \/>\u2022 C\u00f4ng ngh\u1ec7 \u0111o: MicroPoas\u00ae, c\u1ea3m bi\u1ebfn Zirconia v\u1edbi tham chi\u1ebfu kim lo\u1ea1i l\u1eafp b\u00ean ngo\u00e0i \u0111\u1ea7u l\u1ea5y m\u1eabu.<br \/>\u2022 D\u1ec5 d\u00e0ng s\u1eed d\u1ee5ng v\u1edbi kh\u1ea3 n\u0103ng truy c\u1eadp v\u00e0o t\u1ea5t c\u1ea3 c\u00e1c ch\u1ee9c n\u0103ng c\u1ee7a thi\u1ebft b\u1ecb nh\u1edd m\u00e0n h\u00ecnh HMI \u0111\u01b0\u1ee3c \u0111\u01a1n gi\u1ea3n h\u00f3a.<br \/>\u2022 Thi\u1ebft k\u1ebf chuy\u00ean d\u1ee5ng cho \u1ee9ng d\u1ee5ng nh\u00e0 m\u00e1y nhi\u1ec7t \u0111i\u1ec7n v\u1edbi tu\u1ed5i b\u1ec1n cao, ho\u1ea1t \u0111\u1ed9ng tin c\u1eady v\u00e0 \u1ed5n \u0111\u1ecbnh.<\/p>\n<p><strong>NGUY\u00caN L\u00dd \u0110O<\/strong>: MicroPoas\u00ae, Zirconia sensor with built-in metallic reference<\/p>\n<p><strong>RANGE:<\/strong> 0.01 to 25% vol. O2<\/p>\n<p><strong>C\u1ea4P CH\u00cdNH X\u00c1C: <\/strong>0.5% gi\u00e1 tr\u1ecb \u0111\u1ecdc<\/p>\n<p><strong>MAXIMUM TEMPERATURE OF THE GASES YOU ANALYSE:<\/strong><\/p>\n<ul>\n<li>ATK\/F: 316L stainless steel probe tubes &#8211; Tmax = 700\u00b0C<\/li>\n<li>ATK\/I: Inconel 600 probe tubes &#8211; Tmax = 1000\u00b0C<\/li>\n<li>ATK\/HR: HR160 probe tubes &#8211; Tmax = 1000\u00b0C and corrosive flue gases<\/li>\n<li>ATK\/HC: Hastelloy C2000 probe tubes &#8211; Tmax = 600\u00b0C and corrosive flue gases<\/li>\n<li>ATK\/C: Ceramic probe tubes &#8211; Tmax = 1300\u00b0C<\/li>\n<li>ATK\/CS: Silicon carbide outer probe tube &#8211; Tmax = 1300\u00b0C<\/li>\n<li>ATK\/EK: Kanthal probe tubes \u2013 Tmax =1300\u00b0C<\/li>\n<li>ATK\/T: Halar coated probe tubes -Tmax = 150\u00b0C<\/li>\n<\/ul>\n<p><strong>\u01afU \u0110I\u1ec2M N\u1ed4I TR\u1ed8I<\/strong><\/p>\n<ul>\n<li>Ki\u1ec3m so\u00e1t hi\u1ec7u su\u1ea5t \u0111\u1ed1t qu\u00e1 tr\u00ecnh ch\u00e1y l\u00f2 h\u01a1i nhi\u1ec7t \u0111i\u1ec7n<\/li>\n<li>C\u00f4ng ngh\u1ec7 \u0111o MicroPoas\u00ae \u01b0u vi\u1ec7t, kh\u1eafc ph\u1ee5c h\u1ea7u h\u1ebft nh\u01b0\u1ee3c \u0111i\u1ec3m c\u1ee7a c\u00e1c c\u00f4ng ngh\u1ec7 truy\u1ec1n th\u1ed1ng<\/li>\n<li>\u0110o l\u01b0\u1eddng li\u00ean t\u1ee5c \u1ed5n \u0111\u1ecbnh l\u00ean t\u1edbi 1300\u00b0C, c\u00f3 nhi\u1ec1u model t\u00f9y ch\u1ecdn<\/li>\n<li>Ki\u1ec3u \u0111o: Semi In-situ (b\u00e1n t\u1ea1i ch\u1ed7, h\u00fat m\u1eabu ra ngo\u00e0i theo nguy\u00ean l\u00fd \u0111\u1ed1i l\u01b0u kh\u00f4ng c\u1ea7n b\u01a1m h\u00fat)<\/li>\n<li>Kha\u0309 n\u0103ng chi\u0323u s\u00f4\u0301c nhi\u00ea\u0323t c\u1ef1c t\u1ed1t, do to\u00e0n b\u1ed9 bu\u1ed3ng \u0111o ph\u00e2n t\u00edch n\u1eb1m ngo\u00e0i th\u00e0nh \u1ed1ng kh\u00f3i gi\u00f3 l\u00f2 h\u01a1i.<\/li>\n<li>D\u1ec5 d\u00e0ng b\u1ea3o tr\u00ec, thay th\u1ebf v\u1eadt t\u01b0 khi l\u00f2 \u0111ang v\u1eadn h\u00e0nh.<\/li>\n<li>\u0110\u1ed9 ch\u00ednh x\u00e1c v\u00e0 \u1ed5n \u0111\u1ecbnh c\u1ef1c cao<\/li>\n<\/ul>\n<p><strong>\u1ee8NG D\u1ee4NG CH\u00cdNH<\/strong><\/p>\n<ul>\n<li>Ki\u1ec3m so\u00e1t oxy d\u01b0 trong kh\u00f3i th\u1ea3i nhi\u1ec7t \u0111i\u1ec7n<\/li>\n<li>\u0110\u1ea7u ra \u0111u\u00f4i l\u00f2 (Economizer)<\/li>\n<li>\u0110\u1ea7u ra b\u1ed9 s\u1ea5y APH<\/li>\n<li>T\u1ea1i h\u1ec7 th\u1ed1ng CEMS<\/li>\n<li>L\u00f2 \u0111\u1ed1t r\u00e1c c\u00f4ng nghi\u1ec7p<\/li>\n<\/ul>\n<p><img loading=\"lazy\" decoding=\"async\" class=\"alignnone wp-image-6482\" src=\"https:\/\/vintec.com.vn\/wp-content\/uploads\/2024\/07\/ATK-EUT.jpg\" alt=\"\" width=\"572\" height=\"580\" srcset=\"https:\/\/vintec.com.vn\/wp-content\/uploads\/2024\/07\/ATK-EUT.jpg 682w, https:\/\/vintec.com.vn\/wp-content\/uploads\/2024\/07\/ATK-EUT-12x12.jpg 12w\" sizes=\"auto, (max-width: 572px) 100vw, 572px\" \/><\/p>\n\t\t<\/div>\n\t\t\t\t\t<\/div>\n\n\t\n<\/div>","protected":false},"excerpt":{"rendered":"","protected":false},"author":1,"featured_media":0,"parent":0,"menu_order":0,"comment_status":"closed","ping_status":"closed","template":"","meta":{"_monsterinsights_skip_tracking":false,"_monsterinsights_sitenote_active":false,"_monsterinsights_sitenote_note":"","_monsterinsights_sitenote_category":0,"footnotes":""},"class_list":["post-6481","page","type-page","status-publish","hentry"],"aioseo_notices":[],"_links":{"self":[{"href":"https:\/\/vintec.com.vn\/vi\/wp-json\/wp\/v2\/pages\/6481","targetHints":{"allow":["GET"]}}],"collection":[{"href":"https:\/\/vintec.com.vn\/vi\/wp-json\/wp\/v2\/pages"}],"about":[{"href":"https:\/\/vintec.com.vn\/vi\/wp-json\/wp\/v2\/types\/page"}],"author":[{"embeddable":true,"href":"https:\/\/vintec.com.vn\/vi\/wp-json\/wp\/v2\/users\/1"}],"replies":[{"embeddable":true,"href":"https:\/\/vintec.com.vn\/vi\/wp-json\/wp\/v2\/comments?post=6481"}],"version-history":[{"count":3,"href":"https:\/\/vintec.com.vn\/vi\/wp-json\/wp\/v2\/pages\/6481\/revisions"}],"predecessor-version":[{"id":7096,"href":"https:\/\/vintec.com.vn\/vi\/wp-json\/wp\/v2\/pages\/6481\/revisions\/7096"}],"wp:attachment":[{"href":"https:\/\/vintec.com.vn\/vi\/wp-json\/wp\/v2\/media?parent=6481"}],"curies":[{"name":"wp","href":"https:\/\/api.w.org\/{rel}","templated":true}]}}