{"id":6499,"date":"2024-08-02T16:48:38","date_gmt":"2024-08-02T16:48:38","guid":{"rendered":"https:\/\/vintec.troypham.com\/?page_id=6499"},"modified":"2025-08-04T06:51:57","modified_gmt":"2025-08-04T06:51:57","slug":"boiler-combustion-air-gases-flowmeter","status":"publish","type":"page","link":"https:\/\/vintec.com.vn\/vi\/boiler-combustion-air-gases-flowmeter\/","title":{"rendered":"Gi\u1ea3i ph\u00e1p \u0111o l\u01b0u l\u01b0\u1ee3ng kh\u00f3i gi\u00f3 l\u00f2 h\u01a1i"},"content":{"rendered":"<div class=\"row\"  id=\"row-1315521153\">\n\n\t<div id=\"col-1648094880\" class=\"col large-12\"  >\n\t\t\t\t<div class=\"col-inner\"  >\n\t\t\t\n\t\t\t\n<h5><span style=\"color: #ff0000;\"><strong>GI\u1ea2I PH\u00c1P \u0110O L\u01afU L\u01af\u1ee2NG KH\u00d3I GI\u00d3 L\u00d2 H\u01a0I<\/strong><\/span><\/h5>\n<p><a href=\"https:\/\/www.fluidcomponents.com\/products\/mass-flow-meters\"><img loading=\"lazy\" decoding=\"async\" class=\"size-full wp-image-6515 aligncenter\" src=\"https:\/\/vintec.com.vn\/wp-content\/uploads\/2024\/08\/logo-primary-1.png\" alt=\"\" width=\"400\" height=\"43\" srcset=\"https:\/\/vintec.com.vn\/wp-content\/uploads\/2024\/08\/logo-primary-1.png 400w, https:\/\/vintec.com.vn\/wp-content\/uploads\/2024\/08\/logo-primary-1-18x2.png 18w\" sizes=\"auto, (max-width: 400px) 100vw, 400px\" \/><\/a><\/p>\n<p>Vi\u1ec7c v\u1eadn h\u00e0nh l\u00f2 h\u01a1i m\u1ed9t c\u00e1ch t\u1ed1i \u01b0u hi\u1ec7u qu\u1ea3 v\u00e0 ti\u1ebft ki\u1ec7m chi ph\u00ed v\u1eadn h\u00e0nh ph\u1ee5 thu\u1ed9c r\u1ea5t nhi\u1ec1u v\u00e0o vi\u1ec7c \u0111o l\u01b0\u1eddng v\u00e0 \u0111i\u1ec1u khi\u1ec3n ch\u00ednh x\u00e1c c\u1ee7a r\u1ea5t nhi\u1ec1u bi\u1ebfn \u0111\u1ea7u v\u00e0o li\u00ean quan t\u1edbi l\u00f2 h\u01a1i; trong \u0111\u00f3 c\u00f3 \u0111o l\u01b0\u1eddng ch\u00ednh x\u00e1c l\u01b0u l\u01b0\u1ee3ng c\u00e1c \u0111\u01b0\u1eddng kh\u00f3i gi\u00f3 l\u00e0 c\u1ef1c k\u1ef3 quan tr\u1ecdng \u0111\u1ed1i v\u1edbi l\u00f2 h\u01a1i c\u1ee7a nh\u00e0 m\u00e1y nhi\u1ec7t \u0111i\u1ec7n \u0111\u1ed1t than, trong \u0111\u00f3 c\u00f3 2 lo\u1ea1i l\u00f2 ch\u1ee7 \u0111\u1ea1o l\u00e0 l\u00f2 than phun (PC) v\u00e0 l\u00f2 h\u01a1i t\u1ea7ng s\u00f4i tu\u1ea7n ho\u00e0n (CFB).<\/p>\n<p style=\"text-align: center;\"><img loading=\"lazy\" decoding=\"async\" class=\"aligncenter wp-image-6501 size-full\" src=\"https:\/\/vintec.com.vn\/wp-content\/uploads\/2024\/08\/FCI-power-plant.jpg\" alt=\"\" width=\"1800\" height=\"1200\" srcset=\"https:\/\/vintec.com.vn\/wp-content\/uploads\/2024\/08\/FCI-power-plant.jpg 1800w, https:\/\/vintec.com.vn\/wp-content\/uploads\/2024\/08\/FCI-power-plant-768x512.jpg 768w, https:\/\/vintec.com.vn\/wp-content\/uploads\/2024\/08\/FCI-power-plant-1536x1024.jpg 1536w, https:\/\/vintec.com.vn\/wp-content\/uploads\/2024\/08\/FCI-power-plant-18x12.jpg 18w\" sizes=\"auto, (max-width: 1800px) 100vw, 1800px\" \/><\/p>\n<p>H\u00e3ng FCI-M\u1ef9 v\u1edbi h\u01a1n 60 n\u0103m kinh nghi\u1ec7m, v\u1edbi c\u00e1c gi\u1ea3i ph\u00e1p thi\u1ebft b\u1ecb \u0111o l\u01b0u l\u01b0\u1ee3ng kh\u00f3i gi\u00f3 chuy\u00ean d\u1ee5ng cho l\u00f2 h\u01a1i nhi\u1ec7t \u0111i\u1ec7n d\u1ef1a tr\u00ean c\u00f4ng ngh\u1ec7 ph\u00e2n t\u00e1n nhi\u1ec7t.<\/p>\n<h5><span style=\"color: #ff0000;\"><strong>1. L\u00d2 THAN PHUN (PC)<\/strong><\/span><\/h5>\n<p style=\"text-align: center;\"><img loading=\"lazy\" decoding=\"async\" class=\"alignnone wp-image-6502 size-full\" src=\"https:\/\/vintec.com.vn\/wp-content\/uploads\/2024\/08\/Lo-PC.jpg\" alt=\"\" width=\"1025\" height=\"691\" srcset=\"https:\/\/vintec.com.vn\/wp-content\/uploads\/2024\/08\/Lo-PC.jpg 1025w, https:\/\/vintec.com.vn\/wp-content\/uploads\/2024\/08\/Lo-PC-768x518.jpg 768w, https:\/\/vintec.com.vn\/wp-content\/uploads\/2024\/08\/Lo-PC-18x12.jpg 18w\" sizes=\"auto, (max-width: 1025px) 100vw, 1025px\" \/><\/p>\n<p>Trong c\u00e1c nh\u00e0 m\u00e1y nhi\u1ec7t \u0111i\u1ec7n s\u1eed d\u1ee5ng c\u00f4ng ngh\u1ec7 l\u00f2 h\u01a1i than phun (PC), vi\u1ec7c ki\u1ec3m so\u00e1t l\u01b0u l\u01b0\u1ee3ng gi\u00f3 l\u00e0 r\u1ea5t quan tr\u1ecdng nh\u1eb1m t\u1ed1i \u01b0u hi\u1ec7u su\u1ea5t ch\u00e1y c\u0169ng nh\u01b0 duy tr\u00ec vi\u1ec7c v\u1eadn h\u00e0nh tin c\u1eady v\u00e0 \u1ed5n \u0111\u1ecbnh l\u00f2. C\u00e1c v\u1ecb tr\u00ed \u0111o l\u01b0u l\u01b0\u1ee3ng gi\u00f3 ch\u00ednh, bao g\u1ed3m:<br \/><strong>- Gi\u00f3 c\u1ea5p 1: PA fan (Primary air fan)<\/strong> :<br \/>- Gi\u00f3 n\u00f3ng: S\u1ea5y v\u00e0 v\u1eadn chuy\u1ec3n than t\u1eeb m\u00e1y nghi\u1ec1n \u0111\u1ebfn v\u00f2i \u0111\u1ed1t.<br \/>- Gi\u00f3 l\u1ea1nh: Ch\u00e8n m\u00e1y c\u1ea5p, l\u00e0m s\u1ea1ch khoang c\u1ea7n quay con l\u0103n trong m\u00e1y nghi\u1ec1n, \u0111i\u1ec1u ch\u1ec9nh nhi\u1ec7t <br \/><strong>- Gi\u00f3 c\u1ea5p 2: FD fan (Forced draft fan)<\/strong> :<br \/>- Gi\u00f3 n\u00f3ng: Cung c\u1ea5p oxy cho s\u1ef1 ch\u00e1y trong bu\u1ed3ng \u0111\u1ed1t, tham gia \u0111i\u1ec1u ch\u1ec9nh \u00e2m \u00e1p bu\u1ed3ng \u0111\u1ed1t<br \/>- Gi\u00f3 l\u1ea1nh: Ch\u00e8n c\u00e1c c\u1eeda th\u0103m khu v\u1ef1c v\u00f2i \u0111\u1ed1t.<br \/>- L\u01b0u l\u01b0\u1ee3ng kh\u00ed th\u1ea3i (Flue gas): Ki\u1ec3m so\u00e1t l\u01b0u l\u01b0\u1ee3ng kh\u00ed th\u1ea3i c\u1ee7a h\u1ec7 th\u1ed1ng CEMS.<\/p>\n<h5><span style=\"color: #ff0000;\"><strong>2. L\u00d2 H\u01a0I T\u1ea6NG S\u00d4I TU\u1ea6N HO\u00c0N (CFB)<\/strong><\/span><\/h5>\n<p style=\"text-align: center;\"><img loading=\"lazy\" decoding=\"async\" class=\"alignnone wp-image-6503 size-full\" src=\"https:\/\/vintec.com.vn\/wp-content\/uploads\/2024\/08\/Lo-CFB.jpg\" alt=\"\" width=\"959\" height=\"550\" srcset=\"https:\/\/vintec.com.vn\/wp-content\/uploads\/2024\/08\/Lo-CFB.jpg 959w, https:\/\/vintec.com.vn\/wp-content\/uploads\/2024\/08\/Lo-CFB-768x440.jpg 768w, https:\/\/vintec.com.vn\/wp-content\/uploads\/2024\/08\/Lo-CFB-18x10.jpg 18w\" sizes=\"auto, (max-width: 959px) 100vw, 959px\" \/><\/p>\n<p>Trong c\u00e1c nh\u00e0 m\u00e1y nhi\u1ec7t \u0111i\u1ec7n s\u1eed d\u1ee5ng c\u00f4ng ngh\u1ec7 l\u00f2 h\u01a1i t\u1ea7ng s\u00f4i tu\u1ea7n ho\u00e0n (CFB), vi\u1ec7c ki\u1ec3m so\u00e1t l\u01b0u l\u01b0\u1ee3ng gi\u00f3 l\u00e0 c\u1ef1c k\u1ef3 quan tr\u1ecdng gi\u00fap duy tr\u00ec t\u1ea7ng s\u00f4i c\u0169ng nh\u01b0 t\u1ed1i \u01b0u hi\u1ec7u su\u1ea5t ch\u00e1y. C\u00e1c v\u1ecb tr\u00ed \u0111o l\u01b0u l\u01b0\u1ee3ng gi\u00f3 ch\u00ednh, bao g\u1ed3m:<\/p>\n<p><strong>- L\u01b0u l\u01b0\u1ee3ng gi\u00f3 s\u01a1 c\u1ea5p (Primary Air):<\/strong> c\u1ea7n ki\u1ec3m so\u00e1t \u0111\u1ec3 t\u1ea1o v\u00e0 duy tr\u00ec t\u1ea7ng s\u00f4i c\u0169ng nh\u01b0 c\u00e2n b\u1eb1ng t\u1ef7 l\u1ec7 nhi\u00ean li\u1ec7u\/gi\u00f3 v\u00e0o theo thi\u1ebft k\u1ebf. V\u1ecb tr\u00ed n\u00e0y r\u1ea5t quan tr\u1ecdng \u0111\u1ed1i v\u1edbi hi\u1ec7u su\u1ea5t t\u1ed5ng th\u1ec3 l\u00f2 h\u01a1i.<br \/><strong>- L\u01b0u l\u01b0\u1ee3ng gi\u00f3 th\u1ee9 c\u1ea5p (Secondary Air):<\/strong> ki\u1ec3m so\u00e1t hi\u1ec7u su\u1ea5t ch\u00e1y c\u1ee7a li\u1ec7u trong bu\u1ed3ng \u0111\u1ed1t.<br \/>- L\u01b0u l\u01b0\u1ee3ng gi\u00f3 v\u00e0o Cyclone\/Loop Seal: Ki\u1ec3m so\u00e1t hi\u1ec7u xu\u1ea5t ph\u00e2n ly, h\u1ed3i li\u1ec7u c\u1ee7a Cyclone, c\u1ea5p kh\u00ed ch\u00e8n cho loop seal..<br \/>- L\u01b0u l\u01b0\u1ee3ng gi\u00f3 ch\u00e8n c\u1ea5p than: ki\u1ec3m so\u00e1t l\u01b0\u1ee3ng gi\u00f3 ch\u00e8n, l\u00e0m k\u00edn t\u1ea1i m\u00e1y c\u1ea5p than.<br \/>- L\u01b0u l\u01b0\u1ee3ng gi\u00f3 v\u00f2i \u0111\u1ed1t kh\u1edfi \u0111\u1ed9ng, v\u00f2i d\u1ea7u k\u00e8m: ki\u1ec3m so\u00e1t, t\u1ed1i \u01b0u qu\u00e1 tr\u00ecnh \u0111\u1ed1t kh\u1edfi \u0111\u1ed9ng b\u1eb1ng d\u1ea7u FO v\u00e0 \u0111\u1ed1t d\u1ea7u k\u00e8m khi c\u1ea7n thi\u1ebft \u1edf c\u00e1c t\u1ea3i kh\u00e1c nhau.<br \/>- L\u01b0u l\u01b0\u1ee3ng gi\u00f3 l\u00e0m m\u00e1t tro (Ash Cooler): Ki\u1ec3m so\u00e1t qu\u00e1 tr\u00ecnh l\u00e0m m\u00e1t tro, tr\u00e1nh g\u00e2y \u0111\u1ecdng x\u1ec9.<br \/>- L\u01b0u l\u01b0\u1ee3ng kh\u00ed th\u1ea3i (Flue gas): Ki\u1ec3m so\u00e1t l\u01b0u l\u01b0\u1ee3ng kh\u00ed th\u1ea3i c\u1ee7a h\u1ec7 th\u1ed1ng CEMS.<\/p>\n\t\t<\/div>\n\t\t\t\t\t<\/div>\n\n\t\n<\/div>\n<div class=\"row\"  id=\"row-524194553\">\n\n\t<div id=\"col-2140888550\" class=\"col medium-6 large-6\"  >\n\t\t\t\t<div class=\"col-inner\"  >\n\t\t\t\n\t\t\t\n<h5><span style=\"color: #ff0000;\"><strong>Thi\u1ebft b\u1ecb \u0111o l\u01b0u l\u01b0\u1ee3ng kh\u00f3i gi\u00f3 l\u00f2 h\u01a1i ST80 <\/strong><\/span><\/h5>\n<p><strong>Lo\u1ea1i c\u1eafm tr\u1ef1c ti\u1ebfp<\/strong><\/p>\n<div class=\"application\"><a href=\"https:\/\/www.fluidcomponents.com\/products\/mass-flow-meters\/st-series-flow-meters\/st80-mass-flow-meters\"><img loading=\"lazy\" decoding=\"async\" class=\"wp-image-6516 aligncenter\" src=\"https:\/\/vintec.com.vn\/wp-content\/uploads\/2024\/08\/ST80-Boiler-air-1.jpg\" alt=\"\" width=\"196\" height=\"274\" srcset=\"https:\/\/vintec.com.vn\/wp-content\/uploads\/2024\/08\/ST80-Boiler-air-1.jpg 243w, https:\/\/vintec.com.vn\/wp-content\/uploads\/2024\/08\/ST80-Boiler-air-1-9x12.jpg 9w\" sizes=\"auto, (max-width: 196px) 100vw, 196px\" \/><\/a><\/div>\n<p><strong>Origin: FCI- USA<\/strong><\/p>\n<p>ST80 l\u00e0 d\u00f2ng thi\u1ebft b\u1ecb \u0111o l\u01b0u l\u01b0\u1ee3ng kh\u00f3i gi\u00f3 l\u00f2 h\u01a1i s\u1eed d\u1ee5ng c\u00f4ng ngh\u1ec7 ph\u00e2n t\u00e1n nhi\u1ec7t theo nguy\u00ean l\u00fd c\u1ea3m bi\u1ebfn th\u00edch \u1ee9ng (AST\u2122) \u0111\u00e3 \u0111\u01b0\u1ee3c c\u1ea5p b\u1eb1ng s\u00e1ng ch\u1ebf, l\u00e0m vi\u1ec7c tin c\u1eady v\u00e0 tu\u1ed5i b\u1ec1n r\u1ea5t cao, k\u1ebft h\u1ee3p b\u1ed9 chuy\u1ec3n \u0111\u1ed5i t\u00edn hi\u1ec7u transmitter v\u1edbi c\u00e1c t\u00ednh n\u0103ng AI cao c\u1ea5p ph\u00f9 h\u1ee3p v\u1edbi nhi\u1ec1u ch\u1ebf \u0111\u1ed9 l\u00e0m vi\u1ec7c c\u1ee7a t\u1ea3i l\u00f2.  \u0110\u1eb7c bi\u1ec7t v\u1edbi thi\u1ebft k\u1ebf c\u1ea3m bi\u1ebfn l\u01b0u l\u01b0\u1ee3ng chuy\u00ean d\u1ee5ng lo\u1ea1i  \u201cS-style\u201d-chuy\u00ean d\u1ee5ng cho m\u00f4i tr\u01b0\u1eddng kh\u1eafc nghi\u1ec7t- kh\u00f3i gi\u00f3 l\u1eabn h\u01a1i \u1ea9m, n\u1ed3ng \u0111\u1ed9 bui cao.<u><a href=\"https:\/\/www.fluidcomponents.com\/industries-applications\/applications\/wet-gas-flow\">.<\/a><\/u>.<\/p>\n<p><strong>T\u00ednh n\u0103ng ch\u00ednh c\u1ee7a ST80<\/strong><\/p>\n<ul>\n<li>\u0110o l\u01b0\u1eddng hi\u1ec3n th\u1ecb tr\u1ef1c ti\u1ebfp l\u01b0u l\u01b0\u1ee3ng kh\u1ed1i l\u01b0\u1ee3ng (Nm3\/hr, t\/h, kg\/h, kg\/s,..)<\/li>\n<li>M\u00e0n h\u00ecnh hi\u1ec3n th\u1ecb \u0111\u1ed3ng th\u1eddi l\u01b0u l\u01b0\u1ee3ng t\u1ee9c th\u1eddi, t\u00edch l\u0169y v\u00e0 nhi\u1ec7t \u0111\u1ed9 kh\u00f3i gi\u00f3<\/li>\n<li>Thi\u1ebft k\u1ebf kh\u00f4ng c\u00f3 th\u00e0nh ph\u1ea7n chuy\u1ec3n \u0111\u1ed9ng, kh\u00f4ng y\u00eau c\u1ea7u b\u1ea3o tr\u00ec<\/li>\n<li>C\u00f4ng ngh\u1ec7 ph\u00e2n t\u00e1n nhi\u1ec7t theo nguy\u00ean l\u00fd c\u1ea3m bi\u1ebfn th\u00edch \u1ee9ng (AST\u2122)<\/li>\n<li>L\u00e0m vi\u1ec7c v\u1edbi gi\u00f3 n\u00f3ng l\u00ean t\u1edbi 454\u00b0C<\/li>\n<li>T\u00edn hi\u1ec7u ra: (2) 4-20mA, xung, HART, Modbus 485, USB\/ PROFIBUS PA\/ DP...<\/li>\n<li>\u0110\u1ea1t c\u00e1c ch\u1ee9ng ch\u1ec9 to\u00e0n c\u1ea7u v\u1ec1 ch\u1ed1ng ch\u00e1y n\u1ed5 (ATEX, FM, IEC Ex)<\/li>\n<li>\u0110\u1ea1t chu\u1ea9n an to\u00e0n SIL 1<\/li>\n<li>M\u00e0n h\u00ecnh s\u1edd LCD hi\u1ec3n th\u1ecb \u0111a bi\u1ebfn, tr\u1ef1c quan<\/li>\n<li>Thi\u1ebft b\u1ecb \u0111\u01b0\u1ee3c hi\u1ec7u chu\u1ea9n t\u1ea1i H\u00e3ng theo ti\u00eau chu\u1ea9n  NIST v\u00e0 ISO\/IEC 17025<\/li>\n<li>Thi\u1ebft k\u1ebf c\u1ea3m bi\u1ebfn chuy\u00ean d\u1ee5ng cho kh\u00f3i gi\u00f3 \u1ea9m <u><a href=\"https:\/\/www.fluidcomponents.com\/assets\/media\/Articles\/Best-Practices-Wet-Gas-Sensor-0919.pdf\">wet gas\/rain shield<\/a><\/u> .<\/li>\n<li>Hi\u1ec3n th\u1ecb t\u1ea1i ch\u1ed7 ho\u1eb7c t\u1eeb xa (c\u00e1p t\u00edn hi\u1ec7u l\u00ean t\u1edbi 300m)<\/li>\n<li>C\u1ea5p ch\u00ednh x\u00e1c: \u00b1 1.0%<\/li>\n<\/ul>\n\t\t<\/div>\n\t\t\t\t\t<\/div>\n\n\t\n\n\t<div id=\"col-1952502032\" class=\"col medium-6 large-6\"  >\n\t\t\t\t<div class=\"col-inner\"  >\n\t\t\t\n\t\t\t\n<h5><span style=\"color: #ff0000;\"><strong>Thi\u1ebft b\u1ecb \u0111o l\u01b0u l\u01b0\u1ee3ng kh\u00f3i gi\u00f3 l\u00f2 h\u01a1i ST102AA<\/strong><\/span><\/h5>\n<div class=\"type\">Lo\u1ea1i c\u1eafm tr\u1ef1c ti\u1ebfp, g\u1ed3m 02 c\u1ea3m bi\u1ebfn \u0111o<\/div>\n<p style=\"text-align: left;\"><a href=\"https:\/\/www.fluidcomponents.com\/products\/mass-flow-meters\/st-series-flow-meters\/st100-mass-flow-meter\"><img loading=\"lazy\" decoding=\"async\" class=\"wp-image-6505 aligncenter\" src=\"https:\/\/vintec.com.vn\/wp-content\/uploads\/2024\/08\/ST102-left.png\" alt=\"\" width=\"359\" height=\"239\" srcset=\"https:\/\/vintec.com.vn\/wp-content\/uploads\/2024\/08\/ST102-left.png 1800w, https:\/\/vintec.com.vn\/wp-content\/uploads\/2024\/08\/ST102-left-768x512.png 768w, https:\/\/vintec.com.vn\/wp-content\/uploads\/2024\/08\/ST102-left-1536x1024.png 1536w, https:\/\/vintec.com.vn\/wp-content\/uploads\/2024\/08\/ST102-left-18x12.png 18w\" sizes=\"auto, (max-width: 359px) 100vw, 359px\" \/><\/a><strong>Origin: FCI- USA<\/strong><\/p>\n<p style=\"text-align: left;\">ST102AA l\u00e0 d\u00f2ng thi\u1ebft b\u1ecb \u0111o l\u01b0u l\u01b0\u1ee3ng kh\u00f3i gi\u00f3 l\u00f2 h\u01a1i thi\u1ebft k\u1ebf g\u1ed3m 02 \u0111\u1ea7u c\u1ea3m bi\u1ebfn c\u00f9ng \u0111\u01b0a v\u1ec1 l\u1ea5y gi\u00e1 tr\u1ecb trung b\u00ecnh (dual-element averaging system), s\u1eed d\u1ee5ng c\u00f4ng ngh\u1ec7 ph\u00e2n t\u00e1n nhi\u1ec7t theo nguy\u00ean l\u00fd c\u1ea3m bi\u1ebfn th\u00edch \u1ee9ng (AST\u2122), l\u00e0m vi\u1ec7c tin c\u1eady, b\u1ec1n b\u1ec9 v\u1edbi \u0111\u1ed9 ch\u00ednh x\u00e1c cao, k\u1ebft h\u1ee3p b\u1ed9 chuy\u1ec3n \u0111\u1ed5i t\u00edn hi\u1ec7u transmitter v\u1edbi c\u00e1c t\u00ednh n\u0103ng AI cao c\u1ea5p ph\u00f9 h\u1ee3p v\u1edbi nhi\u1ec1u ch\u1ebf \u0111\u1ed9 l\u00e0m vi\u1ec7c c\u1ee7a t\u1ea3i l\u00f2.  Thi\u1ebft k\u1ebf c\u1ea3m bi\u1ebfn chuy\u00ean d\u1ee5ng lo\u1ea1i  \u201cS-style\u201d cho m\u00f4i tr\u01b0\u1eddng kh\u1eafc nghi\u1ec7t- kh\u00f3i gi\u00f3 l\u1eabn h\u01a1i \u1ea9m, n\u1ed3ng \u0111\u1ed9 bui cao. <strong>.<\/strong>.<u><a href=\"https:\/\/www.fluidcomponents.com\/industries-applications\/applications\/wet-gas-flow\">.<\/a><\/u>.<\/p>\n<p><strong>T\u00ednh n\u0103ng ch\u00ednh c\u1ee7a ST102AA<\/strong><\/p>\n<ul>\n<li>\u0110o l\u01b0\u1eddng hi\u1ec3n th\u1ecb tr\u1ef1c ti\u1ebfp l\u01b0u l\u01b0\u1ee3ng kh\u1ed1i l\u01b0\u1ee3ng (Nm3\/hr, t\/h, kg\/h, kg\/s,..)<\/li>\n<li>M\u00e0n h\u00ecnh hi\u1ec3n th\u1ecb \u0111\u1ed3ng th\u1eddi l\u01b0u l\u01b0\u1ee3ng t\u1ee9c th\u1eddi, t\u00edch l\u0169y v\u00e0 nhi\u1ec7t \u0111\u1ed9 kh\u00f3i gi\u00f3<\/li>\n<li>Thi\u1ebft k\u1ebf kh\u00f4ng c\u00f3 th\u00e0nh ph\u1ea7n chuy\u1ec3n \u0111\u1ed9ng, kh\u00f4ng y\u00eau c\u1ea7u b\u1ea3o tr\u00ec<\/li>\n<li>C\u00f4ng ngh\u1ec7 ph\u00e2n t\u00e1n nhi\u1ec7t theo nguy\u00ean l\u00fd c\u1ea3m bi\u1ebfn th\u00edch \u1ee9ng (AST\u2122)<\/li>\n<li>L\u00e0m vi\u1ec7c v\u1edbi gi\u00f3 n\u00f3ng l\u00ean t\u1edbi 454\u00b0C<\/li>\n<li>T\u00edn hi\u1ec7u ra: (3) 4-20mA, xung, HART, Modbus 485, USB\/ PROFIBUS PA\/ DP..<\/li>\n<li>\u0110\u1ea1t c\u00e1c ch\u1ee9ng ch\u1ec9 to\u00e0n c\u1ea7u v\u1ec1 ch\u1ed1ng ch\u00e1y n\u1ed5 (ATEX, FM, IEC Ex)<\/li>\n<li>\u0110\u1ea1t chu\u1ea9n an to\u00e0n SIL 1<\/li>\n<li>M\u00e0n h\u00ecnh s\u1edd LCD hi\u1ec3n th\u1ecb \u0111a bi\u1ebfn, tr\u1ef1c quan<\/li>\n<li>Thi\u1ebft b\u1ecb \u0111\u01b0\u1ee3c hi\u1ec7u chu\u1ea9n t\u1ea1i H\u00e3ng theo ti\u00eau chu\u1ea9n  NIST v\u00e0 ISO\/IEC 17025<\/li>\n<li>T\u00edch h\u1ee3p ch\u1ee9c n\u0103ng thu th\u1eadp d\u1eef li\u1ec7u qua th\u1ebb nh\u1edb 8GB micro-SD card<\/li>\n<li>Hi\u1ec3n th\u1ecb t\u1ea1i ch\u1ed7 ho\u1eb7c t\u1eeb xa (c\u00e1p t\u00edn hi\u1ec7u l\u00ean t\u1edbi 300m)<\/li>\n<li>C\u1ea5p ch\u00ednh x\u00e1c: \u00b1 0.75%<\/li>\n<\/ul>\n\t\t<\/div>\n\t\t\t\t\t<\/div>\n\n\t\n<\/div>\n<div class=\"row\"  id=\"row-585985369\">\n\n\t<div id=\"col-1512164545\" class=\"col medium-6 large-6\"  >\n\t\t\t\t<div class=\"col-inner\"  >\n\t\t\t\n\t\t\t\n<h5 class=\"bdr-deco\"><span style=\"color: #ff0000;\"><strong>Thi\u1ebft b\u1ecb \u0111o l\u01b0u l\u01b0\u1ee3ng kh\u00f3i th\u1ea3i (\u0111a \u0111i\u1ec3m) MT100<\/strong><\/span><\/h5>\n<div class=\"application\">L\u00ean t\u1edbi 8 c\u1ea3m bi\u1ebfn tr\u00ean m\u1ed9t \u0111\u1ea7u \u0111o, c\u1ea5p ch\u00ednh x\u00e1c cao, t\u00edch h\u1ee3p cho h\u1ec7 CEMS.<\/div>\n<div>\u00a0<\/div>\n<div><img loading=\"lazy\" decoding=\"async\" class=\"aligncenter wp-image-6533 size-full\" src=\"https:\/\/vintec.com.vn\/wp-content\/uploads\/2024\/08\/46503861_2344149932279306_2089617076879622144_n.jpg\" alt=\"\" width=\"1800\" height=\"1200\" srcset=\"https:\/\/vintec.com.vn\/wp-content\/uploads\/2024\/08\/46503861_2344149932279306_2089617076879622144_n.jpg 1800w, https:\/\/vintec.com.vn\/wp-content\/uploads\/2024\/08\/46503861_2344149932279306_2089617076879622144_n-768x512.jpg 768w, https:\/\/vintec.com.vn\/wp-content\/uploads\/2024\/08\/46503861_2344149932279306_2089617076879622144_n-1536x1024.jpg 1536w, https:\/\/vintec.com.vn\/wp-content\/uploads\/2024\/08\/46503861_2344149932279306_2089617076879622144_n-18x12.jpg 18w\" sizes=\"auto, (max-width: 1800px) 100vw, 1800px\" \/><strong>Origin: FCI- USA<\/strong><\/div>\n<p>MT100 l\u00e0 d\u00f2ng thi\u1ebft b\u1ecb \u0111o l\u01b0u l\u01b0\u1ee3ng kh\u00f3i th\u1ea3i \u0111a \u0111i\u1ec3m, \u0111\u01b0\u1ee3c thi\u1ebft k\u1ebf ri\u00eang cho c\u00e1c \u0111\u01b0\u1eddng \u1ed1ng kh\u00f3i th\u1ea3i c\u00f3 \u0111\u01b0\u1eddng k\u00ednh l\u1edbn. MT100 \u0111\u01b0\u1ee3c thi\u1ebft k\u1ebf l\u00ean t\u1edbi 8 c\u1ea3m bi\u1ebfn tr\u00ean m\u1ed9t \u0111\u1ea7u \u0111o, c\u00f3 \u0111\u1ed9 l\u1eb7p \u0111\u1ecdc v\u00e0 \u0111\u1ed9 ch\u00ednh x\u00e1c cao, b\u1ed9 hi\u1ec3n th\u1ecb ki\u1ec3u \u0111\u1ed3 h\u1ecda v\u1edbi nhi\u1ec1u t\u00ednh n\u0103ng cao c\u1ea5p t\u00edch h\u1ee3p cho h\u1ec7 quan tr\u1eafc kh\u00ed th\u1ea3i li\u00ean t\u1ee5c CEMS.<\/p>\n<p><strong>T\u00ednh n\u0103ng ch\u00ednh c\u1ee7a MT100<\/strong><\/p>\n<ul>\n<li>\u0110o l\u01b0\u1eddng hi\u1ec3n th\u1ecb tr\u1ef1c ti\u1ebfp l\u01b0u l\u01b0\u1ee3ng kh\u1ed1i l\u01b0\u1ee3ng (Nm3\/hr, t\/h, kg\/h, kg\/s,..)<\/li>\n<li><span class=\"fontstyle0\">V\u1eadt li\u1ec7u b\u1ed9 chuy\u1ec3n \u0111\u1ed5i\/ hi\u1ec3n th\u1ecb: Th\u00e9p kh\u00f4ng r\u1ec9 316, NEMA 4X\/IP67\u00a0 <\/span><\/li>\n<li><span class=\"fontstyle0\">M\u00e0n h\u00ecnh s\u1edd LCD 7 inch, hi\u1ec3n th\u1ecb m\u00e0u \u0111a bi\u1ebfn, \u0111\u1ed3 h\u1ecda tr\u1ef1c quan <\/span><span class=\"fontstyle2\">.<\/span><\/li>\n<li><span class=\"fontstyle0\">\u0110\u1ea1t c\u00e1c ch\u1ee9ng ch\u1ec9 to\u00e0n c\u1ea7u v\u1ec1 ch\u1ed1ng ch\u00e1y n\u1ed5 (FM\/FMc \/ ATEX\/ IECE)<\/span><\/li>\n<li>C\u00f4ng ngh\u1ec7 ph\u00e2n t\u00e1n nhi\u1ec7t theo nguy\u00ean l\u00fd c\u1ea3m bi\u1ebfn th\u00edch \u1ee9ng (AST\u2122)<\/li>\n<li>L\u00e0m vi\u1ec7c v\u1edbi gi\u00f3 n\u00f3ng l\u00ean t\u1edbi 454\u00b0C<\/li>\n<li>T\u00edn hi\u1ec7u ra: (2) 4-20mA, xung, HART, Modbus 485, USB, Ethernet,... <span class=\"fontstyle0\">,<\/span><span class=\"fontstyle0\"> .<\/span><span class=\"fontstyle0\"> .<\/span><span class=\"fontstyle0\"> .<\/span><\/li>\n<li><span class=\"fontstyle0\">Data Logger: <\/span><span class=\"fontstyle2\">thu th\u1eadp d\u1eef li\u1ec7u qua th\u1ebb nh\u1edb 8GB micro-SD card; <span class=\"fontstyle0\">CEMS test pass\/fail status<\/span><\/span><\/li>\n<li><span class=\"fontstyle0\">CEMS Compliance <\/span><span class=\"fontstyle2\">(Optional): US-EPA CEM&#8217;s and <a href=\"https:\/\/qal1.de\/en\/hersteller\/fci.htm\">EU AMS per EN 15267 (QAL1<\/a>) <\/span><\/li>\n<li>Flow Repeatability: \u00b1 0.5% reading<\/li>\n<\/ul>\n<div class=\"twocols\">\u00a0<\/div>\n\t\t<\/div>\n\t\t\t\t\t<\/div>\n\n\t\n\n\t<div id=\"col-1386340969\" class=\"col medium-6 large-6\"  >\n\t\t\t\t<div class=\"col-inner\"  >\n\t\t\t\n\t\t\t\n<h5><span style=\"color: #ff0000;\"><strong>Thi\u1ebft b\u1ecb \u0111o l\u01b0u l\u01b0\u1ee3ng kh\u00ed Hydro (H2) ST75V\/ ST75AV <\/strong><\/span><span style=\"color: #ff0000;\"><strong>.<\/strong><\/span><\/h5>\n<p>D\u00f2ng thi\u1ebft b\u1ecb In-line\ncho \u0111\u01b0\u1eddng k\u00ednh \u1ed1ng t\u1eeb 1\/4\u2033 t\u1edbi 2\u2033 [6 mm t\u1edbi 51 mm]<\/p>\n<p style=\"text-align: left;\"><a href=\"https:\/\/www.fluidcomponents.com\/products\/mass-flow-meters\/st-series-flow-meters\/st75-st75v-mass-flow-meter\"><img loading=\"lazy\" decoding=\"async\" class=\"aligncenter wp-image-6527 size-full\" src=\"https:\/\/vintec.com.vn\/wp-content\/uploads\/2024\/08\/ST75V-1.jpg\" alt=\"\" width=\"651\" height=\"421\" srcset=\"https:\/\/vintec.com.vn\/wp-content\/uploads\/2024\/08\/ST75V-1.jpg 651w, https:\/\/vintec.com.vn\/wp-content\/uploads\/2024\/08\/ST75V-1-18x12.jpg 18w\" sizes=\"auto, (max-width: 651px) 100vw, 651px\" \/><\/a><strong>Origin: FCI- USA<\/strong><\/p>\n<p style=\"text-align: left;\">Thi\u1ebft b\u1ecb \u0111o l\u01b0u l\u01b0\u1ee3ng kh\u00ed Hydro (H2) ST75V\/ ST75AV l\u00e0m vi\u1ec7c d\u1ef1a tr\u00ean c\u00f4ng ngh\u1ec7 ph\u00e2n t\u00e1n nhi\u1ec7t, th\u00e2n \u1ed1ng tube \u0111\u01b0\u1ee3c h\u00e0n k\u00edn \u0111o l\u01b0\u1eddng tr\u1ef1c ti\u1ebfp l\u01b0u l\u01b0\u1ee3ng kh\u1ed1i l\u01b0\u1ee3ng hydro, c\u00f3 \u0111\u1ed9 l\u1eb7p \u0111\u1ecdc v\u00e0 ch\u00ednh x\u00e1c cao, \u0111\u00e1p \u1ee9ng nhanh. T\u00edch h\u1ee3p b\u1ed9 \u0111i\u1ec1u ti\u1ebft tr\u1ea1ng th\u00e1i d\u00f2ng kh\u00ed \"Vortab\u00ae  flow conditioners\" cho c\u00e1c v\u1ecb tr\u00ed h\u1ea1n ch\u1ebf v\u1ec1 kh\u00f4ng gian l\u1eafp \u0111\u1eb7t, kho\u1ea3ng c\u00e1ch \u1ed1ng th\u1eb3ng ng\u1eafn <strong>Include Vortab\u00ae flow conditioners built-in<\/strong> .<\/p>\n<p><strong>T\u00ednh n\u0103ng ch\u00ednh c\u1ee7a ST75<\/strong><\/p>\n<div class=\"twocols\">\n<ul class=\"sq1\">\n<li>Installation:\u00a0 In-line &#8220;T&#8221;, NPT or tube<\/li>\n<li>Type: Thermal dispersion<\/li>\n<li>V\u1eadt li\u1ec7u c\u1ea3m bi\u1ebfn:  Th\u00e9p 316SS probe v\u1edbi thermowells b\u1eb1ng Hastelloy-C22<\/li>\n<li>\u00c1p su\u1ea5t l\u00e0m vi\u1ec7c: l\u00ean t\u1edbi 41 bar(g)<\/li>\n<li>Enclosure:\u00a0 NEMA 4X, IP66, IP67<\/li>\n<li>T\u00edn hi\u1ec7u ra: (2) 4-20mA, xung (1) 0-500 Hz, HART, Modbus 485.<\/li>\n<li>\u0110\u1ea1t c\u00e1c ch\u1ee9ng ch\u1ec9 to\u00e0n c\u1ea7u v\u1ec1 ch\u1ed1ng ch\u00e1y n\u1ed5 (FM\/FMc \/ ATEX\/ IECE)<\/li>\n<li>\u0110\u1ed9 l\u1eb7p \u0111\u1ecdc:<strong>:<\/strong> \u00b1 0.5%<\/li>\n<\/ul>\n<\/div>\n\t\t<\/div>\n\t\t\t\t\t<\/div>\n\n\t\n<\/div>\n<div class=\"row\"  id=\"row-658765768\">\n\n\t<div id=\"col-1650352645\" class=\"col medium-6 large-6\"  >\n\t\t\t\t<div class=\"col-inner\"  >\n\t\t\t\n\t\t\t\n<h5 class=\"bdr-deco\"><span style=\"color: #ff0000;\">Ki\u1ec3m so\u00e1t l\u01b0u l\u01b0\u1ee3ng kh\u00ed NH3 cho h\u1ec7 th\u1ed1ng kh\u1eed NOx<\/span><\/h5>\n<div><img loading=\"lazy\" decoding=\"async\" class=\"alignnone size-full wp-image-6638\" src=\"https:\/\/vintec.com.vn\/wp-content\/uploads\/2024\/08\/ST100A-NH3.jpeg\" alt=\"\" width=\"1800\" height=\"1200\" srcset=\"https:\/\/vintec.com.vn\/wp-content\/uploads\/2024\/08\/ST100A-NH3.jpeg 1800w, https:\/\/vintec.com.vn\/wp-content\/uploads\/2024\/08\/ST100A-NH3-768x512.jpeg 768w, https:\/\/vintec.com.vn\/wp-content\/uploads\/2024\/08\/ST100A-NH3-1536x1024.jpeg 1536w, https:\/\/vintec.com.vn\/wp-content\/uploads\/2024\/08\/ST100A-NH3-18x12.jpeg 18w\" sizes=\"auto, (max-width: 1800px) 100vw, 1800px\" \/><\/div>\n<p>NH3 Injection Control for Stack NOx Scrubbers Relies on<br \/>Precision ST100A Mass Flow Meters<\/p>\n<p>T\u00ecm hi\u1ec3u th\u00eam:<a href=\"https:\/\/www.fluidcomponents.com\/assets\/media\/Press-Releases\/ST100A-Series-Ammonia-NOx-1021.pdf\"> Download here<\/a> !<\/p>\n\t\t<\/div>\n\t\t\t\t\t<\/div>\n\n\t\n\n\t<div id=\"col-870369731\" class=\"col medium-6 large-6\"  >\n\t\t\t\t<div class=\"col-inner\"  >\n\t\t\t\n\t\t\t\n<h5 class=\"bdr-deco\"><span style=\"color: #ff0000;\">T\u1ed1i \u01b0u qu\u00e1 tr\u00ecnh ch\u00e1y kh\u00f3i gi\u00f3 l\u00f2 h\u01a1i<\/span><\/h5>\n<p><img loading=\"lazy\" decoding=\"async\" class=\"alignnone size-full wp-image-6640\" src=\"https:\/\/vintec.com.vn\/wp-content\/uploads\/2024\/08\/MT100-Boiler-air-combustion.jpg\" alt=\"\" width=\"636\" height=\"422\" srcset=\"https:\/\/vintec.com.vn\/wp-content\/uploads\/2024\/08\/MT100-Boiler-air-combustion.jpg 636w, https:\/\/vintec.com.vn\/wp-content\/uploads\/2024\/08\/MT100-Boiler-air-combustion-18x12.jpg 18w\" sizes=\"auto, (max-width: 636px) 100vw, 636px\" \/><\/p>\n<p>FCI\u2019s MT100 Multipoint Flow Meters Improve Boiler Air\/Gas Combustion Efficiency To Reduce Fuel Costs<\/p>\n<p>T\u00ecm hi\u1ec3u th\u00eam:<a href=\"https:\/\/www.fluidcomponents.com\/assets\/media\/Press-Releases\/MT100-Multipoint-Boiler-Control-1122.pdf\"> Download here<\/a> !<\/p>\n\t\t<\/div>\n\t\t\t\t\t<\/div>\n\n\t\n<\/div>","protected":false},"excerpt":{"rendered":"","protected":false},"author":1,"featured_media":0,"parent":0,"menu_order":0,"comment_status":"closed","ping_status":"closed","template":"","meta":{"_monsterinsights_skip_tracking":false,"_monsterinsights_sitenote_active":false,"_monsterinsights_sitenote_note":"","_monsterinsights_sitenote_category":0,"footnotes":""},"class_list":["post-6499","page","type-page","status-publish","hentry"],"aioseo_notices":[],"_links":{"self":[{"href":"https:\/\/vintec.com.vn\/vi\/wp-json\/wp\/v2\/pages\/6499","targetHints":{"allow":["GET"]}}],"collection":[{"href":"https:\/\/vintec.com.vn\/vi\/wp-json\/wp\/v2\/pages"}],"about":[{"href":"https:\/\/vintec.com.vn\/vi\/wp-json\/wp\/v2\/types\/page"}],"author":[{"embeddable":true,"href":"https:\/\/vintec.com.vn\/vi\/wp-json\/wp\/v2\/users\/1"}],"replies":[{"embeddable":true,"href":"https:\/\/vintec.com.vn\/vi\/wp-json\/wp\/v2\/comments?post=6499"}],"version-history":[{"count":9,"href":"https:\/\/vintec.com.vn\/vi\/wp-json\/wp\/v2\/pages\/6499\/revisions"}],"predecessor-version":[{"id":7098,"href":"https:\/\/vintec.com.vn\/vi\/wp-json\/wp\/v2\/pages\/6499\/revisions\/7098"}],"wp:attachment":[{"href":"https:\/\/vintec.com.vn\/vi\/wp-json\/wp\/v2\/media?parent=6499"}],"curies":[{"name":"wp","href":"https:\/\/api.w.org\/{rel}","templated":true}]}}