{"id":6710,"date":"2024-11-07T14:36:47","date_gmt":"2024-11-07T14:36:47","guid":{"rendered":"https:\/\/vintec.troypham.com\/?page_id=6710"},"modified":"2025-08-21T10:38:07","modified_gmt":"2025-08-21T10:38:07","slug":"solution-green-hydrogen","status":"publish","type":"page","link":"https:\/\/vintec.com.vn\/vi\/solution-green-hydrogen\/","title":{"rendered":"Gi\u1ea3i ph\u00e1p Hydro xanh"},"content":{"rendered":"<div class=\"row\"  id=\"row-1332301971\">\n\n\t<div id=\"col-1080638483\" class=\"col small-12 large-12\"  >\n\t\t\t\t<div class=\"col-inner\"  >\n\t\t\t\n\t\t\t\n<p><strong>Thi\u1ebft b\u1ecb \u0111o l\u01b0u l\u01b0\u1ee3ng kh\u00ed Hydro H\u00e3ng FCI-USA l\u00e0  gi\u1ea3i ph\u00e1p t\u1ed1i \u01b0u trong vi\u1ec7c gi\u00e1m s\u00e1t \u0111o l\u01b0\u1eddng l\u01b0u l\u01b0\u1ee3ng kh\u00ed hydro xanh v\u00e0 h\u1ed7n h\u1ee3p hydro trong c\u00e1c \u1ee9ng d\u1ee5ng n\u0103ng l\u01b0\u1ee3ng v\u00e0 nh\u00e0 m\u00e1y \u0111i\u1ec7n khi c\u00e1c c\u00f4ng ty \u0111ang n\u1ed7 l\u1ef1c ph\u1ea5n \u0111\u1ea5u \u0111\u1ea1t m\u1ee5c ti\u00eau ph\u00e1t th\u1ea3i r\u00f2ng b\u1eb1ng 0 v\u00e0o n\u0103m 2050.<\/strong><\/p>\n<p><img loading=\"lazy\" decoding=\"async\" class=\"size-full wp-image-6712 aligncenter\" src=\"https:\/\/vintec.com.vn\/wp-content\/uploads\/2024\/11\/FCI-Green-H2.jpg\" alt=\"\" width=\"800\" height=\"558\" srcset=\"https:\/\/vintec.com.vn\/wp-content\/uploads\/2024\/11\/FCI-Green-H2.jpg 800w, https:\/\/vintec.com.vn\/wp-content\/uploads\/2024\/11\/FCI-Green-H2-768x536.jpg 768w, https:\/\/vintec.com.vn\/wp-content\/uploads\/2024\/11\/FCI-Green-H2-18x12.jpg 18w\" sizes=\"auto, (max-width: 800px) 100vw, 800px\" \/><\/p>\n<h5><strong>\u1ee8ng d\u1ee5ng:<\/strong><\/h5>\n<ul>\n<li>C\u00f4ng nghi\u1ec7p h\u00f3a d\u1ea7u<\/li>\n<li>L\u00e0m m\u00e1t tuabin m\u00e1y ph\u00e1t \u0111i\u1ec7n<\/li>\n<li>Hydro h\u00f3a d\u1ea7u v\u00e0 ch\u1ea5t b\u00e9o<\/li>\n<li>Tr\u1ea1m pha tr\u1ed9n kh\u00ed<\/li>\n<li>Pin nhi\u00ean li\u1ec7u<\/li>\n<li>\u0110i\u1ec7n ph\u00e2n PEM<\/li>\n<\/ul>\n\t\t<\/div>\n\t\t\t\t\t<\/div>\n\n\t\n<\/div>\n<div class=\"row\"  id=\"row-391968393\">\n\n\t<div id=\"col-558129895\" class=\"col medium-6 small-12 large-6\"  >\n\t\t\t\t<div class=\"col-inner\"  >\n\t\t\t\n\t\t\t\n<h6><a href=\"https:\/\/www.fluidcomponents.com\/products\/mass-flow-meters\/st-series-flow-meters\/st100-mass-flow-meter\"><strong><span style=\"color: #ff0000;\">ST100AL Series Mass Flow Meters<\/span><\/strong><\/a><\/h6>\n<p><span style=\"color: #000000;\"><strong>Lo\u1ea1i Inline<\/strong><\/span><\/p>\n<div class=\"application\">M\u1ecdi lo\u1ea1i kh\u00ed, \u0111\u01b0\u1eddng k\u00ednh \u1ed1ng 1-2\u2033 [25 \u2013 51 mm]<\/div>\n<p><a class=\"btn\" href=\"https:\/\/www.fluidcomponents.com\/products\/mass-flow-meters\/st-series-flow-meters\/st100l-mass-flow-meter\">T\u00ecm hi\u1ec3u th\u00eam...<\/a><\/p>\n<p><a href=\"https:\/\/www.fluidcomponents.com\/products\/mass-flow-meters\/st-series-flow-meters\/st100-mass-flow-meter\"><img loading=\"lazy\" decoding=\"async\" class=\"wp-image-6720 aligncenter\" src=\"https:\/\/vintec.com.vn\/wp-content\/uploads\/2024\/11\/ST100AL-right.png\" alt=\"\" width=\"549\" height=\"366\" srcset=\"https:\/\/vintec.com.vn\/wp-content\/uploads\/2024\/11\/ST100AL-right.png 1800w, https:\/\/vintec.com.vn\/wp-content\/uploads\/2024\/11\/ST100AL-right-768x512.png 768w, https:\/\/vintec.com.vn\/wp-content\/uploads\/2024\/11\/ST100AL-right-1536x1024.png 1536w, https:\/\/vintec.com.vn\/wp-content\/uploads\/2024\/11\/ST100AL-right-18x12.png 18w\" sizes=\"auto, (max-width: 549px) 100vw, 549px\" \/><\/a><\/p>\n<div><strong><span style=\"text-decoration: underline;\">C\u00e1c th\u00f4ng s\u1ed1 ch\u00ednh<\/span><\/strong>:<\/div>\n<div>\n<ul class=\"sq1\">\n<li>C\u00f4ng ngh\u1ec7 ph\u00e2n t\u00e1n nhi\u1ec7t theo nguy\u00ean l\u00fd c\u1ea3m bi\u1ebfn th\u00edch \u1ee9ng (AST\u2122)<\/li>\n<li>C\u1ea5p ch\u00ednh x\u00e1c: \u00b1 0.75% gi\u00e1 tr\u1ecb \u0111\u1ecdc, \u00b1 0.5% to\u00e0n d\u1ea3i<\/li>\n<li>T\u00edn hi\u1ec7u ra: (3) 4-20 mA, xung 0-1kHz\/ 0-10 kHz<\/li>\n<li>\u0110\u1ea7u ra s\u1ed1: HART (v7 compliant), Modbus 485,\u00a0 USB, Ethernet<\/li>\n<li><strong>T\u00edch h\u1ee3p ch\u1ee9c n\u0103ng thu th\u1eadp l\u01b0u tr\u1eef d\u1eef li\u1ec7u tr\u00ean th\u1ebb nh\u1edb  8GB micro-SD<\/strong><\/li>\n<\/ul>\n<\/div>\n<div><\/div>\n\t\t<\/div>\n\t\t\t\t\t<\/div>\n\n\t\n\n\t<div id=\"col-212661599\" class=\"col medium-6 small-12 large-6\"  >\n\t\t\t\t<div class=\"col-inner\"  >\n\t\t\t\n\t\t\t\n<h6><a href=\"https:\/\/www.fluidcomponents.com\/products\/mass-flow-meters\/st-series-flow-meters\/st75-st75v-mass-flow-meter\"><strong><span style=\"color: #ff0000;\">ST75V Series Mass Flow Meters<\/span><\/strong><\/a><\/h6>\n<p><span style=\"color: #000000;\"><strong>Lo\u1ea1i Inline<\/strong><\/span><\/p>\n<div class=\"application\">M\u1ecdi lo\u1ea1i kh\u00ed, \u0111\u01b0\u1eddng k\u00ednh \u1ed1ng t\u1eeb 1\/4\u2033 t\u1edbi 2\u2033 [6 mm t\u1edbi 51 mm]<\/div>\n<p><a class=\"btn\" href=\"https:\/\/www.fluidcomponents.com\/products\/mass-flow-meters\/st-series-flow-meters\/st75-st75v-mass-flow-meter\">T\u00ecm hi\u1ec3u th\u00eam...<\/a><img loading=\"lazy\" decoding=\"async\" class=\"aligncenter wp-image-6747\" src=\"https:\/\/vintec.com.vn\/wp-content\/uploads\/2024\/11\/ST75V-OK-1.jpg\" alt=\"\" width=\"358\" height=\"378\" srcset=\"https:\/\/vintec.com.vn\/wp-content\/uploads\/2024\/11\/ST75V-OK-1.jpg 358w, https:\/\/vintec.com.vn\/wp-content\/uploads\/2024\/11\/ST75V-OK-1-11x12.jpg 11w\" sizes=\"auto, (max-width: 358px) 100vw, 358px\" \/><\/p>\n<div><strong><span style=\"text-decoration: underline;\">C\u00e1c th\u00f4ng s\u1ed1 ch\u00ednh<\/span><\/strong>:<\/div>\n<div>\n<ul class=\"sq1\">\n<li>C\u00f4ng ngh\u1ec7 ph\u00e2n t\u00e1n nhi\u1ec7t<\/li>\n<li>C\u1ea5p ch\u00ednh x\u00e1c:  \u00b1 1% gi\u00e1 tr\u1ecb \u0111\u1ecdc, \u00b1 0.5% to\u00e0n d\u1ea3i<\/li>\n<li>T\u00edn hi\u1ec7u ra: (2) 4-20 mA, l\u01b0u l\u01b0\u1ee3ng t\u1ee9c th\u1eddi\/ nhi\u1ec7t \u0111\u1ed9<\/li>\n<li>\u0110\u1ea7u ra s\u1ed1: (ST75AV HART (v7 compliant), RS485 (RTU and ASCII).<\/li>\n<li><strong>Include Vortab<sup>\u00ae<\/sup> T\u00edch h\u1ee3p b\u1ed9 \u0111i\u1ec1u ti\u1ebft l\u01b0u l\u01b0\u1ee3ng Vortab<\/strong><\/li>\n<\/ul>\n<\/div>\n\t\t<\/div>\n\t\t\t\t\t<\/div>\n\n\t\n<\/div>\n<div class=\"row\"  id=\"row-1601880138\">\n\n\t<div id=\"col-780820541\" class=\"col medium-6 small-12 large-6\"  >\n\t\t\t\t<div class=\"col-inner\"  >\n\t\t\t\n\t\t\t\n<h6><a href=\"https:\/\/www.fluidcomponents.com\/products\/mass-flow-meters\/st-series-flow-meters\/st80-mass-flow-meters\"><strong><span style=\"color: #ff0000;\">ST80 Series Mass Flow Meters<\/span><\/strong><\/a><\/h6>\n<p><span style=\"color: #000000;\"><strong style=\"font-size: 16px;\">Lo\u1ea1i c\u1eafm tr\u1ef1c ti\u1ebfp, \u0111o \u0111\u01a1n \u0111i\u1ec3m d\u00f9ng 1 \u0111\u1ea7u \u0111o<\/strong><\/span><\/p>\n<div class=\"type\">\n<div class=\"type\">\n<div class=\"application\">M\u1ecdi lo\u1ea1i kh\u00ed, \u0111\u01b0\u1eddng k\u00ednh \u1ed1ng \u2265 1\u2033  [25 mm]<\/div>\n<p><a class=\"btn\" href=\"https:\/\/www.fluidcomponents.com\/products\/mass-flow-meters\/st-series-flow-meters\/st80-mass-flow-meters\">T\u00ecm hi\u1ec3u th\u00eam...<\/a><\/p>\n<\/div>\n<\/div>\n<p><img loading=\"lazy\" decoding=\"async\" class=\"alignnone wp-image-6755\" src=\"https:\/\/vintec.com.vn\/wp-content\/uploads\/2024\/11\/ST80-remote-Retractable-OK-1.jpg\" alt=\"\" width=\"418\" height=\"301\" srcset=\"https:\/\/vintec.com.vn\/wp-content\/uploads\/2024\/11\/ST80-remote-Retractable-OK-1.jpg 440w, https:\/\/vintec.com.vn\/wp-content\/uploads\/2024\/11\/ST80-remote-Retractable-OK-1-18x12.jpg 18w\" sizes=\"auto, (max-width: 418px) 100vw, 418px\" \/><\/p>\n<div><\/div>\n<div><strong><span style=\"text-decoration: underline;\">C\u00e1c th\u00f4ng s\u1ed1 ch\u00ednh<\/span><\/strong>:<\/div>\n<div>\n<ul class=\"sq1\">\n<li>C\u00f4ng ngh\u1ec7 ph\u00e2n t\u00e1n nhi\u1ec7t theo nguy\u00ean l\u00fd c\u1ea3m bi\u1ebfn th\u00edch \u1ee9ng (AST\u2122)<\/li>\n<li>C\u1ea5p ch\u00ednh x\u00e1c:  \u00b1 1% gi\u00e1 tr\u1ecb \u0111\u1ecdc, \u00b1 0.5% to\u00e0n d\u1ea3i<\/li>\n<li><strong>Nhi\u1ec7t \u0111\u1ed9 l\u00e0m vi\u1ec7c (kh\u00ed): l\u00ean t\u1edbi 454\u00b0C<\/strong><\/li>\n<li>T\u00edn hi\u1ec7u ra: (2) 4-20 mA, l\u01b0u l\u01b0\u1ee3ng t\u1ee9c th\u1eddi\/ nhi\u1ec7t \u0111\u1ed9<\/li>\n<li>\u0110\u1ea7u ra s\u1ed1: HART (v7 compliant), Modbus RS-485 v\u00e0 USB Serial I\/O<\/li>\n<\/ul>\n<\/div>\n\t\t<\/div>\n\t\t\t\t\t<\/div>\n\n\t\n\n\t<div id=\"col-204577574\" class=\"col medium-6 small-12 large-6\"  >\n\t\t\t\t<div class=\"col-inner\"  >\n\t\t\t\n\t\t\t\n<h6><a href=\"https:\/\/www.fluidcomponents.com\/products\/mass-flow-meters\/st-series-flow-meters\/st100-mass-flow-meter\"><strong><span style=\"color: #ff0000;\">ST102A Series Mass Flow Meters<\/span><\/strong><\/a><\/h6>\n<p><span style=\"color: #000000;\"><strong>Lo\u1ea1i c\u1eafm tr\u1ef1c ti\u1ebfp, c\u1ea5u h\u00ecnh 02 \u0111\u1ea7u \u0111o<\/strong><\/span><\/p>\n<div class=\"type\">\n<div class=\"type\">\n<div class=\"type\">\n<div class=\"application\">M\u1ecdi lo\u1ea1i kh\u00ed, \u0111\u01b0\u1eddng k\u00ednh \u1ed1ng \u226512\u2033 [305 mm], c\u1ea5u h\u00ecnh 02 \u0111\u1ea7u \u0111o<\/div>\n<p><a class=\"btn\" href=\"https:\/\/www.fluidcomponents.com\/products\/mass-flow-meters\/st-series-flow-meters\/st102a-mass-flow-meter\">T\u00ecm hi\u1ec3u th\u00eam...<\/a><\/p>\n<p><a href=\"https:\/\/www.fluidcomponents.com\/products\/mass-flow-meters\/st-series-flow-meters\/st100-mass-flow-meter\"><img loading=\"lazy\" decoding=\"async\" class=\"alignnone wp-image-6505\" src=\"https:\/\/vintec.com.vn\/wp-content\/uploads\/2024\/08\/ST102-left.png\" alt=\"\" width=\"491\" height=\"327\" srcset=\"https:\/\/vintec.com.vn\/wp-content\/uploads\/2024\/08\/ST102-left.png 1800w, https:\/\/vintec.com.vn\/wp-content\/uploads\/2024\/08\/ST102-left-768x512.png 768w, https:\/\/vintec.com.vn\/wp-content\/uploads\/2024\/08\/ST102-left-1536x1024.png 1536w, https:\/\/vintec.com.vn\/wp-content\/uploads\/2024\/08\/ST102-left-18x12.png 18w\" sizes=\"auto, (max-width: 491px) 100vw, 491px\" \/><\/a><\/p>\n<\/div>\n<\/div>\n<\/div>\n<div><strong><span style=\"text-decoration: underline;\">C\u00e1c th\u00f4ng s\u1ed1 ch\u00ednh<\/span><\/strong>:<\/div>\n<div>\n<ul class=\"sq1\">\n<li>C\u00f4ng ngh\u1ec7 ph\u00e2n t\u00e1n nhi\u1ec7t theo nguy\u00ean l\u00fd c\u1ea3m bi\u1ebfn th\u00edch \u1ee9ng (AST\u2122)<\/li>\n<li>C\u1ea5p ch\u00ednh x\u00e1c: \u00b1 0.75% gi\u00e1 tr\u1ecb \u0111\u1ecdc, \u00b1 0.5% to\u00e0n d\u1ea3i<\/li>\n<li><strong>Nhi\u1ec7t \u0111\u1ed9 l\u00e0m vi\u1ec7c (kh\u00ed): l\u00ean t\u1edbi 454\u00b0C<\/strong><\/li>\n<li>T\u00edn hi\u1ec7u ra: (3) 4-20 mA, xung 0-1kHz\/ 0-10 kHz<\/li>\n<li><strong>T\u00edch h\u1ee3p ch\u1ee9c n\u0103ng thu th\u1eadp l\u01b0u tr\u1eef d\u1eef li\u1ec7u tr\u00ean th\u1ebb nh\u1edb  8GB micro-SD<\/strong><\/li>\n<\/ul>\n<\/div>\n\t\t<\/div>\n\t\t\t\t\t<\/div>\n\n\t\n<\/div>\n<div class=\"row\"  id=\"row-827580570\">\n\n\t<div id=\"col-268984115\" class=\"col medium-6 small-12 large-6\"  >\n\t\t\t\t<div class=\"col-inner\"  >\n\t\t\t\n\t\t\t\n<h6 style=\"text-align: left;\"><strong><span style=\"color: #ff0000;\">H\u1ec7 th\u1ed1ng pin nhi\u00ean li\u1ec7u<\/span><\/strong><\/h6>\n<p><img loading=\"lazy\" decoding=\"async\" class=\"aligncenter wp-image-6550 size-full\" src=\"https:\/\/vintec.com.vn\/wp-content\/uploads\/2024\/08\/ST80-Series.jpg\" alt=\"\" width=\"1066\" height=\"713\" srcset=\"https:\/\/vintec.com.vn\/wp-content\/uploads\/2024\/08\/ST80-Series.jpg 1066w, https:\/\/vintec.com.vn\/wp-content\/uploads\/2024\/08\/ST80-Series-768x514.jpg 768w, https:\/\/vintec.com.vn\/wp-content\/uploads\/2024\/08\/ST80-Series-18x12.jpg 18w\" sizes=\"auto, (max-width: 1066px) 100vw, 1066px\" \/><\/p>\n\t\t<\/div>\n\t\t\t\t\t<\/div>\n\n\t\n\n\t<div id=\"col-1952668749\" class=\"col medium-6 small-12 large-6\"  >\n\t\t\t\t<div class=\"col-inner\"  >\n\t\t\t\n\t\t\t\n<h6><strong><span style=\"color: #ff0000;\">H\u1ec7 th\u1ed1ng b\u1ed3n ch\u1ee9a Hydro<\/span><\/strong><\/h6>\n<p><img loading=\"lazy\" decoding=\"async\" class=\"alignnone wp-image-6714\" src=\"https:\/\/vintec.com.vn\/wp-content\/uploads\/2024\/11\/FS10i-Hydrogen.jpeg\" alt=\"\" width=\"654\" height=\"436\" srcset=\"https:\/\/vintec.com.vn\/wp-content\/uploads\/2024\/11\/FS10i-Hydrogen.jpeg 1800w, https:\/\/vintec.com.vn\/wp-content\/uploads\/2024\/11\/FS10i-Hydrogen-768x512.jpeg 768w, https:\/\/vintec.com.vn\/wp-content\/uploads\/2024\/11\/FS10i-Hydrogen-1536x1024.jpeg 1536w, https:\/\/vintec.com.vn\/wp-content\/uploads\/2024\/11\/FS10i-Hydrogen-18x12.jpeg 18w\" sizes=\"auto, (max-width: 654px) 100vw, 654px\" \/><\/p>\n\t\t<\/div>\n\t\t\t\t\t<\/div>\n\n\t\n<\/div>\n<div class=\"row\"  id=\"row-582735939\">\n\n\t<div id=\"col-223976324\" class=\"col medium-6 small-12 large-6\"  >\n\t\t\t\t<div class=\"col-inner\"  >\n\t\t\t\n\t\t\t\n<h6><span style=\"color: #ff0000;\"><strong>Tr\u1ea1m pha tr\u1ed9n kh\u00ed<\/strong><\/span><\/h6>\n<p><img loading=\"lazy\" decoding=\"async\" class=\"alignnone wp-image-6713 size-full\" src=\"https:\/\/vintec.com.vn\/wp-content\/uploads\/2024\/11\/FCI-H2-gas-measurement.jpg\" alt=\"\" width=\"468\" height=\"314\" srcset=\"https:\/\/vintec.com.vn\/wp-content\/uploads\/2024\/11\/FCI-H2-gas-measurement.jpg 468w, https:\/\/vintec.com.vn\/wp-content\/uploads\/2024\/11\/FCI-H2-gas-measurement-18x12.jpg 18w\" sizes=\"auto, (max-width: 468px) 100vw, 468px\" \/><\/p>\n\t\t<\/div>\n\t\t\t\t\t<\/div>\n\n\t\n\n\t<div id=\"col-1640915544\" class=\"col medium-6 small-12 large-6\"  >\n\t\t\t\t<div class=\"col-inner\"  >\n\t\t\t\n\t\t\t\n<h6><strong><span style=\"color: #ff0000;\">\u1ee8ng d\u1ee5ng h\u00f3a d\u1ea7u<\/span><\/strong><\/h6>\n<p><img loading=\"lazy\" decoding=\"async\" class=\"aligncenter wp-image-6617 size-full\" src=\"https:\/\/vintec.com.vn\/wp-content\/uploads\/2024\/08\/ST100A-1.jpg\" alt=\"\" width=\"596\" height=\"381\" srcset=\"https:\/\/vintec.com.vn\/wp-content\/uploads\/2024\/08\/ST100A-1.jpg 596w, https:\/\/vintec.com.vn\/wp-content\/uploads\/2024\/08\/ST100A-1-18x12.jpg 18w\" sizes=\"auto, (max-width: 596px) 100vw, 596px\" \/><\/p>\n\t\t<\/div>\n\t\t\t\t\t<\/div>\n\n\t\n<\/div>","protected":false},"excerpt":{"rendered":"","protected":false},"author":1,"featured_media":0,"parent":0,"menu_order":0,"comment_status":"closed","ping_status":"closed","template":"","meta":{"_monsterinsights_skip_tracking":false,"_monsterinsights_sitenote_active":false,"_monsterinsights_sitenote_note":"","_monsterinsights_sitenote_category":0,"footnotes":""},"class_list":["post-6710","page","type-page","status-publish","hentry"],"aioseo_notices":[],"_links":{"self":[{"href":"https:\/\/vintec.com.vn\/vi\/wp-json\/wp\/v2\/pages\/6710","targetHints":{"allow":["GET"]}}],"collection":[{"href":"https:\/\/vintec.com.vn\/vi\/wp-json\/wp\/v2\/pages"}],"about":[{"href":"https:\/\/vintec.com.vn\/vi\/wp-json\/wp\/v2\/types\/page"}],"author":[{"embeddable":true,"href":"https:\/\/vintec.com.vn\/vi\/wp-json\/wp\/v2\/users\/1"}],"replies":[{"embeddable":true,"href":"https:\/\/vintec.com.vn\/vi\/wp-json\/wp\/v2\/comments?post=6710"}],"version-history":[{"count":7,"href":"https:\/\/vintec.com.vn\/vi\/wp-json\/wp\/v2\/pages\/6710\/revisions"}],"predecessor-version":[{"id":7130,"href":"https:\/\/vintec.com.vn\/vi\/wp-json\/wp\/v2\/pages\/6710\/revisions\/7130"}],"wp:attachment":[{"href":"https:\/\/vintec.com.vn\/vi\/wp-json\/wp\/v2\/media?parent=6710"}],"curies":[{"name":"wp","href":"https:\/\/api.w.org\/{rel}","templated":true}]}}