{"id":6761,"date":"2025-06-26T02:31:01","date_gmt":"2025-06-26T02:31:01","guid":{"rendered":"https:\/\/vintec.troypham.com\/?page_id=6761"},"modified":"2025-08-21T13:18:57","modified_gmt":"2025-08-21T13:18:57","slug":"solutions-mining-and-mineral-plants","status":"publish","type":"page","link":"https:\/\/vintec.com.vn\/vi\/solutions-mining-and-mineral-plants\/","title":{"rendered":"Gi\u1ea3i ph\u00e1p ng\u00e0nh khai m\u1ecf v\u00e0 tuy\u1ec3n kho\u00e1ng"},"content":{"rendered":"<div class=\"row\"  id=\"row-830383343\">\n\n\t<div id=\"col-550707312\" class=\"col small-12 large-12\"  >\n\t\t\t\t<div class=\"col-inner\"  >\n\t\t\t\n\t\t\t\n<h4><span style=\"color: #000080;\"><strong>Solutions for Mining and Mineral Processing Plants<\/strong><\/span><\/h4>\n<p><a href=\"https:\/\/fls.com\/en\"><img loading=\"lazy\" decoding=\"async\" class=\"size-full wp-image-6778 aligncenter\" src=\"https:\/\/vintec.com.vn\/wp-content\/uploads\/2025\/06\/FLS.jpg\" alt=\"\" width=\"181\" height=\"151\" srcset=\"https:\/\/vintec.com.vn\/wp-content\/uploads\/2025\/06\/FLS.jpg 181w, https:\/\/vintec.com.vn\/wp-content\/uploads\/2025\/06\/FLS-14x12.jpg 14w\" sizes=\"auto, (max-width: 181px) 100vw, 181px\" \/><\/a><\/p>\n<p>FLS is a leading, full flowsheet minerals processing supplier to the global mining industry. We deliver proven technologies and services across the lifecycle of operations, and have set targets of providing solutions for zero-emissions mining by 2030 with our MissionZero programme.<\/p>\n\t\t<\/div>\n\t\t\t\t\t<\/div>\n\n\t\n<\/div>\n<div class=\"row\"  id=\"row-1592874439\">\n\n\t<div id=\"col-376423230\" class=\"col medium-6 small-12 large-6\"  >\n\t\t\t\t<div class=\"col-inner\"  >\n\t\t\t\n\t\t\t\n<h4 style=\"text-align: left;\"><span style=\"color: #000080;\">Empowering the future of mining<\/span><\/h4>\n<p>At FLS, our mission is to transform the mining industry through innovation and sustainability. With over 140 years of experience, we are a global leader, providing the technology, knowledge, and services that empower miners to meet growing demands while minimizing environmental impact.<\/p>\n<h4 style=\"text-align: left;\"><span style=\"color: #000080;\">Mining for a sustainable world<\/span><\/h4>\n<p>Mining is crucial to the global energy transition. As the world moves towards net-zero emissions, we will see an extraordinary increase in the demand for electric vehicles and renewable power generation capacity. Similarly, demand for the key minerals needed for the green transition \u2013 copper, lithium, nickel cobalt and rare-earth minerals \u2013 will grow significantly in the next two decades. The industry has an obligation to look to the future in a sustainable manner.<\/p>\n<h4><span style=\"color: #000080;\">Mining services to optimise your sites<\/span><\/h4>\n<div>\n<p>Whatever your operational and maintenance priorities \u2013 whether you want to optimise performance, lower costs, or reduce emissions \u2013 we support you with expert technical assistance and know-how.<\/p>\n<p><a href=\"https:\/\/fls.com\/en\/parts-and-services?...\">See all Mining service here.<\/a><\/p>\n<\/div>\n\t\t<\/div>\n\t\t\t\t\t<\/div>\n\n\t\n\n\t<div id=\"col-903366197\" class=\"col medium-6 small-12 large-6\"  >\n\t\t\t\t<div class=\"col-inner\"  >\n\t\t\t\n\t\t\t\n<p><img loading=\"lazy\" decoding=\"async\" class=\"alignnone size-full wp-image-6779\" src=\"https:\/\/vintec.com.vn\/wp-content\/uploads\/2025\/06\/FLS-Service.jpg\" alt=\"\" width=\"703\" height=\"563\" srcset=\"https:\/\/vintec.com.vn\/wp-content\/uploads\/2025\/06\/FLS-Service.jpg 703w, https:\/\/vintec.com.vn\/wp-content\/uploads\/2025\/06\/FLS-Service-15x12.jpg 15w\" sizes=\"auto, (max-width: 703px) 100vw, 703px\" \/><\/p>\n\t\t<\/div>\n\t\t\t\t\t<\/div>\n\n\t\n<\/div>\n<div class=\"row\"  id=\"row-2143448594\">\n\n\t<div id=\"col-85745146\" class=\"col small-12 large-12\"  >\n\t\t\t\t<div class=\"col-inner\"  >\n\t\t\t\n\t\t\t\n<h3><\/h3>\n<h3><span style=\"color: #000080;\">Do you want to empower the future of mining?<\/span><\/h3>\n\t\t<\/div>\n\t\t\t\t\t<\/div>\n\n\t\n<\/div>\n<div class=\"row\"  id=\"row-736951046\">\n\n\t<div id=\"col-1533564057\" class=\"col medium-6 small-12 large-6\"  >\n\t\t\t\t<div class=\"col-inner\"  >\n\t\t\t\n\t\t\t\n<p><img loading=\"lazy\" decoding=\"async\" class=\"alignnone size-full wp-image-6762\" src=\"https:\/\/vintec.com.vn\/wp-content\/uploads\/2025\/06\/section-page.webp\" alt=\"\" width=\"1080\" height=\"1350\" srcset=\"https:\/\/vintec.com.vn\/wp-content\/uploads\/2025\/06\/section-page.webp 1080w, https:\/\/vintec.com.vn\/wp-content\/uploads\/2025\/06\/section-page-768x960.webp 768w, https:\/\/vintec.com.vn\/wp-content\/uploads\/2025\/06\/section-page-10x12.webp 10w\" sizes=\"auto, (max-width: 1080px) 100vw, 1080px\" \/><\/p>\n\t\t<\/div>\n\t\t\t\t\t<\/div>\n\n\t\n\n\t<div id=\"col-1147892274\" class=\"col medium-6 small-12 large-6\"  >\n\t\t\t\t<div class=\"col-inner\"  >\n\t\t\t\n\t\t\t\n<p><img loading=\"lazy\" decoding=\"async\" class=\"alignnone size-full wp-image-6783\" src=\"https:\/\/vintec.com.vn\/wp-content\/uploads\/2025\/06\/krebs-slurrymax-xd-pump-on-mine-site.webp\" alt=\"\" width=\"1080\" height=\"864\" srcset=\"https:\/\/vintec.com.vn\/wp-content\/uploads\/2025\/06\/krebs-slurrymax-xd-pump-on-mine-site.webp 1080w, https:\/\/vintec.com.vn\/wp-content\/uploads\/2025\/06\/krebs-slurrymax-xd-pump-on-mine-site-768x614.webp 768w, https:\/\/vintec.com.vn\/wp-content\/uploads\/2025\/06\/krebs-slurrymax-xd-pump-on-mine-site-15x12.webp 15w\" sizes=\"auto, (max-width: 1080px) 100vw, 1080px\" \/><\/p>\n<p><img loading=\"lazy\" decoding=\"async\" class=\"alignnone size-full wp-image-6786\" src=\"https:\/\/vintec.com.vn\/wp-content\/uploads\/2025\/06\/gravelMAX-slurry-pumps.jpg\" alt=\"\" width=\"640\" height=\"329\" srcset=\"https:\/\/vintec.com.vn\/wp-content\/uploads\/2025\/06\/gravelMAX-slurry-pumps.jpg 640w, https:\/\/vintec.com.vn\/wp-content\/uploads\/2025\/06\/gravelMAX-slurry-pumps-18x9.jpg 18w\" sizes=\"auto, (max-width: 640px) 100vw, 640px\" \/><\/p>\n\t\t<\/div>\n\t\t\t\t\t<\/div>\n\n\t\n<\/div>\n<div class=\"row\"  id=\"row-1446555556\"><\/div>\n\n\t<div id=\"col-979023760\" class=\"col small-12 large-12\"  >\n\t\t\t\t<div class=\"col-inner\"  >\n\t\t\t\n\t\t\t\n<h3 style=\"text-align: center;\"><span style=\"color: #000080;\">Empowering miners for a sustainable future<\/span><\/h3>\n<p>Gi\u00e1 tr\u1ecb c\u1ed1t l\u00f5i c\u1ee7a ch\u00fang t\u00f4i r\u1ea5t \u0111\u01a1n gi\u1ea3n: ch\u00fang t\u00f4i n\u1ed7 l\u1ef1c gi\u00fap c\u00e1c c\u00f4ng ty khai th\u00e1c t\u1ed1i \u01b0u h\u00f3a s\u1ea3n xu\u1ea5t v\u00e0 \u0111\u00e1p \u1ee9ng nhu c\u1ea7u kho\u00e1ng s\u1ea3n to\u00e0n c\u1ea7u m\u1ed9t c\u00e1ch c\u00f3 tr\u00e1ch nhi\u1ec7m. B\u1eb1ng c\u00e1ch c\u00e2n b\u1eb1ng hi\u1ec7u qu\u1ea3, gi\u1eefa qu\u1ea3n l\u00fd r\u1ee7i ro v\u1edbi tr\u00e1ch nhi\u1ec7m v\u1edbi m\u00f4i tr\u01b0\u1eddng, ch\u00fang t\u00f4i gi\u00fap kh\u00e1ch h\u00e0ng m\u1edf ra nh\u1eefng c\u01a1 h\u1ed9i m\u1edbi v\u00e0 \u0111\u1ea3m b\u1ea3o th\u00e0nh c\u00f4ng l\u00e2u d\u00e0i.<\/p>\n<p>Vintec is proud to be authorized distributor of FLS in this challenging industry. Our end-to-end services encompass automation and energy management, systems integration, and risk management, as well as process control. Our expertise in these areas enables us to help you produce safe, intelligent, and dependable outcomes throughout your mining operations.<\/p>\n<p>For more in details our solutions and products, please feel free to access our FLS\u2019s website: <a href=\"https:\/\/fls.com\/en\">https:\/\/fls.com\/en<\/a><\/p>\n\t\t<\/div>\n\t\t\t\t\t<\/div>","protected":false},"excerpt":{"rendered":"","protected":false},"author":1,"featured_media":0,"parent":0,"menu_order":0,"comment_status":"closed","ping_status":"closed","template":"","meta":{"_monsterinsights_skip_tracking":false,"_monsterinsights_sitenote_active":false,"_monsterinsights_sitenote_note":"","_monsterinsights_sitenote_category":0,"footnotes":""},"class_list":["post-6761","page","type-page","status-publish","hentry"],"aioseo_notices":[],"_links":{"self":[{"href":"https:\/\/vintec.com.vn\/vi\/wp-json\/wp\/v2\/pages\/6761","targetHints":{"allow":["GET"]}}],"collection":[{"href":"https:\/\/vintec.com.vn\/vi\/wp-json\/wp\/v2\/pages"}],"about":[{"href":"https:\/\/vintec.com.vn\/vi\/wp-json\/wp\/v2\/types\/page"}],"author":[{"embeddable":true,"href":"https:\/\/vintec.com.vn\/vi\/wp-json\/wp\/v2\/users\/1"}],"replies":[{"embeddable":true,"href":"https:\/\/vintec.com.vn\/vi\/wp-json\/wp\/v2\/comments?post=6761"}],"version-history":[{"count":5,"href":"https:\/\/vintec.com.vn\/vi\/wp-json\/wp\/v2\/pages\/6761\/revisions"}],"predecessor-version":[{"id":7145,"href":"https:\/\/vintec.com.vn\/vi\/wp-json\/wp\/v2\/pages\/6761\/revisions\/7145"}],"wp:attachment":[{"href":"https:\/\/vintec.com.vn\/vi\/wp-json\/wp\/v2\/media?parent=6761"}],"curies":[{"name":"wp","href":"https:\/\/api.w.org\/{rel}","templated":true}]}}