{"id":6768,"date":"2025-06-26T02:38:09","date_gmt":"2025-06-26T02:38:09","guid":{"rendered":"https:\/\/vintec.troypham.com\/?page_id=6768"},"modified":"2025-08-21T14:32:59","modified_gmt":"2025-08-21T14:32:59","slug":"krebs-slurry-valves","status":"publish","type":"page","link":"https:\/\/vintec.com.vn\/vi\/krebs-slurry-valves\/","title":{"rendered":"Van ch\u1ecbu m\u00e0i m\u00f2n KREBS\u00ae"},"content":{"rendered":"<div class=\"row\"  id=\"row-796165255\">\n\n\t<div id=\"col-81828884\" class=\"col medium-6 small-12 large-6\"  >\n\t\t\t\t<div class=\"col-inner\"  >\n\t\t\t\n\t\t\t\n<h1 class=\"flex gap-2 items-center text-sm @md:text-base font-medium before:w-2.5 before:h-2.5 before:rounded-full before:bg-blue-electric\"><span style=\"color: #000080;\">Van b\u00f9n<\/span><\/h1>\n<h3 class=\"text-display-sm @md:text-display-md font-medium\"><span style=\"color: #000080;\">KREBS<sup>\u00ae<\/sup> van b\u00f9n ch\u1ecbu t\u1ea3i n\u1eb7ng cho c\u00e1c \u1ee9ng d\u1ee5ng b\u00f9n qu\u1eb7ng m\u00e0i m\u00f2n cao<\/span><\/h3>\n<h4 class=\"text-lg translation-block\">KREBS\u00ae Van c\u1ed5ng dao, van ki\u1ec3m tra v\u00e0 van ng\u1eaft ch\u00e2n kh\u00f4ng ch\u1ecbu t\u1ea3i n\u1eb7ng mang l\u1ea1i hi\u1ec7u su\u1ea5t \u0111\u00e1ng tin c\u1eady, \u0111\u1ed3ng th\u1eddi gi\u1ea3m chi ph\u00ed \u0111\u1ea7u t\u01b0 (CAPEX) v\u00e0 chi ph\u00ed b\u1ea3o tr\u00ec. C\u00e1c van n\u00e0y \u0111\u01b0\u1ee3c thi\u1ebft k\u1ebf \u0111\u1eb7c bi\u1ec7t cho c\u00e1c \u1ee9ng d\u1ee5ng ch\u1ebf bi\u1ebfn kho\u00e1ng s\u1ea3n, \u0111\u00e1p \u1ee9ng t\u1ed1t h\u1ea7u h\u1ebft c\u00e1c lo\u1ea1i b\u00f9n c\u00f3 t\u00ednh m\u00e0i m\u00f2n cao nh\u1ea5t.<\/h4>\n\t\t<\/div>\n\t\t\t\t\t<\/div>\n\n\t\n\n\t<div id=\"col-11749546\" class=\"col medium-6 small-12 large-6\"  >\n\t\t\t\t<div class=\"col-inner\"  >\n\t\t\t\n\t\t\t\n<p><img loading=\"lazy\" decoding=\"async\" class=\"alignnone size-full wp-image-6784 aligncenter\" src=\"https:\/\/vintec.com.vn\/wp-content\/uploads\/2025\/06\/krebs-tg_knifegatevalve_tg8a_rendering.webp\" alt=\"\" width=\"720\" height=\"720\" srcset=\"https:\/\/vintec.com.vn\/wp-content\/uploads\/2025\/06\/krebs-tg_knifegatevalve_tg8a_rendering.webp 720w, https:\/\/vintec.com.vn\/wp-content\/uploads\/2025\/06\/krebs-tg_knifegatevalve_tg8a_rendering-12x12.webp 12w\" sizes=\"auto, (max-width: 720px) 100vw, 720px\" \/><\/p>\n\t\t<\/div>\n\t\t\t\t\t<\/div>\n\n\t\n<\/div>\n<div class=\"row\"  id=\"row-1819736492\">\n\n\t<div id=\"col-406225738\" class=\"col small-12 large-12\"  >\n\t\t\t\t<div class=\"col-inner\"  >\n\t\t\t\n\t\t\t\n<h3 class=\"text-display-xs @md:text-display-sm font-medium\"><span style=\"color: #000080;\">C\u00e1c \u01b0u \u0111i\u1ec3m n\u1ed5i b\u1eadt<\/span><\/h3>\n<h5 class=\"text-display-xs font-semibold\">\u25a0 C\u00e1c t\u00ednh n\u0103ng an to\u00e0n \u0111\u01b0\u1ee3c c\u1ea3i ti\u1ebfn tr\u00ean m\u1ecdi ch\u1ee7ng lo\u1ea1i van<br \/>\n\u25a0 Ch\u1ea5t l\u01b0\u1ee3ng v\u00e0  \u0111\u1ed9 tin c\u1eady v\u1eadt li\u1ec7u \u0111\u00e3 \u0111\u01b0\u1ee3c ki\u1ec3m ch\u1ee9ng<br \/>\n\u25a0 Gi\u1ea3m th\u1eddi gian d\u1eebng m\u00e1y v\u00e0 b\u1ea3o tr\u00ec nhanh h\u01a1n<br \/>\n\u25a0 C\u00e1c ph\u1ee5 ki\u1ec7n van c\u00f3 th\u1ec3 ho\u00e1n \u0111\u1ed5i cho nhau gi\u00fap gi\u1ea3m l\u01b0\u1ee3ng h\u00e0ng d\u1ef1 ph\u00f2ng c\u1ea7n thi\u1ebft<br \/>\n\u25a0 T\u1ea5t c\u1ea3 c\u00e1c d\u00f2ng s\u1ea3n ph\u1ea9m \u0111\u01b0\u1ee3c ch\u1ebf t\u1ea1o b\u1edfi v\u1eadt li\u1ec7u cao c\u1ea5p theo ti\u00eau chu\u1ea9n To\u00e0n c\u1ea7u cao nh\u1ea5t<br \/>\n\u25a0 L\u1eafp \u0111\u1eb7t d\u1ec5 d\u00e0ng, tu\u1ed5i b\u1ec1n cao<\/h5>\n<p>&nbsp;<\/p>\n<h3 class=\"text-display-md @md:text-display-lg font-medium\"><span style=\"color: #000080;\">Van b\u00f9n ch\u1ecbu m\u00e0i m\u00f2n c\u1ee7a ch\u00fang t\u00f4i<\/span><\/h3>\n<h5>Van b\u00f9n ch\u1ecbu si\u00eau m\u00e0i m\u00f2n KREBS \u0111\u01b0\u1ee3c s\u1eed d\u1ee5ng trong t\u1ea5t c\u1ea3 c\u00e1c \u1ee9ng d\u1ee5ng ch\u1ebf bi\u1ebfn kho\u00e1ng s\u1ea3n v\u00e0 tr\u00ean t\u1ea5t c\u1ea3 c\u00e1c d\u00e2y chuy\u1ec1n s\u1ea3n xu\u1ea5t, t\u1eeb c\u00e1c chu tr\u00ecnh nghi\u1ec1n \u0111\u1ebfn qu\u1eb7ng \u0111u\u00f4i. D\u00f2ng s\u1ea3n ph\u1ea9m to\u00e0n di\u1ec7n bao g\u1ed3m van c\u1ed5ng dao \u00e1p l\u1ef1c cao, van m\u1eb7t b\u00edch ho\u1eb7c d\u1ea1ng k\u1eb9p wafer, van ng\u1eaft ch\u00e2n kh\u00f4ng v\u00e0 van m\u1ed9t chi\u1ec1u.<\/h5>\n<h5><\/h5>\n<h5 class=\"text-display-xs @md:text-display-sm font-medium text-balance\"><span style=\"color: #000080;\">C\u00e1c lo\u1ea1i van b\u00f9n bao g\u1ed3m:<\/span><\/h5>\n\t\t<\/div>\n\t\t\t\t\t<\/div>\n\n\t\n\n\t<div id=\"col-698153606\" class=\"col medium-6 small-12 large-6\"  >\n\t\t\t\t<div class=\"col-inner\"  >\n\t\t\t\n\t\t\t\n<h5 class=\"text-display-xs font-semibold\"><strong>\u25a0 Van c\u1ed5ng dao \u00e1p su\u1ea5t cao: <span style=\"color: #000080;\">TG, TGW, <\/span><span style=\"color: #000080;\">TGH, <\/span><span style=\"color: #000080;\">TGHP,&#8230;<\/span><\/strong><\/h5>\n<ul>\n<li>\n<h5><a href=\"https:\/\/brandhub.flsmidth.com\/api\/asset\/eyJjbGllbnRJZCI6Im9wdGltaXplbHlfdjEyIiwiaWQiOjE5NDAxLCJ0aW1lc3RhbXAiOjE3MzY5NTk0MDMsInZlcnNpb24iOjE3MjM0MzE0MDN9:flsmidth:2Fahcwpiti2vjp-W-Sxqmpv3fUXly5_jwBG8Y1LuoBA\/download?_gl=1*15vsuzl*_gcl_au*NTUxNTkyMjIzLjE3NTU3ODIzMTY.*_ga*NzIyNzc1NzI4LjE3NTU3ODIzMTc.*_ga_Y578RSC2CJ*czE3NTU3ODIzMTYkbzEkZzEkdDE3NTU3ODI3MDAkajUzJGwwJGgxOTgyNzYwMjQxateValves_Brochure_EN.pdf\">KREBS\u00ae TG Slurry Knife Gate Valves<\/a><\/h5>\n<\/li>\n<li>\n<h5><a href=\"https:\/\/brandhub.flsmidth.com\/api\/asset\/eyJjbGllbnRJZCI6Im9wdGltaXplbHlfdjEyIiwiaWQiOjE5NDAxLCJ0aW1lc3RhbXAiOjE3MzY5NTk0MDMsInZlcnNpb24iOjE3MjM0MzE0MDN9:flsmidth:2Fahcwpiti2vjp-W-Sxqmpv3fUXly5_jwBG8Y1LuoBA\/download?_gl=1*15vsuzl*_gcl_au*NTUxNTkyMjIzLjE3NTU3ODIzMTY.*_ga*NzIyNzc1NzI4LjE3NTU3ODIzMTc.*_ga_Y578RSC2CJ*czE3NTU3ODIzMTYkbzEkZzEkdDE3NTU3ODI3MDAkajUzJGwwJGgxOTgyNzYwMjQx\">KREBS\u00ae TGW Wafer Slurry Knife Gate Valves<\/a><\/h5>\n<\/li>\n<li>\n<h5><a href=\"https:\/\/brandhub.flsmidth.com\/api\/asset\/eyJjbGllbnRJZCI6Im9wdGltaXplbHlfdjEyIiwiaWQiOjE5NDAxLCJ0aW1lc3RhbXAiOjE3MzY5NTk0MDMsInZlcnNpb24iOjE3MjM0MzE0MDN9:flsmidth:2Fahcwpiti2vjp-W-Sxqmpv3fUXly5_jwBG8Y1LuoBA\/download?_gl=1*15vsuzl*_gcl_au*NTUxNTkyMjIzLjE3NTU3ODIzMTY.*_ga*NzIyNzc1NzI4LjE3NTU3ODIzMTc.*_ga_Y578RSC2CJ*czE3NTU3ODIzMTYkbzEkZzEkdDE3NTU3ODI3MDAkajUzJGwwJGgxOTgyNzYwMjQx\">KREBS\u00ae TGH High-Pressure Slurry Knife Gate Valve<\/a><\/h5>\n<\/li>\n<li>\n<h5><a href=\"https:\/\/brandhub.flsmidth.com\/api\/asset\/eyJjbGllbnRJZCI6Im9wdGltaXplbHlfdjEyIiwiaWQiOjE5NDAxLCJ0aW1lc3RhbXAiOjE3MzY5NTk0MDMsInZlcnNpb24iOjE3MjM0MzE0MDN9:flsmidth:2Fahcwpiti2vjp-W-Sxqmpv3fUXly5_jwBG8Y1LuoBA\/download?_gl=1*15vsuzl*_gcl_au*NTUxNTkyMjIzLjE3NTU3ODIzMTY.*_ga*NzIyNzc1NzI4LjE3NTU3ODIzMTc.*_ga_Y578RSC2CJ*czE3NTU3ODIzMTYkbzEkZzEkdDE3NTU3ODI3MDAkajUzJGwwJGgxOTgyNzYwMjQx\">KREBS\u00ae TGHP Extra High-Pressure Slurry Knife Gate Valve<\/a><\/h5>\n<\/li>\n<\/ul>\n\t\t<\/div>\n\t\t\t\t\t<\/div>\n\n\t\n\n\t<div id=\"col-2079001288\" class=\"col medium-6 small-12 large-6\"  >\n\t\t\t\t<div class=\"col-inner\"  >\n\t\t\t\n\t\t\t\n<p><img loading=\"lazy\" decoding=\"async\" class=\"alignnone size-full wp-image-7156\" src=\"https:\/\/vintec.com.vn\/wp-content\/uploads\/2025\/08\/KREBS\u00ae-Knife-Gate-Vavles.jpg\" alt=\"\" width=\"808\" height=\"405\" srcset=\"https:\/\/vintec.com.vn\/wp-content\/uploads\/2025\/08\/KREBS\u00ae-Knife-Gate-Vavles.jpg 808w, https:\/\/vintec.com.vn\/wp-content\/uploads\/2025\/08\/KREBS\u00ae-Knife-Gate-Vavles-768x385.jpg 768w, https:\/\/vintec.com.vn\/wp-content\/uploads\/2025\/08\/KREBS\u00ae-Knife-Gate-Vavles-18x9.jpg 18w\" sizes=\"auto, (max-width: 808px) 100vw, 808px\" \/><\/p>\n\t\t<\/div>\n\t\t\t\t\t<\/div>\n\n\t\n<\/div>\n<div class=\"row\"  id=\"row-1436996548\">\n\n\t<div id=\"col-8500762\" class=\"col small-12 large-12\"  >\n\t\t\t\t<div class=\"col-inner\"  >\n\t\t\t\n\t\t\t\n\t\t<\/div>\n\t\t\t\t\t<\/div>\n\n\t\n\n\t<div id=\"col-971653481\" class=\"col medium-6 small-12 large-6\"  >\n\t\t\t\t<div class=\"col-inner\"  >\n\t\t\t\n\t\t\t\n<h5 class=\"text-display-xs font-semibold\"><strong>\u25a0 Van ki\u1ec3m tra v\u00e0 van ng\u1eaft ch\u00e2n kh\u00f4ng: <\/strong><\/h5>\n<ul>\n<li class=\"text-display-xs font-semibold\">\n<h5><a href=\"https:\/\/brandhub.flsmidth.com\/api\/asset\/eyJjbGllbnRJZCI6Im9wdGltaXplbHlfdjEyIiwiaWQiOjE5NDA0LCJ0aW1lc3RhbXAiOjE3MzY5NTgzMjQsInZlcnNpb24iOjE3MjM0MzE0MDd9:flsmidth:QO-V0E7zuRQVlrThchhqXsTRRnY8YdtogpMvj37uhfw\/download?_gl=1*15vsuzl*_gcl_au*NTUxNTkyMjIzLjE3NTU3ODIzMTY.*_ga*NzIyNzc1NzI4LjE3NTU3ODIzMTc.*_ga_Y578RSC2CJ*czE3NTU3ODIzMTYkbzEkZzEkdDE3NTU3ODI3MDAkajUzJGwwJGgxOTgyNzYwMjQx\">KREBS\u2122 T2 Check Valve<\/a><\/h5>\n<\/li>\n<li>\n<h5><a href=\"https:\/\/brandhub.flsmidth.com\/api\/asset\/eyJjbGllbnRJZCI6Im9wdGltaXplbHlfdjEyIiwiaWQiOjE5NDA0LCJ0aW1lc3RhbXAiOjE3MzY5NTgzMjQsInZlcnNpb24iOjE3MjM0MzE0MDd9:flsmidth:QO-V0E7zuRQVlrThchhqXsTRRnY8YdtogpMvj37uhfw\/download?_gl=1*15vsuzl*_gcl_au*NTUxNTkyMjIzLjE3NTU3ODIzMTY.*_ga*NzIyNzc1NzI4LjE3NTU3ODIzMTc.*_ga_Y578RSC2CJ*czE3NTU3ODIzMTYkbzEkZzEkdDE3NTU3ODI3MDAkajUzJGwwJGgxOTgyNzYwMjQx\">KREBS\u2122 <span style=\"font-size: 14.4px;\">T1 Vacuum Breaker <\/span><span style=\"font-size: 14.4px;\">Valve<\/span><\/a><\/h5>\n<\/li>\n<\/ul>\n\t\t<\/div>\n\t\t\t\t\t<\/div>\n\n\t\n\n\t<div id=\"col-1708528452\" class=\"col medium-6 small-12 large-6\"  >\n\t\t\t\t<div class=\"col-inner\"  >\n\t\t\t\n\t\t\t\n<p><img loading=\"lazy\" decoding=\"async\" class=\"alignnone size-full wp-image-7158\" src=\"https:\/\/vintec.com.vn\/wp-content\/uploads\/2025\/08\/T2-Check-Valve.jpg\" alt=\"\" width=\"807\" height=\"336\" srcset=\"https:\/\/vintec.com.vn\/wp-content\/uploads\/2025\/08\/T2-Check-Valve.jpg 807w, https:\/\/vintec.com.vn\/wp-content\/uploads\/2025\/08\/T2-Check-Valve-768x320.jpg 768w, https:\/\/vintec.com.vn\/wp-content\/uploads\/2025\/08\/T2-Check-Valve-18x7.jpg 18w\" sizes=\"auto, (max-width: 807px) 100vw, 807px\" \/><\/p>\n\t\t<\/div>\n\t\t\t\t\t<\/div>\n\n\t\n<\/div>\n<div class=\"row\"  id=\"row-1736535611\">\n\n\t<div id=\"col-1941824142\" class=\"col small-12 large-12\"  >\n\t\t\t\t<div class=\"col-inner\"  >\n\t\t\t\n\t\t\t\n<p>&nbsp;<\/p>\n\t\t<\/div>\n\t\t\t\t\t<\/div>\n\n\t\n\n\t<div id=\"col-98369514\" class=\"col medium-6 small-12 large-6\"  >\n\t\t\t\t<div class=\"col-inner\"  >\n\t\t\t\n\t\t\t\n<p><img loading=\"lazy\" decoding=\"async\" class=\"alignnone size-full wp-image-6823\" src=\"https:\/\/vintec.com.vn\/wp-content\/uploads\/2025\/06\/Maintenance.jpg\" alt=\"\" width=\"704\" height=\"569\" srcset=\"https:\/\/vintec.com.vn\/wp-content\/uploads\/2025\/06\/Maintenance.jpg 704w, https:\/\/vintec.com.vn\/wp-content\/uploads\/2025\/06\/Maintenance-15x12.jpg 15w\" sizes=\"auto, (max-width: 704px) 100vw, 704px\" \/><\/p>\n\t\t<\/div>\n\t\t\t\t\t<\/div>\n\n\t\n\n\t<div id=\"col-2008889005\" class=\"col medium-6 small-12 large-6\"  >\n\t\t\t\t<div class=\"col-inner\"  >\n\t\t\t\n\t\t\t\n<div class=\"flex flex-col gap-4 @md:gap-6\">\n<div class=\"flex flex-col gap-2 @md:gap-4\">\n<div>\n<p><span style=\"color: #000080;\">B\u1ea3o d\u01b0\u1ee1ng v\u00e0 b\u1ea3o tr\u00ec van<\/span><\/p>\n<\/div>\n<\/div>\n<\/div>\n<div class=\"@md:text-xl\">\n<div class=\"rich-text flex flex-col gap-6 @md:gap-8\">\n<h6>C\u00e1c gi\u1ea3i ph\u00e1p d\u1ecbch v\u1ee5 ti\u00ean phong c\u1ee7a ch\u00fang t\u00f4i bao g\u1ed3m c\u00e1c gi\u1ea3i ph\u00e1p b\u1ea3o tr\u00ec v\u00e0 thay th\u1ebf ngo\u00e0i hi\u1ec7n tr\u01b0\u1eddng, gi\u00fap gi\u1ea3m thi\u1ec3u th\u1eddi gian ng\u1eebng ho\u1ea1t \u0111\u1ed9ng v\u00e0 chi ph\u00ed ph\u00e1t sinh. Ch\u00fang t\u00f4i cung c\u1ea5p c\u00e1c d\u1ecbch v\u1ee5 ho\u00e1n c\u1ea3i n\u00e2ng c\u1ea5p m\u00e1y b\u01a1m, xyclon v\u00e0 van, c\u0169ng nh\u01b0 s\u1eb5n s\u00e0ng thay th\u1ebf thi\u1ebft b\u1ecb \u0111\u00e3 c\u0169 hi\u1ec7n c\u00f3 khi c\u1ea7n thi\u1ebft. Sau \u0111\u00f3, ch\u00fang t\u00f4i s\u1ebd \u0111\u01b0a c\u00e1c b\u1ed9 ph\u1eadn chi ti\u1ebft b\u1ecb hao m\u00f2n \u0111\u1ebfn m\u1ed9t trong c\u00e1c tr\u1ea1m d\u1ecbch v\u1ee5 to\u00e0n c\u1ea7u c\u1ee7a ch\u00fang t\u00f4i trong khu v\u1ef1c l\u00e2n c\u1eadn g\u1ea7n b\u1ea1n nh\u1ea5t \u0111\u1ec3 s\u1eeda ch\u1eefa tr\u01b0\u1edbc khi quay l\u1ea1i \u0111\u1ec3 ti\u1ebfp t\u1ee5c quy tr\u00ecnh. Ch\u00fang t\u00f4i c\u0169ng th\u1ef1c hi\u1ec7n vi\u1ec7c \u0111\u00e1nh gi\u00e1 thi\u1ebft b\u1ecb b\u1ecb hao m\u00f2n trong qu\u00e1 tr\u00ecnh b\u1ea3o tr\u00ec v\u00e0 \u0111\u01b0a ra c\u00e1c khuy\u1ebfn ngh\u1ecb \u0111\u1ec3 k\u00e9o d\u00e0i tu\u1ed5i th\u1ecd. \u0110i\u1ec1u n\u00e0y \u0111\u1ea3m b\u1ea3o d\u1ecbch v\u1ee5 h\u00e0ng \u0111\u1ea7u v\u00e0 gi\u1ea3m th\u1eddi gian t\u1ea1i hi\u1ec7n tr\u01b0\u1eddng, gi\u1ea3m thi\u1ec3u nh\u1ea5t c\u00e1c r\u1ee7i ro c\u00f3 th\u1ec3 c\u00f3 nh\u01b0  trong c\u00e1c qu\u00e1 tr\u00ecnh b\u1ea3o tr\u00ec t\u1ea1i ch\u1ed7.<\/h6>\n<\/div>\n<\/div>\n\t\t<\/div>\n\t\t\t\t\t<\/div>\n\n\t\n<\/div>\n<div class=\"row\"  id=\"row-1580934459\">\n\n\t<div id=\"col-693458947\" class=\"col small-12 large-12\"  >\n\t\t\t\t<div class=\"col-inner\"  >\n\t\t\t\n\t\t\t\n<h4>\t\t<\/div>\n\t\t\t\t\t<\/div>\n\n\t\n\n\t<div id=\"col-148705975\" class=\"col medium-6 small-12 large-6\"  >\n\t\t\t\t<div class=\"col-inner\"  >\n\t\t\t\n\t\t\t<\/h4>\n<h3 class=\"text-display-sm @md:text-display-md font-medium\"><span style=\"color: #000080;\">T\u1ea3i c\u00e1c t\u00e0i li\u1ec7u v\u1ec1 Van b\u00f9n<\/span><\/h3>\n<h5 class=\"text-lg @md:text-xl font-medium\"><a href=\"https:\/\/brandhub.flsmidth.com\/api\/asset\/eyJjbGllbnRJZCI6Im9wdGltaXplbHlfdjEyIiwiaWQiOjE5NDA0LCJ0aW1lc3RhbXAiOjE3MzY5NTgzMjQsInZlcnNpb24iOjE3MjM0MzE0MDd9:flsmidth:QO-V0E7zuRQVlrThchhqXsTRRnY8YdtogpMvj37uhfw\/download?_gl=1*1e1385h*_gcl_aw*R0NMLjE3NTAyMjIxNTEuQ2p3S0NBandwTVRDQmhBLUVpd0FfLU1zbVZ3Zm1PTlM1MVE1Nklrc3pmd1YxNXRzY0lyc2Y1M3Vibkd4d1VkLTVtdjhrOGFSX05wSUlCb0M5Rm9RQXZEX0J3RQ..*_gcl_au*MTgxMDMwMzQ2Ni4xNzUwMjIwOTky*_ga*MTIxNDU4MTQ2OC4xNzUwMjIwOTkz*_ga_Y578RSC2CJ*czE3NTA5ODgyODIkbzkkZzEkdDE3NTA5OTExOTYkajUkbDAkaDEyNzQ1NzMzNDM.\">Product datasheet: KREBS<sup>\u00ae<\/sup> Check Valves and Vacuum Breaker Valves<\/a><\/h5>\n<div>\n<h5 class=\"text-lg @md:text-xl font-medium\"><a href=\"https:\/\/brandhub.flsmidth.com\/api\/asset\/eyJjbGllbnRJZCI6Im9wdGltaXplbHlfdjEyIiwiaWQiOjE5NDAxLCJ0aW1lc3RhbXAiOjE3MzY5NTk0MDMsInZlcnNpb24iOjE3MjM0MzE0MDN9:flsmidth:2Fahcwpiti2vjp-W-Sxqmpv3fUXly5_jwBG8Y1LuoBA\/download?_gl=1*1e1385h*_gcl_aw*R0NMLjE3NTAyMjIxNTEuQ2p3S0NBandwTVRDQmhBLUVpd0FfLU1zbVZ3Zm1PTlM1MVE1Nklrc3pmd1YxNXRzY0lyc2Y1M3Vibkd4d1VkLTVtdjhrOGFSX05wSUlCb0M5Rm9RQXZEX0J3RQ..*_gcl_au*MTgxMDMwMzQ2Ni4xNzUwMjIwOTky*_ga*MTIxNDU4MTQ2OC4xNzUwMjIwOTkz*_ga_Y578RSC2CJ*czE3NTA5ODgyODIkbzkkZzEkdDE3NTA5OTExOTYkajUkbDAkaDEyNzQ1NzMzNDM.\">Product datasheet: KREBS<sup>\u00ae<\/sup> Slurry Knife Gate Valves<\/a><\/h5>\n<div>\n<h5 class=\"text-lg @md:text-xl font-medium\"><a href=\"https:\/\/brandhub.flsmidth.com\/api\/asset\/eyJjbGllbnRJZCI6Im9wdGltaXplbHlfdjEyIiwiaWQiOjE5MTc0LCJ0aW1lc3RhbXAiOjE3MzY3ODA2NzksInZlcnNpb24iOjE3MjI3MzcxNTZ9:flsmidth:VWOSoxJkWmPEOUij7bM5Ht_jvl1fXOBog3s2ZLpmDu0\/download?_gl=1*1e1385h*_gcl_aw*R0NMLjE3NTAyMjIxNTEuQ2p3S0NBandwTVRDQmhBLUVpd0FfLU1zbVZ3Zm1PTlM1MVE1Nklrc3pmd1YxNXRzY0lyc2Y1M3Vibkd4d1VkLTVtdjhrOGFSX05wSUlCb0M5Rm9RQXZEX0J3RQ..*_gcl_au*MTgxMDMwMzQ2Ni4xNzUwMjIwOTky*_ga*MTIxNDU4MTQ2OC4xNzUwMjIwOTkz*_ga_Y578RSC2CJ*czE3NTA5ODgyODIkbzkkZzEkdDE3NTA5OTExOTYkajUkbDAkaDEyNzQ1NzMzNDM.\">Product datasheet: KREBS<sup>\u00ae<\/sup> New and improved TG knife gate valves<\/a><\/h5>\n<div>\n<h5 class=\"text-lg @md:text-xl font-medium\"><a href=\"https:\/\/brandhub.flsmidth.com\/api\/asset\/eyJjbGllbnRJZCI6Im9wdGltaXplbHlfdjEyIiwiaWQiOjE5NDA0LCJ0aW1lc3RhbXAiOjE3MzY5NTgzMjQsInZlcnNpb24iOjE3MjM0MzE0MDd9:flsmidth:QO-V0E7zuRQVlrThchhqXsTRRnY8YdtogpMvj37uhfw\/download?_gl=1*1r5np6p*_gcl_aw*R0NMLjE3NTAyMjIxNTEuQ2p3S0NBandwTVRDQmhBLUVpd0FfLU1zbVZ3Zm1PTlM1MVE1Nklrc3pmd1YxNXRzY0lyc2Y1M3Vibkd4d1VkLTVtdjhrOGFSX05wSUlCb0M5Rm9RQXZEX0J3RQ..*_gcl_au*MTgxMDMwMzQ2Ni4xNzUwMjIwOTky*_ga*MTIxNDU4MTQ2OC4xNzUwMjIwOTkz*_ga_Y578RSC2CJ*czE3NTA5ODgyODIkbzkkZzEkdDE3NTA5OTExOTYkajUkbDAkaDEyNzQ1NzMzNDM.\">Product brochure: KREBS<sup>\u00ae<\/sup> Check Valves and Vacuum Breaker Valves<\/a><\/h5>\n<\/div>\n<\/div>\n<\/div>\n\t\t<\/div>\n\t\t\t\t\t<\/div>\n\n\t\n\n\t<div id=\"col-666671211\" class=\"col medium-6 small-12 large-6\"  >\n\t\t\t\t<div class=\"col-inner\"  >\n\t\t\t\n\t\t\t\n<p><img loading=\"lazy\" decoding=\"async\" class=\"wp-image-6824 aligncenter\" src=\"https:\/\/vintec.com.vn\/wp-content\/uploads\/2025\/06\/Application.jpg\" alt=\"\" width=\"332\" height=\"385\" srcset=\"https:\/\/vintec.com.vn\/wp-content\/uploads\/2025\/06\/Application.jpg 480w, https:\/\/vintec.com.vn\/wp-content\/uploads\/2025\/06\/Application-10x12.jpg 10w\" sizes=\"auto, (max-width: 332px) 100vw, 332px\" \/><\/p>\n\t\t<\/div>\n\t\t\t\t\t<\/div>\n\n\t\n<\/div>\n<div class=\"row\"  id=\"row-2072134721\"><\/div>\n\n\t<div id=\"col-2125119848\" class=\"col small-12 large-12\"  >\n\t\t\t\t<div class=\"col-inner\"  >\n\t\t\t\n\t\t\t\t\t<\/div>\n\t\t\t\t\t<\/div>\n\n\t\n<p>&nbsp;<\/p>\n<p style=\"text-align: center;\">\u0110\u1ec3 t\u00ecm hi\u1ec3u th\u00eam th\u00f4ng tin v\u1ec1 c\u00e1c gi\u1ea3i ph\u00e1p v\u00e0 s\u1ea3n ph\u1ea9m c\u1ee7a ch\u00fang t\u00f4i, Qu\u00fd kh\u00e1ch h\u00e0ng vui l\u00f2ng truy c\u1eadp link sau:<\/p>\n<p style=\"text-align: center;\"><a href=\"https:\/\/fls.com\/en\/equipment\/slurry-pumping\/valves\">Heavy-duty slurry valves from FLS<\/a><\/p>\n<p><a href=\"https:\/\/fls.com\/en\/equipment\/slurry-pumping\/valves\"><img loading=\"lazy\" decoding=\"async\" class=\"wp-image-6987 aligncenter\" src=\"https:\/\/vintec.com.vn\/wp-content\/uploads\/2025\/08\/fls.jpg\" alt=\"\" width=\"122\" height=\"102\" srcset=\"https:\/\/vintec.com.vn\/wp-content\/uploads\/2025\/08\/fls.jpg 181w, https:\/\/vintec.com.vn\/wp-content\/uploads\/2025\/08\/fls-14x12.jpg 14w\" sizes=\"auto, (max-width: 122px) 100vw, 122px\" \/><\/a><\/p>\n<p style=\"text-align: center;\">","protected":false},"excerpt":{"rendered":"<p>&nbsp; For further information, please feel free to explore our portal website: Heavy-duty slurry valves from FLS<\/p>","protected":false},"author":1,"featured_media":0,"parent":0,"menu_order":0,"comment_status":"closed","ping_status":"closed","template":"","meta":{"_monsterinsights_skip_tracking":false,"_monsterinsights_sitenote_active":false,"_monsterinsights_sitenote_note":"","_monsterinsights_sitenote_category":0,"footnotes":""},"class_list":["post-6768","page","type-page","status-publish","hentry"],"aioseo_notices":[],"_links":{"self":[{"href":"https:\/\/vintec.com.vn\/vi\/wp-json\/wp\/v2\/pages\/6768","targetHints":{"allow":["GET"]}}],"collection":[{"href":"https:\/\/vintec.com.vn\/vi\/wp-json\/wp\/v2\/pages"}],"about":[{"href":"https:\/\/vintec.com.vn\/vi\/wp-json\/wp\/v2\/types\/page"}],"author":[{"embeddable":true,"href":"https:\/\/vintec.com.vn\/vi\/wp-json\/wp\/v2\/users\/1"}],"replies":[{"embeddable":true,"href":"https:\/\/vintec.com.vn\/vi\/wp-json\/wp\/v2\/comments?post=6768"}],"version-history":[{"count":18,"href":"https:\/\/vintec.com.vn\/vi\/wp-json\/wp\/v2\/pages\/6768\/revisions"}],"predecessor-version":[{"id":7163,"href":"https:\/\/vintec.com.vn\/vi\/wp-json\/wp\/v2\/pages\/6768\/revisions\/7163"}],"wp:attachment":[{"href":"https:\/\/vintec.com.vn\/vi\/wp-json\/wp\/v2\/media?parent=6768"}],"curies":[{"name":"wp","href":"https:\/\/api.w.org\/{rel}","templated":true}]}}