{"id":68,"date":"2022-08-23T14:37:13","date_gmt":"2022-08-23T14:37:13","guid":{"rendered":"http:\/\/202.182.115.122:8999\/?page_id=68"},"modified":"2025-08-27T03:56:51","modified_gmt":"2025-08-27T03:56:51","slug":"power-energy","status":"publish","type":"page","link":"https:\/\/vintec.com.vn\/vi\/power-energy\/","title":{"rendered":"N\u0103ng l\u01b0\u1ee3ng v\u00e0 Nh\u00e0 m\u00e1y \u0111i\u1ec7n"},"content":{"rendered":"<div class=\"row\"  id=\"row-2105397638\">\n\n\t<div id=\"col-136291116\" class=\"col small-12 large-12\"  >\n\t\t\t\t<div class=\"col-inner\"  >\n\t\t\t\n\t\t\t\n<p><strong>Vintec mang t\u1edbi c\u00e1c gi\u1ea3i ph\u00e1p gi\u00fap c\u00e1c nh\u00e0 m\u00e1y ho\u1ea1t \u0111\u1ed9ng hi\u1ec7u qu\u1ea3 h\u01a1n b\u1eb1ng vi\u1ec7c cung c\u1ea5p c\u00e1c thi\u1ebft b\u1ecb \u0111o l\u01b0\u1eddng v\u00e0 van \u0111i\u1ec1u khi\u1ec3n chuy\u00ean d\u1ee5ng v\u1edbi nh\u1eefng th\u01b0\u01a1ng hi\u1ec7u n\u1ed5i ti\u1ebfng c\u00f3 xu\u1ea5t x\u1ee9 t\u1eeb c\u00e1c n\u01b0\u1edbc EU\/ G7, nh\u1eb1m c\u1ea3i thi\u1ec7n vi\u1ec7c \u0111i\u1ec1u khi\u1ec3n qu\u00e1 tr\u00ecnh cho nhi\u00ean li\u1ec7u kh\u1edfi \u0111\u1ed9ng (d\u1ea7u), h\u01a1i v\u00e0 n\u01b0\u1edbc c\u1ea5p.<\/strong><\/p>\n<p><img loading=\"lazy\" decoding=\"async\" class=\"alignnone size-full wp-image-6501 aligncenter\" src=\"https:\/\/vintec.com.vn\/wp-content\/uploads\/2024\/08\/FCI-power-plant.jpg\" alt=\"\" width=\"1800\" height=\"1200\" srcset=\"https:\/\/vintec.com.vn\/wp-content\/uploads\/2024\/08\/FCI-power-plant.jpg 1800w, https:\/\/vintec.com.vn\/wp-content\/uploads\/2024\/08\/FCI-power-plant-768x512.jpg 768w, https:\/\/vintec.com.vn\/wp-content\/uploads\/2024\/08\/FCI-power-plant-1536x1024.jpg 1536w, https:\/\/vintec.com.vn\/wp-content\/uploads\/2024\/08\/FCI-power-plant-18x12.jpg 18w\" sizes=\"auto, (max-width: 1800px) 100vw, 1800px\" \/><\/p>\n<p><img loading=\"lazy\" decoding=\"async\" class=\"alignnone size-full wp-image-7108\" src=\"https:\/\/vintec.com.vn\/wp-content\/uploads\/2025\/08\/power-energy.jpg\" alt=\"\" width=\"1558\" height=\"1076\" srcset=\"https:\/\/vintec.com.vn\/wp-content\/uploads\/2025\/08\/power-energy.jpg 1558w, https:\/\/vintec.com.vn\/wp-content\/uploads\/2025\/08\/power-energy-768x530.jpg 768w, https:\/\/vintec.com.vn\/wp-content\/uploads\/2025\/08\/power-energy-1536x1061.jpg 1536w, https:\/\/vintec.com.vn\/wp-content\/uploads\/2025\/08\/power-energy-18x12.jpg 18w\" sizes=\"auto, (max-width: 1558px) 100vw, 1558px\" \/><\/p>\n<h6><span style=\"color: #ff0000;\">C\u00e1c \u1ee9ng d\u1ee5ng tham kh\u1ea3o<\/span><\/h6>\n<p>Vui l\u00f2ng clink v\u00e0o c\u00e1c \u0111\u01b0\u1eddng link d\u01b0\u1edbi \u0111\u00e2y \u0111\u1ec3 tham kh\u1ea3o chi ti\u1ebft <strong>. <\/strong>..<\/p>\n<ul class=\"sq1\">\n<li><a href=\"https:\/\/www.fluidcomponents.com\/assets\/media\/Application-Notes\/ANCS002-Wet-Gas-Flow.pdf\" target=\"_blank\" rel=\"noopener\">Wet Gas Flow Measurement in Vertical Pipe<\/a><\/li>\n<li><a href=\"https:\/\/www.fluidcomponents.com\/assets\/media\/Technical-Articles\/Thermal-Mass-Flow-Meter-Supports-Feedback-Control-Loop.pdf\" target=\"_blank\" rel=\"noopener\">Thermal Mass Flow Meter Supports Feedback Control Loop In Boiler System for Thermal Electric Power Generation<\/a><\/li>\n<li><a href=\"https:\/\/www.fluidcomponents.com\/assets\/media\/Technical-Articles\/Flow-Meter-Selection-for-Improved-Gas-Flow.pdf\" target=\"_blank\" rel=\"noopener\">Flow Meter Selection for Improved Gas Flow Measurements Comparison of Differential Pressure and Thermal Dispersion Technologies<\/a><\/li>\n<li><a href=\"https:\/\/www.fluidcomponents.com\/assets\/media\/Technical-Articles\/Precision-Air-Gas-Flow-Measurement-Landfills-Power.pdf\" target=\"_blank\" rel=\"noopener\">Precision Air Gas Flow Measurement Helps Turn Landfills Into Green Electric Power Generators<\/a><\/li>\n<li><a href=\"https:\/\/www.fluidcomponents.com\/assets\/media\/Application-Notes\/ANCS004-Natural-Gas-Boiler.pdf\" target=\"_blank\" rel=\"noopener\">Natural Gas Flow Meter for Boiler<\/a><\/li>\n<li><a href=\"https:\/\/www.fluidcomponents.com\/assets\/media\/Application-Notes\/ANCS006-Submetering-Gas-Usage.pdf\" target=\"_blank\" rel=\"noopener\">Sub-Metering of Gas Usage<\/a><\/li>\n<li><a href=\"https:\/\/www.fluidcomponents.com\/assets\/media\/Application-Notes\/ANCS009-Flue-Gas-Large-Duct.pdf\" target=\"_blank\" rel=\"noopener\">Flue Gas Flow Measurement in Large Duct<\/a><\/li>\n<li><a href=\"https:\/\/www.fluidcomponents.com\/assets\/media\/Application-Notes\/ANCS011-Digester-Natural-Gas-Cogen-Power.pdf\" target=\"_blank\" rel=\"noopener\">Digester Gas and Natural Gas Blending for Cogeneration Power Production<\/a><\/li>\n<\/ul>\n\t\t<\/div>\n\t\t\t\t\t<\/div>\n\n\t\n<\/div>\n<div class=\"row\"  id=\"row-18336464\">\n\n\t<div id=\"col-1775037716\" class=\"col medium-6 small-12 large-6\"  >\n\t\t\t\t<div class=\"col-inner\"  >\n\t\t\t\n\t\t\t\n<h6><span style=\"color: #ff0000;\"><strong><span class=\"fontstyle0\">\u0110o l\u01b0u l\u01b0\u1ee3ng kh\u00ed n\u00e9n ST50, ST75, ST80 (Xu\u1ea5t x\u1ee9: FCI - M\u1ef9)<\/span><\/strong><\/span><\/h6>\n<h6><span class=\"fontstyle0\"><img loading=\"lazy\" decoding=\"async\" class=\"aligncenter wp-image-6565 size-full\" src=\"https:\/\/vintec.com.vn\/wp-content\/uploads\/2024\/08\/22519678_1826356517391986_58818605384218517_o.jpg\" alt=\"\" width=\"1800\" height=\"1200\" srcset=\"https:\/\/vintec.com.vn\/wp-content\/uploads\/2024\/08\/22519678_1826356517391986_58818605384218517_o.jpg 1800w, https:\/\/vintec.com.vn\/wp-content\/uploads\/2024\/08\/22519678_1826356517391986_58818605384218517_o-768x512.jpg 768w, https:\/\/vintec.com.vn\/wp-content\/uploads\/2024\/08\/22519678_1826356517391986_58818605384218517_o-1536x1024.jpg 1536w, https:\/\/vintec.com.vn\/wp-content\/uploads\/2024\/08\/22519678_1826356517391986_58818605384218517_o-18x12.jpg 18w\" sizes=\"auto, (max-width: 1800px) 100vw, 1800px\" \/><\/span><\/h6>\n<p><span class=\"fontstyle0\">Thi\u1ebft b\u1ecb \u0111o l\u01b0u l\u01b0\u1ee3ng theo c\u00f4ng ngh\u1ec7 ph\u00e2n t\u00e1n nhi\u1ec7t FCI l\u00e0 gi\u1ea3i ph\u00e1p l\u00fd t\u01b0\u1edfng \u0111\u1ec3 \u0111o l\u01b0u l\u01b0\u1ee3ng kh\u00ed n\u00e9n v\u1edbi ch\u1ee9c n\u0103ng t\u1ef1 \u0111\u1ed9ng b\u00f9 nhi\u1ec7t \u0111\u1ed9, hi\u1ec3n th\u1ecb tr\u1ef1c ti\u1ebfp Nm3\/hr ho\u1eb7c kg\/hr. Thi\u1ebft b\u1ecb FCI ST75V, ST80, ST100L ...cung c\u1ea5p ph\u00e9p \u0111o l\u01b0u l\u01b0\u1ee3ng ch\u00ednh x\u00e1c gi\u00fap kh\u00e1ch h\u00e0ng gi\u1ea3m m\u1ee9c ti\u00eau th\u1ee5 kh\u00ed n\u00e9n v\u00e0 n\u0103ng l\u01b0\u1ee3ng c\u1ea7n thi\u1ebft cho v\u1eadn h\u00e0nh.<\/span><\/p>\n<p><a href=\"https:\/\/www.fluidcomponents.com\/products\/mass-flow-meters\/st-series-flow-meters\/st75-st75v-mass-flow-meter\">T\u00ecm hi\u1ec3u th\u00eam v\u1ec1 thi\u1ebft b\u1ecb t\u1ea1i \u0111\u00e2y...<\/a><\/p>\n\t\t<\/div>\n\t\t\t\t\t<\/div>\n\n\t\n\n\t<div id=\"col-1525046031\" class=\"col medium-6 small-12 large-6\"  >\n\t\t\t\t<div class=\"col-inner\"  >\n\t\t\t\n\t\t\t\n<h6><span style=\"color: #ff0000;\"><strong>\u0110o l\u01b0u l\u01b0\u1ee3ng gi\u00f3 s\u01a1 c\u1ea5p\/ th\u1ee9 c\u1ea5p ST80, ST102AA (Xu\u1ea5t x\u1ee9: FCI - M\u1ef9)<\/strong><\/span><\/h6>\n<p><img loading=\"lazy\" decoding=\"async\" class=\"aligncenter wp-image-6501 size-full\" src=\"https:\/\/vintec.com.vn\/wp-content\/uploads\/2024\/08\/FCI-power-plant.jpg\" alt=\"\" width=\"1800\" height=\"1200\" srcset=\"https:\/\/vintec.com.vn\/wp-content\/uploads\/2024\/08\/FCI-power-plant.jpg 1800w, https:\/\/vintec.com.vn\/wp-content\/uploads\/2024\/08\/FCI-power-plant-768x512.jpg 768w, https:\/\/vintec.com.vn\/wp-content\/uploads\/2024\/08\/FCI-power-plant-1536x1024.jpg 1536w, https:\/\/vintec.com.vn\/wp-content\/uploads\/2024\/08\/FCI-power-plant-18x12.jpg 18w\" sizes=\"auto, (max-width: 1800px) 100vw, 1800px\" \/><\/p>\n<p><span class=\"fontstyle0\">Vi\u1ec7c v\u1eadn h\u00e0nh l\u00f2 h\u01a1i m\u1ed9t c\u00e1ch t\u1ed1i \u01b0u hi\u1ec7u qu\u1ea3 v\u00e0 ti\u1ebft ki\u1ec7m chi ph\u00ed v\u1eadn h\u00e0nh ph\u1ee5 thu\u1ed9c r\u1ea5t nhi\u1ec1u v\u00e0o vi\u1ec7c \u0111o l\u01b0\u1eddng v\u00e0 \u0111i\u1ec1u khi\u1ec3n ch\u00ednh x\u00e1c c\u1ee7a r\u1ea5t nhi\u1ec1u bi\u1ebfn \u0111\u1ea7u v\u00e0o li\u00ean quan t\u1edbi l\u00f2 h\u01a1i; trong \u0111\u00f3 c\u00f3 \u0111o l\u01b0\u1eddng ch\u00ednh x\u00e1c l\u01b0u l\u01b0\u1ee3ng c\u00e1c \u0111\u01b0\u1eddng kh\u00f3i gi\u00f3 (s\u01a1 c\u1ea5p\/ th\u1ee9 c\u1ea5p) l\u00e0 c\u1ef1c k\u1ef3 quan tr\u1ecdng \u0111\u1ed1i v\u1edbi l\u00f2 h\u01a1i c\u1ee7a nh\u00e0 m\u00e1y nhi\u1ec7t \u0111i\u1ec7n \u0111\u1ed1t than.<\/span><\/p>\n<p><a href=\"https:\/\/www.fluidcomponents.com\/products\/mass-flow-meters\/st-series-flow-meters\/st80-mass-flow-meters\">T\u00ecm hi\u1ec3u th\u00eam v\u1ec1 thi\u1ebft b\u1ecb t\u1ea1i \u0111\u00e2y...<\/a><\/p>\n\t\t<\/div>\n\t\t\t\t\t<\/div>\n\n\t\n<\/div>\n<div class=\"row\"  id=\"row-1214105726\">\n\n\t<div id=\"col-1775598035\" class=\"col medium-6 small-12 large-6\"  >\n\t\t\t\t<div class=\"col-inner\"  >\n\t\t\t\n\t\t\t\n<h6><strong><span style=\"color: #ff0000;\">\u0110o l\u01b0u l\u01b0\u1ee3ng kh\u00ed Hydro (H2) ST75V  (Xu\u1ea5t x\u1ee9: FCI - M\u1ef9)<\/span><\/strong><\/h6>\n<p><img loading=\"lazy\" decoding=\"async\" class=\"wp-image-6527 aligncenter\" src=\"https:\/\/vintec.com.vn\/wp-content\/uploads\/2024\/08\/ST75V-1.jpg\" alt=\"\" width=\"550\" height=\"356\" srcset=\"https:\/\/vintec.com.vn\/wp-content\/uploads\/2024\/08\/ST75V-1.jpg 651w, https:\/\/vintec.com.vn\/wp-content\/uploads\/2024\/08\/ST75V-1-18x12.jpg 18w\" sizes=\"auto, (max-width: 550px) 100vw, 550px\" \/><\/p>\n<p><span class=\"fontstyle0\">Thi\u1ebft b\u1ecb \u0111o l\u01b0u l\u01b0\u1ee3ng kh\u00ed Hydro (H2) ST75V\/ ST75AV l\u00e0m vi\u1ec7c d\u1ef1a tr\u00ean c\u00f4ng ngh\u1ec7 ph\u00e2n t\u00e1n nhi\u1ec7t, th\u00e2n \u1ed1ng tube \u0111\u01b0\u1ee3c h\u00e0n k\u00edn b\u1eb1ng th\u00e9p kh\u00f4ng r\u1ec9 SS316, \u0111o l\u01b0\u1eddng tr\u1ef1c ti\u1ebfp l\u01b0u l\u01b0\u1ee3ng kh\u1ed1i l\u01b0\u1ee3ng hydro, c\u00f3 \u0111\u1ed9 l\u1eb7p \u0111\u1ecdc v\u00e0 ch\u00ednh x\u00e1c cao, \u0111\u00e1p \u1ee9ng nhanh. T\u00edch h\u1ee3p b\u1ed9 \u0111i\u1ec1u ti\u1ebft tr\u1ea1ng th\u00e1i d\u00f2ng kh\u00ed Vortab\u00ae cho c\u00e1c v\u1ecb tr\u00ed h\u1ea1n ch\u1ebf v\u1ec1 kh\u00f4ng gian l\u1eafp \u0111\u1eb7t, kho\u1ea3ng c\u00e1ch \u1ed1ng th\u1eb3ng ng\u1eafn.<\/span><\/p>\n<p><a href=\"https:\/\/www.fluidcomponents.com\/products\/mass-flow-meters\/st-series-flow-meters\/st75-st75v-mass-flow-meter\">T\u00ecm hi\u1ec3u th\u00eam v\u1ec1 thi\u1ebft b\u1ecb t\u1ea1i \u0111\u00e2y...<\/a><\/p>\n\t\t<\/div>\n\t\t\t\t\t<\/div>\n\n\t\n\n\t<div id=\"col-861723937\" class=\"col medium-6 small-12 large-6\"  >\n\t\t\t\t<div class=\"col-inner\"  >\n\t\t\t\n\t\t\t\n<h6><span style=\"color: #ff0000;\"><strong>\u0110o l\u01b0u l\u01b0\u1ee3ng kh\u00f3i th\u1ea3i MT100 (Xu\u1ea5t x\u1ee9: FCI - M\u1ef9)<\/strong><\/span><\/h6>\n<p><img loading=\"lazy\" decoding=\"async\" class=\"aligncenter wp-image-6587\" src=\"https:\/\/vintec.com.vn\/wp-content\/uploads\/2024\/08\/MT100-Stack-flow.jpg\" alt=\"\" width=\"668\" height=\"464\" srcset=\"https:\/\/vintec.com.vn\/wp-content\/uploads\/2024\/08\/MT100-Stack-flow.jpg 728w, https:\/\/vintec.com.vn\/wp-content\/uploads\/2024\/08\/MT100-Stack-flow-18x12.jpg 18w\" sizes=\"auto, (max-width: 668px) 100vw, 668px\" \/>MT100 l\u00e0 d\u00f2ng thi\u1ebft b\u1ecb \u0111o l\u01b0u l\u01b0\u1ee3ng kh\u00f3i th\u1ea3i \u0111a \u0111i\u1ec3m, \u0111\u01b0\u1ee3c thi\u1ebft k\u1ebf ri\u00eang cho c\u00e1c \u0111\u01b0\u1eddng \u1ed1ng kh\u00f3i th\u1ea3i c\u00f3 \u0111\u01b0\u1eddng k\u00ednh l\u1edbn. MT100 \u0111\u01b0\u1ee3c thi\u1ebft k\u1ebf l\u00ean t\u1edbi 8 c\u1ea3m bi\u1ebfn tr\u00ean m\u1ed9t \u0111\u1ea7u \u0111o, c\u00f3 \u0111\u1ed9 l\u1eb7p \u0111\u1ecdc v\u00e0 \u0111\u1ed9 ch\u00ednh x\u00e1c cao, b\u1ed9 hi\u1ec3n th\u1ecb ki\u1ec3u \u0111\u1ed3 h\u1ecda v\u1edbi nhi\u1ec1u t\u00ednh n\u0103ng AI cao c\u1ea5p t\u00edch h\u1ee3p cho h\u1ec7 quan tr\u1eafc kh\u00ed th\u1ea3i li\u00ean t\u1ee5c CEMS.<\/p>\n<p><a href=\"https:\/\/www.fluidcomponents.com\/products\/mass-flow-meters\/mt-series-multipoint-flow-meters\/mt100-series-mass-flow-meters\">T\u00ecm hi\u1ec3u th\u00eam v\u1ec1 thi\u1ebft b\u1ecb t\u1ea1i \u0111\u00e2y...<\/a><\/p>\n\t\t<\/div>\n\t\t\t\t\t<\/div>\n\n\t\n<\/div>\n<p>&nbsp;<\/p>\n<p style=\"text-align: center;\">\u0110\u1ec3 bi\u1ebft th\u00eam c\u00e1c th\u00f4ng tin v\u1ec1 gi\u1ea3i ph\u00e1p c\u1ee7a ch\u00fang t\u00f4i cho m\u1ea3ng N\u0103ng l\u01b0\u1ee3ng v\u00e0 Nh\u00e0 m\u00e1y \u0111i\u1ec7n, Qu\u00fd kh\u00e1ch h\u00e0ng vui l\u00f2ng truy c\u1eadp link d\u01b0\u1edbi \u0111\u00e2y:<\/p>\n<p style=\"text-align: center;\"><a href=\"https:\/\/www.fluidcomponents.com\/industries-applications\/industries\/power-and-energy\">https:\/\/www.fluidcomponents.com\/industries-applications\/industries\/power-and-energy<\/a><\/p>","protected":false},"excerpt":{"rendered":"<p>&nbsp; For further information and solutions related to our Power and Energy, please click on link below: https:\/\/www.fluidcomponents.com\/industries-applications\/industries\/power-and-energy<\/p>","protected":false},"author":1,"featured_media":0,"parent":0,"menu_order":0,"comment_status":"closed","ping_status":"closed","template":"","meta":{"_monsterinsights_skip_tracking":false,"_monsterinsights_sitenote_active":false,"_monsterinsights_sitenote_note":"","_monsterinsights_sitenote_category":0,"footnotes":""},"class_list":["post-68","page","type-page","status-publish","hentry"],"aioseo_notices":[],"_links":{"self":[{"href":"https:\/\/vintec.com.vn\/vi\/wp-json\/wp\/v2\/pages\/68","targetHints":{"allow":["GET"]}}],"collection":[{"href":"https:\/\/vintec.com.vn\/vi\/wp-json\/wp\/v2\/pages"}],"about":[{"href":"https:\/\/vintec.com.vn\/vi\/wp-json\/wp\/v2\/types\/page"}],"author":[{"embeddable":true,"href":"https:\/\/vintec.com.vn\/vi\/wp-json\/wp\/v2\/users\/1"}],"replies":[{"embeddable":true,"href":"https:\/\/vintec.com.vn\/vi\/wp-json\/wp\/v2\/comments?post=68"}],"version-history":[{"count":20,"href":"https:\/\/vintec.com.vn\/vi\/wp-json\/wp\/v2\/pages\/68\/revisions"}],"predecessor-version":[{"id":7166,"href":"https:\/\/vintec.com.vn\/vi\/wp-json\/wp\/v2\/pages\/68\/revisions\/7166"}],"wp:attachment":[{"href":"https:\/\/vintec.com.vn\/vi\/wp-json\/wp\/v2\/media?parent=68"}],"curies":[{"name":"wp","href":"https:\/\/api.w.org\/{rel}","templated":true}]}}