{"id":70,"date":"2022-08-23T14:37:13","date_gmt":"2022-08-23T14:37:13","guid":{"rendered":"http:\/\/202.182.115.122:8999\/?page_id=70"},"modified":"2025-08-04T06:37:01","modified_gmt":"2025-08-04T06:37:01","slug":"oil-gas-and-refinery","status":"publish","type":"page","link":"https:\/\/vintec.com.vn\/vi\/oil-gas-and-refinery\/","title":{"rendered":"D\u1ea7u kh\u00ed v\u00e0 nh\u00e0 m\u00e1y l\u1ecdc d\u1ea7u"},"content":{"rendered":"<div class=\"row\"  id=\"row-747066407\">\n\n\t<div id=\"col-1751666062\" class=\"col small-12 large-12\"  >\n\t\t\t\t<div class=\"col-inner\"  >\n\t\t\t\n\t\t\t\n<p>Ho\u1ea1t \u0111\u1ed9ng th\u0103m d\u00f2 v\u00e0 khai th\u00e1c d\u1ea7u kh\u00ed xa b\u1edd \u0111\u00f2i h\u1ecfi th\u1eddi gian ho\u1ea1t \u0111\u1ed9ng li\u00ean t\u1ee5c t\u1ed1i \u0111a trong c\u00e1c \u0111i\u1ec1u ki\u1ec7n kh\u1eafc nghi\u1ec7t. C\u00e1c h\u1ec7 th\u1ed1ng ch\u00ednh v\u00e0 thi\u1ebft b\u1ecb \u0111o l\u01b0\u1eddng c\u1ea7n \u0111\u01b0\u1ee3c t\u00edch h\u1ee3p h\u1ec7 th\u1ed1ng \u0111i\u1ec1u khi\u1ec3n v\u00e0 h\u1ec7 th\u1ed1ng an to\u00e0n tin c\u1eady.<\/p>\n<p><img loading=\"lazy\" decoding=\"async\" class=\"alignnone wp-image-6545 size-full\" src=\"https:\/\/vintec.com.vn\/wp-content\/uploads\/2024\/08\/FCI-Oil-gas.jpg\" alt=\"\" width=\"1800\" height=\"1200\" srcset=\"https:\/\/vintec.com.vn\/wp-content\/uploads\/2024\/08\/FCI-Oil-gas.jpg 1800w, https:\/\/vintec.com.vn\/wp-content\/uploads\/2024\/08\/FCI-Oil-gas-768x512.jpg 768w, https:\/\/vintec.com.vn\/wp-content\/uploads\/2024\/08\/FCI-Oil-gas-1536x1024.jpg 1536w, https:\/\/vintec.com.vn\/wp-content\/uploads\/2024\/08\/FCI-Oil-gas-18x12.jpg 18w\" sizes=\"auto, (max-width: 1800px) 100vw, 1800px\" \/><\/p>\n<p>T\u1eeb n\u0103m 1964, t\u1eeb c\u00e1c \u1ee9ng d\u1ee5ng \u0111o kh\u00ed th\u00f4ng th\u01b0\u1eddng, t\u1edbi c\u00e1c tr\u1ea1m ph\u00e2n ph\u1ed1i chi\u1ebft n\u1ea1p, t\u00e1ch kh\u00ed, cho t\u1edbi c\u00e1c gi\u00e0n khoan ngo\u00e0i kh\u01a1i, thi\u1ebft b\u1ecb \u0111o l\u01b0u l\u01b0\u1ee3ng kh\u00ed v\u00e0 c\u00f4ng t\u1eafc l\u01b0u l\u01b0\u1ee3ng\/ m\u1ee9c ch\u1ea5t l\u1ecfng H\u00e3ng FCI-M\u1ef9 \u0111\u00e3 v\u00e0 \u0111ang \u0111\u01b0\u1ee3c s\u1eed d\u1ee5ng t\u1ea1i h\u1ea7u h\u1ebft c\u00e1c d\u1ef1 \u00e1n ch\u1ebf bi\u1ebfn v\u00e0 s\u1ea3n xu\u1ea5t d\u1ea7u kh\u00ed. S\u1eed d\u1ee5ng c\u00f4ng ngh\u1ec7 ph\u00e2n t\u00e1n nhi\u1ec7t theo nguy\u00ean l\u00fd c\u1ea3m bi\u1ebfn th\u00edch \u1ee9ng, v\u1edbi thi\u1ebft k\u1ebf kh\u00f4ng c\u00f3 th\u00e0nh ph\u1ea7n chuy\u1ec3n \u0111\u1ed9ng, t\u1ef1 \u0111\u1ed9ng b\u00f9 nhi\u1ec7t \u0111\u1ed9 cho k\u1ebft qu\u1ea3 \u0111o c\u00f3 \u0111\u1ed9 ch\u00ednh x\u00e1c cao, c\u00f9ng d\u1ea3i  turndowns l\u1edbn l\u00ean t\u1edbi 1000:1. Thi\u1ebft b\u1ecb FCI-M\u1ef9 c\u0169ng \u0111\u1ea1t c\u00e1c ti\u00eau chu\u1ea9n chung c\u1ee7a Th\u1ebf gi\u1edbi v\u1ec1 ph\u00f2ng ch\u1ed1ng ch\u00e1y n\u1ed5 Ex v\u00e0 chu\u1ea9n an to\u00e0n SIL. Gi\u00fap mang t\u1edbi cho c\u00e1c kh\u00e1ch h\u00e0ng nh\u00e0 m\u00e1y trong ng\u00e0nh c\u00f4ng nghi\u1ec7p d\u1ea7u kh\u00ed nh\u1eefng s\u1ea3n ph\u1ea9m c\u00f3 ch\u1ea5t l\u01b0\u1ee3ng t\u1ed1t nh\u1ea5t, l\u00e0m vi\u1ec7c b\u1ec1n b\u1ec9 v\u1edbi \u0111\u1ed9 ch\u00ednh x\u00e1c cao nh\u1ea5t v\u1edbi chi ph\u00ed s\u1edf h\u1eefu v\u00f2ng \u0111\u1eddi thi\u1ebft b\u1ecb th\u1ea5p nh\u1ea5t. C\u00e1c \u1ee9ng d\u1ee5ng ch\u00ednh bao g\u1ed3m: <\/p>\n<div class=\"col-full\">\n<div class=\"twocols\">\n<ul class=\"sq1\">\n<li>Ki\u1ec3m so\u00e1t ph\u1ee5 gia, h\u00f3a ch\u1ea5t trong c\u00e1c chu tr\u00ecnh<\/li>\n<li>H\u1ec7 th\u1ed1ng ki\u1ec3m tra gi\u1ebfng khoan t\u1ef1 \u0111\u1ed9ng<\/li>\n<li>Ki\u1ec3m so\u00e1t m\u1ee9c\/ giao di\u1ec7n ch\u1ea5t l\u1ecfng<\/li>\n<li>\u0110i\u1ec1u khi\u1ec3n l\u01b0u l\u01b0\u1ee3ng v\u00e0 b\u1ea3o v\u1ec7 b\u01a1m<\/li>\n<li>B\u1ea3o v\u1ec7 b\u01a1m ch\u1ea1y c\u1ea1n<\/li>\n<li>Ki\u1ec3m so\u00e1t l\u01b0u l\u01b0\u1ee3ng kh\u00ed flare gas<\/li>\n<li>Ki\u1ec3m so\u00e1t l\u01b0u l\u01b0\u1ee3ng chi\u1ebft\/ n\u1ea1p c\u00e1c tank nhi\u00ean li\u1ec7u<\/li>\n<\/ul>\n<\/div>\n<div class=\"twocols\">\n<h6 style=\"text-align: center;\"><img loading=\"lazy\" decoding=\"async\" class=\"alignnone size-full wp-image-6552\" src=\"https:\/\/vintec.com.vn\/wp-content\/uploads\/2024\/08\/1604571_1147031881991123_7187901569843546242_n.jpg\" alt=\"\" width=\"757\" height=\"505\" srcset=\"https:\/\/vintec.com.vn\/wp-content\/uploads\/2024\/08\/1604571_1147031881991123_7187901569843546242_n.jpg 757w, https:\/\/vintec.com.vn\/wp-content\/uploads\/2024\/08\/1604571_1147031881991123_7187901569843546242_n-18x12.jpg 18w\" sizes=\"auto, (max-width: 757px) 100vw, 757px\" \/><\/h6>\n<h6><span style=\"color: #ff0000;\">C\u00e1c \u1ee9ng d\u1ee5ng tham kh\u1ea3o<\/span><\/h6>\n<p>Vui l\u00f2ng clink v\u00e0o c\u00e1c \u0111\u01b0\u1eddng link d\u01b0\u1edbi \u0111\u00e2y \u0111\u1ec3 tham kh\u1ea3o chi ti\u1ebft <strong>Oil and Gas<\/strong> industry: <\/p>\n<ul class=\"sq1\">\n<li><a href=\"https:\/\/www.fluidcomponents.com\/assets\/media\/Application-Notes\/ANCS001-LNG-Measurement.pdf\" target=\"_blank\" rel=\"noopener\">LNG Boil-Off Measurement<\/a><\/li>\n<li><a href=\"https:\/\/www.fluidcomponents.com\/assets\/media\/Technical-Articles\/Measuring-Flare-Gas-European-Union.pdf\" target=\"_blank\" rel=\"noopener\">Measuring Flare Gas Within the European Union Emissions Trading Scheme<\/a><\/li>\n<li><a href=\"https:\/\/www.fluidcomponents.com\/assets\/media\/Application-Notes\/ANCS004-Natural-Gas-Boiler.pdf\" target=\"_blank\" rel=\"noopener\">Natural Gas Flow Meter for Boiler<\/a><\/li>\n<li><a href=\"https:\/\/www.fluidcomponents.com\/assets\/media\/Application-Notes\/ANCS005-Wellhead-Flare.pdf\" target=\"_blank\" rel=\"noopener\">Wellhead Flare Flow Measurement<\/a><\/li>\n<li><a href=\"https:\/\/www.fluidcomponents.com\/assets\/media\/Application-Notes\/ANCS007-Remote-Natural-Gas.pdf\" target=\"_blank\" rel=\"noopener\">Remote Site Collection System for Natural Gas Production<\/a><\/li>\n<li><a href=\"https:\/\/www.fluidcomponents.com\/assets\/media\/Application-Notes\/ANCS009-Flue-Gas-Large-Duct.pdf\" target=\"_blank\" rel=\"noopener\">Flue Gas Flow Measurement in Large Duct<\/a><\/li>\n<li><a href=\"https:\/\/www.fluidcomponents.com\/assets\/media\/Application-Notes\/ANCS017-Pipeline-Interface.pdf\" target=\"_blank\" rel=\"noopener\">Oil Transit Pipeline Interface Level Detection<\/a><\/li>\n<li><a href=\"https:\/\/www.fluidcomponents.com\/assets\/media\/Technical-Articles\/Refinery-Turns-To-Flow-Meter-Nitrogen-Tank-Blanketing.pdf\" target=\"_blank\" rel=\"noopener\">Refinery Turns To Thermal Mass Flow Meter For Safety Critical Nitrogen Tank Blanketing<\/a><\/li>\n<li><a href=\"https:\/\/www.fluidcomponents.com\/assets\/media\/Technical-Articles\/Monitor-Your-Pump-for-Process-Efficiency.pdf\" target=\"_blank\" rel=\"noopener\">Monitor Your Pump for Process Efficiency<\/a><\/li>\n<li><a href=\"https:\/\/www.fluidcomponents.com\/assets\/media\/Technical-Articles\/Flow-Switches-For-Refinery-Water-Wastewater-Control.pdf\" target=\"_blank\" rel=\"noopener\">Flow Switches For Refinery Water\/Wastewater Control<\/a><\/li>\n<\/ul>\n<\/div>\n<\/div>\n\t\t<\/div>\n\t\t\t\t\t<\/div>\n\n\t\n<\/div>\n<div class=\"row\"  id=\"row-1845793196\">\n\n\t<div id=\"col-722998761\" class=\"col medium-6 small-12 large-6\"  >\n\t\t\t\t<div class=\"col-inner\"  >\n\t\t\t\n\t\t\t\n<h6 style=\"text-align: left;\"><span style=\"color: #ff0000;\">\u0110o l\u01b0u l\u01b0\u1ee3ng kh\u00ed gas t\u1ef1 nhi\u00ean\/ kh\u00ed n\u00e9n ST80 (Xu\u1ea5t x\u1ee9: FCI-M\u1ef9)<\/span><\/h6>\n<p><img loading=\"lazy\" decoding=\"async\" class=\"aligncenter wp-image-6550 size-full\" src=\"https:\/\/vintec.com.vn\/wp-content\/uploads\/2024\/08\/ST80-Series.jpg\" alt=\"\" width=\"1066\" height=\"713\" srcset=\"https:\/\/vintec.com.vn\/wp-content\/uploads\/2024\/08\/ST80-Series.jpg 1066w, https:\/\/vintec.com.vn\/wp-content\/uploads\/2024\/08\/ST80-Series-768x514.jpg 768w, https:\/\/vintec.com.vn\/wp-content\/uploads\/2024\/08\/ST80-Series-18x12.jpg 18w\" sizes=\"auto, (max-width: 1066px) 100vw, 1066px\" \/><\/p>\n<p>Ki\u1ec3m so\u00e1t t\u1ed1t l\u01b0u l\u01b0\u1ee3ng kh\u00ed \u0111\u1ed1t t\u1ef1 nhi\u00ean cung c\u1ea5p cho l\u00f2 h\u01a1i nh\u00e0 m\u00e1y s\u1ebd gi\u00fap gi\u1ea3m thi\u1ec3u m\u1ee9c ti\u00eau th\u1ee5 nhi\u00ean li\u1ec7u, gi\u1ea3m \u0111\u00e1ng k\u1ec3 chi ph\u00ed n\u0103ng l\u01b0\u1ee3ng c\u1ee7a c\u00e1c nh\u00e0 m\u00e1y c\u0169ng nh\u01b0 g\u00f3p ph\u1ea7n gi\u1ea3m l\u01b0\u1ee3ng kh\u00ed ph\u00e1t th\u1ea3i g\u00e2y \u00f4 nhi\u1ec5m. T\u1ed1i \u01b0u h\u00f3a t\u1ef7 l\u1ec7 nhi\u00ean li\u1ec7u\/kh\u00f4ng kh\u00ed \u0111\u1ec3 ki\u1ec3m so\u00e1t l\u00f2 h\u01a1i gi\u00fap gi\u1ea3m chi ph\u00ed nhi\u00ean li\u1ec7u v\u00e0 b\u1ea3o v\u1ec7 m\u00f4i tr\u01b0\u1eddng. FCI mang \u0111\u1ebfn c\u00e1c gi\u1ea3i ph\u00e1p \u0111o l\u01b0u l\u01b0\u1ee3ng kh\u00ed \u0111\u1ed1t t\u1ef1 nhi\u00ean hi\u1ec7n \u0111\u1ea1i v\u00e0 ch\u00ednh x\u00e1c nh\u1ea5t v\u1edbi c\u00e1c d\u00f2ng model ST80, ST100A.<\/p>\n<p>T\u00ecm hi\u1ec3u th\u00eam: <a href=\"https:\/\/www.fluidcomponents.com\/assets\/media\/Application-Notes\/ANCS004-Natural-Gas-Boiler.pdf\">Download here<\/a> !<\/p>\n\t\t<\/div>\n\t\t\t\t\t<\/div>\n\n\t\n\n\t<div id=\"col-1029820100\" class=\"col medium-6 small-12 large-6\"  >\n\t\t\t\t<div class=\"col-inner\"  >\n\t\t\t\n\t\t\t\n<h6><span style=\"color: #ff0000;\">\u0110o l\u01b0u l\u01b0\u1ee3ng kh\u00ed flare gas ST80, ST100A (Xu\u1ea5t x\u1ee9: FCI-M\u1ef9)<\/span><\/h6>\n<p><img loading=\"lazy\" decoding=\"async\" class=\"aligncenter wp-image-6545 size-full\" src=\"https:\/\/vintec.com.vn\/wp-content\/uploads\/2024\/08\/FCI-Oil-gas.jpg\" alt=\"\" width=\"1800\" height=\"1200\" srcset=\"https:\/\/vintec.com.vn\/wp-content\/uploads\/2024\/08\/FCI-Oil-gas.jpg 1800w, https:\/\/vintec.com.vn\/wp-content\/uploads\/2024\/08\/FCI-Oil-gas-768x512.jpg 768w, https:\/\/vintec.com.vn\/wp-content\/uploads\/2024\/08\/FCI-Oil-gas-1536x1024.jpg 1536w, https:\/\/vintec.com.vn\/wp-content\/uploads\/2024\/08\/FCI-Oil-gas-18x12.jpg 18w\" sizes=\"auto, (max-width: 1800px) 100vw, 1800px\" \/><\/p>\n<p>H\u1ec7 th\u1ed1ng \u0111\u1ed1t ch\u00e1y (Flaring systems) \u0111\u01b0\u1ee3c s\u1eed d\u1ee5ng \u0111\u1ec3 \u0111\u1ed1t ch\u00e1y v\u00e0 x\u1eed l\u00fd kh\u00ed th\u1ea3i, kh\u00ed d\u01b0 th\u1eeba v\u00e0 nh\u01b0 m\u1ed9t h\u1ec7 th\u1ed1ng an to\u00e0n \u0111\u1ec3 b\u1ea3o v\u1ec7 c\u00e1c quy tr\u00ecnh v\u00e0 thi\u1ebft b\u1ecb. Ch\u00fang \u0111\u01b0\u1ee3c t\u00ecm th\u1ea5y tr\u00ean kh\u1eafp th\u1ebf gi\u1edbi trong c\u00e1c nh\u00e0 m\u00e1y l\u1ecdc d\u1ea7u, kh\u00ed \u0111\u1ed1t, h\u00f3a d\u1ea7u, gi\u00e0n khoan d\u1ea7u v\u00e0 trong c\u00e1c nh\u00e0 m\u00e1y ch\u1ebf bi\u1ebfn c\u00f4ng nghi\u1ec7p kh\u00e1c. Thi\u1ebft b\u1ecb \u0111o l\u01b0u l\u01b0\u1ee3ng kh\u00ed flare gas l\u00e0 m\u1ed9t th\u00e0nh ph\u1ea7n quan tr\u1ecdng \u0111\u01b0\u1ee3c s\u1eed d\u1ee5ng trong c\u00e1c h\u1ec7 th\u1ed1ng n\u00e0y \u0111\u1ec3 \u0111o l\u01b0\u1eddng, gi\u00e1m s\u00e1t v\u00e0 truy\u1ec1n d\u1eef li\u1ec7u li\u00ean t\u1ee5c.<\/p>\n<p>T\u00ecm hi\u1ec3u th\u00eam: <a href=\"https:\/\/www.fluidcomponents.com\/assets\/media\/Application-Notes\/ANCS005-Wellhead-Flare.pdf\">Download here<\/a> !<\/p>\n\t\t<\/div>\n\t\t\t\t\t<\/div>\n\n\t\n<\/div>\n<div class=\"row\"  id=\"row-141202977\">\n\n\t<div id=\"col-129385706\" class=\"col medium-6 small-12 large-6\"  >\n\t\t\t\t<div class=\"col-inner\"  >\n\t\t\t\n\t\t\t\n<h6><span style=\"color: #ff0000;\">\u0110o l\u01b0u l\u01b0\u1ee3ng kh\u00ed nhi\u00ean li\u1ec7u t\u1ef1 nhi\u00ean ST80, ST80L, ST100A (Xu\u1ea5t x\u1ee9: FCI-M\u1ef9)<\/span><\/h6>\n<p><img loading=\"lazy\" decoding=\"async\" class=\"aligncenter wp-image-6617 size-full\" src=\"https:\/\/vintec.com.vn\/wp-content\/uploads\/2024\/08\/ST100A-1.jpg\" alt=\"\" width=\"596\" height=\"381\" srcset=\"https:\/\/vintec.com.vn\/wp-content\/uploads\/2024\/08\/ST100A-1.jpg 596w, https:\/\/vintec.com.vn\/wp-content\/uploads\/2024\/08\/ST100A-1-18x12.jpg 18w\" sizes=\"auto, (max-width: 596px) 100vw, 596px\" \/><\/p>\n<p>Nhi\u1ec1u h\u1ec7 th\u1ed1ng \u0111\u1ed1t ch\u00e1y kh\u00ed th\u1eeba (flare systems) bao g\u1ed3m c\u00e1c \u0111\u01b0\u1eddng \u1ed1ng d\u1eabn kh\u00ed h\u1ed7 tr\u1ee3 d\u00f9ng kh\u00ed \u0111\u1ed1t t\u1ef1 nhi\u00ean \u0111\u1ec3 \u0111\u1ea3m b\u1ea3o qu\u00e1 tr\u00ecnh \u0111\u1ed1t ch\u00e1y hi\u1ec7u qu\u1ea3 v\u00e0 hi\u1ec7u su\u1ea5t cao. Thi\u1ebft b\u1ecb \u0111o l\u01b0u l\u01b0\u1ee3ng kh\u00ed nhi\u00ean li\u1ec7u t\u1ef1 nhi\u00ean ST80, ST80L v\u00e0 ST100A h\u1ed7 tr\u1ee3 ki\u1ec3m so\u00e1t l\u01b0u l\u01b0\u1ee3ng v\u00e0 m\u1ee9c ti\u00eau th\u1ee5 kh\u00ed ch\u00e1y th\u1eeba, c\u0169ng nh\u01b0 cung c\u1ea5p d\u1eef li\u1ec7u l\u01b0u l\u01b0\u1ee3ng t\u1ed5ng th\u1ec3 v\u1ec1 DCS.<\/p>\n<p>T\u00ecm hi\u1ec3u th\u00eam: <a href=\"https:\/\/www.fluidcomponents.com\/assets\/media\/Technical-Articles\/Advancing-Thermal-Mass-Gas-Flow-Meters.pdf\">Download here<\/a> !<\/p>\n\t\t<\/div>\n\t\t\t\t\t<\/div>\n\n\t\n\n\t<div id=\"col-1620162436\" class=\"col medium-6 small-12 large-6\"  >\n\t\t\t\t<div class=\"col-inner\"  >\n\t\t\t\n\t\t\t\n<h6><span style=\"color: #ff0000;\">\u0110o l\u01b0u l\u01b0\u1ee3ng kh\u00ed Ni t\u01a1 ST80 (Xu\u1ea5t x\u1ee9: FCI-M\u1ef9)<\/span><\/h6>\n<p><img loading=\"lazy\" decoding=\"async\" class=\"aligncenter wp-image-6552 size-full\" src=\"https:\/\/vintec.com.vn\/wp-content\/uploads\/2024\/08\/1604571_1147031881991123_7187901569843546242_n.jpg\" alt=\"\" width=\"757\" height=\"505\" srcset=\"https:\/\/vintec.com.vn\/wp-content\/uploads\/2024\/08\/1604571_1147031881991123_7187901569843546242_n.jpg 757w, https:\/\/vintec.com.vn\/wp-content\/uploads\/2024\/08\/1604571_1147031881991123_7187901569843546242_n-18x12.jpg 18w\" sizes=\"auto, (max-width: 757px) 100vw, 757px\" \/>\u0110i\u1ec1n \u0111\u1ea7y c\u00e1c tank ch\u1ee9a b\u1eb1ng kh\u00ed nit\u01a1 (N2) l\u00e0 m\u1ed9t bi\u1ec7n ph\u00e1p th\u01b0\u1eddng \u0111\u01b0\u1ee3c s\u1eed d\u1ee5ng trong c\u00e1c nh\u00e0 m\u00e1y h\u00f3a ch\u1ea5t, l\u1ecdc d\u1ea7u v\u00e0 c\u00e1c ng\u00e0nh c\u00f4ng nghi\u1ec7p ch\u1ebf bi\u1ebfn kh\u00e1c \u0111\u1ec3 gi\u1ea3m thi\u1ec3u c\u00e1c m\u1ed1i nguy hi\u1ec3m li\u00ean quan \u0111\u1ebfn ch\u1ea5t l\u1ecfng d\u1ec5 ch\u00e1y, gi\u00fap c\u1ea3i thi\u1ec7n s\u1ef1 an to\u00e0n t\u1ed5ng th\u1ec3 trong nh\u00e0 m\u00e1y v\u00e0 gi\u00fap t\u0103ng n\u0103ng su\u1ea5t.<\/p>\n<p>T\u00ecm hi\u1ec3u th\u00eam: <a href=\"https:\/\/www.fluidcomponents.com\/assets\/media\/Technical-Articles\/Refinery-Turns-To-Flow-Meter-Nitrogen-Tank-Blanketing.pdf\">Download here<\/a> !<\/p>\n\t\t<\/div>\n\t\t\t\t\t<\/div>\n\n\t\n<\/div>\n<div class=\"row\"  id=\"row-1656746751\">\n\n\t<div id=\"col-1068262030\" class=\"col medium-6 small-12 large-6\"  >\n\t\t\t\t<div class=\"col-inner\"  >\n\t\t\t\n\t\t\t\n<h6><span style=\"color: #ff0000;\">\u0110o l\u01b0u l\u01b0\u1ee3ng kh\u00ed th\u1ea3i MT100 (Xu\u1ea5t x\u1ee9: FCI-M\u1ef9)<\/span><\/h6>\n<p><img loading=\"lazy\" decoding=\"async\" class=\"alignnone wp-image-6556 size-full\" src=\"https:\/\/vintec.com.vn\/wp-content\/uploads\/2024\/08\/46503861_2344149932279306_2089617076879622144_n-1.jpg\" alt=\"\" width=\"1800\" height=\"1200\" srcset=\"https:\/\/vintec.com.vn\/wp-content\/uploads\/2024\/08\/46503861_2344149932279306_2089617076879622144_n-1.jpg 1800w, https:\/\/vintec.com.vn\/wp-content\/uploads\/2024\/08\/46503861_2344149932279306_2089617076879622144_n-1-768x512.jpg 768w, https:\/\/vintec.com.vn\/wp-content\/uploads\/2024\/08\/46503861_2344149932279306_2089617076879622144_n-1-1536x1024.jpg 1536w, https:\/\/vintec.com.vn\/wp-content\/uploads\/2024\/08\/46503861_2344149932279306_2089617076879622144_n-1-18x12.jpg 18w\" sizes=\"auto, (max-width: 1800px) 100vw, 1800px\" \/><\/p>\n<p>Kh\u00ed th\u1ea3i c\u1ea7n \u0111\u01b0\u1ee3c theo d\u00f5i ch\u00ednh x\u00e1c \u0111\u1ec3 c\u00f3 d\u1eef li\u1ec7u ki\u1ec3m so\u00e1t quy tr\u00ecnh v\u00e0 l\u1eadp b\u00e1o c\u00e1o, th\u01b0\u1eddng \u0111\u01b0\u1ee3c ki\u1ec3m so\u00e1t nghi\u00eam ng\u1eb7t b\u1edfi c\u00e1c quy \u0111\u1ecbnh chung v\u1ec1 ch\u1ea5t l\u01b0\u1ee3ng kh\u00f4ng kh\u00ed v\u00e0 m\u00f4i tr\u01b0\u1eddng. Thi\u1ebft b\u1ecb \u0111o l\u01b0u l\u01b0\u1ee3ng kh\u00ed\/kh\u00f3i th\u1ea3i lo\u1ea1i \u0111\u01a1n ho\u1eb7c \u0111a \u0111i\u1ec3m, d\u1ef1a tr\u00ean c\u00f4ng ngh\u1ec7 ph\u00e2n t\u00e1n nhi\u1ec7t, nh\u01b0 Model MT100 (\u0111a \u0111i\u1ec3m \u0111o\/ c\u1ea3m bi\u1ebfn), ST102AA (d\u00f9ng 02 c\u1ea3m bi\u1ebfn) c\u1ee7a FCI cung c\u1ea5p c\u00e1c gi\u1ea3i ph\u00e1p \u0111o l\u01b0\u1eddng ch\u00ednh x\u00e1c, ti\u1ebft ki\u1ec7m chi ph\u00ed. B\u1ed9 hi\u1ec3n th\u1ecb d\u1ea1ng \u0111\u1ed3 h\u1ecda k\u1ebft h\u1ee3p c\u00e1c t\u00ednh n\u0103ng AI th\u00f4ng minh v\u00e0 hi\u1ec7n \u0111\u1ea1i.<\/p>\n<p>T\u00ecm hi\u1ec3u th\u00eam: <a href=\"https:\/\/www.fluidcomponents.com\/assets\/media\/Application-Notes\/ANCS009-Flue-Gas-Large-Duct.pdf\">Download here<\/a> !<\/p>\n\t\t<\/div>\n\t\t\t\t\t<\/div>\n\n\t\n\n\t<div id=\"col-1278417751\" class=\"col medium-6 small-12 large-6\"  >\n\t\t\t\t<div class=\"col-inner\"  >\n\t\t\t\n\t\t\t\n<h6><span style=\"color: #ff0000;\">C\u00f4ng t\u1eafc l\u01b0u l\u01b0\u1ee3ng FLT93\/ B\u1ea3o v\u1ec7 b\u01a1m (Xu\u1ea5t x\u1ee9: FCI-M\u1ef9)<\/span><\/h6>\n<p><img loading=\"lazy\" decoding=\"async\" class=\"alignnone wp-image-6557 size-full\" src=\"https:\/\/vintec.com.vn\/wp-content\/uploads\/2024\/08\/FLT93-Protect-pump-e1722915744343.jpg\" alt=\"\" width=\"432\" height=\"288\" srcset=\"https:\/\/vintec.com.vn\/wp-content\/uploads\/2024\/08\/FLT93-Protect-pump-e1722915744343.jpg 432w, https:\/\/vintec.com.vn\/wp-content\/uploads\/2024\/08\/FLT93-Protect-pump-e1722915744343-18x12.jpg 18w\" sizes=\"auto, (max-width: 432px) 100vw, 432px\" \/><\/p>\n<p>H\u1ec7 th\u1ed1ng b\u01a1m trong c\u00e1c nh\u00e0 m\u00e1y l\u1ecdc d\u1ea7u, gi\u00e0n khoan d\u1ea7u l\u00e0 c\u1ef1c k\u1ef3 quan tr\u1ecdng \u0111\u1ed1i v\u1edbi ho\u1ea1t \u0111\u1ed9ng li\u00ean t\u1ee5c tin c\u1eady c\u1ee7a c\u00e1c nh\u00e0 m\u00e1y. C\u00f4ng t\u1eafc l\u01b0u l\u01b0\u1ee3ng model FLT93S ho\u1eb7c FLT93F c\u1ee7a FCI ph\u00e1t hi\u1ec7n nhanh khi l\u01b0u l\u01b0\u1ee3ng trong \u0111\u01b0\u1eddng \u1ed1ng gi\u1ea3m, \u0111\u01b0a ra c\u1ea3nh b\u00e1o s\u1edbm h\u1eefu hi\u1ec7u nh\u1eb1m b\u1ea3o v\u1ec7 h\u1ec7 th\u1ed1ng m\u00e1y b\u01a1m tr\u00e1nh kh\u1ecfi c\u00e1c v\u1ea5n \u0111\u1ec1 nghi\u00eam tr\u1ecdng khi v\u1eadn h\u00e0nh \u1edf ch\u1ebf \u0111\u1ed9 ch\u1ea1y kh\u00f4, ch\u1ea1y c\u1ea1n.<\/p>\n<p>T\u00ecm hi\u1ec3u th\u00eam: <a href=\"https:\/\/www.fluidcomponents.com\/assets\/media\/Technical-Articles\/Monitor-Your-Pump-for-Process-Efficiency.pdf\">Download here<\/a> !<\/p>\n\t\t<\/div>\n\t\t\t\t\t<\/div>\n\n\t\n<\/div>\n<div class=\"row\"  id=\"row-1233856921\">\n\n\t<div id=\"col-1778004907\" class=\"col medium-6 small-12 large-6\"  >\n\t\t\t\t<div class=\"col-inner\"  >\n\t\t\t\n\t\t\t\n<h6><span style=\"color: #ff0000;\"> Gi\u00e1m s\u00e1t l\u01b0u l\u01b0\u1ee3ng kh\u00ed h\u1ec7 th\u1ed1ng HVAC<\/span><\/h6>\n<p><img loading=\"lazy\" decoding=\"async\" class=\"aligncenter wp-image-6629 size-full\" src=\"https:\/\/vintec.com.vn\/wp-content\/uploads\/2024\/08\/MT100-HVAC-refinery-e1723039519711.jpg\" alt=\"\" width=\"560\" height=\"372\" srcset=\"https:\/\/vintec.com.vn\/wp-content\/uploads\/2024\/08\/MT100-HVAC-refinery-e1723039519711.jpg 560w, https:\/\/vintec.com.vn\/wp-content\/uploads\/2024\/08\/MT100-HVAC-refinery-e1723039519711-18x12.jpg 18w\" sizes=\"auto, (max-width: 560px) 100vw, 560px\" \/>Thi\u1ebft b\u1ecb \u0111o l\u01b0u l\u01b0\u1ee3ng kh\u00ed \u0111a \u0111i\u1ec3m MT100 (FCI-USA) cho h\u1ec7 th\u1ed1ng HVAC t\u1ea1i c\u00e1c khu v\u1ef1c y\u00eau c\u1ea7u \u0111\u1ed9 an to\u00e0n cao v\u00e0 ch\u1ed1ng ch\u00e1y n\u1ed5<br \/>...<\/p>\n<p>T\u00ecm hi\u1ec3u th\u00eam: <a href=\"https:\/\/www.fluidcomponents.com\/assets\/media\/Press-Releases\/MT100-HVAC-Duct-0918.pdf\">Download here<\/a> !<\/p>\n\t\t<\/div>\n\t\t\t\t\t<\/div>\n\n\t\n\n\t<div id=\"col-1317162331\" class=\"col medium-6 small-12 large-6\"  >\n\t\t\t\t<div class=\"col-inner\"  >\n\t\t\t\n\t\t\t\n<h6><span style=\"color: #ff0000;\">N\u00e2ng cao hi\u1ec7u su\u1ea5t c\u1ee7a qu\u00e1 tr\u00ecnh oxy h\u00f3a nhi\u1ec7t<\/span><\/h6>\n<p><img loading=\"lazy\" decoding=\"async\" class=\"size-full wp-image-6633 aligncenter\" src=\"https:\/\/vintec.com.vn\/wp-content\/uploads\/2024\/08\/104706080_3530510910309863_7967711635573301129_n-1.jpg\" alt=\"\" width=\"650\" height=\"432\" srcset=\"https:\/\/vintec.com.vn\/wp-content\/uploads\/2024\/08\/104706080_3530510910309863_7967711635573301129_n-1.jpg 650w, https:\/\/vintec.com.vn\/wp-content\/uploads\/2024\/08\/104706080_3530510910309863_7967711635573301129_n-1-18x12.jpg 18w\" sizes=\"auto, (max-width: 650px) 100vw, 650px\" \/>Thi\u1ebft b\u1ecb \u0111o l\u01b0u l\u01b0\u1ee3ng kh\u00ed ST80 v\u00e0 MT100 (FCI-USA) gi\u00fap n\u00e2ng cao hi\u1ec7u su\u1ea5t c\u1ee7a qu\u00e1 tr\u00ecnh oxy h\u00f3a nhi\u1ec7t<br \/>...<\/p>\n<p>T\u00ecm hi\u1ec3u th\u00eam: <a href=\"https:\/\/www.fluidcomponents.com\/assets\/media\/Press-Releases\/FCI-Thermal-Oxidizer-0520.pdf\">Download here<\/a> !<\/p>\n\t\t<\/div>\n\t\t\t\t\t<\/div>\n\n\t\n<\/div>","protected":false},"excerpt":{"rendered":"","protected":false},"author":1,"featured_media":0,"parent":0,"menu_order":0,"comment_status":"closed","ping_status":"closed","template":"","meta":{"_monsterinsights_skip_tracking":false,"_monsterinsights_sitenote_active":false,"_monsterinsights_sitenote_note":"","_monsterinsights_sitenote_category":0,"footnotes":""},"class_list":["post-70","page","type-page","status-publish","hentry"],"aioseo_notices":[],"_links":{"self":[{"href":"https:\/\/vintec.com.vn\/vi\/wp-json\/wp\/v2\/pages\/70","targetHints":{"allow":["GET"]}}],"collection":[{"href":"https:\/\/vintec.com.vn\/vi\/wp-json\/wp\/v2\/pages"}],"about":[{"href":"https:\/\/vintec.com.vn\/vi\/wp-json\/wp\/v2\/types\/page"}],"author":[{"embeddable":true,"href":"https:\/\/vintec.com.vn\/vi\/wp-json\/wp\/v2\/users\/1"}],"replies":[{"embeddable":true,"href":"https:\/\/vintec.com.vn\/vi\/wp-json\/wp\/v2\/comments?post=70"}],"version-history":[{"count":2,"href":"https:\/\/vintec.com.vn\/vi\/wp-json\/wp\/v2\/pages\/70\/revisions"}],"predecessor-version":[{"id":7087,"href":"https:\/\/vintec.com.vn\/vi\/wp-json\/wp\/v2\/pages\/70\/revisions\/7087"}],"wp:attachment":[{"href":"https:\/\/vintec.com.vn\/vi\/wp-json\/wp\/v2\/media?parent=70"}],"curies":[{"name":"wp","href":"https:\/\/api.w.org\/{rel}","templated":true}]}}