{"id":71,"date":"2022-08-23T14:37:13","date_gmt":"2022-08-23T14:37:13","guid":{"rendered":"http:\/\/202.182.115.122:8999\/?page_id=71"},"modified":"2025-07-31T15:57:06","modified_gmt":"2025-07-31T15:57:06","slug":"mining-and-mineral","status":"publish","type":"page","link":"https:\/\/vintec.com.vn\/vi\/mining-and-mineral\/","title":{"rendered":"Khai m\u1ecf v\u00e0 tuy\u1ec3n qu\u1eb7ng"},"content":{"rendered":"<div class=\"row\"  id=\"row-424621866\">\n\n\t<div id=\"col-1828846793\" class=\"col small-12 large-12\"  >\n\t\t\t\t<div class=\"col-inner\"  >\n\t\t\t\n\t\t\t\n<p><img loading=\"lazy\" decoding=\"async\" class=\"alignnone wp-image-4235 size-full\" src=\"https:\/\/vintec.com.vn\/wp-content\/uploads\/2022\/09\/5.png\" alt=\"\u0111o l\u01b0u l\u01b0\u1ee3ng\" width=\"579\" height=\"409\" srcset=\"https:\/\/vintec.com.vn\/wp-content\/uploads\/2022\/09\/5.png 579w, https:\/\/vintec.com.vn\/wp-content\/uploads\/2022\/09\/5-300x212.png 300w, https:\/\/vintec.com.vn\/wp-content\/uploads\/2022\/09\/5-24x17.png 24w, https:\/\/vintec.com.vn\/wp-content\/uploads\/2022\/09\/5-36x25.png 36w, https:\/\/vintec.com.vn\/wp-content\/uploads\/2022\/09\/5-48x34.png 48w\" sizes=\"auto, (max-width: 579px) 100vw, 579px\" \/><\/p>\n<p>Ho\u1ea1t \u0111\u1ed9ng khai m\u1ecf nh\u1eb1m t\u1ea1o ra kho\u00e1ng s\u1ea3n  ho\u1eb7c v\u1eadt li\u1ec7u \u0111\u1ecba ch\u1ea5t c\u00f3 gi\u00e1 tr\u1ecb cao. Ph\u1ee5c h\u1ed3i v\u00e0 duy tr\u00ec t\u0103ng tr\u01b0\u1edfng b\u1ec1n v\u1eefng th\u01b0\u1eddng \u0111\u00f2i h\u1ecfi h\u1ec7 th\u1ed1ng c\u00f4ng ngh\u1ec7 v\u00e0 t\u00ednh s\u1eb5n s\u00e0ng cao c\u1ee7a quy tr\u00ecnh s\u1ea3n xu\u1ea5t v\u1edbi chi ph\u00ed v\u1eadn h\u00e0nh th\u1ea5p, c\u00f9ng c\u00e1c quy \u0111\u1ecbnh nghi\u00eam ng\u1eb7t v\u1ec1 an to\u00e0n v\u00e0 m\u00f4i tr\u01b0\u1eddng.<\/p>\n<\/p>\n\t\t<\/div>\n\t\t\t\t\t<\/div>\n\n\t\n<\/div>","protected":false},"excerpt":{"rendered":"","protected":false},"author":1,"featured_media":0,"parent":0,"menu_order":0,"comment_status":"closed","ping_status":"closed","template":"","meta":{"_monsterinsights_skip_tracking":false,"_monsterinsights_sitenote_active":false,"_monsterinsights_sitenote_note":"","_monsterinsights_sitenote_category":0,"footnotes":""},"class_list":["post-71","page","type-page","status-publish","hentry"],"aioseo_notices":[],"_links":{"self":[{"href":"https:\/\/vintec.com.vn\/vi\/wp-json\/wp\/v2\/pages\/71","targetHints":{"allow":["GET"]}}],"collection":[{"href":"https:\/\/vintec.com.vn\/vi\/wp-json\/wp\/v2\/pages"}],"about":[{"href":"https:\/\/vintec.com.vn\/vi\/wp-json\/wp\/v2\/types\/page"}],"author":[{"embeddable":true,"href":"https:\/\/vintec.com.vn\/vi\/wp-json\/wp\/v2\/users\/1"}],"replies":[{"embeddable":true,"href":"https:\/\/vintec.com.vn\/vi\/wp-json\/wp\/v2\/comments?post=71"}],"version-history":[{"count":1,"href":"https:\/\/vintec.com.vn\/vi\/wp-json\/wp\/v2\/pages\/71\/revisions"}],"predecessor-version":[{"id":6908,"href":"https:\/\/vintec.com.vn\/vi\/wp-json\/wp\/v2\/pages\/71\/revisions\/6908"}],"wp:attachment":[{"href":"https:\/\/vintec.com.vn\/vi\/wp-json\/wp\/v2\/media?parent=71"}],"curies":[{"name":"wp","href":"https:\/\/api.w.org\/{rel}","templated":true}]}}