{"id":7176,"date":"2025-11-01T14:45:06","date_gmt":"2025-11-01T14:45:06","guid":{"rendered":"https:\/\/vintec.com.vn\/?page_id=7176"},"modified":"2025-11-02T14:40:39","modified_gmt":"2025-11-02T07:40:39","slug":"application","status":"publish","type":"page","link":"https:\/\/vintec.com.vn\/vi\/vintec-recruitment\/application\/","title":{"rendered":"Job Application Form"},"content":{"rendered":"<section class=\"section\" id=\"section_2072385351\">\n\t\t<div class=\"section-bg fill\" >\n\t\t\t\t\t\t\t\t\t\n\t\t\t\n\n\t\t<\/div>\n\n\t\t\n\n\t\t<div class=\"section-content relative\">\n\t\t\t\n\t<div id=\"text-3080949756\" class=\"text\">\n\t\t\n<h2>Job Application: Service\/ Sales Engineer<\/h2>\n\t\t\n<style>\n#text-3080949756 {\n  text-align: center;\n  color: rgb(238, 44, 35);\n}\n#text-3080949756 > * {\n  color: rgb(238, 44, 35);\n}\n<\/style>\n\t<\/div>\n\t\n\t\t<\/div>\n\n\t\t\n<style>\n#section_2072385351 {\n  padding-top: 30px;\n  padding-bottom: 30px;\n}\n<\/style>\n\t<\/section>\n\t\n\n<div class=\"wpcf7 no-js\" id=\"wpcf7-f7232-o1\" lang=\"en-US\" dir=\"ltr\" data-wpcf7-id=\"7232\">\n<div class=\"screen-reader-response\"><p role=\"status\" aria-live=\"polite\" aria-atomic=\"true\"><\/p> <ul><\/ul><\/div>\n<form action=\"\/vi\/wp-json\/wp\/v2\/pages\/7176#wpcf7-f7232-o1\" method=\"post\" class=\"wpcf7-form init\" aria-label=\"Contact form\" enctype=\"multipart\/form-data\" novalidate=\"novalidate\" data-status=\"init\" data-trp-original-action=\"\/vi\/wp-json\/wp\/v2\/pages\/7176#wpcf7-f7232-o1\">\n<fieldset class=\"hidden-fields-container\"><input type=\"hidden\" name=\"_wpcf7\" value=\"7232\" \/><input type=\"hidden\" name=\"_wpcf7_version\" value=\"6.1.5\" \/><input type=\"hidden\" name=\"_wpcf7_locale\" value=\"en_US\" \/><input type=\"hidden\" name=\"_wpcf7_unit_tag\" value=\"wpcf7-f7232-o1\" \/><input type=\"hidden\" name=\"_wpcf7_container_post\" value=\"0\" \/><input type=\"hidden\" name=\"_wpcf7_posted_data_hash\" value=\"\" \/>\n<\/fieldset>\n<p>H\u1ecd v\u00e0 t\u00ean (B\u1eaft bu\u1ed9c)<br \/>\n<span class=\"wpcf7-form-control-wrap\" data-name=\"full-name\"><input size=\"40\" maxlength=\"400\" class=\"wpcf7-form-control wpcf7-text wpcf7-validates-as-required\" aria-required=\"true\" aria-invalid=\"false\" placeholder=\"H\u1ecd v\u00e0 t\u00ean\" value=\"\" type=\"text\" name=\"full-name\" \/><\/span>\n<\/p>\n<p>Ng\u00e0y th\u00e1ng n\u0103m sinh (B\u1eaft bu\u1ed9c)<br \/>\n<span class=\"wpcf7-form-control-wrap\" data-name=\"date-of-birth\"><input class=\"wpcf7-form-control wpcf7-date wpcf7-validates-as-required wpcf7-validates-as-date\" aria-required=\"true\" aria-invalid=\"false\" value=\"\" type=\"date\" name=\"date-of-birth\" \/><\/span>\n<\/p>\n<p>\u0110\u1ecba ch\u1ec9 hi\u1ec7n t\u1ea1i (B\u1eaft bu\u1ed9c)<br \/>\n<span class=\"wpcf7-form-control-wrap\" data-name=\"address\"><input size=\"40\" maxlength=\"400\" class=\"wpcf7-form-control wpcf7-text wpcf7-validates-as-required\" aria-required=\"true\" aria-invalid=\"false\" placeholder=\"\u0110\u1ecba ch\u1ec9\" value=\"\" type=\"text\" name=\"address\" \/><\/span>\n<\/p>\n<p>S\u1ed1 \u0111i\u1ec7n tho\u1ea1i \/ Zalo (B\u1eaft bu\u1ed9c)<br \/>\n<span class=\"wpcf7-form-control-wrap\" data-name=\"phone\"><input size=\"40\" maxlength=\"400\" class=\"wpcf7-form-control wpcf7-tel wpcf7-validates-as-required wpcf7-text wpcf7-validates-as-tel\" aria-required=\"true\" aria-invalid=\"false\" placeholder=\"S\u1ed1 \u0111i\u1ec7n tho\u1ea1i\" value=\"\" type=\"tel\" name=\"phone\" \/><\/span>\n<\/p>\n<p>\u0110\u1ecba ch\u1ec9 email (B\u1eaft bu\u1ed9c)<br \/>\n<span class=\"wpcf7-form-control-wrap\" data-name=\"email\"><input size=\"40\" maxlength=\"400\" class=\"wpcf7-form-control wpcf7-email wpcf7-validates-as-required wpcf7-text wpcf7-validates-as-email\" aria-required=\"true\" aria-invalid=\"false\" placeholder=\"Email\" value=\"\" type=\"email\" name=\"email\" \/><\/span>\n<\/p>\n<p>Tr\u00ecnh \u0111\u1ed9 h\u1ecdc v\u1ea5n \/ Chuy\u00ean ng\u00e0nh (B\u1eaft bu\u1ed9c)\n<\/p>\n<p><span class=\"wpcf7-form-control-wrap\" data-name=\"education\"><textarea cols=\"40\" rows=\"10\" maxlength=\"2000\" class=\"wpcf7-form-control wpcf7-textarea wpcf7-validates-as-required\" aria-required=\"true\" aria-invalid=\"false\" placeholder=\"Tr\u00ecnh \u0111\u1ed9 h\u1ecdc v\u1ea5n \/ Chuy\u00ean ng\u00e0nh\" name=\"education\"><\/textarea><\/span>\n<\/p>\n<p>K\u1ef9 n\u0103ng ch\u00ednh (thi\u1ebft b\u1ecb \/ h\u1ec7 th\u1ed1ng \/ qu\u1ea3n l\u00fd d\u1ef1 \u00e1n) (B\u1eaft bu\u1ed9c)<br \/>\n<span class=\"wpcf7-form-control-wrap\" data-name=\"skill\"><textarea cols=\"40\" rows=\"10\" maxlength=\"2000\" class=\"wpcf7-form-control wpcf7-textarea wpcf7-validates-as-required\" aria-required=\"true\" aria-invalid=\"false\" placeholder=\"K\u1ef9 n\u0103ng ch\u00ednh (thi\u1ebft b\u1ecb \/ h\u1ec7 th\u1ed1ng \/ qu\u1ea3n l\u00fd d\u1ef1 \u00e1n)\" name=\"skill\"><\/textarea><\/span>\n<\/p>\n<p>M\u00f4 t\u1ea3 Kinh nghi\u1ec7m l\u00e0m vi\u1ec7c (t\u00f3m t\u1eaft) (B\u1eaft bu\u1ed9c)<br \/>\n<span class=\"wpcf7-form-control-wrap\" data-name=\"experience\"><textarea cols=\"40\" rows=\"10\" maxlength=\"2000\" class=\"wpcf7-form-control wpcf7-textarea wpcf7-validates-as-required\" aria-required=\"true\" aria-invalid=\"false\" placeholder=\"M\u00f4 t\u1ea3 Kinh nghi\u1ec7m l\u00e0m vi\u1ec7c (t\u00f3m t\u1eaft)\" name=\"experience\"><\/textarea><\/span>\n<\/p>\n<p>CV (B\u1eaft bu\u1ed9c)<br \/>\n<span class=\"wpcf7-form-control-wrap\" data-name=\"CV\"><input size=\"40\" class=\"wpcf7-form-control wpcf7-file wpcf7-validates-as-required\" accept=\".doc,.docx,.pdf\" aria-required=\"true\" aria-invalid=\"false\" type=\"file\" name=\"CV\" \/><\/span>\n<\/p>\n<p><input class=\"wpcf7-form-control wpcf7-submit has-spinner\" type=\"submit\" value=\"N\u1ed9p \u0111\u01a1n\" \/>\n<\/p><div class=\"wpcf7-response-output\" aria-hidden=\"true\"><\/div>\n<input type=\"hidden\" name=\"trp-form-language\" value=\"vi\"\/><\/form>\n<\/div>","protected":false},"excerpt":{"rendered":"","protected":false},"author":1,"featured_media":0,"parent":4837,"menu_order":0,"comment_status":"closed","ping_status":"closed","template":"","meta":{"_monsterinsights_skip_tracking":false,"_monsterinsights_sitenote_active":false,"_monsterinsights_sitenote_note":"","_monsterinsights_sitenote_category":0,"footnotes":""},"class_list":["post-7176","page","type-page","status-publish","hentry"],"aioseo_notices":[],"_links":{"self":[{"href":"https:\/\/vintec.com.vn\/vi\/wp-json\/wp\/v2\/pages\/7176","targetHints":{"allow":["GET"]}}],"collection":[{"href":"https:\/\/vintec.com.vn\/vi\/wp-json\/wp\/v2\/pages"}],"about":[{"href":"https:\/\/vintec.com.vn\/vi\/wp-json\/wp\/v2\/types\/page"}],"author":[{"embeddable":true,"href":"https:\/\/vintec.com.vn\/vi\/wp-json\/wp\/v2\/users\/1"}],"replies":[{"embeddable":true,"href":"https:\/\/vintec.com.vn\/vi\/wp-json\/wp\/v2\/comments?post=7176"}],"version-history":[{"count":45,"href":"https:\/\/vintec.com.vn\/vi\/wp-json\/wp\/v2\/pages\/7176\/revisions"}],"predecessor-version":[{"id":7248,"href":"https:\/\/vintec.com.vn\/vi\/wp-json\/wp\/v2\/pages\/7176\/revisions\/7248"}],"up":[{"embeddable":true,"href":"https:\/\/vintec.com.vn\/vi\/wp-json\/wp\/v2\/pages\/4837"}],"wp:attachment":[{"href":"https:\/\/vintec.com.vn\/vi\/wp-json\/wp\/v2\/media?parent=7176"}],"curies":[{"name":"wp","href":"https:\/\/api.w.org\/{rel}","templated":true}]}}