{"id":72,"date":"2022-08-23T14:37:13","date_gmt":"2022-08-23T14:37:13","guid":{"rendered":"http:\/\/202.182.115.122:8999\/?page_id=72"},"modified":"2025-08-01T15:44:24","modified_gmt":"2025-08-01T15:44:24","slug":"water-wastewater-treatment","status":"publish","type":"page","link":"https:\/\/vintec.com.vn\/vi\/water-wastewater-treatment\/","title":{"rendered":"Ng\u00e0nh n\u01b0\u1edbc v\u00e0 X\u1eed l\u00fd n\u01b0\u1edbc th\u1ea3i"},"content":{"rendered":"<div class=\"row\"  id=\"row-1434168309\">\n\n\t<div id=\"col-1331064035\" class=\"col small-12 large-12\"  >\n\t\t\t\t<div class=\"col-inner\"  >\n\t\t\t\n\t\t\t\n<p>Vintec \u0111\u00e3 v\u00e0 \u0111ang cung c\u1ea5p thi\u1ebft b\u1ecb \u0111o qu\u00e1 tr\u00ecnh hi\u1ec7n \u0111\u1ea1i \u0111\u1ec3 gi\u00fap h\u1ec7 th\u1ed1ng cung c\u1ea5p n\u01b0\u1edbc s\u1ea1ch \u1ed5n \u0111\u1ecbnh, x\u1eed l\u00fd n\u01b0\u1edbc th\u1ea3i b\u1ea3o v\u1ec7 m\u00f4i tr\u01b0\u1eddng n\u01b0\u1edbc, qu\u1ea3n l\u00fd th\u1ea5t tho\u00e1t n\u01b0\u1edbc v\u00e0 t\u1ed1i \u01b0u h\u00f3a v\u1eadn h\u00e0nh nh\u00e0 m\u00e1y \u0111\u1ec3 gi\u1ea3m chi ph\u00ed v\u1eadn h\u00e0nh.<\/p>\n<p><img loading=\"lazy\" decoding=\"async\" class=\"alignnone size-full wp-image-6701\" src=\"https:\/\/vintec.com.vn\/wp-content\/uploads\/2024\/10\/FlowAndEnergyMeters7.jpg\" alt=\"\" width=\"1920\" height=\"1080\" srcset=\"https:\/\/vintec.com.vn\/wp-content\/uploads\/2024\/10\/FlowAndEnergyMeters7.jpg 1920w, https:\/\/vintec.com.vn\/wp-content\/uploads\/2024\/10\/FlowAndEnergyMeters7-768x432.jpg 768w, https:\/\/vintec.com.vn\/wp-content\/uploads\/2024\/10\/FlowAndEnergyMeters7-1536x864.jpg 1536w, https:\/\/vintec.com.vn\/wp-content\/uploads\/2024\/10\/FlowAndEnergyMeters7-18x10.jpg 18w\" sizes=\"auto, (max-width: 1920px) 100vw, 1920px\" \/><\/p>\n<figure id=\"attachment_6562\" aria-describedby=\"caption-attachment-6562\" style=\"width: 2400px\" class=\"wp-caption aligncenter\"><img loading=\"lazy\" decoding=\"async\" class=\"wp-image-6562 size-full\" src=\"https:\/\/vintec.com.vn\/wp-content\/uploads\/2024\/08\/FCI-Wastewater-1.jpg\" alt=\"\" width=\"2400\" height=\"1553\" srcset=\"https:\/\/vintec.com.vn\/wp-content\/uploads\/2024\/08\/FCI-Wastewater-1.jpg 2400w, https:\/\/vintec.com.vn\/wp-content\/uploads\/2024\/08\/FCI-Wastewater-1-768x497.jpg 768w, https:\/\/vintec.com.vn\/wp-content\/uploads\/2024\/08\/FCI-Wastewater-1-1536x994.jpg 1536w, https:\/\/vintec.com.vn\/wp-content\/uploads\/2024\/08\/FCI-Wastewater-1-2048x1325.jpg 2048w, https:\/\/vintec.com.vn\/wp-content\/uploads\/2024\/08\/FCI-Wastewater-1-18x12.jpg 18w\" sizes=\"auto, (max-width: 2400px) 100vw, 2400px\" \/><figcaption id=\"caption-attachment-6562\" class=\"wp-caption-text\">Increasing WWTP Efficiency illustrated plant diagram<\/figcaption><\/figure>\n<h5><span style=\"color: #ff0000;\"><strong>\u1ee8ng d\u1ee5ng<\/strong><\/span><\/h5>\n<ul class=\"sq1\">\n<li>\u0110o v\u00e0 ki\u1ec3m so\u00e1t l\u01b0u l\u01b0\u1ee3ng kh\u00ed b\u1ec3 s\u1ee5c<\/li>\n<li>\u0110o l\u01b0u l\u01b0\u1ee3ng n\u01b0\u1edbc c\u1ea5p, n\u01b0\u1edbc th\u1ea3i, n\u01b0\u1edbc l\u1ea1nh chiller<\/li>\n<li>\u0110o l\u01b0u l\u01b0\u1ee3ng kh\u00ed Ozon (O3), Biogas, kh\u00ed \u1ea9m \u01b0\u1edbt<\/li>\n<li>\u0110\u1ed3ng h\u1ed3 \u0111o l\u01b0u l\u01b0\u1ee3ng si\u00eau \u00e2m k\u1eb9p ngo\u00e0i, c\u1ea7m tay<\/li>\n<li>C\u00f4ng t\u1eafc l\u01b0u l\u01b0\u1ee3ng b\u1ea3o v\u1ec7 b\u01a1m, b\u00e1o ch\u1ea1y c\u1ea1n<\/li>\n<li>Co-generation and CHP digester gas and natural gas blending<\/li>\n<\/ul>\n\t\t<\/div>\n\t\t\t\t\t<\/div>\n\n\t\n\n\t<div id=\"col-2088864384\" class=\"col medium-6 small-12 large-6\"  >\n\t\t\t\t<div class=\"col-inner\"  >\n\t\t\t\n\t\t\t\n<h5><strong><span style=\"color: #ff0000;\">C\u00e1c \u1ee9ng d\u1ee5ng tham kh\u1ea3o<\/span><\/strong><\/h5>\n<p>Vui l\u00f2ng clink v\u00e0o c\u00e1c \u0111\u01b0\u1eddng link d\u01b0\u1edbi \u0111\u00e2y \u0111\u1ec3 tham kh\u1ea3o chi ti\u1ebft <strong>X\u1eed l\u00fd n\u01b0\u1edbc th\u1ea3i <\/strong>..<\/p>\n<ul class=\"sq1\">\n<li><a href=\"https:\/\/www.fluidcomponents.com\/assets\/media\/Application-Notes\/AG-WWT-1021.pdf\">Wastewater and Water Treatment Applications Guide (EN)<\/a><\/li>\n<li><a href=\"https:\/\/www.fluidcomponents.com\/assets\/media\/Application-Notes\/AG-WWT-Guide-A4-ES-0122.pdf\">Wastewater and Water Treatment Applications Guide (ES)<\/a><\/li>\n<li><a href=\"https:\/\/www.fluidcomponents.com\/assets\/media\/Application-Notes\/AG-WWT-Guide-A4-LT-0122.pdf\">Wastewater and Water Treatment Applications Guide (LT)<\/a><\/li>\n<li><a href=\"https:\/\/www.fluidcomponents.com\/assets\/media\/Application-Notes\/ANCS002-Wet-Gas-Flow.pdf\" target=\"_blank\" rel=\"noopener\">Wet Gas Flow Measurement in Vertical Pipe<\/a><\/li>\n<li><a href=\"https:\/\/www.fluidcomponents.com\/assets\/media\/Application-Notes\/ANCS004-Natural-Gas-Boiler.pdf\" target=\"_blank\" rel=\"noopener\">Natural Gas Flow Meter for Boiler<\/a><\/li>\n<li><a href=\"https:\/\/www.fluidcomponents.com\/assets\/media\/Application-Notes\/ANCS006-Submetering-Gas-Usage.pdf\" target=\"_blank\" rel=\"noopener\">Sub-Metering of Gas Usage<\/a><\/li>\n<li><a href=\"https:\/\/www.fluidcomponents.com\/assets\/media\/Application-Notes\/ANCS008-Aeration-Air-Flow-Profibus.pdf\" target=\"_blank\" rel=\"noopener\">Aeration Air Flow on PROFIBUS Communications-Based DCS in WWT Plant<\/a><\/li>\n<li><a href=\"https:\/\/www.fluidcomponents.com\/assets\/media\/Application-Notes\/ANCS009-Flue-Gas-Large-Duct.pdf\" target=\"_blank\" rel=\"noopener\">Flue Gas Flow Measurement in Large Duct<\/a><\/li>\n<li><a href=\"https:\/\/www.fluidcomponents.com\/assets\/media\/Application-Notes\/ANCS010-Chlorine-Gas-Flow.pdf\" target=\"_blank\" rel=\"noopener\">Chlorine Gas Flow Meter in Chlorinator System<\/a><\/li>\n<li><a href=\"https:\/\/www.fluidcomponents.com\/assets\/media\/Application-Notes\/ANCS011-Digester-Natural-Gas-Cogen-Power.pdf\" target=\"_blank\" rel=\"noopener\">Digester Gas and Natural Gas Blending for Cogeneration Power Production<\/a><\/li>\n<li><a href=\"https:\/\/www.fluidcomponents.com\/assets\/media\/Application-Notes\/ANCS016-Optimizing-WWT-Aeration.pdf\" target=\"_blank\" rel=\"noopener\">Optimizing Wastewater Treatment Plant Aeration System Air Flow Measurement<\/a><\/li>\n<li><a href=\"https:\/\/www.fluidcomponents.com\/assets\/media\/Application-Notes\/ANCSV001-Sewage-Pump-System.pdf\" target=\"_blank\" rel=\"noopener\">Sewage Lift Station Pumping System<\/a><\/li>\n<\/ul>\n\t\t<\/div>\n\t\t\t\t\t<\/div>\n\n\t\n<\/div>\n<div class=\"row\"  id=\"row-1494614511\">\n\n\t<div id=\"col-1875404334\" class=\"col medium-6 small-12 large-6\"  >\n\t\t\t\t<div class=\"col-inner\"  >\n\t\t\t\n\t\t\t\n<h5><span style=\"color: #ff0000;\"><strong>\u0110o l\u01b0u l\u01b0\u1ee3ng kh\u00ed Biogas<\/strong><\/span><\/h5>\n<p>Model: <strong>ST51\/ ST51A<\/strong> (Origin: FCI &#8211; USA)<\/p>\n<p><a href=\"https:\/\/www.fluidcomponents.com\/assets\/media\/Application-Notes\/AG-WWT-1021.pdf\"><img loading=\"lazy\" decoding=\"async\" class=\"alignnone size-full wp-image-6644\" src=\"https:\/\/vintec.com.vn\/wp-content\/uploads\/2024\/08\/23154804_1842337845793853_7873667849530412420_o.jpg\" alt=\"\" width=\"1800\" height=\"1200\" srcset=\"https:\/\/vintec.com.vn\/wp-content\/uploads\/2024\/08\/23154804_1842337845793853_7873667849530412420_o.jpg 1800w, https:\/\/vintec.com.vn\/wp-content\/uploads\/2024\/08\/23154804_1842337845793853_7873667849530412420_o-768x512.jpg 768w, https:\/\/vintec.com.vn\/wp-content\/uploads\/2024\/08\/23154804_1842337845793853_7873667849530412420_o-1536x1024.jpg 1536w, https:\/\/vintec.com.vn\/wp-content\/uploads\/2024\/08\/23154804_1842337845793853_7873667849530412420_o-18x12.jpg 18w\" sizes=\"auto, (max-width: 1800px) 100vw, 1800px\" \/><\/a><\/p>\n<p>\u1ee8ng d\u1ee5ng: <strong>Kh\u00ed Biomass, syngas, kh\u00ed t\u1ef1 nhi\u00ean, qu\u1ea1t th\u1ed5i kh\u00ed v\u00e0 kh\u00ed n\u00e9n<\/strong><br \/>\u2022  Thi\u1ebft k\u1ebf c\u00f4ng nghi\u1ec7p, k\u00edch th\u01b0\u1edbc nh\u1ecf g\u1ecdn, b\u1ec1n ch\u1eafn<br \/>\u2022 Gi\u1ea3i ph\u00e1p chi ph\u00ed th\u1ea5p<br \/>\u2022 \u0110\u1ea7u ra (2) 4-20 mA, xung, HART (t\u00f9y ch\u1ecdn)<br \/>\u2022 K\u1ebft n\u1ed1i ren \u0111\u01a1n gi\u1ea3n, t\u00edch h\u1ee3p ren c\u00f4n \u0111i\u1ec1u ch\u1ec9nh th\u00e2n c\u1eafm<br \/>\u2022 T\u00f9y ch\u1ecdn hi\u1ec3n th\u1ecb LCD t\u1ea1i ch\u1ed7 ho\u1eb7c t\u1eeb xa<br \/>\u2022 Truy\u1ec1n th\u00f4ng: HART v\u00e0 Modbus (T\u00f9y ch\u1ecdn)<\/p>\n\t\t<\/div>\n\t\t\t\t\t<\/div>\n\n\t\n\n\t<div id=\"col-617647862\" class=\"col medium-6 small-12 large-6\"  >\n\t\t\t\t<div class=\"col-inner\"  >\n\t\t\t\n\t\t\t\n<h5><span style=\"color: #ff0000;\"><strong>\u0110o l\u01b0u l\u01b0\u1ee3ng kh\u00ed \u1ea9m, l\u1eabn h\u01a1i n\u01b0\u1edbc<\/strong><\/span><\/h5>\n<p>Model: <strong>ST100A<\/strong> (Origin: FCI &#8211; USA)<\/p>\n<p><a href=\"https:\/\/www.fluidcomponents.com\/assets\/media\/Application-Notes\/AG-WWT-1021.pdf\"><img loading=\"lazy\" decoding=\"async\" class=\"alignnone size-full wp-image-6646\" src=\"https:\/\/vintec.com.vn\/wp-content\/uploads\/2024\/08\/ST100A-Bigas.jpg\" alt=\"\" width=\"636\" height=\"422\" srcset=\"https:\/\/vintec.com.vn\/wp-content\/uploads\/2024\/08\/ST100A-Bigas.jpg 636w, https:\/\/vintec.com.vn\/wp-content\/uploads\/2024\/08\/ST100A-Bigas-18x12.jpg 18w\" sizes=\"auto, (max-width: 636px) 100vw, 636px\" \/><\/a><\/p>\n<p>\u1ee8ng d\u1ee5ng: <strong>M\u00e1y th\u1ed5i kh\u00ed v\u00e0 m\u00e1y n\u00e9n kh\u00ed, kh\u00ed t\u1ef1 nhi\u00ean, \u00f4z\u00f4n, t\u1ea5t c\u1ea3 c\u00e1c lo\u1ea1i kh\u00ed<\/strong><br \/>\u2022 M\u00e0n h\u00ecnh \u0111a ch\u1ee9c n\u0103ng: l\u01b0u l\u01b0\u1ee3ng t\u1ee9c th\u1eddi, t\u00edch l\u0169y, v\u00e0 nhi\u1ec7t \u0111\u1ed9 kh\u00ed<br \/>\u2022  T\u00edn hi\u1ec7u ra: (3) 4-20 mA, xung, HART v\u00e0 Modbus<br \/>\u2022 \u0110\u1ed9 ch\u00ednh x\u00e1c cao 0.75%<br \/>\u2022 T\u00edch h\u1ee3p t\u00ednh n\u0103ng t\u1ef1 ki\u1ec3m tra v\u00e0 ch\u1ea9n \u0111o\u00e1n n\u00e2ng cao<br \/>\u2022  Truy\u1ec1n th\u00f4ng:  PROFIBUS (t\u00f9y ch\u1ecdn)<br \/>\u2022 C\u1ea3m bi\u1ebfn chuy\u00ean d\u1ee5ng cho \"kh\u00ed \u1ea9m\"<\/p>\n\t\t<\/div>\n\t\t\t\t\t<\/div>\n\n\t\n<\/div>\n<div class=\"row\"  id=\"row-1464805743\">\n\n\t<div id=\"col-1792772846\" class=\"col medium-6 small-12 large-6\"  >\n\t\t\t\t<div class=\"col-inner\"  >\n\t\t\t\n\t\t\t\n<h5><span style=\"color: #ff0000;\"><strong>\u0110\u1ed3ng h\u1ed3 \u0111o luu l\u01b0\u1ee3ng kh\u00ed, kh\u00ed n\u00e9n, kh\u00ed t\u1ef1 nhi\u00ean ST80<\/strong><\/span><\/h5>\n<p>Model: <strong>ST80<\/strong> (Origin: FCI &#8211; USA)<\/p>\n<p><a href=\"https:\/\/www.fluidcomponents.com\/assets\/media\/Application-Notes\/AG-WWT-1021.pdf\"><img loading=\"lazy\" decoding=\"async\" class=\"size-full wp-image-6547 aligncenter\" src=\"https:\/\/vintec.com.vn\/wp-content\/uploads\/2024\/08\/FCI-ST80-Methane.jpg\" alt=\"\" width=\"911\" height=\"608\" srcset=\"https:\/\/vintec.com.vn\/wp-content\/uploads\/2024\/08\/FCI-ST80-Methane.jpg 911w, https:\/\/vintec.com.vn\/wp-content\/uploads\/2024\/08\/FCI-ST80-Methane-768x513.jpg 768w, https:\/\/vintec.com.vn\/wp-content\/uploads\/2024\/08\/FCI-ST80-Methane-18x12.jpg 18w\" sizes=\"auto, (max-width: 911px) 100vw, 911px\" \/><\/a><\/p>\n<p>\u1ee8ng d\u1ee5ng: <strong>M\u00e1y th\u1ed5i kh\u00ed v\u00e0 m\u00e1y n\u00e9n kh\u00ed, kh\u00ed t\u1ef1 nhi\u00ean, \u00f4z\u00f4n, t\u1ea5t c\u1ea3 c\u00e1c lo\u1ea1i kh\u00ed<\/strong><br \/>\u2022  T\u00edn hi\u1ec7u ra: 4-20 mA, HART v\u00e0 Modbus<br \/>\u2022 Tu\u1ed5i b\u1ec1n cao, k\u1ebft c\u1ea5u ch\u1eafc ch\u1eafn<br \/>\u2022 \u0110\u1ed9 ch\u00ednh x\u00e1c cao 1%<br \/>\u2022 M\u00e0n h\u00ecnh c\u1ea3m bi\u1ebfn quang hi\u1ec3n th\u1ecb k\u1ef9 thu\u1eadt s\u1ed1\/\u0111\u1ed3 h\u1ecda cao c\u1ea5p<br \/>\u2022  Truy\u1ec1n th\u00f4ng:  PROFIBUS (t\u00f9y ch\u1ecdn)<br \/>\u2022 C\u1ea3m bi\u1ebfn chuy\u00ean d\u1ee5ng cho \"kh\u00ed \u1ea9m\"<br \/>\u2022 T\u00edch h\u1ee3p t\u00ednh n\u0103ng t\u1ef1 ki\u1ec3m tra v\u00e0 ch\u1ea9n \u0111o\u00e1n n\u00e2ng cao<\/p>\n\t\t<\/div>\n\t\t\t\t\t<\/div>\n\n\t\n\n\t<div id=\"col-1650913132\" class=\"col medium-6 small-12 large-6\"  >\n\t\t\t\t<div class=\"col-inner\"  >\n\t\t\t\n\t\t\t\n<h5><span style=\"color: #ff0000;\"><strong>C\u00f4ng t\u1eafc l\u01b0u l\u01b0\u1ee3ng n\u01b0\u1edbc, kh\u00ed FLT93 Series<\/strong><\/span><\/h5>\n<p>Model: <strong>FLT93<\/strong> (Origin: FCI &#8211; USA)<\/p>\n<p><img loading=\"lazy\" decoding=\"async\" class=\"alignnone\u00a0 wp-image-6647\" src=\"https:\/\/vintec.com.vn\/wp-content\/uploads\/2024\/08\/FLT93-Protect-pump-1.jpg\" alt=\"\" width=\"648\" height=\"432\" srcset=\"https:\/\/vintec.com.vn\/wp-content\/uploads\/2024\/08\/FLT93-Protect-pump-1.jpg 1800w, https:\/\/vintec.com.vn\/wp-content\/uploads\/2024\/08\/FLT93-Protect-pump-1-768x512.jpg 768w, https:\/\/vintec.com.vn\/wp-content\/uploads\/2024\/08\/FLT93-Protect-pump-1-1536x1024.jpg 1536w, https:\/\/vintec.com.vn\/wp-content\/uploads\/2024\/08\/FLT93-Protect-pump-1-18x12.jpg 18w\" sizes=\"auto, (max-width: 648px) 100vw, 648px\" \/><br \/>\u1ee8ng d\u1ee5ng:<strong> B\u1ea3o v\u1ec7 b\u01a1m, ph\u00e1t hi\u1ec7n m\u1ee9c b\u1ed3n b\u1ec3<\/strong><br \/>\u2022 Du Add Media al relay outputs<br \/>\u2022 \u0110\u1ed9 ch\u00ednh x\u00e1c v\u00e0 kh\u1ea3 n\u0103ng l\u1eb7p l\u1ea1i t\u1ed1t nh\u1ea5t trong ph\u00e2n kh\u00fac<br \/>\u2022 D\u1ea3i s\u1ea3n ph\u1ea9m r\u1ed9ng cho nhi\u1ec1u \u1ee9ng d\u1ee5ng<br \/>\u2022 T\u00edch h\u1ee3p t\u00ednh n\u0103ng b\u00f9 nhi\u1ec7t<br \/>\u2022 Tu\u1ed5i b\u1ec1n cao, k\u1ebft c\u1ea5u ch\u1eafc ch\u1eafn<\/p>\n\t\t<\/div>\n\t\t\t\t\t<\/div>\n\n\t\n<\/div>\n<div class=\"row\"  id=\"row-1284081774\">\n\n\t<div id=\"col-1577301744\" class=\"col medium-6 small-12 large-6\"  >\n\t\t\t\t<div class=\"col-inner\"  >\n\t\t\t\n\t\t\t\n<h5 class=\"bdr-deco\"><strong><a href=\"https:\/\/smartmeasurement.com\/ultrasonic-flow-meters\/\"><span style=\"color: #ff0000;\">\u0110\u1ed3ng h\u1ed3 \u0111o l\u01b0u l\u01b0\u1ee3ng n\u01b0\u1edbc ki\u1ec3u si\u00eau \u00e2m<\/span><\/a><\/strong><\/h5>\n<p>ALSONIC Series (Smartmeasurement &#8211; USA)<\/p>\n<p><a href=\"https:\/\/smartmeasurement.com\/ultrasonic-flow-meters\/\"><img loading=\"lazy\" decoding=\"async\" class=\"alignnone wp-image-6695\" src=\"https:\/\/vintec.com.vn\/wp-content\/uploads\/2024\/10\/ultrasonic-flowmeters-1.jpg\" alt=\"\" width=\"490\" height=\"273\" srcset=\"https:\/\/vintec.com.vn\/wp-content\/uploads\/2024\/10\/ultrasonic-flowmeters-1.jpg 406w, https:\/\/vintec.com.vn\/wp-content\/uploads\/2024\/10\/ultrasonic-flowmeters-1-18x10.jpg 18w\" sizes=\"auto, (max-width: 490px) 100vw, 490px\" \/><\/a><\/p>\n<ul>\n<li>D\u1ea3i s\u1ea3n ph\u1ea9m ALSONIC s\u1eed d\u1ee5ng nguy\u00ean l\u00fd \u0111o l\u01b0u l\u01b0\u1ee3ng si\u00eau \u00e2m Doppler v\u00e0  transit-time cho ph\u00e9p l\u1eafp \u0111\u1eb7t k\u1eb9p ngo\u00e0i kh\u00f4ng ti\u1ebfp x\u00fac (clamp-on) v\u00e0 l\u1eafp \u0111\u1eb7t tr\u1ef1c ti\u1ebfp trong c\u00e1c \u1ee9ng d\u1ee5ng \u0111o l\u01b0u l\u01b0\u1ee3ng ch\u1ea5t l\u1ecfng. Gi\u00fap t\u1ed1i \u01b0u chi ph\u00ed l\u1eafp \u0111\u1eb7t v\u00e0 n\u00e2ng cao \u0111\u1ed9 tin c\u1eady trong v\u1eadn h\u00e0nh.<\/li>\n<\/ul>\n\t\t<\/div>\n\t\t\t\t\t<\/div>\n\n\t\n\n\t<div id=\"col-1463079433\" class=\"col medium-6 small-12 large-6\"  >\n\t\t\t\t<div class=\"col-inner\"  >\n\t\t\t\n\t\t\t\n<h5 class=\"bdr-deco\"><strong><a href=\"https:\/\/smartmeasurement.com\/open-channel-flow-meters\/\"><span style=\"color: #ff0000;\">\u0110\u1ed3ng h\u1ed3 \u0111o l\u01b0u l\u01b0\u1ee3ng k\u00eanh h\u1edf<\/span><\/a><\/strong><\/h5>\n<p>ALSONIC Series (Smartmeasurement &#8211; USA)<\/p>\n<p><a href=\"https:\/\/smartmeasurement.com\/open-channel-flow-meters\/\"><img loading=\"lazy\" decoding=\"async\" class=\"alignnone size-full wp-image-6692\" src=\"https:\/\/vintec.com.vn\/wp-content\/uploads\/2024\/10\/open-channel.jpg\" alt=\"\" width=\"659\" height=\"361\" srcset=\"https:\/\/vintec.com.vn\/wp-content\/uploads\/2024\/10\/open-channel.jpg 659w, https:\/\/vintec.com.vn\/wp-content\/uploads\/2024\/10\/open-channel-18x10.jpg 18w\" sizes=\"auto, (max-width: 659px) 100vw, 659px\" \/><\/a><\/p>\n<ul>\n<li>\u0110o l\u01b0u l\u01b0\u1ee3ng ch\u00ednh x\u00e1c trong c\u00e1c k\u00eanh h\u1edf, \u0111\u00f3ng vai tr\u00f2 quan tr\u1ecdng \u0111\u1ed1i v\u1edbi vi\u1ec7c qu\u1ea3n l\u00fd gi\u00e1m s\u00e1t trong h\u1ec7 th\u1ed1ng x\u1eed l\u00fd n\u01b0\u1edbc th\u1ea3i (k\u00eanh, \u1ed1ng d\u1eabn,...), gi\u00e1m s\u00e1t n\u01b0\u1edbc m\u01b0a v\u00e0 h\u1ec7 th\u1ed1ng k\u00eanh m\u01b0\u01a1ng t\u01b0\u1edbi ti\u00eau.<\/li>\n<\/ul>\n\t\t<\/div>\n\t\t\t\t\t<\/div>\n\n\t\n<\/div>\n<div class=\"row\"  id=\"row-1151412896\">\n\n\t<div id=\"col-252549634\" class=\"col medium-6 small-12 large-6\"  >\n\t\t\t\t<div class=\"col-inner\"  >\n\t\t\t\n\t\t\t\n<h5 class=\"bdr-deco\"><strong><a href=\"https:\/\/smartmeasurement.com\/ultrasonic-flow-meters\/portable-clamp-on\/\"><span style=\"color: #ff0000;\">\u0110\u1ed3ng h\u1ed3 \u0111o l\u01b0u l\u01b0\u1ee3ng si\u00eau \u00e2m c\u1ea7m tay<\/span><\/a><\/strong><\/h5>\n<p>ALSONIC Series (Smartmeasurement &#8211; USA)<\/p>\n<p><a href=\"https:\/\/smartmeasurement.com\/ultrasonic-flow-meters\/portable-clamp-on\/\"><img loading=\"lazy\" decoding=\"async\" class=\"alignnone wp-image-6702\" src=\"https:\/\/vintec.com.vn\/wp-content\/uploads\/2024\/10\/portable-clamp-on-ultrasonic-transit-time-flowmeters.jpg\" alt=\"\" width=\"392\" height=\"245\" srcset=\"https:\/\/vintec.com.vn\/wp-content\/uploads\/2024\/10\/portable-clamp-on-ultrasonic-transit-time-flowmeters.jpg 352w, https:\/\/vintec.com.vn\/wp-content\/uploads\/2024\/10\/portable-clamp-on-ultrasonic-transit-time-flowmeters-18x12.jpg 18w\" sizes=\"auto, (max-width: 392px) 100vw, 392px\" \/><\/a><\/p>\n<ul>\n<li>\u0110\u1ed3ng h\u1ed3 \u0111o l\u01b0u l\u01b0\u1ee3ng si\u00eau \u00e2m c\u1ea7m tay (Portable) d\u01b0\u1ee3c s\u1eed d\u1ee5ng r\u1ed9ng r\u00e3i cho c\u00e1c \u1ee9ng d\u1ee5ng c\u1ea7n ch\u1ea9n \u0111o\u00e1n, \u0111o l\u01b0u l\u01b0\u1ee3ng nhanh t\u1ea1i hi\u1ec7n tr\u01b0\u1eddng. T\u00ednh di \u0111\u1ed9ng k\u1ebft h\u1ee3p v\u1edbi kh\u1ea3 n\u0103ng \u0111o v\u00e0 l\u01b0u tr\u1eef d\u1eef li\u1ec7u l\u01b0u l\u01b0\u1ee3ng th\u00f4ng minh, cho ph\u00e9p \u0111\u00e1nh gi\u00e1 to\u00e0n di\u1ec7n v\u00e0 kh\u1eafc ph\u1ee5c s\u1ef1 c\u1ed1 trong c\u00e1c t\u00ecnh hu\u1ed1ng li\u00ean quan \u0111\u1ebfn c\u00e1c \u1ee9ng d\u1ee5ng m\u00f4i ch\u1ea5t ch\u1ea5t l\u1ecfng \u0111\u1ea7y th\u00e1ch th\u1ee9c.<\/li>\n<\/ul>\n\t\t<\/div>\n\t\t\t\t\t<\/div>\n\n\t\n\n\t<div id=\"col-2096700729\" class=\"col medium-6 small-12 large-6\"  >\n\t\t\t\t<div class=\"col-inner\"  >\n\t\t\t\n\t\t\t\n<h5 class=\"bdr-deco\"><strong><a href=\"https:\/\/smartmeasurement.com\/energy-flow-meters\/\"><span style=\"color: #ff0000;\">\u0110\u1ed3ng h\u1ed3 \u0111o n\u0103ng l\u01b0\u1ee3ng nhi\u1ec7t (BTU)<\/span><\/a><\/strong><\/h5>\n<p>ALSONIC Series (Smartmeasurement &#8211; USA)<\/p>\n<p><a href=\"https:\/\/smartmeasurement.com\/energy-flow-meters\/\"><img loading=\"lazy\" decoding=\"async\" class=\"alignnone wp-image-6705\" src=\"https:\/\/vintec.com.vn\/wp-content\/uploads\/2024\/10\/water_and_energy_ultrasonic_flow_meters.jpg\" alt=\"\" width=\"459\" height=\"258\" srcset=\"https:\/\/vintec.com.vn\/wp-content\/uploads\/2024\/10\/water_and_energy_ultrasonic_flow_meters.jpg 391w, https:\/\/vintec.com.vn\/wp-content\/uploads\/2024\/10\/water_and_energy_ultrasonic_flow_meters-18x10.jpg 18w\" sizes=\"auto, (max-width: 459px) 100vw, 459px\" \/><\/a><\/p>\n<ul>\n<li>Khi c\u00e1c gi\u1ea3i ph\u00e1p \u0111o l\u01b0u l\u01b0\u1ee3ng si\u00eau \u00e2m tr\u1edf n\u00ean ph\u1ed5 bi\u1ebfn, ti\u1ebft ki\u1ec7m chi ph\u00ed h\u01a1n, thay th\u1ebf cho c\u00e1c \u0111\u1ed3ng h\u1ed3 n\u01b0\u1edbc c\u01a1 truy\u1ec1n th\u1ed1ng, mang l\u1ea1i hi\u1ec7u qu\u1ea3 v\u01b0\u1ee3t tr\u1ed9i v\u00e0 kh\u00f4ng y\u00eau c\u1ea7u b\u1ea3o tr\u00ec. D\u1ea3i s\u1ea3n ph\u1ea9m \u0111\u1ed3ng h\u1ed3 \u0111o n\u0103ng l\u01b0\u1ee3ng nhi\u1ec7t BTU chuy\u00ean d\u00f9ng cho ki\u1ec3m so\u00e1t l\u01b0u l\u01b0\u1ee3ng n\u01b0\u1edbc c\u1ea5p \u0111\u1ebfn c\u00e1c khu \u0111\u00f4 th\u1ecb\/ d\u00e2n d\u1ee5ng c\u0169ng nh\u01b0 \u1ee9ng d\u1ee5ng ki\u1ec3m so\u00e1t nhi\u1ec7t l\u01b0\u1ee3ng s\u1eed d\u1ee5ng trong \u1ee9ng d\u1ee5ng t\u1ef1 \u0111\u1ed9ng h\u00f3a t\u00f2a nh\u00e0 BMS. <\/li>\n<\/ul>\n\t\t<\/div>\n\t\t\t\t\t<\/div>\n\n\t\n<\/div>","protected":false},"excerpt":{"rendered":"","protected":false},"author":1,"featured_media":0,"parent":0,"menu_order":0,"comment_status":"closed","ping_status":"closed","template":"","meta":{"_monsterinsights_skip_tracking":false,"_monsterinsights_sitenote_active":false,"_monsterinsights_sitenote_note":"","_monsterinsights_sitenote_category":0,"footnotes":""},"class_list":["post-72","page","type-page","status-publish","hentry"],"aioseo_notices":[],"_links":{"self":[{"href":"https:\/\/vintec.com.vn\/vi\/wp-json\/wp\/v2\/pages\/72","targetHints":{"allow":["GET"]}}],"collection":[{"href":"https:\/\/vintec.com.vn\/vi\/wp-json\/wp\/v2\/pages"}],"about":[{"href":"https:\/\/vintec.com.vn\/vi\/wp-json\/wp\/v2\/types\/page"}],"author":[{"embeddable":true,"href":"https:\/\/vintec.com.vn\/vi\/wp-json\/wp\/v2\/users\/1"}],"replies":[{"embeddable":true,"href":"https:\/\/vintec.com.vn\/vi\/wp-json\/wp\/v2\/comments?post=72"}],"version-history":[{"count":2,"href":"https:\/\/vintec.com.vn\/vi\/wp-json\/wp\/v2\/pages\/72\/revisions"}],"predecessor-version":[{"id":7036,"href":"https:\/\/vintec.com.vn\/vi\/wp-json\/wp\/v2\/pages\/72\/revisions\/7036"}],"wp:attachment":[{"href":"https:\/\/vintec.com.vn\/vi\/wp-json\/wp\/v2\/media?parent=72"}],"curies":[{"name":"wp","href":"https:\/\/api.w.org\/{rel}","templated":true}]}}