{"id":73,"date":"2022-08-23T14:37:13","date_gmt":"2022-08-23T14:37:13","guid":{"rendered":"http:\/\/202.182.115.122:8999\/?page_id=73"},"modified":"2025-07-31T16:02:25","modified_gmt":"2025-07-31T16:02:25","slug":"waste-to-energy-wte","status":"publish","type":"page","link":"https:\/\/vintec.com.vn\/vi\/waste-to-energy-wte\/","title":{"rendered":"Nh\u00e0 m\u00e1y \u0111i\u1ec7n r\u00e1c (WTE)"},"content":{"rendered":"<div class=\"row\"  id=\"row-1641790475\">\n\n\t<div id=\"col-1751071486\" class=\"col small-12 large-12\"  >\n\t\t\t\t<div class=\"col-inner\"  >\n\t\t\t\n\t\t\t\n<p><img loading=\"lazy\" decoding=\"async\" class=\"alignnone wp-image-4050 size-full\" src=\"https:\/\/vintec.com.vn\/wp-content\/uploads\/2022\/08\/2.png\" alt=\"\u0111o l\u01b0u l\u01b0\u1ee3ng, gas flowmeter, l\u01b0u l\u01b0\u1ee3ng k\u1ebf, \u0111o l\u01b0u l\u01b0\u1ee3ng ch\u1ea5t l\u1ecfng, \u0111o l\u01b0u l\u01b0\u1ee3ng kh\u00ed, kh\u00ed n\u00e9n, kh\u00ed gas, \u0111o l\u01b0u l\u01b0\u1ee3ng LPG, \u0111\u1ed3ng h\u1ed3 \u0111o n\u01b0\u1edbc th\u1ea3i\" width=\"675\" height=\"665\" srcset=\"https:\/\/vintec.com.vn\/wp-content\/uploads\/2022\/08\/2.png 675w, https:\/\/vintec.com.vn\/wp-content\/uploads\/2022\/08\/2-300x296.png 300w, https:\/\/vintec.com.vn\/wp-content\/uploads\/2022\/08\/2-24x24.png 24w, https:\/\/vintec.com.vn\/wp-content\/uploads\/2022\/08\/2-36x36.png 36w, https:\/\/vintec.com.vn\/wp-content\/uploads\/2022\/08\/2-48x48.png 48w\" sizes=\"auto, (max-width: 675px) 100vw, 675px\" \/><\/p>\n<p>Nh\u00e0 m\u00e1y \u0111i\u1ec7n r\u00e1c (WTE) cung c\u1ea5p m\u1ed9t gi\u1ea3i ph\u00e1p h\u1ee3p l\u00fd v\u1ec1 m\u00f4i tr\u01b0\u1eddng cho th\u00e1ch th\u1ee9c ng\u00e0y c\u00e0ng gia t\u0103ng v\u1ec1 x\u1eed l\u00fd ch\u1ea5t th\u1ea3i \u1edf c\u00e1c khu v\u1ef1c \u0111\u00f4 th\u1ecb. N\u00f3 c\u0169ng gi\u1ea3i quy\u1ebft nhu c\u1ea7u ng\u00e0y c\u00e0ng t\u0103ng v\u1ec1 c\u00e1c ngu\u1ed3n n\u0103ng l\u01b0\u1ee3ng thay th\u1ebf. Vintec \u0111\u00e3 v\u00e0 \u0111ang cung c\u1ea5p c\u00e1c thi\u1ebft b\u1ecb \u0111o l\u01b0\u1eddng qu\u00e1 tr\u00ecnh v\u00e0 thi\u1ebft b\u1ecb c\u01a1 kh\u00ed hi\u1ec7n \u0111\u1ea1i c\u00f3 c\u00f4ng ngh\u1ec7 cao nh\u1eb1m gi\u00fap nh\u00e0 m\u00e1y ho\u1ea1t \u0111\u1ed9ng hi\u1ec7u qu\u1ea3 v\u00e0 tin c\u1eady.<\/p>\n\t\t<\/div>\n\t\t\t\t\t<\/div>\n\n\t\n<\/div>","protected":false},"excerpt":{"rendered":"","protected":false},"author":1,"featured_media":0,"parent":0,"menu_order":0,"comment_status":"closed","ping_status":"closed","template":"","meta":{"_monsterinsights_skip_tracking":false,"_monsterinsights_sitenote_active":false,"_monsterinsights_sitenote_note":"","_monsterinsights_sitenote_category":0,"footnotes":""},"class_list":["post-73","page","type-page","status-publish","hentry"],"aioseo_notices":[],"_links":{"self":[{"href":"https:\/\/vintec.com.vn\/vi\/wp-json\/wp\/v2\/pages\/73","targetHints":{"allow":["GET"]}}],"collection":[{"href":"https:\/\/vintec.com.vn\/vi\/wp-json\/wp\/v2\/pages"}],"about":[{"href":"https:\/\/vintec.com.vn\/vi\/wp-json\/wp\/v2\/types\/page"}],"author":[{"embeddable":true,"href":"https:\/\/vintec.com.vn\/vi\/wp-json\/wp\/v2\/users\/1"}],"replies":[{"embeddable":true,"href":"https:\/\/vintec.com.vn\/vi\/wp-json\/wp\/v2\/comments?post=73"}],"version-history":[{"count":1,"href":"https:\/\/vintec.com.vn\/vi\/wp-json\/wp\/v2\/pages\/73\/revisions"}],"predecessor-version":[{"id":6921,"href":"https:\/\/vintec.com.vn\/vi\/wp-json\/wp\/v2\/pages\/73\/revisions\/6921"}],"wp:attachment":[{"href":"https:\/\/vintec.com.vn\/vi\/wp-json\/wp\/v2\/media?parent=73"}],"curies":[{"name":"wp","href":"https:\/\/api.w.org\/{rel}","templated":true}]}}