{"id":74,"date":"2022-08-23T14:37:13","date_gmt":"2022-08-23T14:37:13","guid":{"rendered":"http:\/\/202.182.115.122:8999\/?page_id=74"},"modified":"2025-08-05T13:49:06","modified_gmt":"2025-08-05T13:49:06","slug":"semiconductors-utilities","status":"publish","type":"page","link":"https:\/\/vintec.com.vn\/vi\/semiconductors-utilities\/","title":{"rendered":"C\u00f4ng nghi\u1ec7p b\u00e1n d\u1eabn v\u00e0 ch\u1ebf t\u1ea1o"},"content":{"rendered":"<div class=\"row\"  id=\"row-376351490\">\n\n\t<div id=\"col-1123756443\" class=\"col small-12 large-12\"  >\n\t\t\t\t<div class=\"col-inner\"  >\n\t\t\t\n\t\t\t\n<p><img loading=\"lazy\" decoding=\"async\" class=\"alignnone wp-image-4052 size-full\" src=\"https:\/\/vintec.com.vn\/wp-content\/uploads\/2022\/08\/4-1.png\" alt=\"\u0111o l\u01b0u l\u01b0\u1ee3ng, gas flowmeter, l\u01b0u l\u01b0\u1ee3ng k\u1ebf, \u0111o l\u01b0u l\u01b0\u1ee3ng ch\u1ea5t l\u1ecfng, \u0111o l\u01b0u l\u01b0\u1ee3ng kh\u00ed, kh\u00ed n\u00e9n, kh\u00ed gas, \u0111o l\u01b0u l\u01b0\u1ee3ng LPG, \u0111\u1ed3ng h\u1ed3 \u0111o n\u01b0\u1edbc th\u1ea3i\" width=\"1064\" height=\"595\" srcset=\"https:\/\/vintec.com.vn\/wp-content\/uploads\/2022\/08\/4-1.png 1064w, https:\/\/vintec.com.vn\/wp-content\/uploads\/2022\/08\/4-1-300x168.png 300w, https:\/\/vintec.com.vn\/wp-content\/uploads\/2022\/08\/4-1-1024x573.png 1024w, https:\/\/vintec.com.vn\/wp-content\/uploads\/2022\/08\/4-1-768x429.png 768w, https:\/\/vintec.com.vn\/wp-content\/uploads\/2022\/08\/4-1-24x13.png 24w, https:\/\/vintec.com.vn\/wp-content\/uploads\/2022\/08\/4-1-36x20.png 36w, https:\/\/vintec.com.vn\/wp-content\/uploads\/2022\/08\/4-1-48x27.png 48w\" sizes=\"auto, (max-width: 1064px) 100vw, 1064px\" \/><\/p>\n<p>Vintec \u0111\u00e3 v\u00e0 \u0111ang cung c\u1ea5p \u0111a d\u1ea1ng c\u00e1c thi\u1ebft b\u1ecb \u0111o l\u01b0\u1eddng, c\u1ea3m bi\u1ebfn cho kh\u00ed, gas, ch\u1ea5t l\u1ecfng v\u00e0 nhi\u00ean li\u1ec7u cho ng\u00e0nh c\u00f4ng nghi\u1ec7p ch\u1ebf t\u1ea1o v\u00e0 s\u1ea3n xu\u1ea5t b\u00e1n d\u1eabn t\u1ea1i Vi\u1ec7t Nam.<\/p>\n<p>FCI\u2019s OEM custom sensors measure air, gas and liquids in a wide variety of industrial machinery and equipment. For demanding industrial environments, they feature a rugged no-moving parts thermal dispersion sensor for direct mass flow measurement with built-in temperature compensation to provide high accuracy. They are easy to install, need virtually no maintenance over long life and offer low total lifecycle costs. <\/p>\n\t\t<\/div>\n\t\t\t\t\t<\/div>\n\n\t\n<\/div>\n<div class=\"row\"  id=\"row-157789174\">\n\n\t<div id=\"col-831770617\" class=\"col small-12 large-12\"  >\n\t\t\t\t<div class=\"col-inner\"  >\n\t\t\t\n\t\t\t\n<ul class=\"sq1\">\n<li>Boiler natural gas controls<\/li>\n<li>Air-to-fuel mixture controls<\/li>\n<li>Lube oil monitoring<\/li>\n<li>Seal leak detection<\/li>\n<li>Analyzer flow verification<\/li>\n<li>Cooling water monitoring<\/li>\n<\/ul>\n\t\t<\/div>\n\t\t\t\t\t<\/div>\n\n\t\n\n\t<div id=\"col-1962344373\" class=\"col small-12 large-12\"  >\n\t\t\t\t<div class=\"col-inner\"  >\n\t\t\t\n\t\t\t\n<p><img loading=\"lazy\" decoding=\"async\" class=\"size-full wp-image-6568 aligncenter\" src=\"https:\/\/vintec.com.vn\/wp-content\/uploads\/2024\/08\/FCI-Natural-gas.jpg\" alt=\"\" width=\"1843\" height=\"1031\" srcset=\"https:\/\/vintec.com.vn\/wp-content\/uploads\/2024\/08\/FCI-Natural-gas.jpg 1843w, https:\/\/vintec.com.vn\/wp-content\/uploads\/2024\/08\/FCI-Natural-gas-768x430.jpg 768w, https:\/\/vintec.com.vn\/wp-content\/uploads\/2024\/08\/FCI-Natural-gas-1536x859.jpg 1536w, https:\/\/vintec.com.vn\/wp-content\/uploads\/2024\/08\/FCI-Natural-gas-18x10.jpg 18w\" sizes=\"auto, (max-width: 1843px) 100vw, 1843px\" \/><\/p>\n\t\t<\/div>\n\t\t\t\t\t<\/div>\n\n\t\n<\/div>\n<div class=\"row\"  id=\"row-1958465431\">\n\n\t<div id=\"col-1885251151\" class=\"col small-12 large-12\"  >\n\t\t\t\t<div class=\"col-inner\"  >\n\t\t\t\n\t\t\t\n<h6><span style=\"color: #ff0000;\">C\u00e1c \u1ee9ng d\u1ee5ng tham kh\u1ea3o<\/span><\/h6>\n<p>Vui l\u00f2ng clink v\u00e0o c\u00e1c \u0111\u01b0\u1eddng link d\u01b0\u1edbi \u0111\u00e2y \u0111\u1ec3 tham kh\u1ea3o chi ti\u1ebft <strong>Machinery and Equipment<\/strong> .. <\/p>\n<ul class=\"sq1\">\n<li><a href=\"https:\/\/www.fluidcomponents.com\/assets\/media\/Application-Notes\/ANCS022-Packaging-Machinery.pdf\">Monitoring Compressed Air in Packaging Machinery Lowers Operating Costs, Improves Performance<\/a><\/li>\n<li><a href=\"https:\/\/www.fluidcomponents.com\/assets\/media\/Application-Notes\/ANCS006-Submetering-Gas-Usage.pdf\" target=\"_blank\" rel=\"noopener\">Sub-Metering of Gas Usage<\/a><\/li>\n<li><a href=\"https:\/\/www.fluidcomponents.com\/assets\/media\/Application-Notes\/ANCS009-Flue-Gas-Large-Duct.pdf\" target=\"_blank\" rel=\"noopener\">Flue Gas Flow Measurement in Large Duct<\/a><\/li>\n<li><a href=\"https:\/\/www.fluidcomponents.com\/assets\/media\/Application-Notes\/ANCS013-Flow-Assurance-Gas.pdf\" target=\"_blank\" rel=\"noopener\">Flow Assurance in Gas Detection Systems<\/a><\/li>\n<li><a href=\"https:\/\/www.fluidcomponents.com\/assets\/media\/Application-Notes\/ANCS014-Flow-Test-Bench.pdf\" target=\"_blank\" rel=\"noopener\">Multi-Parameter Bench Standard for Manufacturers&#8217; Flow Test Bench<\/a><\/li>\n<\/ul>\n\t\t<\/div>\n\t\t\t\t\t<\/div>\n\n\t\n<\/div>\n<div class=\"row\"  id=\"row-1629284826\">\n\n\t<div id=\"col-970958580\" class=\"col medium-6 small-12 large-6\"  >\n\t\t\t\t<div class=\"col-inner\"  >\n\t\t\t\n\t\t\t\n<p><img loading=\"lazy\" decoding=\"async\" class=\"alignnone wp-image-6564 size-full\" src=\"https:\/\/vintec.com.vn\/wp-content\/uploads\/2024\/08\/238832983_4771908266170115_6542093503727887484_n.jpg\" alt=\"\" width=\"432\" height=\"288\" srcset=\"https:\/\/vintec.com.vn\/wp-content\/uploads\/2024\/08\/238832983_4771908266170115_6542093503727887484_n.jpg 432w, https:\/\/vintec.com.vn\/wp-content\/uploads\/2024\/08\/238832983_4771908266170115_6542093503727887484_n-18x12.jpg 18w\" sizes=\"auto, (max-width: 432px) 100vw, 432px\" \/><\/p>\n\t\t<\/div>\n\t\t\t\t\t<\/div>\n\n\t\n\n\t<div id=\"col-1057234504\" class=\"col medium-6 small-12 large-6\"  >\n\t\t\t\t<div class=\"col-inner\"  >\n\t\t\t\n\t\t\t\n<p><img loading=\"lazy\" decoding=\"async\" class=\"alignnone size-full wp-image-6566\" src=\"https:\/\/vintec.com.vn\/wp-content\/uploads\/2024\/08\/1651186125488.jpg\" alt=\"\" width=\"432\" height=\"288\" srcset=\"https:\/\/vintec.com.vn\/wp-content\/uploads\/2024\/08\/1651186125488.jpg 432w, https:\/\/vintec.com.vn\/wp-content\/uploads\/2024\/08\/1651186125488-18x12.jpg 18w\" sizes=\"auto, (max-width: 432px) 100vw, 432px\" \/><\/p>\n\t\t<\/div>\n\t\t\t\t\t<\/div>\n\n\t\n<\/div>","protected":false},"excerpt":{"rendered":"","protected":false},"author":1,"featured_media":0,"parent":0,"menu_order":0,"comment_status":"closed","ping_status":"closed","template":"","meta":{"_monsterinsights_skip_tracking":false,"_monsterinsights_sitenote_active":false,"_monsterinsights_sitenote_note":"","_monsterinsights_sitenote_category":0,"footnotes":""},"class_list":["post-74","page","type-page","status-publish","hentry"],"aioseo_notices":[],"_links":{"self":[{"href":"https:\/\/vintec.com.vn\/vi\/wp-json\/wp\/v2\/pages\/74","targetHints":{"allow":["GET"]}}],"collection":[{"href":"https:\/\/vintec.com.vn\/vi\/wp-json\/wp\/v2\/pages"}],"about":[{"href":"https:\/\/vintec.com.vn\/vi\/wp-json\/wp\/v2\/types\/page"}],"author":[{"embeddable":true,"href":"https:\/\/vintec.com.vn\/vi\/wp-json\/wp\/v2\/users\/1"}],"replies":[{"embeddable":true,"href":"https:\/\/vintec.com.vn\/vi\/wp-json\/wp\/v2\/comments?post=74"}],"version-history":[{"count":3,"href":"https:\/\/vintec.com.vn\/vi\/wp-json\/wp\/v2\/pages\/74\/revisions"}],"predecessor-version":[{"id":7106,"href":"https:\/\/vintec.com.vn\/vi\/wp-json\/wp\/v2\/pages\/74\/revisions\/7106"}],"wp:attachment":[{"href":"https:\/\/vintec.com.vn\/vi\/wp-json\/wp\/v2\/media?parent=74"}],"curies":[{"name":"wp","href":"https:\/\/api.w.org\/{rel}","templated":true}]}}