{"id":75,"date":"2022-08-23T14:37:13","date_gmt":"2022-08-23T14:37:13","guid":{"rendered":"http:\/\/202.182.115.122:8999\/?page_id=75"},"modified":"2025-08-04T06:42:05","modified_gmt":"2025-08-04T06:42:05","slug":"foods-beverage","status":"publish","type":"page","link":"https:\/\/vintec.com.vn\/vi\/foods-beverage\/","title":{"rendered":"Th\u1ef1c ph\u1ea9m v\u00e0 \u0111\u1ed3 u\u1ed1ng"},"content":{"rendered":"<div class=\"row\"  id=\"row-321557967\">\n\n\t<div id=\"col-1198949896\" class=\"col small-12 large-12\"  >\n\t\t\t\t<div class=\"col-inner\"  >\n\t\t\t\n\t\t\t\n<p><img loading=\"lazy\" decoding=\"async\" class=\"wp-image-4237 size-full aligncenter\" src=\"https:\/\/vintec.com.vn\/wp-content\/uploads\/2022\/09\/6.png\" alt=\"\u0111o l\u01b0u l\u01b0\u1ee3ng, gas flowmeter, l\u01b0u l\u01b0\u1ee3ng k\u1ebf, \u0111o l\u01b0u l\u01b0\u1ee3ng ch\u1ea5t l\u1ecfng, \u0111o l\u01b0u l\u01b0\u1ee3ng kh\u00ed, kh\u00ed n\u00e9n, kh\u00ed gas, \u0111o l\u01b0u l\u01b0\u1ee3ng LPG, \u0111\u1ed3ng h\u1ed3 \u0111o n\u01b0\u1edbc th\u1ea3i\" width=\"698\" height=\"468\" srcset=\"https:\/\/vintec.com.vn\/wp-content\/uploads\/2022\/09\/6.png 698w, https:\/\/vintec.com.vn\/wp-content\/uploads\/2022\/09\/6-300x201.png 300w, https:\/\/vintec.com.vn\/wp-content\/uploads\/2022\/09\/6-24x16.png 24w, https:\/\/vintec.com.vn\/wp-content\/uploads\/2022\/09\/6-36x24.png 36w, https:\/\/vintec.com.vn\/wp-content\/uploads\/2022\/09\/6-48x32.png 48w\" sizes=\"auto, (max-width: 698px) 100vw, 698px\" \/><\/p>\n<p>In the food manufacturing industry, in addition to the conventional challenges of achieving both \u201censuring food security and safety\u201d and \u201ccost reduction,\u201d manufacturers are also working to cope with infectious diseases and labor saving.<\/p>\n<p>You\u2019ll find FCI\u2019s air\/gas flow meters and liquid\/gas flow and level switches installed at food and beverage plants because of their rugged no-moving thermal sensor design, accurate direct mass flow measurement with temperature compensation and wide 100:1 turndowns. They are easy to install in food and beverage plants, coming with full instrument hazardous area Ex and SIL safety approvals. Requiring virtually no maintenance, they offer long life and low total lifecycle costs in standard or sanitary applications.<\/p>\n<ul class=\"sq1\">\n<li>Pill coating air dryers<\/li>\n<li>Ingredient air dryers<\/li>\n<li>Natural gas flow control for ovens<\/li>\n<li>Ingredient injection<\/li>\n<li>Fermentation gas or liquid level<\/li>\n<li>Beverage bottling liquid level<\/li>\n<\/ul>\n\t\t<\/div>\n\t\t\t\t\t<\/div>\n\n\t\n\n\t<div id=\"col-2075235906\" class=\"col medium-6 small-12 large-6\"  >\n\t\t\t\t<div class=\"col-inner\"  >\n\t\t\t\n\t\t\t\n<p><a href=\"https:\/\/www.fluidcomponents.com\/assets\/media\/Press-Releases\/ST51A-ST75A-Natural-Gas-0619.pdf\"><img loading=\"lazy\" decoding=\"async\" class=\"aligncenter wp-image-6570 size-full\" src=\"https:\/\/vintec.com.vn\/wp-content\/uploads\/2024\/08\/22519678_1826356517391986_58818605384218517_o-1-e1722916011294.jpg\" alt=\"\" width=\"1440\" height=\"960\" srcset=\"https:\/\/vintec.com.vn\/wp-content\/uploads\/2024\/08\/22519678_1826356517391986_58818605384218517_o-1-e1722916011294.jpg 1440w, https:\/\/vintec.com.vn\/wp-content\/uploads\/2024\/08\/22519678_1826356517391986_58818605384218517_o-1-e1722916011294-768x512.jpg 768w, https:\/\/vintec.com.vn\/wp-content\/uploads\/2024\/08\/22519678_1826356517391986_58818605384218517_o-1-e1722916011294-18x12.jpg 18w\" sizes=\"auto, (max-width: 1440px) 100vw, 1440px\" \/><\/a><\/p>\n\t\t<\/div>\n\t\t\t\t\t<\/div>\n\n\t\n<\/div>\n<h6><span style=\"color: #ff0000;\">C\u00e1c \u1ee9ng d\u1ee5ng tham kh\u1ea3o<\/span><\/h6>\n<p>Vui l\u00f2ng clink v\u00e0o c\u00e1c \u0111\u01b0\u1eddng link d\u01b0\u1edbi \u0111\u00e2y \u0111\u1ec3 tham kh\u1ea3o chi ti\u1ebft <strong>Food and Beverage<\/strong> ..<\/p>\n<ul class=\"sq1\">\n<li><a href=\"https:\/\/www.fluidcomponents.com\/assets\/media\/Application-Notes\/ANCS004-Natural-Gas-Boiler.pdf\" target=\"_blank\" rel=\"noopener\">Natural Gas Flow Meter for Boiler<\/a><\/li>\n<li><a href=\"https:\/\/www.fluidcomponents.com\/assets\/media\/Application-Notes\/ANCS006-Submetering-Gas-Usage.pdf\" target=\"_blank\" rel=\"noopener\">Sub-Metering of Gas Usage<\/a><\/li>\n<li><a href=\"https:\/\/www.fluidcomponents.com\/assets\/media\/Application-Notes\/ANCS009-Flue-Gas-Large-Duct.pdf\" target=\"_blank\" rel=\"noopener\">Flue Gas Flow Measurement in Large Duct<\/a><\/li>\n<\/ul>\n<div class=\"row\"  id=\"row-1942316106\">\n\n\t<div id=\"col-1156131527\" class=\"col medium-6 small-12 large-6\"  >\n\t\t\t\t<div class=\"col-inner\"  >\n\t\t\t\n\t\t\t\n<p style=\"text-align: center;\"><a href=\"https:\/\/vintec.com.vn\/wp-content\/uploads\/2024\/08\/238832983_4771908266170115_6542093503727887484_n-1.jpg\"><img loading=\"lazy\" decoding=\"async\" class=\"aligncenter wp-image-6571 size-full\" src=\"https:\/\/vintec.com.vn\/wp-content\/uploads\/2024\/08\/238832983_4771908266170115_6542093503727887484_n-1.jpg\" alt=\"\" width=\"432\" height=\"288\" srcset=\"https:\/\/vintec.com.vn\/wp-content\/uploads\/2024\/08\/238832983_4771908266170115_6542093503727887484_n-1.jpg 432w, https:\/\/vintec.com.vn\/wp-content\/uploads\/2024\/08\/238832983_4771908266170115_6542093503727887484_n-1-18x12.jpg 18w\" sizes=\"auto, (max-width: 432px) 100vw, 432px\" \/><\/a><\/p>\n<p style=\"text-align: center;\">T\u00ecm hi\u1ec3u th\u00eam: <a href=\"https:\/\/www.fluidcomponents.com\/assets\/media\/Press-Releases\/ST50-Air-Flow-Blowers-Dryers-0721.pdf\">Download here<\/a> !<\/p>\n\t\t<\/div>\n\t\t\t\t\t<\/div>\n\n\t\n\n\t<div id=\"col-1307839835\" class=\"col medium-6 small-12 large-6\"  >\n\t\t\t\t<div class=\"col-inner\"  >\n\t\t\t\n\t\t\t\n<p style=\"text-align: center;\"><a href=\"https:\/\/vintec.com.vn\/wp-content\/uploads\/2024\/08\/151266665_4211141665580114_6842330103405216258_n.jpg\"><img loading=\"lazy\" decoding=\"async\" class=\"aligncenter wp-image-6572 size-full\" src=\"https:\/\/vintec.com.vn\/wp-content\/uploads\/2024\/08\/151266665_4211141665580114_6842330103405216258_n-e1722915623561.jpg\" alt=\"\" width=\"359\" height=\"239\" srcset=\"https:\/\/vintec.com.vn\/wp-content\/uploads\/2024\/08\/151266665_4211141665580114_6842330103405216258_n-e1722915623561.jpg 359w, https:\/\/vintec.com.vn\/wp-content\/uploads\/2024\/08\/151266665_4211141665580114_6842330103405216258_n-e1722915623561-18x12.jpg 18w\" sizes=\"auto, (max-width: 359px) 100vw, 359px\" \/><\/a><\/p>\n<p style=\"text-align: center;\">T\u00ecm hi\u1ec3u th\u00eam: <a href=\"https:\/\/www.fluidcomponents.com\/assets\/media\/Press-Releases\/ST51A-ST75A-Natural-Gas-0619.pdf\">Download here<\/a> !<\/p>\n\t\t<\/div>\n\t\t\t\t\t<\/div>\n\n\t\n<\/div>\n<div class=\"row\"  id=\"row-1076586591\">\n\n\t<div id=\"col-1448217773\" class=\"col medium-6 small-12 large-6\"  >\n\t\t\t\t<div class=\"col-inner\"  >\n\t\t\t\n\t\t\t\n<p style=\"text-align: center;\"><img loading=\"lazy\" decoding=\"async\" class=\"wp-image-6557 size-full aligncenter\" src=\"https:\/\/vintec.com.vn\/wp-content\/uploads\/2024\/08\/FLT93-Protect-pump-e1722915744343.jpg\" alt=\"\" width=\"432\" height=\"288\" srcset=\"https:\/\/vintec.com.vn\/wp-content\/uploads\/2024\/08\/FLT93-Protect-pump-e1722915744343.jpg 432w, https:\/\/vintec.com.vn\/wp-content\/uploads\/2024\/08\/FLT93-Protect-pump-e1722915744343-18x12.jpg 18w\" sizes=\"auto, (max-width: 432px) 100vw, 432px\" \/><\/p>\n<p style=\"text-align: center;\">T\u00ecm hi\u1ec3u th\u00eam: <a href=\"https:\/\/www.fluidcomponents.com\/assets\/media\/Press-Releases\/FLT93-Cooling-Tower-Apps-0822.pdf\">Download here<\/a> !<\/p>\n\t\t<\/div>\n\t\t\t\t\t<\/div>\n\n\t\n\n\t<div id=\"col-1902743376\" class=\"col medium-6 small-12 large-6\"  >\n\t\t\t\t<div class=\"col-inner\"  >\n\t\t\t\n\t\t\t\n<p style=\"text-align: center;\"><img loading=\"lazy\" decoding=\"async\" class=\"wp-image-6576 size-full aligncenter\" src=\"https:\/\/vintec.com.vn\/wp-content\/uploads\/2024\/08\/CIP-e1722915790668.jpg\" alt=\"\" width=\"432\" height=\"288\" srcset=\"https:\/\/vintec.com.vn\/wp-content\/uploads\/2024\/08\/CIP-e1722915790668.jpg 432w, https:\/\/vintec.com.vn\/wp-content\/uploads\/2024\/08\/CIP-e1722915790668-18x12.jpg 18w\" sizes=\"auto, (max-width: 432px) 100vw, 432px\" \/><\/p>\n<p style=\"text-align: center;\">T\u00ecm hi\u1ec3u th\u00eam: <a href=\"https:\/\/www.fluidcomponents.com\/assets\/media\/Press-Releases\/FLT93C-CIP-0421.pdf\">Download here<\/a> !<\/p>\n\t\t<\/div>\n\t\t\t\t\t<\/div>\n\n\t\n<\/div>","protected":false},"excerpt":{"rendered":"<p>Application Notes The following are some of the application notes pertinent to the Food and Beverage industry Natural Gas Flow Meter for Boiler Sub-Metering of Gas Usage Flue Gas Flow Measurement in Large Duct<\/p>","protected":false},"author":1,"featured_media":0,"parent":0,"menu_order":0,"comment_status":"closed","ping_status":"closed","template":"","meta":{"_monsterinsights_skip_tracking":false,"_monsterinsights_sitenote_active":false,"_monsterinsights_sitenote_note":"","_monsterinsights_sitenote_category":0,"footnotes":""},"class_list":["post-75","page","type-page","status-publish","hentry"],"aioseo_notices":[],"_links":{"self":[{"href":"https:\/\/vintec.com.vn\/vi\/wp-json\/wp\/v2\/pages\/75","targetHints":{"allow":["GET"]}}],"collection":[{"href":"https:\/\/vintec.com.vn\/vi\/wp-json\/wp\/v2\/pages"}],"about":[{"href":"https:\/\/vintec.com.vn\/vi\/wp-json\/wp\/v2\/types\/page"}],"author":[{"embeddable":true,"href":"https:\/\/vintec.com.vn\/vi\/wp-json\/wp\/v2\/users\/1"}],"replies":[{"embeddable":true,"href":"https:\/\/vintec.com.vn\/vi\/wp-json\/wp\/v2\/comments?post=75"}],"version-history":[{"count":6,"href":"https:\/\/vintec.com.vn\/vi\/wp-json\/wp\/v2\/pages\/75\/revisions"}],"predecessor-version":[{"id":7093,"href":"https:\/\/vintec.com.vn\/vi\/wp-json\/wp\/v2\/pages\/75\/revisions\/7093"}],"wp:attachment":[{"href":"https:\/\/vintec.com.vn\/vi\/wp-json\/wp\/v2\/media?parent=75"}],"curies":[{"name":"wp","href":"https:\/\/api.w.org\/{rel}","templated":true}]}}