{"id":76,"date":"2022-08-23T14:37:13","date_gmt":"2022-08-23T14:37:13","guid":{"rendered":"http:\/\/202.182.115.122:8999\/?page_id=76"},"modified":"2025-08-04T06:42:30","modified_gmt":"2025-08-04T06:42:30","slug":"steel-process","status":"publish","type":"page","link":"https:\/\/vintec.com.vn\/vi\/steel-process\/","title":{"rendered":"Nh\u00e0 m\u00e1y s\u1ea3n xu\u1ea5t th\u00e9p"},"content":{"rendered":"<div class=\"row\"  id=\"row-979533565\">\n\n\t<div id=\"col-1918424252\" class=\"col small-12 large-12\"  >\n\t\t\t\t<div class=\"col-inner\"  >\n\t\t\t\n\t\t\t\n<p><img loading=\"lazy\" decoding=\"async\" class=\"alignnone wp-image-4243 size-full\" src=\"https:\/\/vintec.com.vn\/wp-content\/uploads\/2022\/09\/8-scaled.jpg\" alt=\"\u0111o l\u01b0u l\u01b0\u1ee3ng, gas flowmeter, l\u01b0u l\u01b0\u1ee3ng k\u1ebf, \u0111o l\u01b0u l\u01b0\u1ee3ng ch\u1ea5t l\u1ecfng, \u0111o l\u01b0u l\u01b0\u1ee3ng kh\u00ed, kh\u00ed n\u00e9n, kh\u00ed gas, \u0111o l\u01b0u l\u01b0\u1ee3ng LPG, \u0111\u1ed3ng h\u1ed3 \u0111o n\u01b0\u1edbc th\u1ea3i\" width=\"2560\" height=\"1440\" srcset=\"https:\/\/vintec.com.vn\/wp-content\/uploads\/2022\/09\/8-scaled.jpg 2560w, https:\/\/vintec.com.vn\/wp-content\/uploads\/2022\/09\/8-300x169.jpg 300w, https:\/\/vintec.com.vn\/wp-content\/uploads\/2022\/09\/8-1024x576.jpg 1024w, https:\/\/vintec.com.vn\/wp-content\/uploads\/2022\/09\/8-768x432.jpg 768w, https:\/\/vintec.com.vn\/wp-content\/uploads\/2022\/09\/8-1536x864.jpg 1536w, https:\/\/vintec.com.vn\/wp-content\/uploads\/2022\/09\/8-2048x1152.jpg 2048w, https:\/\/vintec.com.vn\/wp-content\/uploads\/2022\/09\/8-24x14.jpg 24w, https:\/\/vintec.com.vn\/wp-content\/uploads\/2022\/09\/8-36x20.jpg 36w, https:\/\/vintec.com.vn\/wp-content\/uploads\/2022\/09\/8-48x27.jpg 48w\" sizes=\"auto, (max-width: 2560px) 100vw, 2560px\" \/><\/p>\n<p>Trong ng\u00e0nh c\u00f4ng nghi\u1ec7p s\u1ea3n xu\u1ea5t gang th\u00e9p, \u0111i\u1ec1u quan tr\u1ecdng l\u00e0 ph\u1ea3i n\u00e2ng cao ch\u1ea5t l\u01b0\u1ee3ng kh\u00f4ng ch\u1ec9 c\u1ee7a s\u1ea3n ph\u1ea9m m\u00e0 c\u00f2n c\u1ea3 c\u00f4ng ngh\u1ec7 s\u1ea3n xu\u1ea5t v\u00e0 v\u1eadn h\u00e0nh, c\u0169ng nh\u01b0 gi\u1ea3i quy\u1ebft c\u00e1c v\u1ea5n \u0111\u1ec1 v\u1ec1 m\u00f4i tr\u01b0\u1eddng v\u00e0 s\u1eed d\u1ee5ng n\u0103ng l\u01b0\u1ee3ng hi\u1ec7u qu\u1ea3. Vintec gi\u00fap kh\u00e1ch h\u00e0ng lu\u00f4n v\u00e2\u0323n ha\u0300nh li\u00ean tu\u0323c, tin v\u00e2\u0323y, \u00f4\u0309n \u0111i\u0323nh, v\u00e0 lu\u00f4n \u0111\u1ed3ng h\u00e0nh \u0111\u1ec3 c\u00f9ng ph\u00e1t tri\u1ec3n c\u00f9ng kh\u00e1ch h\u00e0ng.<\/p>\n\t\t<\/div>\n\t\t\t\t\t<\/div>\n\n\t\n<\/div>\n<div class=\"row\"  id=\"row-1610933891\">\n\n\t<div id=\"col-1105034022\" class=\"col medium-6 small-12 large-6\"  >\n\t\t\t\t<div class=\"col-inner\"  >\n\t\t\t\n\t\t\t\n<h6><span style=\"color: #ff0000;\"> Industrial Ovens and Furnaces<\/span><\/h6>\n<p>ST75 Thermal Mass Flow Meter Provides Precise<br \/>Gas Line Control For Industrial Ovens and Furnaces<\/p>\n<p><img loading=\"lazy\" decoding=\"async\" class=\"alignnone wp-image-6623 size-full\" src=\"https:\/\/vintec.com.vn\/wp-content\/uploads\/2024\/08\/ST75-Oven.jpg\" alt=\"\" width=\"509\" height=\"339\" srcset=\"https:\/\/vintec.com.vn\/wp-content\/uploads\/2024\/08\/ST75-Oven.jpg 509w, https:\/\/vintec.com.vn\/wp-content\/uploads\/2024\/08\/ST75-Oven-18x12.jpg 18w\" sizes=\"auto, (max-width: 509px) 100vw, 509px\" \/><\/p>\n<p>T\u00ecm hi\u1ec3u th\u00eam: <a href=\"https:\/\/www.fluidcomponents.com\/assets\/media\/Press-Releases\/ST75-Oven-0820.pdf\">Download here<\/a> !<\/p>\n\t\t<\/div>\n\t\t\t\t\t<\/div>\n\n\t\n\n\t<div id=\"col-1920814736\" class=\"col medium-6 small-12 large-6\"  >\n\t\t\t\t<div class=\"col-inner\"  >\n\t\t\t\n\t\t\t\n<h6><strong><span style=\"color: #ff0000;\">Natural Gas Flow Measurement<\/span><\/strong><\/h6>\n<p>Thermal Mass Flow Meters Simplify and Reduce<br \/>Cost of Natural Gas Flow Measurement<\/p>\n<p><img loading=\"lazy\" decoding=\"async\" class=\"alignnone wp-image-6624 size-full\" src=\"https:\/\/vintec.com.vn\/wp-content\/uploads\/2024\/08\/ST51A-Natural-gas.jpg\" alt=\"\" width=\"509\" height=\"337\" srcset=\"https:\/\/vintec.com.vn\/wp-content\/uploads\/2024\/08\/ST51A-Natural-gas.jpg 509w, https:\/\/vintec.com.vn\/wp-content\/uploads\/2024\/08\/ST51A-Natural-gas-18x12.jpg 18w\" sizes=\"auto, (max-width: 509px) 100vw, 509px\" \/><\/p>\n<p>T\u00ecm hi\u1ec3u th\u00eam: <a href=\"https:\/\/www.fluidcomponents.com\/assets\/media\/Press-Releases\/ST51A-ST75A-Natural-Gas-0619.pdf\">Download here<\/a> !<\/p>\n\t\t<\/div>\n\t\t\t\t\t<\/div>\n\n\t\n<\/div>","protected":false},"excerpt":{"rendered":"","protected":false},"author":1,"featured_media":0,"parent":0,"menu_order":0,"comment_status":"closed","ping_status":"closed","template":"","meta":{"_monsterinsights_skip_tracking":false,"_monsterinsights_sitenote_active":false,"_monsterinsights_sitenote_note":"","_monsterinsights_sitenote_category":0,"footnotes":""},"class_list":["post-76","page","type-page","status-publish","hentry"],"aioseo_notices":[],"_links":{"self":[{"href":"https:\/\/vintec.com.vn\/vi\/wp-json\/wp\/v2\/pages\/76","targetHints":{"allow":["GET"]}}],"collection":[{"href":"https:\/\/vintec.com.vn\/vi\/wp-json\/wp\/v2\/pages"}],"about":[{"href":"https:\/\/vintec.com.vn\/vi\/wp-json\/wp\/v2\/types\/page"}],"author":[{"embeddable":true,"href":"https:\/\/vintec.com.vn\/vi\/wp-json\/wp\/v2\/users\/1"}],"replies":[{"embeddable":true,"href":"https:\/\/vintec.com.vn\/vi\/wp-json\/wp\/v2\/comments?post=76"}],"version-history":[{"count":2,"href":"https:\/\/vintec.com.vn\/vi\/wp-json\/wp\/v2\/pages\/76\/revisions"}],"predecessor-version":[{"id":7094,"href":"https:\/\/vintec.com.vn\/vi\/wp-json\/wp\/v2\/pages\/76\/revisions\/7094"}],"wp:attachment":[{"href":"https:\/\/vintec.com.vn\/vi\/wp-json\/wp\/v2\/media?parent=76"}],"curies":[{"name":"wp","href":"https:\/\/api.w.org\/{rel}","templated":true}]}}