{"id":77,"date":"2022-08-23T14:37:13","date_gmt":"2022-08-23T14:37:13","guid":{"rendered":"http:\/\/202.182.115.122:8999\/?page_id=77"},"modified":"2025-07-31T15:52:34","modified_gmt":"2025-07-31T15:52:34","slug":"chemicals","status":"publish","type":"page","link":"https:\/\/vintec.com.vn\/vi\/chemicals\/","title":{"rendered":"Nh\u00e0 m\u00e1y h\u00f3a ch\u1ea5t"},"content":{"rendered":"<div class=\"row\"  id=\"row-1577952979\">\n\n\t<div id=\"col-1038234187\" class=\"col small-12 large-12\"  >\n\t\t\t\t<div class=\"col-inner\"  >\n\t\t\t\n\t\t\t\n<p><img loading=\"lazy\" decoding=\"async\" class=\"alignnone wp-image-4247 size-full\" src=\"https:\/\/vintec.com.vn\/wp-content\/uploads\/2022\/09\/10.jpg\" alt=\"\u0111o l\u01b0u l\u01b0\u1ee3ng\" width=\"1900\" height=\"1156\" srcset=\"https:\/\/vintec.com.vn\/wp-content\/uploads\/2022\/09\/10.jpg 1900w, https:\/\/vintec.com.vn\/wp-content\/uploads\/2022\/09\/10-300x183.jpg 300w, https:\/\/vintec.com.vn\/wp-content\/uploads\/2022\/09\/10-1024x623.jpg 1024w, https:\/\/vintec.com.vn\/wp-content\/uploads\/2022\/09\/10-768x467.jpg 768w, https:\/\/vintec.com.vn\/wp-content\/uploads\/2022\/09\/10-1536x935.jpg 1536w, https:\/\/vintec.com.vn\/wp-content\/uploads\/2022\/09\/10-24x15.jpg 24w, https:\/\/vintec.com.vn\/wp-content\/uploads\/2022\/09\/10-36x22.jpg 36w, https:\/\/vintec.com.vn\/wp-content\/uploads\/2022\/09\/10-48x29.jpg 48w\" sizes=\"auto, (max-width: 1900px) 100vw, 1900px\" \/><\/p>\n<p>C\u00e1c ng\u00e0nh c\u00f4ng nghi\u1ec7p h\u00f3a ch\u1ea5t th\u01b0\u1eddng \u0111\u01b0\u1ee3c s\u1ea3n xu\u1ea5t trong m\u1ed9t quy tr\u00ecnh li\u00ean t\u1ee5c \u0111\u00f2i h\u1ecfi m\u1ed9t h\u1ec7 th\u1ed1ng \u0111i\u1ec1u khi\u1ec3n v\u00e0 \u0111o l\u01b0\u1eddng qu\u00e1 tr\u00ecnh c\u00f3 \u0111\u1ed9 tin c\u1eady cao v\u00e0 m\u1ea1nh m\u1ebd. Vintec \u0111\u00e3 v\u00e0 \u0111ang gi\u00fap vi\u1ec7c v\u1eadn h\u00e0nh tin c\u1eady v\u00e0 hi\u1ec7u qu\u1ea3 b\u1eb1ng vi\u1ec7c cung c\u1ea5p c\u00e1c thi\u1ebft b\u1ecb \u0111o l\u01b0\u1eddng t\u1eeb c\u00e1c th\u01b0\u01a1ng hi\u1ec7u G7 n\u1ed5i ti\u1ebfng tr\u00ean Th\u1ebf gi\u1edbi.<\/p>\n\t\t<\/div>\n\t\t\t\t\t<\/div>\n\n\t\n<\/div>","protected":false},"excerpt":{"rendered":"","protected":false},"author":1,"featured_media":0,"parent":0,"menu_order":0,"comment_status":"closed","ping_status":"closed","template":"","meta":{"_monsterinsights_skip_tracking":false,"_monsterinsights_sitenote_active":false,"_monsterinsights_sitenote_note":"","_monsterinsights_sitenote_category":0,"footnotes":""},"class_list":["post-77","page","type-page","status-publish","hentry"],"aioseo_notices":[],"_links":{"self":[{"href":"https:\/\/vintec.com.vn\/vi\/wp-json\/wp\/v2\/pages\/77","targetHints":{"allow":["GET"]}}],"collection":[{"href":"https:\/\/vintec.com.vn\/vi\/wp-json\/wp\/v2\/pages"}],"about":[{"href":"https:\/\/vintec.com.vn\/vi\/wp-json\/wp\/v2\/types\/page"}],"author":[{"embeddable":true,"href":"https:\/\/vintec.com.vn\/vi\/wp-json\/wp\/v2\/users\/1"}],"replies":[{"embeddable":true,"href":"https:\/\/vintec.com.vn\/vi\/wp-json\/wp\/v2\/comments?post=77"}],"version-history":[{"count":1,"href":"https:\/\/vintec.com.vn\/vi\/wp-json\/wp\/v2\/pages\/77\/revisions"}],"predecessor-version":[{"id":6899,"href":"https:\/\/vintec.com.vn\/vi\/wp-json\/wp\/v2\/pages\/77\/revisions\/6899"}],"wp:attachment":[{"href":"https:\/\/vintec.com.vn\/vi\/wp-json\/wp\/v2\/media?parent=77"}],"curies":[{"name":"wp","href":"https:\/\/api.w.org\/{rel}","templated":true}]}}