{"id":78,"date":"2022-08-23T14:37:13","date_gmt":"2022-08-23T14:37:13","guid":{"rendered":"http:\/\/202.182.115.122:8999\/?page_id=78"},"modified":"2025-07-31T16:00:07","modified_gmt":"2025-07-31T16:00:07","slug":"pulp-paper","status":"publish","type":"page","link":"https:\/\/vintec.com.vn\/vi\/pulp-paper\/","title":{"rendered":"Nh\u00e0 m\u00e1y gi\u1ea5y v\u00e0 b\u1ed9t gi\u1ea5y"},"content":{"rendered":"<div class=\"row\"  id=\"row-1776012639\">\n\n\t<div id=\"col-184235873\" class=\"col small-12 large-12\"  >\n\t\t\t\t<div class=\"col-inner\"  >\n\t\t\t\n\t\t\t\n<p><img loading=\"lazy\" decoding=\"async\" class=\"alignnone wp-image-4245 size-full\" src=\"https:\/\/vintec.com.vn\/wp-content\/uploads\/2022\/09\/9.jpg\" alt=\"\u0111o l\u01b0u l\u01b0\u1ee3ng\" width=\"1766\" height=\"967\" srcset=\"https:\/\/vintec.com.vn\/wp-content\/uploads\/2022\/09\/9.jpg 1766w, https:\/\/vintec.com.vn\/wp-content\/uploads\/2022\/09\/9-300x164.jpg 300w, https:\/\/vintec.com.vn\/wp-content\/uploads\/2022\/09\/9-1024x561.jpg 1024w, https:\/\/vintec.com.vn\/wp-content\/uploads\/2022\/09\/9-768x421.jpg 768w, https:\/\/vintec.com.vn\/wp-content\/uploads\/2022\/09\/9-1536x841.jpg 1536w, https:\/\/vintec.com.vn\/wp-content\/uploads\/2022\/09\/9-24x13.jpg 24w, https:\/\/vintec.com.vn\/wp-content\/uploads\/2022\/09\/9-36x20.jpg 36w, https:\/\/vintec.com.vn\/wp-content\/uploads\/2022\/09\/9-48x26.jpg 48w\" sizes=\"auto, (max-width: 1766px) 100vw, 1766px\" \/><\/p>\n<p>Ng\u00e0nh c\u00f4ng nghi\u1ec7p gi\u1ea5y v\u00e0 b\u1ed9t gi\u1ea5y c\u00f3 t\u00ednh c\u1ea1nh tranh cao v\u00e0 ph\u1ea3i \u0111\u00e1p \u1ee9ng nhu c\u1ea7u th\u1ecb tr\u01b0\u1eddng lu\u00f4n thay \u0111\u1ed5i. Vintec gi\u00fap hi\u1ec7n th\u1ef1c h\u00f3a c\u00e1c nh\u00e0 m\u00e1y s\u1eed d\u1ee5ng n\u0103ng l\u01b0\u1ee3ng hi\u1ec7u qu\u1ea3, b\u1ec1n v\u1eefng.<\/p>\n<\/p>\n\t\t<\/div>\n\t\t\t\t\t<\/div>\n\n\t\n<\/div>","protected":false},"excerpt":{"rendered":"","protected":false},"author":1,"featured_media":0,"parent":0,"menu_order":0,"comment_status":"closed","ping_status":"closed","template":"","meta":{"_monsterinsights_skip_tracking":false,"_monsterinsights_sitenote_active":false,"_monsterinsights_sitenote_note":"","_monsterinsights_sitenote_category":0,"footnotes":""},"class_list":["post-78","page","type-page","status-publish","hentry"],"aioseo_notices":[],"_links":{"self":[{"href":"https:\/\/vintec.com.vn\/vi\/wp-json\/wp\/v2\/pages\/78","targetHints":{"allow":["GET"]}}],"collection":[{"href":"https:\/\/vintec.com.vn\/vi\/wp-json\/wp\/v2\/pages"}],"about":[{"href":"https:\/\/vintec.com.vn\/vi\/wp-json\/wp\/v2\/types\/page"}],"author":[{"embeddable":true,"href":"https:\/\/vintec.com.vn\/vi\/wp-json\/wp\/v2\/users\/1"}],"replies":[{"embeddable":true,"href":"https:\/\/vintec.com.vn\/vi\/wp-json\/wp\/v2\/comments?post=78"}],"version-history":[{"count":1,"href":"https:\/\/vintec.com.vn\/vi\/wp-json\/wp\/v2\/pages\/78\/revisions"}],"predecessor-version":[{"id":6915,"href":"https:\/\/vintec.com.vn\/vi\/wp-json\/wp\/v2\/pages\/78\/revisions\/6915"}],"wp:attachment":[{"href":"https:\/\/vintec.com.vn\/vi\/wp-json\/wp\/v2\/media?parent=78"}],"curies":[{"name":"wp","href":"https:\/\/api.w.org\/{rel}","templated":true}]}}